{"id":21657,"date":"2020-06-30T23:23:12","date_gmt":"2020-06-30T20:23:12","guid":{"rendered":"https:\/\/woodinout.net\/product\/cartes-de-comptage-dobjets-en-bois\/"},"modified":"2022-04-22T12:26:57","modified_gmt":"2022-04-22T09:26:57","slug":"blocs-dobjets-de-comptage-en-bois","status":"publish","type":"product","link":"https:\/\/woodinout.net\/fr\/product\/blocs-dobjets-de-comptage-en-bois\/","title":{"rendered":"Cartes de comptage d\u2019objets en bois"},"content":{"rendered":"<h1>Cartes de comptage d\u2019objets en bois<\/h1>\n<p>est un moyen amusant et facile d\u2019enseigner les math\u00e9matiques, les nombres et le comptage. Les images de quantit\u00e9 d\u2019objets sur des blocs de bois inspir\u00e9s de Montessori aident \u00e0 visualiser les nombres et le comptage. Une coccinelle.. Trois boules.. DIX&#8230;??? Les cartes de comptage d\u2019objets aideront \u00e9galement \u00e0 d\u00e9velopper le vocabulaire de vos tout-petits de la mani\u00e8re la plus int\u00e9ressante. Compter avec 10 images diff\u00e9rentes est beaucoup plus excitant. Compatible avec nos jeux d\u2019apprentissage que nous pr\u00e9f\u00e9rons utiliser comme  <a href=\"http:\/\/woodinout.net\/product-tag\/math-manipulatives\/\">manipulations math\u00e9matiques<\/a> telles que dix images 2&#215;5 ou 3&#215;5.<\/p>\n<p>L\u2019un des cadeaux de math\u00e9matiques les plus pr\u00e9cieux pour enfants que vous puissiez obtenir &#8211; nos jouets \u00e9ducatifs en bois sont fabriqu\u00e9s avec amour et passion. FAITS \u00c0 LA MAIN \u00e0 partir de mat\u00e9riaux de la meilleure qualit\u00e9, nos jouets en bois sont s\u00fbrs \u00e0 toucher, \u00e0 jouer, \u00e0 sentir, m\u00eame \u00e0 go\u00fbter!<\/p>\n<p>Le kit contient :<br \/>\n10 pi\u00e8ces. Cartes PLYWOOD avec un nombre diff\u00e9rent de symboles<\/p>\n<p>TAILLE<\/p>\n<p>Hauteur: ~ 1,8 pouces<br \/>\nLongueur: ~ 1,8 pouces<br \/>\n\u00c9paisseur: ~ 0,12 pouces<\/p>\n<p>COULEURS ET MAT\u00c9RIAUX<br \/>\nCouleur: naturel.<br \/>\nLe jouet est en contreplaqu\u00e9.<br \/>\nVeuillez noter que les couleurs peuvent varier en raison des param\u00e8tres de l\u2019\u00e9cran de l\u2019ordinateur et de l\u2019\u00e9claircissement.<\/p>\n<div style=\"width: 1080px;\" class=\"wp-video\"><!--[if lt IE 9]><script>document.createElement('video');<\/script><![endif]-->\n<video class=\"wp-video-shortcode\" id=\"video-21657-1\" width=\"1080\" height=\"810\" preload=\"metadata\" controls=\"controls\"><source type=\"video\/mp4\" src=\"http:\/\/woodinout.net\/wp-content\/uploads\/2020\/06\/MEDINIS_5.mp4?_=1\" \/><a href=\"http:\/\/woodinout.net\/wp-content\/uploads\/2020\/06\/MEDINIS_5.mp4\">http:\/\/woodinout.net\/wp-content\/uploads\/2020\/06\/MEDINIS_5.mp4<\/a><\/video><\/div>\n","protected":false},"excerpt":{"rendered":"<p>Cartes de comptage d\u2019objets en bois est un moyen amusant et facile d\u2019enseigner les math\u00e9matiques, les nombres et le comptage. Les images de quantit\u00e9 d\u2019objets sur des blocs de bois inspir\u00e9s de Montessori aident \u00e0 visualiser les nombres et le comptage. Une coccinelle.. Trois boules.. DIX&#8230;??? Les cartes de comptage d\u2019objets aideront \u00e9galement \u00e0 d\u00e9velopper [&hellip;]<\/p>\n","protected":false},"featured_media":18351,"template":"","meta":{"_monsterinsights_skip_tracking":false,"_monsterinsights_sitenote_active":false,"_monsterinsights_sitenote_note":"","_monsterinsights_sitenote_category":0},"product_cat":[1834,1723],"product_tag":[2238,1736,1738,2240,1735,1729,1728,1726,1734,1904],"yoast_head":"<!-- This site is optimized with the Yoast SEO plugin v22.1 - https:\/\/yoast.com\/wordpress\/plugins\/seo\/ -->\n<title>Cartes de comptage d\u2019objets en bois - Woodinout \u00a9 Jouets Montessori<\/title>\n<meta name=\"description\" content=\"Enseignez aux enfants les math\u00e9matiques, les nombres et le comptage de mani\u00e8re amusante. D\u00e9veloppez \u00e9galement le vocabulaire des tout-petits et jouez avec des blocs de bois \u00e9l\u00e9gants faits \u00e0 la main.\" \/>\n<meta name=\"robots\" content=\"index, follow, max-snippet:-1, max-image-preview:large, max-video-preview:-1\" \/>\n<link rel=\"canonical\" href=\"https:\/\/woodinout.net\/fr\/product\/blocs-dobjets-de-comptage-en-bois\/\" \/>\n<meta property=\"og:locale\" content=\"fr_FR\" \/>\n<meta property=\"og:type\" content=\"article\" \/>\n<meta property=\"og:title\" content=\"Cartes de comptage d\u2019objets en bois - Woodinout \u00a9 Jouets Montessori\" \/>\n<meta property=\"og:description\" content=\"Enseignez aux enfants les math\u00e9matiques, les nombres et le comptage de mani\u00e8re amusante. D\u00e9veloppez \u00e9galement le vocabulaire des tout-petits et jouez avec des blocs de bois \u00e9l\u00e9gants faits \u00e0 la main.\" \/>\n<meta property=\"og:url\" content=\"https:\/\/woodinout.net\/fr\/product\/blocs-dobjets-de-comptage-en-bois\/\" \/>\n<meta property=\"og:site_name\" content=\"Woodinout \u00a9\" \/>\n<meta property=\"article:modified_time\" content=\"2022-04-22T09:26:57+00:00\" \/>\n<meta property=\"og:image\" content=\"https:\/\/woodinout.net\/wp-content\/uploads\/2020\/06\/Montessori-math-gifts-Numbers-and-Counting-1.jpg\" \/>\n\t<meta property=\"og:image:width\" content=\"853\" \/>\n\t<meta property=\"og:image:height\" content=\"1280\" \/>\n\t<meta property=\"og:image:type\" content=\"image\/jpeg\" \/>\n<meta name=\"twitter:card\" content=\"summary_large_image\" \/>\n<meta name=\"twitter:label1\" content=\"Dur\u00e9e de lecture estim\u00e9e\" \/>\n\t<meta name=\"twitter:data1\" content=\"1 minute\" \/>\n<script type=\"application\/ld+json\" class=\"yoast-schema-graph\">{\"@context\":\"https:\/\/schema.org\",\"@graph\":[{\"@type\":\"WebPage\",\"@id\":\"https:\/\/woodinout.net\/fr\/product\/blocs-dobjets-de-comptage-en-bois\/\",\"url\":\"https:\/\/woodinout.net\/fr\/product\/blocs-dobjets-de-comptage-en-bois\/\",\"name\":\"Cartes de comptage d\u2019objets en bois - Woodinout \u00a9 Jouets Montessori\",\"isPartOf\":{\"@id\":\"https:\/\/woodinout.net\/fr\/#website\"},\"datePublished\":\"2020-06-30T20:23:12+00:00\",\"dateModified\":\"2022-04-22T09:26:57+00:00\",\"description\":\"Enseignez aux enfants les math\u00e9matiques, les nombres et le comptage de mani\u00e8re amusante. D\u00e9veloppez \u00e9galement le vocabulaire des tout-petits et jouez avec des blocs de bois \u00e9l\u00e9gants faits \u00e0 la main.\",\"breadcrumb\":{\"@id\":\"https:\/\/woodinout.net\/fr\/product\/blocs-dobjets-de-comptage-en-bois\/#breadcrumb\"},\"inLanguage\":\"fr-FR\",\"potentialAction\":[{\"@type\":\"ReadAction\",\"target\":[\"https:\/\/woodinout.net\/fr\/product\/blocs-dobjets-de-comptage-en-bois\/\"]}]},{\"@type\":\"BreadcrumbList\",\"@id\":\"https:\/\/woodinout.net\/fr\/product\/blocs-dobjets-de-comptage-en-bois\/#breadcrumb\",\"itemListElement\":[{\"@type\":\"ListItem\",\"position\":1,\"name\":\"Home\",\"item\":\"https:\/\/woodinout.net\/fr\/\"},{\"@type\":\"ListItem\",\"position\":2,\"name\":\"Shop\",\"item\":\"https:\/\/woodinout.net\/shop\/\"},{\"@type\":\"ListItem\",\"position\":3,\"name\":\"Cartes de comptage d\u2019objets en bois\"}]},{\"@type\":\"WebSite\",\"@id\":\"https:\/\/woodinout.net\/fr\/#website\",\"url\":\"https:\/\/woodinout.net\/fr\/\",\"name\":\"Woodinout \u00a9\",\"description\":\"Wooden Montessori toys, gifts, home and events decor details\",\"potentialAction\":[{\"@type\":\"SearchAction\",\"target\":{\"@type\":\"EntryPoint\",\"urlTemplate\":\"https:\/\/woodinout.net\/fr\/?s={search_term_string}\"},\"query-input\":\"required name=search_term_string\"}],\"inLanguage\":\"fr-FR\"}]}<\/script>\n<!-- \/ Yoast SEO plugin. -->","yoast_head_json":{"title":"Cartes de comptage d\u2019objets en bois - Woodinout \u00a9 Jouets Montessori","description":"Enseignez aux enfants les math\u00e9matiques, les nombres et le comptage de mani\u00e8re amusante. D\u00e9veloppez \u00e9galement le vocabulaire des tout-petits et jouez avec des blocs de bois \u00e9l\u00e9gants faits \u00e0 la main.","robots":{"index":"index","follow":"follow","max-snippet":"max-snippet:-1","max-image-preview":"max-image-preview:large","max-video-preview":"max-video-preview:-1"},"canonical":"https:\/\/woodinout.net\/fr\/product\/blocs-dobjets-de-comptage-en-bois\/","og_locale":"fr_FR","og_type":"article","og_title":"Cartes de comptage d\u2019objets en bois - Woodinout \u00a9 Jouets Montessori","og_description":"Enseignez aux enfants les math\u00e9matiques, les nombres et le comptage de mani\u00e8re amusante. D\u00e9veloppez \u00e9galement le vocabulaire des tout-petits et jouez avec des blocs de bois \u00e9l\u00e9gants faits \u00e0 la main.","og_url":"https:\/\/woodinout.net\/fr\/product\/blocs-dobjets-de-comptage-en-bois\/","og_site_name":"Woodinout \u00a9","article_modified_time":"2022-04-22T09:26:57+00:00","og_image":[{"width":853,"height":1280,"url":"https:\/\/woodinout.net\/wp-content\/uploads\/2020\/06\/Montessori-math-gifts-Numbers-and-Counting-1.jpg","type":"image\/jpeg"}],"twitter_card":"summary_large_image","twitter_misc":{"Dur\u00e9e de lecture estim\u00e9e":"1 minute"},"schema":{"@context":"https:\/\/schema.org","@graph":[{"@type":"WebPage","@id":"https:\/\/woodinout.net\/fr\/product\/blocs-dobjets-de-comptage-en-bois\/","url":"https:\/\/woodinout.net\/fr\/product\/blocs-dobjets-de-comptage-en-bois\/","name":"Cartes de comptage d\u2019objets en bois - Woodinout \u00a9 Jouets Montessori","isPartOf":{"@id":"https:\/\/woodinout.net\/fr\/#website"},"datePublished":"2020-06-30T20:23:12+00:00","dateModified":"2022-04-22T09:26:57+00:00","description":"Enseignez aux enfants les math\u00e9matiques, les nombres et le comptage de mani\u00e8re amusante. D\u00e9veloppez \u00e9galement le vocabulaire des tout-petits et jouez avec des blocs de bois \u00e9l\u00e9gants faits \u00e0 la main.","breadcrumb":{"@id":"https:\/\/woodinout.net\/fr\/product\/blocs-dobjets-de-comptage-en-bois\/#breadcrumb"},"inLanguage":"fr-FR","potentialAction":[{"@type":"ReadAction","target":["https:\/\/woodinout.net\/fr\/product\/blocs-dobjets-de-comptage-en-bois\/"]}]},{"@type":"BreadcrumbList","@id":"https:\/\/woodinout.net\/fr\/product\/blocs-dobjets-de-comptage-en-bois\/#breadcrumb","itemListElement":[{"@type":"ListItem","position":1,"name":"Home","item":"https:\/\/woodinout.net\/fr\/"},{"@type":"ListItem","position":2,"name":"Shop","item":"https:\/\/woodinout.net\/shop\/"},{"@type":"ListItem","position":3,"name":"Cartes de comptage d\u2019objets en bois"}]},{"@type":"WebSite","@id":"https:\/\/woodinout.net\/fr\/#website","url":"https:\/\/woodinout.net\/fr\/","name":"Woodinout \u00a9","description":"Wooden Montessori toys, gifts, home and events decor details","potentialAction":[{"@type":"SearchAction","target":{"@type":"EntryPoint","urlTemplate":"https:\/\/woodinout.net\/fr\/?s={search_term_string}"},"query-input":"required name=search_term_string"}],"inLanguage":"fr-FR"}]}},"_links":{"self":[{"href":"https:\/\/woodinout.net\/fr\/wp-json\/wp\/v2\/product\/21657"}],"collection":[{"href":"https:\/\/woodinout.net\/fr\/wp-json\/wp\/v2\/product"}],"about":[{"href":"https:\/\/woodinout.net\/fr\/wp-json\/wp\/v2\/types\/product"}],"wp:featuredmedia":[{"embeddable":true,"href":"https:\/\/woodinout.net\/fr\/wp-json\/wp\/v2\/media\/18351"}],"wp:attachment":[{"href":"https:\/\/woodinout.net\/fr\/wp-json\/wp\/v2\/media?parent=21657"}],"wp:term":[{"taxonomy":"product_cat","embeddable":true,"href":"https:\/\/woodinout.net\/fr\/wp-json\/wp\/v2\/product_cat?post=21657"},{"taxonomy":"product_tag","embeddable":true,"href":"https:\/\/woodinout.net\/fr\/wp-json\/wp\/v2\/product_tag?post=21657"}],"curies":[{"name":"wp","href":"https:\/\/api.w.org\/{rel}","templated":true}]}}