{"id":21652,"date":"2021-03-19T12:06:41","date_gmt":"2021-03-19T10:06:41","guid":{"rendered":"https:\/\/woodinout.net\/product\/empilement-arc-en-ciel-en-bois-jouet-dequilibre\/"},"modified":"2022-04-22T12:22:36","modified_gmt":"2022-04-22T09:22:36","slug":"bois-arc-en-ciel-empilage-balance-jouet","status":"publish","type":"product","link":"https:\/\/woodinout.net\/fr\/product\/bois-arc-en-ciel-empilage-balance-jouet\/","title":{"rendered":"Empilement arc-en-ciel en bois &#8211; jouet d\u2019\u00e9quilibre"},"content":{"rendered":"<p>Jouet empilable arc-en-ciel de Grimm &#8211; Fait \u00e0 la main en bois massif. Seuls les mat\u00e9riaux naturels utilis\u00e9s &#8211; sans danger pour les b\u00e9b\u00e9s et les tout-petits. Nous privil\u00e9gions un environnement s\u00fbr et naturel pour que les enfants apprennent et se d\u00e9veloppent. Ce jouet Montessori arc-en-ciel en bois ne fait pas exception &#8211; apprenez, cr\u00e9ez, passez du temps de qualit\u00e9 avec votre b\u00e9b\u00e9 ou votre tout-petit &#8211; amusez-vous simplement avec.<\/p>\n<p>Trouvez plus <a href=\"https:\/\/woodinout.net\/product-category\/wooden-toys\/sorting-stacking-toys\/\">d\u2019activit\u00e9s de tri et d\u2019empilage<\/a> .<\/p>\n<p>TAILLE<br \/>\nHauteur: ~ 5,9 pouces (15 cm)<br \/>\nLongueur: ~ 11,8 pouces (30 cm)<br \/>\n\u00c9paisseur: ~ 0,66 pouces (1,7 cm)<\/p>\n<p>COULEURS ET MAT\u00c9RIAUX<br \/>\nCouleur: naturel et brun huil\u00e9.<br \/>\nLe jouet est fait de BOIS MASSIF NATUREL et de contreplaqu\u00e9.<br \/>\nVeuillez noter que les couleurs peuvent varier en raison des param\u00e8tres de l\u2019\u00e9cran de l\u2019ordinateur et de l\u2019\u00e9claircissement.<\/p>\n<p>Pour plus d\u2019id\u00e9es, suivez-nous sur <a href=\"https:\/\/www.instagram.com\/woodinout\/\">INSTAGRAM<\/a> &amp; <a href=\"https:\/\/www.facebook.com\/Woodinout.net\">FACEBOOK<\/a><\/p>\n","protected":false},"excerpt":{"rendered":"<p>Jouet empilable arc-en-ciel de Grimm &#8211; Fait \u00e0 la main en bois massif. Seuls les mat\u00e9riaux naturels utilis\u00e9s &#8211; sans danger pour les b\u00e9b\u00e9s et les tout-petits. Nous privil\u00e9gions un environnement s\u00fbr et naturel pour que les enfants apprennent et se d\u00e9veloppent. Ce jouet Montessori arc-en-ciel en bois ne fait pas exception &#8211; apprenez, cr\u00e9ez, [&hellip;]<\/p>\n","protected":false},"featured_media":19399,"template":"","meta":{"_monsterinsights_skip_tracking":false,"_monsterinsights_sitenote_active":false,"_monsterinsights_sitenote_note":"","_monsterinsights_sitenote_category":0},"product_cat":[1723,1725,1941],"product_tag":[1736,1738,1751,1735,1729,1728,1726,1734,1749],"yoast_head":"<!-- This site is optimized with the Yoast SEO plugin v22.1 - https:\/\/yoast.com\/wordpress\/plugins\/seo\/ -->\n<title>Empilement arc-en-ciel en bois - jouet d\u2019\u00e9quilibre - Woodinout \u00a9 Jouets Montessori<\/title>\n<meta name=\"description\" content=\"Apprendre est maintenant Fun &amp; Easy - Jouets en bois naturel pour un temps pr\u00e9cieux en famille. D\u00e9veloppez votre b\u00e9b\u00e9 en empilant, en triant et en \u00e9quilibrant.\" \/>\n<meta name=\"robots\" content=\"index, follow, max-snippet:-1, max-image-preview:large, max-video-preview:-1\" \/>\n<link rel=\"canonical\" href=\"https:\/\/woodinout.net\/fr\/product\/bois-arc-en-ciel-empilage-balance-jouet\/\" \/>\n<meta property=\"og:locale\" content=\"fr_FR\" \/>\n<meta property=\"og:type\" content=\"article\" \/>\n<meta property=\"og:title\" content=\"Empilement arc-en-ciel en bois - jouet d\u2019\u00e9quilibre - Woodinout \u00a9 Jouets Montessori\" \/>\n<meta property=\"og:description\" content=\"Apprendre est maintenant Fun &amp; Easy - Jouets en bois naturel pour un temps pr\u00e9cieux en famille. D\u00e9veloppez votre b\u00e9b\u00e9 en empilant, en triant et en \u00e9quilibrant.\" \/>\n<meta property=\"og:url\" content=\"https:\/\/woodinout.net\/fr\/product\/bois-arc-en-ciel-empilage-balance-jouet\/\" \/>\n<meta property=\"og:site_name\" content=\"Woodinout \u00a9\" \/>\n<meta property=\"article:modified_time\" content=\"2022-04-22T09:22:36+00:00\" \/>\n<meta property=\"og:image\" content=\"https:\/\/woodinout.net\/wp-content\/uploads\/2021\/03\/Wooden_rainbow_stacking-ballance_toy_3.jpg\" \/>\n\t<meta property=\"og:image:width\" content=\"1706\" \/>\n\t<meta property=\"og:image:height\" content=\"2560\" \/>\n\t<meta property=\"og:image:type\" content=\"image\/jpeg\" \/>\n<meta name=\"twitter:card\" content=\"summary_large_image\" \/>\n<meta name=\"twitter:label1\" content=\"Dur\u00e9e de lecture estim\u00e9e\" \/>\n\t<meta name=\"twitter:data1\" content=\"1 minute\" \/>\n<script type=\"application\/ld+json\" class=\"yoast-schema-graph\">{\"@context\":\"https:\/\/schema.org\",\"@graph\":[{\"@type\":\"WebPage\",\"@id\":\"https:\/\/woodinout.net\/fr\/product\/bois-arc-en-ciel-empilage-balance-jouet\/\",\"url\":\"https:\/\/woodinout.net\/fr\/product\/bois-arc-en-ciel-empilage-balance-jouet\/\",\"name\":\"Empilement arc-en-ciel en bois - jouet d\u2019\u00e9quilibre - Woodinout \u00a9 Jouets Montessori\",\"isPartOf\":{\"@id\":\"https:\/\/woodinout.net\/fr\/#website\"},\"datePublished\":\"2021-03-19T10:06:41+00:00\",\"dateModified\":\"2022-04-22T09:22:36+00:00\",\"description\":\"Apprendre est maintenant Fun & Easy - Jouets en bois naturel pour un temps pr\u00e9cieux en famille. D\u00e9veloppez votre b\u00e9b\u00e9 en empilant, en triant et en \u00e9quilibrant.\",\"breadcrumb\":{\"@id\":\"https:\/\/woodinout.net\/fr\/product\/bois-arc-en-ciel-empilage-balance-jouet\/#breadcrumb\"},\"inLanguage\":\"fr-FR\",\"potentialAction\":[{\"@type\":\"ReadAction\",\"target\":[\"https:\/\/woodinout.net\/fr\/product\/bois-arc-en-ciel-empilage-balance-jouet\/\"]}]},{\"@type\":\"BreadcrumbList\",\"@id\":\"https:\/\/woodinout.net\/fr\/product\/bois-arc-en-ciel-empilage-balance-jouet\/#breadcrumb\",\"itemListElement\":[{\"@type\":\"ListItem\",\"position\":1,\"name\":\"Home\",\"item\":\"https:\/\/woodinout.net\/fr\/\"},{\"@type\":\"ListItem\",\"position\":2,\"name\":\"Shop\",\"item\":\"https:\/\/woodinout.net\/shop\/\"},{\"@type\":\"ListItem\",\"position\":3,\"name\":\"Empilement arc-en-ciel en bois &#8211; jouet d\u2019\u00e9quilibre\"}]},{\"@type\":\"WebSite\",\"@id\":\"https:\/\/woodinout.net\/fr\/#website\",\"url\":\"https:\/\/woodinout.net\/fr\/\",\"name\":\"Woodinout \u00a9\",\"description\":\"Wooden Montessori toys, gifts, home and events decor details\",\"potentialAction\":[{\"@type\":\"SearchAction\",\"target\":{\"@type\":\"EntryPoint\",\"urlTemplate\":\"https:\/\/woodinout.net\/fr\/?s={search_term_string}\"},\"query-input\":\"required name=search_term_string\"}],\"inLanguage\":\"fr-FR\"}]}<\/script>\n<!-- \/ Yoast SEO plugin. -->","yoast_head_json":{"title":"Empilement arc-en-ciel en bois - jouet d\u2019\u00e9quilibre - Woodinout \u00a9 Jouets Montessori","description":"Apprendre est maintenant Fun & Easy - Jouets en bois naturel pour un temps pr\u00e9cieux en famille. D\u00e9veloppez votre b\u00e9b\u00e9 en empilant, en triant et en \u00e9quilibrant.","robots":{"index":"index","follow":"follow","max-snippet":"max-snippet:-1","max-image-preview":"max-image-preview:large","max-video-preview":"max-video-preview:-1"},"canonical":"https:\/\/woodinout.net\/fr\/product\/bois-arc-en-ciel-empilage-balance-jouet\/","og_locale":"fr_FR","og_type":"article","og_title":"Empilement arc-en-ciel en bois - jouet d\u2019\u00e9quilibre - Woodinout \u00a9 Jouets Montessori","og_description":"Apprendre est maintenant Fun & Easy - Jouets en bois naturel pour un temps pr\u00e9cieux en famille. D\u00e9veloppez votre b\u00e9b\u00e9 en empilant, en triant et en \u00e9quilibrant.","og_url":"https:\/\/woodinout.net\/fr\/product\/bois-arc-en-ciel-empilage-balance-jouet\/","og_site_name":"Woodinout \u00a9","article_modified_time":"2022-04-22T09:22:36+00:00","og_image":[{"width":1706,"height":2560,"url":"https:\/\/woodinout.net\/wp-content\/uploads\/2021\/03\/Wooden_rainbow_stacking-ballance_toy_3.jpg","type":"image\/jpeg"}],"twitter_card":"summary_large_image","twitter_misc":{"Dur\u00e9e de lecture estim\u00e9e":"1 minute"},"schema":{"@context":"https:\/\/schema.org","@graph":[{"@type":"WebPage","@id":"https:\/\/woodinout.net\/fr\/product\/bois-arc-en-ciel-empilage-balance-jouet\/","url":"https:\/\/woodinout.net\/fr\/product\/bois-arc-en-ciel-empilage-balance-jouet\/","name":"Empilement arc-en-ciel en bois - jouet d\u2019\u00e9quilibre - Woodinout \u00a9 Jouets Montessori","isPartOf":{"@id":"https:\/\/woodinout.net\/fr\/#website"},"datePublished":"2021-03-19T10:06:41+00:00","dateModified":"2022-04-22T09:22:36+00:00","description":"Apprendre est maintenant Fun & Easy - Jouets en bois naturel pour un temps pr\u00e9cieux en famille. D\u00e9veloppez votre b\u00e9b\u00e9 en empilant, en triant et en \u00e9quilibrant.","breadcrumb":{"@id":"https:\/\/woodinout.net\/fr\/product\/bois-arc-en-ciel-empilage-balance-jouet\/#breadcrumb"},"inLanguage":"fr-FR","potentialAction":[{"@type":"ReadAction","target":["https:\/\/woodinout.net\/fr\/product\/bois-arc-en-ciel-empilage-balance-jouet\/"]}]},{"@type":"BreadcrumbList","@id":"https:\/\/woodinout.net\/fr\/product\/bois-arc-en-ciel-empilage-balance-jouet\/#breadcrumb","itemListElement":[{"@type":"ListItem","position":1,"name":"Home","item":"https:\/\/woodinout.net\/fr\/"},{"@type":"ListItem","position":2,"name":"Shop","item":"https:\/\/woodinout.net\/shop\/"},{"@type":"ListItem","position":3,"name":"Empilement arc-en-ciel en bois &#8211; jouet d\u2019\u00e9quilibre"}]},{"@type":"WebSite","@id":"https:\/\/woodinout.net\/fr\/#website","url":"https:\/\/woodinout.net\/fr\/","name":"Woodinout \u00a9","description":"Wooden Montessori toys, gifts, home and events decor details","potentialAction":[{"@type":"SearchAction","target":{"@type":"EntryPoint","urlTemplate":"https:\/\/woodinout.net\/fr\/?s={search_term_string}"},"query-input":"required name=search_term_string"}],"inLanguage":"fr-FR"}]}},"_links":{"self":[{"href":"https:\/\/woodinout.net\/fr\/wp-json\/wp\/v2\/product\/21652"}],"collection":[{"href":"https:\/\/woodinout.net\/fr\/wp-json\/wp\/v2\/product"}],"about":[{"href":"https:\/\/woodinout.net\/fr\/wp-json\/wp\/v2\/types\/product"}],"wp:featuredmedia":[{"embeddable":true,"href":"https:\/\/woodinout.net\/fr\/wp-json\/wp\/v2\/media\/19399"}],"wp:attachment":[{"href":"https:\/\/woodinout.net\/fr\/wp-json\/wp\/v2\/media?parent=21652"}],"wp:term":[{"taxonomy":"product_cat","embeddable":true,"href":"https:\/\/woodinout.net\/fr\/wp-json\/wp\/v2\/product_cat?post=21652"},{"taxonomy":"product_tag","embeddable":true,"href":"https:\/\/woodinout.net\/fr\/wp-json\/wp\/v2\/product_tag?post=21652"}],"curies":[{"name":"wp","href":"https:\/\/api.w.org\/{rel}","templated":true}]}}