{"id":21650,"date":"2020-06-23T23:17:51","date_gmt":"2020-06-23T20:17:51","guid":{"rendered":"https:\/\/woodinout.net\/product\/grand-plateau-de-scrabble-en-bois-5x5\/"},"modified":"2022-04-28T09:56:31","modified_gmt":"2022-04-28T06:56:31","slug":"lettres-en-bois-jeu-de-plateau-scrabble-tuiles-5x5","status":"publish","type":"product","link":"https:\/\/woodinout.net\/fr\/product\/lettres-en-bois-jeu-de-plateau-scrabble-tuiles-5x5\/","title":{"rendered":"Grand plateau de scrabble en bois 5&#215;5"},"content":{"rendered":"<p>Nous vous pr\u00e9sentons un jeu de soci\u00e9t\u00e9 personnalis\u00e9 en lettres en bois. Ce puzzle alphab\u00e9tique est un cadeau de famille parfait pour passer du temps pr\u00e9cieux en famille ensemble. Le jeu de Scrabble est le jeu d\u2019apprentissage de mots le plus populaire au monde. Soyez cr\u00e9atif sur le tableau de scrabble et joignez des blocs d\u2019alphabet en mots en bois. Lettres en bois abc bloc de bois vous emm\u00e8nera dans le monde des mots, allons ensemble MAINTENANT! Rejoignez la famille des clients heureux de Woodinout!<\/p>\n<p>Le kit contient :<br \/>\nPlanche de Scrabble<\/p>\n<p>DIMENSIONS DE LA CARTE<br \/>\nLongueur: ~ 12 pouces<br \/>\nHauteur: ~ 12 pouces<br \/>\n\u00c9paisseur: ~ 0,6 pouces<\/p>\n<p>COULEURS ET MAT\u00c9RIAUX<br \/>\nCouleur: naturel ou brun huil\u00e9.<br \/>\nLa planche est en BOIS MASSIF NATUREL.<br \/>\nVeuillez noter que les couleurs peuvent varier en raison des param\u00e8tres de l\u2019\u00e9cran de l\u2019ordinateur et de l\u2019\u00e9claircissement.<\/p>\n<div style=\"width: 1080px;\" class=\"wp-video\"><!--[if lt IE 9]><script>document.createElement('video');<\/script><![endif]-->\n<video class=\"wp-video-shortcode\" id=\"video-21650-1\" width=\"1080\" height=\"810\" preload=\"metadata\" controls=\"controls\"><source type=\"video\/mp4\" src=\"http:\/\/woodinout.net\/wp-content\/uploads\/2020\/06\/MEDINIS_18.mp4?_=1\" \/><a href=\"http:\/\/woodinout.net\/wp-content\/uploads\/2020\/06\/MEDINIS_18.mp4\">http:\/\/woodinout.net\/wp-content\/uploads\/2020\/06\/MEDINIS_18.mp4<\/a><\/video><\/div>\n","protected":false},"excerpt":{"rendered":"<p>Nous vous pr\u00e9sentons un jeu de soci\u00e9t\u00e9 personnalis\u00e9 en lettres en bois. Ce puzzle alphab\u00e9tique est un cadeau de famille parfait pour passer du temps pr\u00e9cieux en famille ensemble. Le jeu de Scrabble est le jeu d\u2019apprentissage de mots le plus populaire au monde. Soyez cr\u00e9atif sur le tableau de scrabble et joignez des blocs [&hellip;]<\/p>\n","protected":false},"featured_media":18055,"template":"","meta":{"_monsterinsights_skip_tracking":false,"_monsterinsights_sitenote_active":false,"_monsterinsights_sitenote_note":"","_monsterinsights_sitenote_category":0},"product_cat":[1834,1789,1723],"product_tag":[1736,1738,2270,1735,1741,1729,1728,1726,1734,1743,2271],"yoast_head":"<!-- This site is optimized with the Yoast SEO plugin v22.1 - https:\/\/yoast.com\/wordpress\/plugins\/seo\/ -->\n<title>Grand plateau de scrabble en bois 5x5 - Woodinout \u00a9 Jeux d\u2019orthographe<\/title>\n<meta name=\"description\" content=\"Jeu d\u2019orthographe de plateau de scrabble junior - pour passer un temps pr\u00e9cieux en famille avec vos enfants. Jouets d\u2019apprentissage faits \u00e0 la main et respectueux de l\u2019environnement par Woodinout.\" \/>\n<meta name=\"robots\" content=\"index, follow, max-snippet:-1, max-image-preview:large, max-video-preview:-1\" \/>\n<link rel=\"canonical\" href=\"https:\/\/woodinout.net\/fr\/product\/lettres-en-bois-jeu-de-plateau-scrabble-tuiles-5x5\/\" \/>\n<meta property=\"og:locale\" content=\"fr_FR\" \/>\n<meta property=\"og:type\" content=\"article\" \/>\n<meta property=\"og:title\" content=\"Grand plateau de scrabble en bois 5x5 - Woodinout \u00a9 Jeux d\u2019orthographe\" \/>\n<meta property=\"og:description\" content=\"Jeu d\u2019orthographe de plateau de scrabble junior - pour passer un temps pr\u00e9cieux en famille avec vos enfants. Jouets d\u2019apprentissage faits \u00e0 la main et respectueux de l\u2019environnement par Woodinout.\" \/>\n<meta property=\"og:url\" content=\"https:\/\/woodinout.net\/fr\/product\/lettres-en-bois-jeu-de-plateau-scrabble-tuiles-5x5\/\" \/>\n<meta property=\"og:site_name\" content=\"Woodinout \u00a9\" \/>\n<meta property=\"article:modified_time\" content=\"2022-04-28T06:56:31+00:00\" \/>\n<meta property=\"og:image\" content=\"https:\/\/woodinout.net\/wp-content\/uploads\/2020\/06\/Scrabble-tiles-5x5-1.jpg\" \/>\n\t<meta property=\"og:image:width\" content=\"853\" \/>\n\t<meta property=\"og:image:height\" content=\"1280\" \/>\n\t<meta property=\"og:image:type\" content=\"image\/jpeg\" \/>\n<meta name=\"twitter:card\" content=\"summary_large_image\" \/>\n<meta name=\"twitter:label1\" content=\"Dur\u00e9e de lecture estim\u00e9e\" \/>\n\t<meta name=\"twitter:data1\" content=\"1 minute\" \/>\n<script type=\"application\/ld+json\" class=\"yoast-schema-graph\">{\"@context\":\"https:\/\/schema.org\",\"@graph\":[{\"@type\":\"WebPage\",\"@id\":\"https:\/\/woodinout.net\/fr\/product\/lettres-en-bois-jeu-de-plateau-scrabble-tuiles-5x5\/\",\"url\":\"https:\/\/woodinout.net\/fr\/product\/lettres-en-bois-jeu-de-plateau-scrabble-tuiles-5x5\/\",\"name\":\"Grand plateau de scrabble en bois 5x5 - Woodinout \u00a9 Jeux d\u2019orthographe\",\"isPartOf\":{\"@id\":\"https:\/\/woodinout.net\/fr\/#website\"},\"datePublished\":\"2020-06-23T20:17:51+00:00\",\"dateModified\":\"2022-04-28T06:56:31+00:00\",\"description\":\"Jeu d\u2019orthographe de plateau de scrabble junior - pour passer un temps pr\u00e9cieux en famille avec vos enfants. Jouets d\u2019apprentissage faits \u00e0 la main et respectueux de l\u2019environnement par Woodinout.\",\"breadcrumb\":{\"@id\":\"https:\/\/woodinout.net\/fr\/product\/lettres-en-bois-jeu-de-plateau-scrabble-tuiles-5x5\/#breadcrumb\"},\"inLanguage\":\"fr-FR\",\"potentialAction\":[{\"@type\":\"ReadAction\",\"target\":[\"https:\/\/woodinout.net\/fr\/product\/lettres-en-bois-jeu-de-plateau-scrabble-tuiles-5x5\/\"]}]},{\"@type\":\"BreadcrumbList\",\"@id\":\"https:\/\/woodinout.net\/fr\/product\/lettres-en-bois-jeu-de-plateau-scrabble-tuiles-5x5\/#breadcrumb\",\"itemListElement\":[{\"@type\":\"ListItem\",\"position\":1,\"name\":\"Home\",\"item\":\"https:\/\/woodinout.net\/fr\/\"},{\"@type\":\"ListItem\",\"position\":2,\"name\":\"Shop\",\"item\":\"https:\/\/woodinout.net\/shop\/\"},{\"@type\":\"ListItem\",\"position\":3,\"name\":\"Grand plateau de scrabble en bois 5&#215;5\"}]},{\"@type\":\"WebSite\",\"@id\":\"https:\/\/woodinout.net\/fr\/#website\",\"url\":\"https:\/\/woodinout.net\/fr\/\",\"name\":\"Woodinout \u00a9\",\"description\":\"Wooden Montessori toys, gifts, home and events decor details\",\"potentialAction\":[{\"@type\":\"SearchAction\",\"target\":{\"@type\":\"EntryPoint\",\"urlTemplate\":\"https:\/\/woodinout.net\/fr\/?s={search_term_string}\"},\"query-input\":\"required name=search_term_string\"}],\"inLanguage\":\"fr-FR\"}]}<\/script>\n<!-- \/ Yoast SEO plugin. -->","yoast_head_json":{"title":"Grand plateau de scrabble en bois 5x5 - Woodinout \u00a9 Jeux d\u2019orthographe","description":"Jeu d\u2019orthographe de plateau de scrabble junior - pour passer un temps pr\u00e9cieux en famille avec vos enfants. Jouets d\u2019apprentissage faits \u00e0 la main et respectueux de l\u2019environnement par Woodinout.","robots":{"index":"index","follow":"follow","max-snippet":"max-snippet:-1","max-image-preview":"max-image-preview:large","max-video-preview":"max-video-preview:-1"},"canonical":"https:\/\/woodinout.net\/fr\/product\/lettres-en-bois-jeu-de-plateau-scrabble-tuiles-5x5\/","og_locale":"fr_FR","og_type":"article","og_title":"Grand plateau de scrabble en bois 5x5 - Woodinout \u00a9 Jeux d\u2019orthographe","og_description":"Jeu d\u2019orthographe de plateau de scrabble junior - pour passer un temps pr\u00e9cieux en famille avec vos enfants. Jouets d\u2019apprentissage faits \u00e0 la main et respectueux de l\u2019environnement par Woodinout.","og_url":"https:\/\/woodinout.net\/fr\/product\/lettres-en-bois-jeu-de-plateau-scrabble-tuiles-5x5\/","og_site_name":"Woodinout \u00a9","article_modified_time":"2022-04-28T06:56:31+00:00","og_image":[{"width":853,"height":1280,"url":"https:\/\/woodinout.net\/wp-content\/uploads\/2020\/06\/Scrabble-tiles-5x5-1.jpg","type":"image\/jpeg"}],"twitter_card":"summary_large_image","twitter_misc":{"Dur\u00e9e de lecture estim\u00e9e":"1 minute"},"schema":{"@context":"https:\/\/schema.org","@graph":[{"@type":"WebPage","@id":"https:\/\/woodinout.net\/fr\/product\/lettres-en-bois-jeu-de-plateau-scrabble-tuiles-5x5\/","url":"https:\/\/woodinout.net\/fr\/product\/lettres-en-bois-jeu-de-plateau-scrabble-tuiles-5x5\/","name":"Grand plateau de scrabble en bois 5x5 - Woodinout \u00a9 Jeux d\u2019orthographe","isPartOf":{"@id":"https:\/\/woodinout.net\/fr\/#website"},"datePublished":"2020-06-23T20:17:51+00:00","dateModified":"2022-04-28T06:56:31+00:00","description":"Jeu d\u2019orthographe de plateau de scrabble junior - pour passer un temps pr\u00e9cieux en famille avec vos enfants. Jouets d\u2019apprentissage faits \u00e0 la main et respectueux de l\u2019environnement par Woodinout.","breadcrumb":{"@id":"https:\/\/woodinout.net\/fr\/product\/lettres-en-bois-jeu-de-plateau-scrabble-tuiles-5x5\/#breadcrumb"},"inLanguage":"fr-FR","potentialAction":[{"@type":"ReadAction","target":["https:\/\/woodinout.net\/fr\/product\/lettres-en-bois-jeu-de-plateau-scrabble-tuiles-5x5\/"]}]},{"@type":"BreadcrumbList","@id":"https:\/\/woodinout.net\/fr\/product\/lettres-en-bois-jeu-de-plateau-scrabble-tuiles-5x5\/#breadcrumb","itemListElement":[{"@type":"ListItem","position":1,"name":"Home","item":"https:\/\/woodinout.net\/fr\/"},{"@type":"ListItem","position":2,"name":"Shop","item":"https:\/\/woodinout.net\/shop\/"},{"@type":"ListItem","position":3,"name":"Grand plateau de scrabble en bois 5&#215;5"}]},{"@type":"WebSite","@id":"https:\/\/woodinout.net\/fr\/#website","url":"https:\/\/woodinout.net\/fr\/","name":"Woodinout \u00a9","description":"Wooden Montessori toys, gifts, home and events decor details","potentialAction":[{"@type":"SearchAction","target":{"@type":"EntryPoint","urlTemplate":"https:\/\/woodinout.net\/fr\/?s={search_term_string}"},"query-input":"required name=search_term_string"}],"inLanguage":"fr-FR"}]}},"_links":{"self":[{"href":"https:\/\/woodinout.net\/fr\/wp-json\/wp\/v2\/product\/21650"}],"collection":[{"href":"https:\/\/woodinout.net\/fr\/wp-json\/wp\/v2\/product"}],"about":[{"href":"https:\/\/woodinout.net\/fr\/wp-json\/wp\/v2\/types\/product"}],"wp:featuredmedia":[{"embeddable":true,"href":"https:\/\/woodinout.net\/fr\/wp-json\/wp\/v2\/media\/18055"}],"wp:attachment":[{"href":"https:\/\/woodinout.net\/fr\/wp-json\/wp\/v2\/media?parent=21650"}],"wp:term":[{"taxonomy":"product_cat","embeddable":true,"href":"https:\/\/woodinout.net\/fr\/wp-json\/wp\/v2\/product_cat?post=21650"},{"taxonomy":"product_tag","embeddable":true,"href":"https:\/\/woodinout.net\/fr\/wp-json\/wp\/v2\/product_tag?post=21650"}],"curies":[{"name":"wp","href":"https:\/\/api.w.org\/{rel}","templated":true}]}}