{"id":21645,"date":"2021-03-19T13:01:30","date_gmt":"2021-03-19T11:01:30","guid":{"rendered":"https:\/\/woodinout.net\/product\/equilibre-arc-en-ciel-jeu-meteo\/"},"modified":"2022-04-22T12:22:11","modified_gmt":"2022-04-22T09:22:11","slug":"equilibre-arc-en-ciel-meteo-jeu","status":"publish","type":"product","link":"https:\/\/woodinout.net\/fr\/product\/equilibre-arc-en-ciel-meteo-jeu\/","title":{"rendered":"\u00c9quilibre arc-en-ciel &#8211; jeu m\u00e9t\u00e9o"},"content":{"rendered":"<p>\u00c9quilibrez, empilez, amusez-vous! Ce jouet d\u2019\u00e9quilibrage des intemp\u00e9ries est fabriqu\u00e9 \u00e0 la main en bois massif. Seuls les mat\u00e9riaux naturels utilis\u00e9s &#8211; sans danger pour les b\u00e9b\u00e9s et les tout-petits. Nous privil\u00e9gions un environnement s\u00fbr et naturel pour que les enfants apprennent et se d\u00e9veloppent. Cet empileur Montessori en bois ne fait pas exception &#8211; apprenez, cr\u00e9ez, passez du temps de qualit\u00e9 avec votre b\u00e9b\u00e9 ou votre tout-petit &#8211; amusez-vous simplement avec. Incluez l\u2019apprentissage des mots sur la m\u00e9t\u00e9o, comme soleil -&gt; ensoleill\u00e9.<\/p>\n<p>Retrouvez plus de jouets <a href=\"https:\/\/woodinout.net\/product-category\/wooden-toys\/science-nature-toys\/\">SCIENCE &amp; NATURE<\/a> .<\/p>\n<p>TAILLE<br \/>\n&#x1f308;Arc-en-ciel principal:<br \/>\nHauteur: ~ 5,9 pouces (15 cm)<br \/>\nLongueur: ~ 13,8 pouces (35 cm)<br \/>\n\u00c9paisseur: ~ 0,66 pouces (1,7 cm)<br \/>\n&#x26c8;&#xfe0f;Blocs m\u00e9t\u00e9o :<br \/>\nHauteur: ~ 2,3-2,9 pouces (6-7,5 cm)<br \/>\nLongueur: ~ 2.3-2.9 pouces (6-7.5cm)<br \/>\n\u00c9paisseur: ~ 0,66 pouces (1,7 cm)<\/p>\n<p>COULEURS ET MAT\u00c9RIAUX<br \/>\nCouleur: bois naturel<br \/>\nLe jouet est en BOIS MASSIF NATUREL.<br \/>\nVeuillez noter que les couleurs peuvent varier en raison des param\u00e8tres de l\u2019\u00e9cran de l\u2019ordinateur et de l\u2019\u00e9claircissement.<\/p>\n<p>Pour plus d\u2019id\u00e9es, suivez-nous sur <a href=\"https:\/\/www.instagram.com\/woodinout\/\">INSTAGRAM<\/a> &amp; <a href=\"https:\/\/www.facebook.com\/Woodinout.net\">FACEBOOK<\/a><\/p>\n<p>&nbsp;<\/p>\n","protected":false},"excerpt":{"rendered":"<p>\u00c9quilibrez, empilez, amusez-vous! Ce jouet d\u2019\u00e9quilibrage des intemp\u00e9ries est fabriqu\u00e9 \u00e0 la main en bois massif. Seuls les mat\u00e9riaux naturels utilis\u00e9s &#8211; sans danger pour les b\u00e9b\u00e9s et les tout-petits. Nous privil\u00e9gions un environnement s\u00fbr et naturel pour que les enfants apprennent et se d\u00e9veloppent. Cet empileur Montessori en bois ne fait pas exception &#8211; [&hellip;]<\/p>\n","protected":false},"featured_media":19423,"template":"","meta":{"_monsterinsights_skip_tracking":false,"_monsterinsights_sitenote_active":false,"_monsterinsights_sitenote_note":"","_monsterinsights_sitenote_category":0},"product_cat":[1723,1725,1758,1941],"product_tag":[1736,1738,1751,1735,1729,1728,1726,1734],"yoast_head":"<!-- This site is optimized with the Yoast SEO plugin v22.1 - https:\/\/yoast.com\/wordpress\/plugins\/seo\/ -->\n<title>\u00c9quilibre arc-en-ciel - jeu m\u00e9t\u00e9o - Woodinout \u00a9 Jouets Montessori<\/title>\n<meta name=\"description\" content=\"Nous privil\u00e9gions un environnement s\u00fbr et naturel pour que les enfants apprennent et se d\u00e9veloppent. Ce n\u2019est pas une exception : apprendre, cr\u00e9er, passer du temps de qualit\u00e9 ensemble.\" \/>\n<meta name=\"robots\" content=\"index, follow, max-snippet:-1, max-image-preview:large, max-video-preview:-1\" \/>\n<link rel=\"canonical\" href=\"https:\/\/woodinout.net\/fr\/product\/equilibre-arc-en-ciel-meteo-jeu\/\" \/>\n<meta property=\"og:locale\" content=\"fr_FR\" \/>\n<meta property=\"og:type\" content=\"article\" \/>\n<meta property=\"og:title\" content=\"\u00c9quilibre arc-en-ciel - jeu m\u00e9t\u00e9o - Woodinout \u00a9 Jouets Montessori\" \/>\n<meta property=\"og:description\" content=\"Nous privil\u00e9gions un environnement s\u00fbr et naturel pour que les enfants apprennent et se d\u00e9veloppent. Ce n\u2019est pas une exception : apprendre, cr\u00e9er, passer du temps de qualit\u00e9 ensemble.\" \/>\n<meta property=\"og:url\" content=\"https:\/\/woodinout.net\/fr\/product\/equilibre-arc-en-ciel-meteo-jeu\/\" \/>\n<meta property=\"og:site_name\" content=\"Woodinout \u00a9\" \/>\n<meta property=\"article:modified_time\" content=\"2022-04-22T09:22:11+00:00\" \/>\n<meta property=\"og:image\" content=\"https:\/\/woodinout.net\/wp-content\/uploads\/2021\/03\/Balance_rainbow-weather_game_3.jpg\" \/>\n\t<meta property=\"og:image:width\" content=\"1706\" \/>\n\t<meta property=\"og:image:height\" content=\"2560\" \/>\n\t<meta property=\"og:image:type\" content=\"image\/jpeg\" \/>\n<meta name=\"twitter:card\" content=\"summary_large_image\" \/>\n<meta name=\"twitter:label1\" content=\"Dur\u00e9e de lecture estim\u00e9e\" \/>\n\t<meta name=\"twitter:data1\" content=\"1 minute\" \/>\n<script type=\"application\/ld+json\" class=\"yoast-schema-graph\">{\"@context\":\"https:\/\/schema.org\",\"@graph\":[{\"@type\":\"WebPage\",\"@id\":\"https:\/\/woodinout.net\/fr\/product\/equilibre-arc-en-ciel-meteo-jeu\/\",\"url\":\"https:\/\/woodinout.net\/fr\/product\/equilibre-arc-en-ciel-meteo-jeu\/\",\"name\":\"\u00c9quilibre arc-en-ciel - jeu m\u00e9t\u00e9o - Woodinout \u00a9 Jouets Montessori\",\"isPartOf\":{\"@id\":\"https:\/\/woodinout.net\/fr\/#website\"},\"datePublished\":\"2021-03-19T11:01:30+00:00\",\"dateModified\":\"2022-04-22T09:22:11+00:00\",\"description\":\"Nous privil\u00e9gions un environnement s\u00fbr et naturel pour que les enfants apprennent et se d\u00e9veloppent. Ce n\u2019est pas une exception : apprendre, cr\u00e9er, passer du temps de qualit\u00e9 ensemble.\",\"breadcrumb\":{\"@id\":\"https:\/\/woodinout.net\/fr\/product\/equilibre-arc-en-ciel-meteo-jeu\/#breadcrumb\"},\"inLanguage\":\"fr-FR\",\"potentialAction\":[{\"@type\":\"ReadAction\",\"target\":[\"https:\/\/woodinout.net\/fr\/product\/equilibre-arc-en-ciel-meteo-jeu\/\"]}]},{\"@type\":\"BreadcrumbList\",\"@id\":\"https:\/\/woodinout.net\/fr\/product\/equilibre-arc-en-ciel-meteo-jeu\/#breadcrumb\",\"itemListElement\":[{\"@type\":\"ListItem\",\"position\":1,\"name\":\"Home\",\"item\":\"https:\/\/woodinout.net\/fr\/\"},{\"@type\":\"ListItem\",\"position\":2,\"name\":\"Shop\",\"item\":\"https:\/\/woodinout.net\/shop\/\"},{\"@type\":\"ListItem\",\"position\":3,\"name\":\"\u00c9quilibre arc-en-ciel &#8211; jeu m\u00e9t\u00e9o\"}]},{\"@type\":\"WebSite\",\"@id\":\"https:\/\/woodinout.net\/fr\/#website\",\"url\":\"https:\/\/woodinout.net\/fr\/\",\"name\":\"Woodinout \u00a9\",\"description\":\"Wooden Montessori toys, gifts, home and events decor details\",\"potentialAction\":[{\"@type\":\"SearchAction\",\"target\":{\"@type\":\"EntryPoint\",\"urlTemplate\":\"https:\/\/woodinout.net\/fr\/?s={search_term_string}\"},\"query-input\":\"required name=search_term_string\"}],\"inLanguage\":\"fr-FR\"}]}<\/script>\n<!-- \/ Yoast SEO plugin. -->","yoast_head_json":{"title":"\u00c9quilibre arc-en-ciel - jeu m\u00e9t\u00e9o - Woodinout \u00a9 Jouets Montessori","description":"Nous privil\u00e9gions un environnement s\u00fbr et naturel pour que les enfants apprennent et se d\u00e9veloppent. Ce n\u2019est pas une exception : apprendre, cr\u00e9er, passer du temps de qualit\u00e9 ensemble.","robots":{"index":"index","follow":"follow","max-snippet":"max-snippet:-1","max-image-preview":"max-image-preview:large","max-video-preview":"max-video-preview:-1"},"canonical":"https:\/\/woodinout.net\/fr\/product\/equilibre-arc-en-ciel-meteo-jeu\/","og_locale":"fr_FR","og_type":"article","og_title":"\u00c9quilibre arc-en-ciel - jeu m\u00e9t\u00e9o - Woodinout \u00a9 Jouets Montessori","og_description":"Nous privil\u00e9gions un environnement s\u00fbr et naturel pour que les enfants apprennent et se d\u00e9veloppent. Ce n\u2019est pas une exception : apprendre, cr\u00e9er, passer du temps de qualit\u00e9 ensemble.","og_url":"https:\/\/woodinout.net\/fr\/product\/equilibre-arc-en-ciel-meteo-jeu\/","og_site_name":"Woodinout \u00a9","article_modified_time":"2022-04-22T09:22:11+00:00","og_image":[{"width":1706,"height":2560,"url":"https:\/\/woodinout.net\/wp-content\/uploads\/2021\/03\/Balance_rainbow-weather_game_3.jpg","type":"image\/jpeg"}],"twitter_card":"summary_large_image","twitter_misc":{"Dur\u00e9e de lecture estim\u00e9e":"1 minute"},"schema":{"@context":"https:\/\/schema.org","@graph":[{"@type":"WebPage","@id":"https:\/\/woodinout.net\/fr\/product\/equilibre-arc-en-ciel-meteo-jeu\/","url":"https:\/\/woodinout.net\/fr\/product\/equilibre-arc-en-ciel-meteo-jeu\/","name":"\u00c9quilibre arc-en-ciel - jeu m\u00e9t\u00e9o - Woodinout \u00a9 Jouets Montessori","isPartOf":{"@id":"https:\/\/woodinout.net\/fr\/#website"},"datePublished":"2021-03-19T11:01:30+00:00","dateModified":"2022-04-22T09:22:11+00:00","description":"Nous privil\u00e9gions un environnement s\u00fbr et naturel pour que les enfants apprennent et se d\u00e9veloppent. Ce n\u2019est pas une exception : apprendre, cr\u00e9er, passer du temps de qualit\u00e9 ensemble.","breadcrumb":{"@id":"https:\/\/woodinout.net\/fr\/product\/equilibre-arc-en-ciel-meteo-jeu\/#breadcrumb"},"inLanguage":"fr-FR","potentialAction":[{"@type":"ReadAction","target":["https:\/\/woodinout.net\/fr\/product\/equilibre-arc-en-ciel-meteo-jeu\/"]}]},{"@type":"BreadcrumbList","@id":"https:\/\/woodinout.net\/fr\/product\/equilibre-arc-en-ciel-meteo-jeu\/#breadcrumb","itemListElement":[{"@type":"ListItem","position":1,"name":"Home","item":"https:\/\/woodinout.net\/fr\/"},{"@type":"ListItem","position":2,"name":"Shop","item":"https:\/\/woodinout.net\/shop\/"},{"@type":"ListItem","position":3,"name":"\u00c9quilibre arc-en-ciel &#8211; jeu m\u00e9t\u00e9o"}]},{"@type":"WebSite","@id":"https:\/\/woodinout.net\/fr\/#website","url":"https:\/\/woodinout.net\/fr\/","name":"Woodinout \u00a9","description":"Wooden Montessori toys, gifts, home and events decor details","potentialAction":[{"@type":"SearchAction","target":{"@type":"EntryPoint","urlTemplate":"https:\/\/woodinout.net\/fr\/?s={search_term_string}"},"query-input":"required name=search_term_string"}],"inLanguage":"fr-FR"}]}},"_links":{"self":[{"href":"https:\/\/woodinout.net\/fr\/wp-json\/wp\/v2\/product\/21645"}],"collection":[{"href":"https:\/\/woodinout.net\/fr\/wp-json\/wp\/v2\/product"}],"about":[{"href":"https:\/\/woodinout.net\/fr\/wp-json\/wp\/v2\/types\/product"}],"wp:featuredmedia":[{"embeddable":true,"href":"https:\/\/woodinout.net\/fr\/wp-json\/wp\/v2\/media\/19423"}],"wp:attachment":[{"href":"https:\/\/woodinout.net\/fr\/wp-json\/wp\/v2\/media?parent=21645"}],"wp:term":[{"taxonomy":"product_cat","embeddable":true,"href":"https:\/\/woodinout.net\/fr\/wp-json\/wp\/v2\/product_cat?post=21645"},{"taxonomy":"product_tag","embeddable":true,"href":"https:\/\/woodinout.net\/fr\/wp-json\/wp\/v2\/product_tag?post=21645"}],"curies":[{"name":"wp","href":"https:\/\/api.w.org\/{rel}","templated":true}]}}