{"id":21642,"date":"2020-06-30T23:26:21","date_gmt":"2020-06-30T20:26:21","guid":{"rendered":"https:\/\/woodinout.net\/product\/chevilles-en-bois-pour-jouets-montessori\/"},"modified":"2022-03-13T21:28:26","modified_gmt":"2022-03-13T19:28:26","slug":"bouchons-en-bois-pegboard-pegs","status":"publish","type":"product","link":"https:\/\/woodinout.net\/fr\/product\/bouchons-en-bois-pegboard-pegs\/","title":{"rendered":"Chevilles en bois pour jouets Montessori"},"content":{"rendered":"<p>Piquets en bois naturel aim\u00e9s par les enfants. Les bouchons en bois ou simplement les chevilles en bois sont l\u2019un des jouets Montessori les plus populaires. Utilisez-le dans <a href=\"http:\/\/woodinout.net\/product\/unique-sand-tray-by-montessori-waldorf-toys\/\">un bac \u00e0 sable<\/a>, de la p\u00e2te \u00e0 modeler, du bois ou des perles de pierre &#8211; Les enfants trouveront certainement o\u00f9 les brancher, laissez simplement leur imagination grandir! NOS jouets sensoriels \u00e9ducatifs sont faits \u00e0 la main, respectueux de l\u2019environnement et s\u00fbrs pour jouer avec. Les chevilles de jeu aussi simples qu\u2019elles ont l\u2019air aussi pr\u00e9cieuses qu\u2019elles le sont! Comptez-les, branchez-les, triez-les, coloriez-les! Soyez cr\u00e9atif et restez naturel avec des jouets en bois.<\/p>\n<p>Kit &#8211; 10 chevilles en bois<\/p>\n<p>TAILLE<\/p>\n<p>Petite longueur des broches 0,35 pouces<br \/>\nGrande longueur de broches 1,2 pouces<\/p>\n<p>COULEURS ET MAT\u00c9RIAUX<br \/>\nCouleur: naturel<br \/>\nLe jouet est fait de BOIS naturel.<br \/>\nVeuillez noter que les couleurs peuvent varier en raison des param\u00e8tres de l\u2019\u00e9cran de l\u2019ordinateur et de l\u2019\u00e9claircissement.<\/p>\n","protected":false},"excerpt":{"rendered":"<p>Piquets en bois naturel aim\u00e9s par les enfants. Les bouchons en bois ou simplement les chevilles en bois sont l\u2019un des jouets Montessori les plus populaires. Utilisez-le dans un bac \u00e0 sable, de la p\u00e2te \u00e0 modeler, du bois ou des perles de pierre &#8211; Les enfants trouveront certainement o\u00f9 les brancher, laissez simplement leur [&hellip;]<\/p>\n","protected":false},"featured_media":18367,"template":"","meta":{"_monsterinsights_skip_tracking":false,"_monsterinsights_sitenote_active":false,"_monsterinsights_sitenote_note":"","_monsterinsights_sitenote_category":0},"product_cat":[1834,1723],"product_tag":[2249,1736,1738,2250,2251,1735,1729,1728,1726,1734],"yoast_head":"<!-- This site is optimized with the Yoast SEO plugin v22.1 - https:\/\/yoast.com\/wordpress\/plugins\/seo\/ -->\n<title>Chevilles en bois pour jouets Montessori - Woodinout \u00a9 en bois<\/title>\n<meta name=\"description\" content=\"Des chevilles en bois aussi simples que pr\u00e9cieuses ! Comptez-les, branchez-les, triez-les, coloriez-les! Soyez cr\u00e9atif et restez naturel avec des jouets en bois.\" \/>\n<meta name=\"robots\" content=\"index, follow, max-snippet:-1, max-image-preview:large, max-video-preview:-1\" \/>\n<link rel=\"canonical\" href=\"https:\/\/woodinout.net\/fr\/product\/bouchons-en-bois-pegboard-pegs\/\" \/>\n<meta property=\"og:locale\" content=\"fr_FR\" \/>\n<meta property=\"og:type\" content=\"article\" \/>\n<meta property=\"og:title\" content=\"Chevilles en bois pour jouets Montessori - Woodinout \u00a9 en bois\" \/>\n<meta property=\"og:description\" content=\"Des chevilles en bois aussi simples que pr\u00e9cieuses ! Comptez-les, branchez-les, triez-les, coloriez-les! Soyez cr\u00e9atif et restez naturel avec des jouets en bois.\" \/>\n<meta property=\"og:url\" content=\"https:\/\/woodinout.net\/fr\/product\/bouchons-en-bois-pegboard-pegs\/\" \/>\n<meta property=\"og:site_name\" content=\"Woodinout \u00a9\" \/>\n<meta property=\"article:modified_time\" content=\"2022-03-13T19:28:26+00:00\" \/>\n<meta property=\"og:image\" content=\"https:\/\/woodinout.net\/wp-content\/uploads\/2020\/06\/Pegboard-pegs-1.jpg\" \/>\n\t<meta property=\"og:image:width\" content=\"853\" \/>\n\t<meta property=\"og:image:height\" content=\"1280\" \/>\n\t<meta property=\"og:image:type\" content=\"image\/jpeg\" \/>\n<meta name=\"twitter:card\" content=\"summary_large_image\" \/>\n<meta name=\"twitter:label1\" content=\"Dur\u00e9e de lecture estim\u00e9e\" \/>\n\t<meta name=\"twitter:data1\" content=\"1 minute\" \/>\n<script type=\"application\/ld+json\" class=\"yoast-schema-graph\">{\"@context\":\"https:\/\/schema.org\",\"@graph\":[{\"@type\":\"WebPage\",\"@id\":\"https:\/\/woodinout.net\/fr\/product\/bouchons-en-bois-pegboard-pegs\/\",\"url\":\"https:\/\/woodinout.net\/fr\/product\/bouchons-en-bois-pegboard-pegs\/\",\"name\":\"Chevilles en bois pour jouets Montessori - Woodinout \u00a9 en bois\",\"isPartOf\":{\"@id\":\"https:\/\/woodinout.net\/fr\/#website\"},\"datePublished\":\"2020-06-30T20:26:21+00:00\",\"dateModified\":\"2022-03-13T19:28:26+00:00\",\"description\":\"Des chevilles en bois aussi simples que pr\u00e9cieuses ! Comptez-les, branchez-les, triez-les, coloriez-les! Soyez cr\u00e9atif et restez naturel avec des jouets en bois.\",\"breadcrumb\":{\"@id\":\"https:\/\/woodinout.net\/fr\/product\/bouchons-en-bois-pegboard-pegs\/#breadcrumb\"},\"inLanguage\":\"fr-FR\",\"potentialAction\":[{\"@type\":\"ReadAction\",\"target\":[\"https:\/\/woodinout.net\/fr\/product\/bouchons-en-bois-pegboard-pegs\/\"]}]},{\"@type\":\"BreadcrumbList\",\"@id\":\"https:\/\/woodinout.net\/fr\/product\/bouchons-en-bois-pegboard-pegs\/#breadcrumb\",\"itemListElement\":[{\"@type\":\"ListItem\",\"position\":1,\"name\":\"Home\",\"item\":\"https:\/\/woodinout.net\/fr\/\"},{\"@type\":\"ListItem\",\"position\":2,\"name\":\"Shop\",\"item\":\"https:\/\/woodinout.net\/shop\/\"},{\"@type\":\"ListItem\",\"position\":3,\"name\":\"Chevilles en bois pour jouets Montessori\"}]},{\"@type\":\"WebSite\",\"@id\":\"https:\/\/woodinout.net\/fr\/#website\",\"url\":\"https:\/\/woodinout.net\/fr\/\",\"name\":\"Woodinout \u00a9\",\"description\":\"Wooden Montessori toys, gifts, home and events decor details\",\"potentialAction\":[{\"@type\":\"SearchAction\",\"target\":{\"@type\":\"EntryPoint\",\"urlTemplate\":\"https:\/\/woodinout.net\/fr\/?s={search_term_string}\"},\"query-input\":\"required name=search_term_string\"}],\"inLanguage\":\"fr-FR\"}]}<\/script>\n<!-- \/ Yoast SEO plugin. -->","yoast_head_json":{"title":"Chevilles en bois pour jouets Montessori - Woodinout \u00a9 en bois","description":"Des chevilles en bois aussi simples que pr\u00e9cieuses ! Comptez-les, branchez-les, triez-les, coloriez-les! Soyez cr\u00e9atif et restez naturel avec des jouets en bois.","robots":{"index":"index","follow":"follow","max-snippet":"max-snippet:-1","max-image-preview":"max-image-preview:large","max-video-preview":"max-video-preview:-1"},"canonical":"https:\/\/woodinout.net\/fr\/product\/bouchons-en-bois-pegboard-pegs\/","og_locale":"fr_FR","og_type":"article","og_title":"Chevilles en bois pour jouets Montessori - Woodinout \u00a9 en bois","og_description":"Des chevilles en bois aussi simples que pr\u00e9cieuses ! Comptez-les, branchez-les, triez-les, coloriez-les! Soyez cr\u00e9atif et restez naturel avec des jouets en bois.","og_url":"https:\/\/woodinout.net\/fr\/product\/bouchons-en-bois-pegboard-pegs\/","og_site_name":"Woodinout \u00a9","article_modified_time":"2022-03-13T19:28:26+00:00","og_image":[{"width":853,"height":1280,"url":"https:\/\/woodinout.net\/wp-content\/uploads\/2020\/06\/Pegboard-pegs-1.jpg","type":"image\/jpeg"}],"twitter_card":"summary_large_image","twitter_misc":{"Dur\u00e9e de lecture estim\u00e9e":"1 minute"},"schema":{"@context":"https:\/\/schema.org","@graph":[{"@type":"WebPage","@id":"https:\/\/woodinout.net\/fr\/product\/bouchons-en-bois-pegboard-pegs\/","url":"https:\/\/woodinout.net\/fr\/product\/bouchons-en-bois-pegboard-pegs\/","name":"Chevilles en bois pour jouets Montessori - Woodinout \u00a9 en bois","isPartOf":{"@id":"https:\/\/woodinout.net\/fr\/#website"},"datePublished":"2020-06-30T20:26:21+00:00","dateModified":"2022-03-13T19:28:26+00:00","description":"Des chevilles en bois aussi simples que pr\u00e9cieuses ! Comptez-les, branchez-les, triez-les, coloriez-les! Soyez cr\u00e9atif et restez naturel avec des jouets en bois.","breadcrumb":{"@id":"https:\/\/woodinout.net\/fr\/product\/bouchons-en-bois-pegboard-pegs\/#breadcrumb"},"inLanguage":"fr-FR","potentialAction":[{"@type":"ReadAction","target":["https:\/\/woodinout.net\/fr\/product\/bouchons-en-bois-pegboard-pegs\/"]}]},{"@type":"BreadcrumbList","@id":"https:\/\/woodinout.net\/fr\/product\/bouchons-en-bois-pegboard-pegs\/#breadcrumb","itemListElement":[{"@type":"ListItem","position":1,"name":"Home","item":"https:\/\/woodinout.net\/fr\/"},{"@type":"ListItem","position":2,"name":"Shop","item":"https:\/\/woodinout.net\/shop\/"},{"@type":"ListItem","position":3,"name":"Chevilles en bois pour jouets Montessori"}]},{"@type":"WebSite","@id":"https:\/\/woodinout.net\/fr\/#website","url":"https:\/\/woodinout.net\/fr\/","name":"Woodinout \u00a9","description":"Wooden Montessori toys, gifts, home and events decor details","potentialAction":[{"@type":"SearchAction","target":{"@type":"EntryPoint","urlTemplate":"https:\/\/woodinout.net\/fr\/?s={search_term_string}"},"query-input":"required name=search_term_string"}],"inLanguage":"fr-FR"}]}},"_links":{"self":[{"href":"https:\/\/woodinout.net\/fr\/wp-json\/wp\/v2\/product\/21642"}],"collection":[{"href":"https:\/\/woodinout.net\/fr\/wp-json\/wp\/v2\/product"}],"about":[{"href":"https:\/\/woodinout.net\/fr\/wp-json\/wp\/v2\/types\/product"}],"wp:featuredmedia":[{"embeddable":true,"href":"https:\/\/woodinout.net\/fr\/wp-json\/wp\/v2\/media\/18367"}],"wp:attachment":[{"href":"https:\/\/woodinout.net\/fr\/wp-json\/wp\/v2\/media?parent=21642"}],"wp:term":[{"taxonomy":"product_cat","embeddable":true,"href":"https:\/\/woodinout.net\/fr\/wp-json\/wp\/v2\/product_cat?post=21642"},{"taxonomy":"product_tag","embeddable":true,"href":"https:\/\/woodinout.net\/fr\/wp-json\/wp\/v2\/product_tag?post=21642"}],"curies":[{"name":"wp","href":"https:\/\/api.w.org\/{rel}","templated":true}]}}