{"id":21641,"date":"2021-03-21T19:15:28","date_gmt":"2021-03-21T17:15:28","guid":{"rendered":"https:\/\/woodinout.net\/product\/cartes-de-formes\/"},"modified":"2022-04-19T16:36:49","modified_gmt":"2022-04-19T13:36:49","slug":"formes-cartes","status":"publish","type":"product","link":"https:\/\/woodinout.net\/fr\/product\/formes-cartes\/","title":{"rendered":"Cartes de formes"},"content":{"rendered":"<p>Cartes en contreplaqu\u00e9 de sch\u00e9mas de g\u00e9oboard &#8211; ajout au panneau de piquet pour les enfants. Tous nos jouets Montessori en bois sont cr\u00e9\u00e9s pour d\u00e9velopper la cr\u00e9ativit\u00e9 avec des jouets en bois naturel. L\u2019apprentissage pr\u00e9scolaire par le jeu est la r\u00e9ponse \u00e0 l\u2019\u00e9ducation d\u2019aujourd\u2019hui. Les cartes montessori en forme de planche \u00e0 cheville sont tout au sujet! Utilisez-le avec le v\u00f4tre ou l\u2019un de nos g\u00e9oboards uniques.<\/p>\n<p>TAILLE<br \/>\nHauteur: ~ 1,9 pouces (4.8cm)<br \/>\nLongueur: ~ 1,9 pouces (4.8cm)<\/p>\n<p>COULEURS ET MAT\u00c9RIAUX<br \/>\nCouleur: bois naturel<br \/>\nLe jouet est fait de contreplaqu\u00e9 DE BOIS NATUREL.<br \/>\nVeuillez noter que les couleurs peuvent varier en raison des param\u00e8tres de l\u2019\u00e9cran de l\u2019ordinateur et de l\u2019\u00e9claircissement.<\/p>\n","protected":false},"excerpt":{"rendered":"<p>Cartes en contreplaqu\u00e9 de sch\u00e9mas de g\u00e9oboard &#8211; ajout au panneau de piquet pour les enfants. Tous nos jouets Montessori en bois sont cr\u00e9\u00e9s pour d\u00e9velopper la cr\u00e9ativit\u00e9 avec des jouets en bois naturel. L\u2019apprentissage pr\u00e9scolaire par le jeu est la r\u00e9ponse \u00e0 l\u2019\u00e9ducation d\u2019aujourd\u2019hui. Les cartes montessori en forme de planche \u00e0 cheville sont [&hellip;]<\/p>\n","protected":false},"featured_media":20135,"template":"","meta":{"_monsterinsights_skip_tracking":false,"_monsterinsights_sitenote_active":false,"_monsterinsights_sitenote_note":"","_monsterinsights_sitenote_category":0},"product_cat":[1723,1923],"product_tag":[2238,1736,1738,2240,1950,1952,1951,1735,1729,1728,1726,1734,1904],"yoast_head":"<!-- This site is optimized with the Yoast SEO plugin v22.1 - https:\/\/yoast.com\/wordpress\/plugins\/seo\/ -->\n<title>Cartes de formes - Woodinout \u00a9 Montessori toys SHOP<\/title>\n<meta name=\"description\" content=\"Enseignez aux enfants la g\u00e9om\u00e9trie, la r\u00e9solution de probl\u00e8mes et d\u00e9veloppez la motricit\u00e9 fine de mani\u00e8re amusante. Jouez avec des blocs de bois naturels faits \u00e0 la main.\" \/>\n<meta name=\"robots\" content=\"index, follow, max-snippet:-1, max-image-preview:large, max-video-preview:-1\" \/>\n<link rel=\"canonical\" href=\"https:\/\/woodinout.net\/fr\/product\/formes-cartes\/\" \/>\n<meta property=\"og:locale\" content=\"fr_FR\" \/>\n<meta property=\"og:type\" content=\"article\" \/>\n<meta property=\"og:title\" content=\"Cartes de formes - Woodinout \u00a9 Montessori toys SHOP\" \/>\n<meta property=\"og:description\" content=\"Enseignez aux enfants la g\u00e9om\u00e9trie, la r\u00e9solution de probl\u00e8mes et d\u00e9veloppez la motricit\u00e9 fine de mani\u00e8re amusante. Jouez avec des blocs de bois naturels faits \u00e0 la main.\" \/>\n<meta property=\"og:url\" content=\"https:\/\/woodinout.net\/fr\/product\/formes-cartes\/\" \/>\n<meta property=\"og:site_name\" content=\"Woodinout \u00a9\" \/>\n<meta property=\"article:modified_time\" content=\"2022-04-19T13:36:49+00:00\" \/>\n<meta property=\"og:image\" content=\"https:\/\/woodinout.net\/wp-content\/uploads\/2021\/03\/Shapes_cards_3.jpg\" \/>\n\t<meta property=\"og:image:width\" content=\"1706\" \/>\n\t<meta property=\"og:image:height\" content=\"2560\" \/>\n\t<meta property=\"og:image:type\" content=\"image\/jpeg\" \/>\n<meta name=\"twitter:card\" content=\"summary_large_image\" \/>\n<meta name=\"twitter:label1\" content=\"Dur\u00e9e de lecture estim\u00e9e\" \/>\n\t<meta name=\"twitter:data1\" content=\"1 minute\" \/>\n<script type=\"application\/ld+json\" class=\"yoast-schema-graph\">{\"@context\":\"https:\/\/schema.org\",\"@graph\":[{\"@type\":\"WebPage\",\"@id\":\"https:\/\/woodinout.net\/fr\/product\/formes-cartes\/\",\"url\":\"https:\/\/woodinout.net\/fr\/product\/formes-cartes\/\",\"name\":\"Cartes de formes - Woodinout \u00a9 Montessori toys SHOP\",\"isPartOf\":{\"@id\":\"https:\/\/woodinout.net\/fr\/#website\"},\"datePublished\":\"2021-03-21T17:15:28+00:00\",\"dateModified\":\"2022-04-19T13:36:49+00:00\",\"description\":\"Enseignez aux enfants la g\u00e9om\u00e9trie, la r\u00e9solution de probl\u00e8mes et d\u00e9veloppez la motricit\u00e9 fine de mani\u00e8re amusante. Jouez avec des blocs de bois naturels faits \u00e0 la main.\",\"breadcrumb\":{\"@id\":\"https:\/\/woodinout.net\/fr\/product\/formes-cartes\/#breadcrumb\"},\"inLanguage\":\"fr-FR\",\"potentialAction\":[{\"@type\":\"ReadAction\",\"target\":[\"https:\/\/woodinout.net\/fr\/product\/formes-cartes\/\"]}]},{\"@type\":\"BreadcrumbList\",\"@id\":\"https:\/\/woodinout.net\/fr\/product\/formes-cartes\/#breadcrumb\",\"itemListElement\":[{\"@type\":\"ListItem\",\"position\":1,\"name\":\"Home\",\"item\":\"https:\/\/woodinout.net\/fr\/\"},{\"@type\":\"ListItem\",\"position\":2,\"name\":\"Shop\",\"item\":\"https:\/\/woodinout.net\/shop\/\"},{\"@type\":\"ListItem\",\"position\":3,\"name\":\"Cartes de formes\"}]},{\"@type\":\"WebSite\",\"@id\":\"https:\/\/woodinout.net\/fr\/#website\",\"url\":\"https:\/\/woodinout.net\/fr\/\",\"name\":\"Woodinout \u00a9\",\"description\":\"Wooden Montessori toys, gifts, home and events decor details\",\"potentialAction\":[{\"@type\":\"SearchAction\",\"target\":{\"@type\":\"EntryPoint\",\"urlTemplate\":\"https:\/\/woodinout.net\/fr\/?s={search_term_string}\"},\"query-input\":\"required name=search_term_string\"}],\"inLanguage\":\"fr-FR\"}]}<\/script>\n<!-- \/ Yoast SEO plugin. -->","yoast_head_json":{"title":"Cartes de formes - Woodinout \u00a9 Montessori toys SHOP","description":"Enseignez aux enfants la g\u00e9om\u00e9trie, la r\u00e9solution de probl\u00e8mes et d\u00e9veloppez la motricit\u00e9 fine de mani\u00e8re amusante. Jouez avec des blocs de bois naturels faits \u00e0 la main.","robots":{"index":"index","follow":"follow","max-snippet":"max-snippet:-1","max-image-preview":"max-image-preview:large","max-video-preview":"max-video-preview:-1"},"canonical":"https:\/\/woodinout.net\/fr\/product\/formes-cartes\/","og_locale":"fr_FR","og_type":"article","og_title":"Cartes de formes - Woodinout \u00a9 Montessori toys SHOP","og_description":"Enseignez aux enfants la g\u00e9om\u00e9trie, la r\u00e9solution de probl\u00e8mes et d\u00e9veloppez la motricit\u00e9 fine de mani\u00e8re amusante. Jouez avec des blocs de bois naturels faits \u00e0 la main.","og_url":"https:\/\/woodinout.net\/fr\/product\/formes-cartes\/","og_site_name":"Woodinout \u00a9","article_modified_time":"2022-04-19T13:36:49+00:00","og_image":[{"width":1706,"height":2560,"url":"https:\/\/woodinout.net\/wp-content\/uploads\/2021\/03\/Shapes_cards_3.jpg","type":"image\/jpeg"}],"twitter_card":"summary_large_image","twitter_misc":{"Dur\u00e9e de lecture estim\u00e9e":"1 minute"},"schema":{"@context":"https:\/\/schema.org","@graph":[{"@type":"WebPage","@id":"https:\/\/woodinout.net\/fr\/product\/formes-cartes\/","url":"https:\/\/woodinout.net\/fr\/product\/formes-cartes\/","name":"Cartes de formes - Woodinout \u00a9 Montessori toys SHOP","isPartOf":{"@id":"https:\/\/woodinout.net\/fr\/#website"},"datePublished":"2021-03-21T17:15:28+00:00","dateModified":"2022-04-19T13:36:49+00:00","description":"Enseignez aux enfants la g\u00e9om\u00e9trie, la r\u00e9solution de probl\u00e8mes et d\u00e9veloppez la motricit\u00e9 fine de mani\u00e8re amusante. Jouez avec des blocs de bois naturels faits \u00e0 la main.","breadcrumb":{"@id":"https:\/\/woodinout.net\/fr\/product\/formes-cartes\/#breadcrumb"},"inLanguage":"fr-FR","potentialAction":[{"@type":"ReadAction","target":["https:\/\/woodinout.net\/fr\/product\/formes-cartes\/"]}]},{"@type":"BreadcrumbList","@id":"https:\/\/woodinout.net\/fr\/product\/formes-cartes\/#breadcrumb","itemListElement":[{"@type":"ListItem","position":1,"name":"Home","item":"https:\/\/woodinout.net\/fr\/"},{"@type":"ListItem","position":2,"name":"Shop","item":"https:\/\/woodinout.net\/shop\/"},{"@type":"ListItem","position":3,"name":"Cartes de formes"}]},{"@type":"WebSite","@id":"https:\/\/woodinout.net\/fr\/#website","url":"https:\/\/woodinout.net\/fr\/","name":"Woodinout \u00a9","description":"Wooden Montessori toys, gifts, home and events decor details","potentialAction":[{"@type":"SearchAction","target":{"@type":"EntryPoint","urlTemplate":"https:\/\/woodinout.net\/fr\/?s={search_term_string}"},"query-input":"required name=search_term_string"}],"inLanguage":"fr-FR"}]}},"_links":{"self":[{"href":"https:\/\/woodinout.net\/fr\/wp-json\/wp\/v2\/product\/21641"}],"collection":[{"href":"https:\/\/woodinout.net\/fr\/wp-json\/wp\/v2\/product"}],"about":[{"href":"https:\/\/woodinout.net\/fr\/wp-json\/wp\/v2\/types\/product"}],"wp:featuredmedia":[{"embeddable":true,"href":"https:\/\/woodinout.net\/fr\/wp-json\/wp\/v2\/media\/20135"}],"wp:attachment":[{"href":"https:\/\/woodinout.net\/fr\/wp-json\/wp\/v2\/media?parent=21641"}],"wp:term":[{"taxonomy":"product_cat","embeddable":true,"href":"https:\/\/woodinout.net\/fr\/wp-json\/wp\/v2\/product_cat?post=21641"},{"taxonomy":"product_tag","embeddable":true,"href":"https:\/\/woodinout.net\/fr\/wp-json\/wp\/v2\/product_tag?post=21641"}],"curies":[{"name":"wp","href":"https:\/\/api.w.org\/{rel}","templated":true}]}}