{"id":21640,"date":"2021-03-22T13:30:16","date_gmt":"2021-03-22T11:30:16","guid":{"rendered":"https:\/\/woodinout.net\/product\/piquets-pour-geoboard\/"},"modified":"2022-04-19T16:11:04","modified_gmt":"2022-04-19T13:11:04","slug":"chevilles-pour-geoboard","status":"publish","type":"product","link":"https:\/\/woodinout.net\/fr\/product\/chevilles-pour-geoboard\/","title":{"rendered":"Piquets pour g\u00e9oboard"},"content":{"rendered":"<p>Petits piquets en bois en compl\u00e9ment du g\u00e9oboard en bois pour les enfants. Cela pourrait \u00eatre un jouet d\u2019habilet\u00e9 parfait pour le d\u00e9veloppement et le jeu cr\u00e9atif pour les enfants et les adultes. Les chevilles en bois sont principalement utilis\u00e9es dans les planches de chevilles Montessori, mais pourraient \u00e9galement \u00eatre utilis\u00e9es de mani\u00e8re cr\u00e9ative dans de nombreuses activit\u00e9s inspir\u00e9es de Montessori ou Waldorf telles que le comptage, le tri ou la sensorialit\u00e9.<\/p>\n<p>TAILLE<br \/>\nHauteur: 1,57 pouces (4cm)<br \/>\n\u00c9paisseur: 0.23 pouces (0.6cm)<\/p>\n<p>COULEURS ET MAT\u00c9RIAUX<br \/>\nCouleur: bois naturel.<br \/>\nLe jouet est en BOIS MASSIF NATUREL.<br \/>\nVeuillez noter que les couleurs peuvent varier en raison des param\u00e8tres de l\u2019\u00e9cran de l\u2019ordinateur et de l\u2019\u00e9claircissement.<\/p>\n","protected":false},"excerpt":{"rendered":"<p>Petits piquets en bois en compl\u00e9ment du g\u00e9oboard en bois pour les enfants. Cela pourrait \u00eatre un jouet d\u2019habilet\u00e9 parfait pour le d\u00e9veloppement et le jeu cr\u00e9atif pour les enfants et les adultes. Les chevilles en bois sont principalement utilis\u00e9es dans les planches de chevilles Montessori, mais pourraient \u00e9galement \u00eatre utilis\u00e9es de mani\u00e8re cr\u00e9ative dans [&hellip;]<\/p>\n","protected":false},"featured_media":20351,"template":"","meta":{"_monsterinsights_skip_tracking":false,"_monsterinsights_sitenote_active":false,"_monsterinsights_sitenote_note":"","_monsterinsights_sitenote_category":0},"product_cat":[1723,1923],"product_tag":[2238,1736,1738,1950,1952,1951,1735,1729,1728,1726,1734,1904],"yoast_head":"<!-- This site is optimized with the Yoast SEO plugin v22.1 - https:\/\/yoast.com\/wordpress\/plugins\/seo\/ -->\n<title>Piquets pour g\u00e9oboard - Woodinout \u00a9 Montessori toys SHOP<\/title>\n<meta name=\"description\" content=\"Enseignez aux enfants les math\u00e9matiques, les nombres et le tri de mani\u00e8re amusante. D\u00e9veloppez \u00e9galement la motricit\u00e9 fine des tout-petits et jouez avec des chevilles en bois \u00e9l\u00e9gantes faites \u00e0 la main.\" \/>\n<meta name=\"robots\" content=\"index, follow, max-snippet:-1, max-image-preview:large, max-video-preview:-1\" \/>\n<link rel=\"canonical\" href=\"https:\/\/woodinout.net\/fr\/product\/chevilles-pour-geoboard\/\" \/>\n<meta property=\"og:locale\" content=\"fr_FR\" \/>\n<meta property=\"og:type\" content=\"article\" \/>\n<meta property=\"og:title\" content=\"Piquets pour g\u00e9oboard - Woodinout \u00a9 Montessori toys SHOP\" \/>\n<meta property=\"og:description\" content=\"Enseignez aux enfants les math\u00e9matiques, les nombres et le tri de mani\u00e8re amusante. D\u00e9veloppez \u00e9galement la motricit\u00e9 fine des tout-petits et jouez avec des chevilles en bois \u00e9l\u00e9gantes faites \u00e0 la main.\" \/>\n<meta property=\"og:url\" content=\"https:\/\/woodinout.net\/fr\/product\/chevilles-pour-geoboard\/\" \/>\n<meta property=\"og:site_name\" content=\"Woodinout \u00a9\" \/>\n<meta property=\"article:modified_time\" content=\"2022-04-19T13:11:04+00:00\" \/>\n<meta property=\"og:image\" content=\"https:\/\/woodinout.net\/wp-content\/uploads\/2021\/03\/Small-wooden-Pegs.jpg\" \/>\n\t<meta property=\"og:image:width\" content=\"1140\" \/>\n\t<meta property=\"og:image:height\" content=\"1002\" \/>\n\t<meta property=\"og:image:type\" content=\"image\/jpeg\" \/>\n<meta name=\"twitter:card\" content=\"summary_large_image\" \/>\n<meta name=\"twitter:label1\" content=\"Dur\u00e9e de lecture estim\u00e9e\" \/>\n\t<meta name=\"twitter:data1\" content=\"1 minute\" \/>\n<script type=\"application\/ld+json\" class=\"yoast-schema-graph\">{\"@context\":\"https:\/\/schema.org\",\"@graph\":[{\"@type\":\"WebPage\",\"@id\":\"https:\/\/woodinout.net\/fr\/product\/chevilles-pour-geoboard\/\",\"url\":\"https:\/\/woodinout.net\/fr\/product\/chevilles-pour-geoboard\/\",\"name\":\"Piquets pour g\u00e9oboard - Woodinout \u00a9 Montessori toys SHOP\",\"isPartOf\":{\"@id\":\"https:\/\/woodinout.net\/fr\/#website\"},\"datePublished\":\"2021-03-22T11:30:16+00:00\",\"dateModified\":\"2022-04-19T13:11:04+00:00\",\"description\":\"Enseignez aux enfants les math\u00e9matiques, les nombres et le tri de mani\u00e8re amusante. D\u00e9veloppez \u00e9galement la motricit\u00e9 fine des tout-petits et jouez avec des chevilles en bois \u00e9l\u00e9gantes faites \u00e0 la main.\",\"breadcrumb\":{\"@id\":\"https:\/\/woodinout.net\/fr\/product\/chevilles-pour-geoboard\/#breadcrumb\"},\"inLanguage\":\"fr-FR\",\"potentialAction\":[{\"@type\":\"ReadAction\",\"target\":[\"https:\/\/woodinout.net\/fr\/product\/chevilles-pour-geoboard\/\"]}]},{\"@type\":\"BreadcrumbList\",\"@id\":\"https:\/\/woodinout.net\/fr\/product\/chevilles-pour-geoboard\/#breadcrumb\",\"itemListElement\":[{\"@type\":\"ListItem\",\"position\":1,\"name\":\"Home\",\"item\":\"https:\/\/woodinout.net\/fr\/\"},{\"@type\":\"ListItem\",\"position\":2,\"name\":\"Shop\",\"item\":\"https:\/\/woodinout.net\/shop\/\"},{\"@type\":\"ListItem\",\"position\":3,\"name\":\"Piquets pour g\u00e9oboard\"}]},{\"@type\":\"WebSite\",\"@id\":\"https:\/\/woodinout.net\/fr\/#website\",\"url\":\"https:\/\/woodinout.net\/fr\/\",\"name\":\"Woodinout \u00a9\",\"description\":\"Wooden Montessori toys, gifts, home and events decor details\",\"potentialAction\":[{\"@type\":\"SearchAction\",\"target\":{\"@type\":\"EntryPoint\",\"urlTemplate\":\"https:\/\/woodinout.net\/fr\/?s={search_term_string}\"},\"query-input\":\"required name=search_term_string\"}],\"inLanguage\":\"fr-FR\"}]}<\/script>\n<!-- \/ Yoast SEO plugin. -->","yoast_head_json":{"title":"Piquets pour g\u00e9oboard - Woodinout \u00a9 Montessori toys SHOP","description":"Enseignez aux enfants les math\u00e9matiques, les nombres et le tri de mani\u00e8re amusante. D\u00e9veloppez \u00e9galement la motricit\u00e9 fine des tout-petits et jouez avec des chevilles en bois \u00e9l\u00e9gantes faites \u00e0 la main.","robots":{"index":"index","follow":"follow","max-snippet":"max-snippet:-1","max-image-preview":"max-image-preview:large","max-video-preview":"max-video-preview:-1"},"canonical":"https:\/\/woodinout.net\/fr\/product\/chevilles-pour-geoboard\/","og_locale":"fr_FR","og_type":"article","og_title":"Piquets pour g\u00e9oboard - Woodinout \u00a9 Montessori toys SHOP","og_description":"Enseignez aux enfants les math\u00e9matiques, les nombres et le tri de mani\u00e8re amusante. D\u00e9veloppez \u00e9galement la motricit\u00e9 fine des tout-petits et jouez avec des chevilles en bois \u00e9l\u00e9gantes faites \u00e0 la main.","og_url":"https:\/\/woodinout.net\/fr\/product\/chevilles-pour-geoboard\/","og_site_name":"Woodinout \u00a9","article_modified_time":"2022-04-19T13:11:04+00:00","og_image":[{"width":1140,"height":1002,"url":"https:\/\/woodinout.net\/wp-content\/uploads\/2021\/03\/Small-wooden-Pegs.jpg","type":"image\/jpeg"}],"twitter_card":"summary_large_image","twitter_misc":{"Dur\u00e9e de lecture estim\u00e9e":"1 minute"},"schema":{"@context":"https:\/\/schema.org","@graph":[{"@type":"WebPage","@id":"https:\/\/woodinout.net\/fr\/product\/chevilles-pour-geoboard\/","url":"https:\/\/woodinout.net\/fr\/product\/chevilles-pour-geoboard\/","name":"Piquets pour g\u00e9oboard - Woodinout \u00a9 Montessori toys SHOP","isPartOf":{"@id":"https:\/\/woodinout.net\/fr\/#website"},"datePublished":"2021-03-22T11:30:16+00:00","dateModified":"2022-04-19T13:11:04+00:00","description":"Enseignez aux enfants les math\u00e9matiques, les nombres et le tri de mani\u00e8re amusante. D\u00e9veloppez \u00e9galement la motricit\u00e9 fine des tout-petits et jouez avec des chevilles en bois \u00e9l\u00e9gantes faites \u00e0 la main.","breadcrumb":{"@id":"https:\/\/woodinout.net\/fr\/product\/chevilles-pour-geoboard\/#breadcrumb"},"inLanguage":"fr-FR","potentialAction":[{"@type":"ReadAction","target":["https:\/\/woodinout.net\/fr\/product\/chevilles-pour-geoboard\/"]}]},{"@type":"BreadcrumbList","@id":"https:\/\/woodinout.net\/fr\/product\/chevilles-pour-geoboard\/#breadcrumb","itemListElement":[{"@type":"ListItem","position":1,"name":"Home","item":"https:\/\/woodinout.net\/fr\/"},{"@type":"ListItem","position":2,"name":"Shop","item":"https:\/\/woodinout.net\/shop\/"},{"@type":"ListItem","position":3,"name":"Piquets pour g\u00e9oboard"}]},{"@type":"WebSite","@id":"https:\/\/woodinout.net\/fr\/#website","url":"https:\/\/woodinout.net\/fr\/","name":"Woodinout \u00a9","description":"Wooden Montessori toys, gifts, home and events decor details","potentialAction":[{"@type":"SearchAction","target":{"@type":"EntryPoint","urlTemplate":"https:\/\/woodinout.net\/fr\/?s={search_term_string}"},"query-input":"required name=search_term_string"}],"inLanguage":"fr-FR"}]}},"_links":{"self":[{"href":"https:\/\/woodinout.net\/fr\/wp-json\/wp\/v2\/product\/21640"}],"collection":[{"href":"https:\/\/woodinout.net\/fr\/wp-json\/wp\/v2\/product"}],"about":[{"href":"https:\/\/woodinout.net\/fr\/wp-json\/wp\/v2\/types\/product"}],"wp:featuredmedia":[{"embeddable":true,"href":"https:\/\/woodinout.net\/fr\/wp-json\/wp\/v2\/media\/20351"}],"wp:attachment":[{"href":"https:\/\/woodinout.net\/fr\/wp-json\/wp\/v2\/media?parent=21640"}],"wp:term":[{"taxonomy":"product_cat","embeddable":true,"href":"https:\/\/woodinout.net\/fr\/wp-json\/wp\/v2\/product_cat?post=21640"},{"taxonomy":"product_tag","embeddable":true,"href":"https:\/\/woodinout.net\/fr\/wp-json\/wp\/v2\/product_tag?post=21640"}],"curies":[{"name":"wp","href":"https:\/\/api.w.org\/{rel}","templated":true}]}}