{"id":21639,"date":"2021-03-21T14:14:51","date_gmt":"2021-03-21T12:14:51","guid":{"rendered":"https:\/\/woodinout.net\/product\/jouet-de-lacage-triangle-fish\/"},"modified":"2022-04-22T14:05:15","modified_gmt":"2022-04-22T11:05:15","slug":"lacage-jouet-triangle-poisson","status":"publish","type":"product","link":"https:\/\/woodinout.net\/fr\/product\/lacage-jouet-triangle-poisson\/","title":{"rendered":"Jouet de la\u00e7age \u00ab&nbsp;Triangle fish&nbsp;\u00bb"},"content":{"rendered":"<p>Le jouet de poisson \u00e0 la\u00e7age en bois est une id\u00e9e de cadeau pour enfants, qui est pr\u00e9cieuse, bien appr\u00e9ci\u00e9e par les parents et \u00e9l\u00e9gante! Soyez s\u00e9rieusement cr\u00e9atif avec des jouets inspir\u00e9s de Montessori. Ils sont bien connus dans le monde entier pour une raison, ce jouet de filetage en bois ne fait pas exception.<\/p>\n<p>L\u2019enfant am\u00e9liorera la coordination \u0153il-main;<\/p>\n<p>L\u2019enfant d\u00e9veloppera la motricit\u00e9 fine; Plus d\u2019activit\u00e9s de <a href=\"https:\/\/woodinout.net\/product-tag\/fine-motor-skills-activities\/\">motricit\u00e9 fine ici.<\/a><\/p>\n<p>Le jouet de poisson Triangle est le meilleur cadeau pour les tout-petits pour les animaux et les amateurs de cr\u00e9ativit\u00e9. Les jouets \u00e9ducatifs faits \u00e0 la main sont si beaux, conviennent \u00e0 tous les styles de d\u00e9coration dans la salle de jeux pour filles ou gar\u00e7ons. Jouets d\u2019apprentissage en bois &#8211; c\u2019est ce que nous faisons de mieux chez Woodinout, obtenez ce jouet en d\u00e9veloppement MAINTENANT et rejoignez la famille de clients heureux!<\/p>\n<p>Le kit contient :<br \/>\nLa\u00e7age en bois Triangle Fish<br \/>\n3 pi\u00e8ces. de cordon de 1 m\u00e8tre<\/p>\n<p>DIMENSIONS du poisson triangle<br \/>\nHauteur: ~ 4,7 pouces (12 cm)<br \/>\nLongueur: ~ 5,5 pouces (14 cm)<br \/>\n\u00c9paisseur: ~ 0,66 pouces (1,7 cm)<\/p>\n<p>COULEURS ET MAT\u00c9RIAUX<br \/>\nCouleur: bois naturel<br \/>\nLe jouet est fait de BOIS MASSIF NATUREL; Cordon coton\/polyester.<br \/>\nVeuillez noter que les couleurs peuvent varier en raison des param\u00e8tres de l\u2019\u00e9cran de l\u2019ordinateur et de l\u2019\u00e9claircissement.<\/p>\n<p>Pour plus d\u2019id\u00e9es, suivez-nous sur <a href=\"https:\/\/www.instagram.com\/woodinout\/\">INSTAGRAM<\/a> &amp; <a href=\"https:\/\/www.facebook.com\/Woodinout.net\">FACEBOOK<\/a><\/p>\n","protected":false},"excerpt":{"rendered":"<p>Le jouet de poisson \u00e0 la\u00e7age en bois est une id\u00e9e de cadeau pour enfants, qui est pr\u00e9cieuse, bien appr\u00e9ci\u00e9e par les parents et \u00e9l\u00e9gante! Soyez s\u00e9rieusement cr\u00e9atif avec des jouets inspir\u00e9s de Montessori. Ils sont bien connus dans le monde entier pour une raison, ce jouet de filetage en bois ne fait pas exception. [&hellip;]<\/p>\n","protected":false},"featured_media":19895,"template":"","meta":{"_monsterinsights_skip_tracking":false,"_monsterinsights_sitenote_active":false,"_monsterinsights_sitenote_note":"","_monsterinsights_sitenote_category":0},"product_cat":[1907,1723],"product_tag":[1909,1736,1738,1735,1729,1835,1908,1728,1726,1838,1734,2243],"yoast_head":"<!-- This site is optimized with the Yoast SEO plugin v22.1 - https:\/\/yoast.com\/wordpress\/plugins\/seo\/ -->\n<title>Jouet de la\u00e7age \u00ab&nbsp;Triangle fish&nbsp;\u00bb - Woodinout \u00a9 Jouets Montessori<\/title>\n<meta name=\"description\" content=\"Jouet de poisson de la\u00e7age - Parfait pour les activit\u00e9s de motricit\u00e9 fine. Imrove la cr\u00e9ativit\u00e9 et l\u2019imagination. Fabriqu\u00e9 \u00e0 partir de bois dur naturel.\" \/>\n<meta name=\"robots\" content=\"index, follow, max-snippet:-1, max-image-preview:large, max-video-preview:-1\" \/>\n<link rel=\"canonical\" href=\"https:\/\/woodinout.net\/fr\/product\/lacage-jouet-triangle-poisson\/\" \/>\n<meta property=\"og:locale\" content=\"fr_FR\" \/>\n<meta property=\"og:type\" content=\"article\" \/>\n<meta property=\"og:title\" content=\"Jouet de la\u00e7age \u00ab&nbsp;Triangle fish&nbsp;\u00bb - Woodinout \u00a9 Jouets Montessori\" \/>\n<meta property=\"og:description\" content=\"Jouet de poisson de la\u00e7age - Parfait pour les activit\u00e9s de motricit\u00e9 fine. Imrove la cr\u00e9ativit\u00e9 et l\u2019imagination. Fabriqu\u00e9 \u00e0 partir de bois dur naturel.\" \/>\n<meta property=\"og:url\" content=\"https:\/\/woodinout.net\/fr\/product\/lacage-jouet-triangle-poisson\/\" \/>\n<meta property=\"og:site_name\" content=\"Woodinout \u00a9\" \/>\n<meta property=\"article:modified_time\" content=\"2022-04-22T11:05:15+00:00\" \/>\n<meta property=\"og:image\" content=\"https:\/\/woodinout.net\/wp-content\/uploads\/2021\/03\/Lacing_toy_Triangle_fish_4.jpg\" \/>\n\t<meta property=\"og:image:width\" content=\"1706\" \/>\n\t<meta property=\"og:image:height\" content=\"2560\" \/>\n\t<meta property=\"og:image:type\" content=\"image\/jpeg\" \/>\n<meta name=\"twitter:card\" content=\"summary_large_image\" \/>\n<meta name=\"twitter:label1\" content=\"Dur\u00e9e de lecture estim\u00e9e\" \/>\n\t<meta name=\"twitter:data1\" content=\"1 minute\" \/>\n<script type=\"application\/ld+json\" class=\"yoast-schema-graph\">{\"@context\":\"https:\/\/schema.org\",\"@graph\":[{\"@type\":\"WebPage\",\"@id\":\"https:\/\/woodinout.net\/fr\/product\/lacage-jouet-triangle-poisson\/\",\"url\":\"https:\/\/woodinout.net\/fr\/product\/lacage-jouet-triangle-poisson\/\",\"name\":\"Jouet de la\u00e7age \u00ab&nbsp;Triangle fish&nbsp;\u00bb - Woodinout \u00a9 Jouets Montessori\",\"isPartOf\":{\"@id\":\"https:\/\/woodinout.net\/fr\/#website\"},\"datePublished\":\"2021-03-21T12:14:51+00:00\",\"dateModified\":\"2022-04-22T11:05:15+00:00\",\"description\":\"Jouet de poisson de la\u00e7age - Parfait pour les activit\u00e9s de motricit\u00e9 fine. Imrove la cr\u00e9ativit\u00e9 et l\u2019imagination. Fabriqu\u00e9 \u00e0 partir de bois dur naturel.\",\"breadcrumb\":{\"@id\":\"https:\/\/woodinout.net\/fr\/product\/lacage-jouet-triangle-poisson\/#breadcrumb\"},\"inLanguage\":\"fr-FR\",\"potentialAction\":[{\"@type\":\"ReadAction\",\"target\":[\"https:\/\/woodinout.net\/fr\/product\/lacage-jouet-triangle-poisson\/\"]}]},{\"@type\":\"BreadcrumbList\",\"@id\":\"https:\/\/woodinout.net\/fr\/product\/lacage-jouet-triangle-poisson\/#breadcrumb\",\"itemListElement\":[{\"@type\":\"ListItem\",\"position\":1,\"name\":\"Home\",\"item\":\"https:\/\/woodinout.net\/fr\/\"},{\"@type\":\"ListItem\",\"position\":2,\"name\":\"Shop\",\"item\":\"https:\/\/woodinout.net\/shop\/\"},{\"@type\":\"ListItem\",\"position\":3,\"name\":\"Jouet de la\u00e7age \u00ab&nbsp;Triangle fish&nbsp;\u00bb\"}]},{\"@type\":\"WebSite\",\"@id\":\"https:\/\/woodinout.net\/fr\/#website\",\"url\":\"https:\/\/woodinout.net\/fr\/\",\"name\":\"Woodinout \u00a9\",\"description\":\"Wooden Montessori toys, gifts, home and events decor details\",\"potentialAction\":[{\"@type\":\"SearchAction\",\"target\":{\"@type\":\"EntryPoint\",\"urlTemplate\":\"https:\/\/woodinout.net\/fr\/?s={search_term_string}\"},\"query-input\":\"required name=search_term_string\"}],\"inLanguage\":\"fr-FR\"}]}<\/script>\n<!-- \/ Yoast SEO plugin. -->","yoast_head_json":{"title":"Jouet de la\u00e7age \u00ab&nbsp;Triangle fish&nbsp;\u00bb - Woodinout \u00a9 Jouets Montessori","description":"Jouet de poisson de la\u00e7age - Parfait pour les activit\u00e9s de motricit\u00e9 fine. Imrove la cr\u00e9ativit\u00e9 et l\u2019imagination. Fabriqu\u00e9 \u00e0 partir de bois dur naturel.","robots":{"index":"index","follow":"follow","max-snippet":"max-snippet:-1","max-image-preview":"max-image-preview:large","max-video-preview":"max-video-preview:-1"},"canonical":"https:\/\/woodinout.net\/fr\/product\/lacage-jouet-triangle-poisson\/","og_locale":"fr_FR","og_type":"article","og_title":"Jouet de la\u00e7age \u00ab&nbsp;Triangle fish&nbsp;\u00bb - Woodinout \u00a9 Jouets Montessori","og_description":"Jouet de poisson de la\u00e7age - Parfait pour les activit\u00e9s de motricit\u00e9 fine. Imrove la cr\u00e9ativit\u00e9 et l\u2019imagination. Fabriqu\u00e9 \u00e0 partir de bois dur naturel.","og_url":"https:\/\/woodinout.net\/fr\/product\/lacage-jouet-triangle-poisson\/","og_site_name":"Woodinout \u00a9","article_modified_time":"2022-04-22T11:05:15+00:00","og_image":[{"width":1706,"height":2560,"url":"https:\/\/woodinout.net\/wp-content\/uploads\/2021\/03\/Lacing_toy_Triangle_fish_4.jpg","type":"image\/jpeg"}],"twitter_card":"summary_large_image","twitter_misc":{"Dur\u00e9e de lecture estim\u00e9e":"1 minute"},"schema":{"@context":"https:\/\/schema.org","@graph":[{"@type":"WebPage","@id":"https:\/\/woodinout.net\/fr\/product\/lacage-jouet-triangle-poisson\/","url":"https:\/\/woodinout.net\/fr\/product\/lacage-jouet-triangle-poisson\/","name":"Jouet de la\u00e7age \u00ab&nbsp;Triangle fish&nbsp;\u00bb - Woodinout \u00a9 Jouets Montessori","isPartOf":{"@id":"https:\/\/woodinout.net\/fr\/#website"},"datePublished":"2021-03-21T12:14:51+00:00","dateModified":"2022-04-22T11:05:15+00:00","description":"Jouet de poisson de la\u00e7age - Parfait pour les activit\u00e9s de motricit\u00e9 fine. Imrove la cr\u00e9ativit\u00e9 et l\u2019imagination. Fabriqu\u00e9 \u00e0 partir de bois dur naturel.","breadcrumb":{"@id":"https:\/\/woodinout.net\/fr\/product\/lacage-jouet-triangle-poisson\/#breadcrumb"},"inLanguage":"fr-FR","potentialAction":[{"@type":"ReadAction","target":["https:\/\/woodinout.net\/fr\/product\/lacage-jouet-triangle-poisson\/"]}]},{"@type":"BreadcrumbList","@id":"https:\/\/woodinout.net\/fr\/product\/lacage-jouet-triangle-poisson\/#breadcrumb","itemListElement":[{"@type":"ListItem","position":1,"name":"Home","item":"https:\/\/woodinout.net\/fr\/"},{"@type":"ListItem","position":2,"name":"Shop","item":"https:\/\/woodinout.net\/shop\/"},{"@type":"ListItem","position":3,"name":"Jouet de la\u00e7age \u00ab&nbsp;Triangle fish&nbsp;\u00bb"}]},{"@type":"WebSite","@id":"https:\/\/woodinout.net\/fr\/#website","url":"https:\/\/woodinout.net\/fr\/","name":"Woodinout \u00a9","description":"Wooden Montessori toys, gifts, home and events decor details","potentialAction":[{"@type":"SearchAction","target":{"@type":"EntryPoint","urlTemplate":"https:\/\/woodinout.net\/fr\/?s={search_term_string}"},"query-input":"required name=search_term_string"}],"inLanguage":"fr-FR"}]}},"_links":{"self":[{"href":"https:\/\/woodinout.net\/fr\/wp-json\/wp\/v2\/product\/21639"}],"collection":[{"href":"https:\/\/woodinout.net\/fr\/wp-json\/wp\/v2\/product"}],"about":[{"href":"https:\/\/woodinout.net\/fr\/wp-json\/wp\/v2\/types\/product"}],"wp:featuredmedia":[{"embeddable":true,"href":"https:\/\/woodinout.net\/fr\/wp-json\/wp\/v2\/media\/19895"}],"wp:attachment":[{"href":"https:\/\/woodinout.net\/fr\/wp-json\/wp\/v2\/media?parent=21639"}],"wp:term":[{"taxonomy":"product_cat","embeddable":true,"href":"https:\/\/woodinout.net\/fr\/wp-json\/wp\/v2\/product_cat?post=21639"},{"taxonomy":"product_tag","embeddable":true,"href":"https:\/\/woodinout.net\/fr\/wp-json\/wp\/v2\/product_tag?post=21639"}],"curies":[{"name":"wp","href":"https:\/\/api.w.org\/{rel}","templated":true}]}}