{"id":21638,"date":"2020-06-23T23:22:33","date_gmt":"2020-06-23T20:22:33","guid":{"rendered":"https:\/\/woodinout.net\/product\/lettres-en-bois-naturel\/"},"modified":"2022-04-28T11:37:47","modified_gmt":"2022-04-28T08:37:47","slug":"lettres-en-bois-tout-petits-cadeaux","status":"publish","type":"product","link":"https:\/\/woodinout.net\/fr\/product\/lettres-en-bois-tout-petits-cadeaux\/","title":{"rendered":"Lettres en bois naturel"},"content":{"rendered":"<p>Les lettres en bois sont les meilleurs cadeaux pour les tout-petits. Nous vous pr\u00e9sentons des lettres d\u00e9coup\u00e9es au laser qui non seulement ont l\u2019air \u00e9l\u00e9gantes, mais qui sont bien connues dans le monde entier comme des jouets Montessori. Ajoutez des lettres de bois \u00e0 des mots en bois et apprenez l\u2019orthographe de la mani\u00e8re la plus amusante. Cet alphabet d\u2019art de la cr\u00e8che rend l\u2019\u00e9cole \u00e0 la maison FACILE! Je ne peux pas imaginer de meilleurs cadeaux pour les enfants. Jouets Waldorf &#8211; Jouets d\u2019apprentissage &#8211; Jouets pr\u00e9scolaires &#8211; C\u2019est ce que nous faisons de mieux chez Woodinout! Rejoignez la famille des clients heureux MAINTENANT en obtenant cet ensemble de lettres en bois.<\/p>\n<p>Le kit contient :<br \/>\n26 lettres en bois ABC en bois massif<\/p>\n<p>TAILLE<\/p>\n<p>Lettres<br \/>\nHauteur: ~ 2,7 pouces<br \/>\n\u00c9paisseur: ~ 0,6 pouces<\/p>\n<p>COULEURS ET MAT\u00c9RIAUX<br \/>\nCouleur: brun fonc\u00e9 ou huil\u00e9 naturel.<br \/>\nLe jouet est fait de BOIS MASSIF NATUREL et de peintures \/ huiles respectueuses de l\u2019environnement.<br \/>\nVeuillez noter que les couleurs peuvent varier en raison des param\u00e8tres de l\u2019\u00e9cran de l\u2019ordinateur et de l\u2019\u00e9claircissement.<\/p>\n<div style=\"width: 1080px;\" class=\"wp-video\"><!--[if lt IE 9]><script>document.createElement('video');<\/script><![endif]-->\n<video class=\"wp-video-shortcode\" id=\"video-21638-1\" width=\"1080\" height=\"810\" preload=\"metadata\" controls=\"controls\"><source type=\"video\/mp4\" src=\"http:\/\/woodinout.net\/wp-content\/uploads\/2020\/06\/MEDINIS_17.mp4?_=1\" \/><a href=\"http:\/\/woodinout.net\/wp-content\/uploads\/2020\/06\/MEDINIS_17.mp4\">http:\/\/woodinout.net\/wp-content\/uploads\/2020\/06\/MEDINIS_17.mp4<\/a><\/video><\/div>\n","protected":false},"excerpt":{"rendered":"<p>Les lettres en bois sont les meilleurs cadeaux pour les tout-petits. Nous vous pr\u00e9sentons des lettres d\u00e9coup\u00e9es au laser qui non seulement ont l\u2019air \u00e9l\u00e9gantes, mais qui sont bien connues dans le monde entier comme des jouets Montessori. Ajoutez des lettres de bois \u00e0 des mots en bois et apprenez l\u2019orthographe de la mani\u00e8re la [&hellip;]<\/p>\n","protected":false},"featured_media":18063,"template":"","meta":{"_monsterinsights_skip_tracking":false,"_monsterinsights_sitenote_active":false,"_monsterinsights_sitenote_note":"","_monsterinsights_sitenote_category":0},"product_cat":[1789,1723],"product_tag":[1736,1738,1735,1741,1729,1728,1726,1734,2246,2245,1743],"yoast_head":"<!-- This site is optimized with the Yoast SEO plugin v22.1 - https:\/\/yoast.com\/wordpress\/plugins\/seo\/ -->\n<title>Lettres en bois naturel - Woodinout \u00a9 d\u2019apprentissage<\/title>\n<meta name=\"description\" content=\"Approuv\u00e9 Montessori - Respectueux de l\u2019environnement - S\u00e9curis\u00e9 - Fait \u00e0 la main. Ce kit de lettres de l\u2019alphabet est un jouet d\u2019apprentissage parfait pour les tout-petits et les enfants d\u2019\u00e2ge pr\u00e9scolaire.\" \/>\n<meta name=\"robots\" content=\"index, follow, max-snippet:-1, max-image-preview:large, max-video-preview:-1\" \/>\n<link rel=\"canonical\" href=\"https:\/\/woodinout.net\/fr\/product\/lettres-en-bois-tout-petits-cadeaux\/\" \/>\n<meta property=\"og:locale\" content=\"fr_FR\" \/>\n<meta property=\"og:type\" content=\"article\" \/>\n<meta property=\"og:title\" content=\"Lettres en bois naturel - Woodinout \u00a9 d\u2019apprentissage\" \/>\n<meta property=\"og:description\" content=\"Approuv\u00e9 Montessori - Respectueux de l\u2019environnement - S\u00e9curis\u00e9 - Fait \u00e0 la main. Ce kit de lettres de l\u2019alphabet est un jouet d\u2019apprentissage parfait pour les tout-petits et les enfants d\u2019\u00e2ge pr\u00e9scolaire.\" \/>\n<meta property=\"og:url\" content=\"https:\/\/woodinout.net\/fr\/product\/lettres-en-bois-tout-petits-cadeaux\/\" \/>\n<meta property=\"og:site_name\" content=\"Woodinout \u00a9\" \/>\n<meta property=\"article:modified_time\" content=\"2022-04-28T08:37:47+00:00\" \/>\n<meta property=\"og:image\" content=\"https:\/\/woodinout.net\/wp-content\/uploads\/2020\/06\/Wooden-letters-1.jpg\" \/>\n\t<meta property=\"og:image:width\" content=\"853\" \/>\n\t<meta property=\"og:image:height\" content=\"1280\" \/>\n\t<meta property=\"og:image:type\" content=\"image\/jpeg\" \/>\n<meta name=\"twitter:card\" content=\"summary_large_image\" \/>\n<meta name=\"twitter:label1\" content=\"Dur\u00e9e de lecture estim\u00e9e\" \/>\n\t<meta name=\"twitter:data1\" content=\"1 minute\" \/>\n<script type=\"application\/ld+json\" class=\"yoast-schema-graph\">{\"@context\":\"https:\/\/schema.org\",\"@graph\":[{\"@type\":\"WebPage\",\"@id\":\"https:\/\/woodinout.net\/fr\/product\/lettres-en-bois-tout-petits-cadeaux\/\",\"url\":\"https:\/\/woodinout.net\/fr\/product\/lettres-en-bois-tout-petits-cadeaux\/\",\"name\":\"Lettres en bois naturel - Woodinout \u00a9 d\u2019apprentissage\",\"isPartOf\":{\"@id\":\"https:\/\/woodinout.net\/fr\/#website\"},\"datePublished\":\"2020-06-23T20:22:33+00:00\",\"dateModified\":\"2022-04-28T08:37:47+00:00\",\"description\":\"Approuv\u00e9 Montessori - Respectueux de l\u2019environnement - S\u00e9curis\u00e9 - Fait \u00e0 la main. Ce kit de lettres de l\u2019alphabet est un jouet d\u2019apprentissage parfait pour les tout-petits et les enfants d\u2019\u00e2ge pr\u00e9scolaire.\",\"breadcrumb\":{\"@id\":\"https:\/\/woodinout.net\/fr\/product\/lettres-en-bois-tout-petits-cadeaux\/#breadcrumb\"},\"inLanguage\":\"fr-FR\",\"potentialAction\":[{\"@type\":\"ReadAction\",\"target\":[\"https:\/\/woodinout.net\/fr\/product\/lettres-en-bois-tout-petits-cadeaux\/\"]}]},{\"@type\":\"BreadcrumbList\",\"@id\":\"https:\/\/woodinout.net\/fr\/product\/lettres-en-bois-tout-petits-cadeaux\/#breadcrumb\",\"itemListElement\":[{\"@type\":\"ListItem\",\"position\":1,\"name\":\"Home\",\"item\":\"https:\/\/woodinout.net\/fr\/\"},{\"@type\":\"ListItem\",\"position\":2,\"name\":\"Shop\",\"item\":\"https:\/\/woodinout.net\/shop\/\"},{\"@type\":\"ListItem\",\"position\":3,\"name\":\"Lettres en bois naturel\"}]},{\"@type\":\"WebSite\",\"@id\":\"https:\/\/woodinout.net\/fr\/#website\",\"url\":\"https:\/\/woodinout.net\/fr\/\",\"name\":\"Woodinout \u00a9\",\"description\":\"Wooden Montessori toys, gifts, home and events decor details\",\"potentialAction\":[{\"@type\":\"SearchAction\",\"target\":{\"@type\":\"EntryPoint\",\"urlTemplate\":\"https:\/\/woodinout.net\/fr\/?s={search_term_string}\"},\"query-input\":\"required name=search_term_string\"}],\"inLanguage\":\"fr-FR\"}]}<\/script>\n<!-- \/ Yoast SEO plugin. -->","yoast_head_json":{"title":"Lettres en bois naturel - Woodinout \u00a9 d\u2019apprentissage","description":"Approuv\u00e9 Montessori - Respectueux de l\u2019environnement - S\u00e9curis\u00e9 - Fait \u00e0 la main. Ce kit de lettres de l\u2019alphabet est un jouet d\u2019apprentissage parfait pour les tout-petits et les enfants d\u2019\u00e2ge pr\u00e9scolaire.","robots":{"index":"index","follow":"follow","max-snippet":"max-snippet:-1","max-image-preview":"max-image-preview:large","max-video-preview":"max-video-preview:-1"},"canonical":"https:\/\/woodinout.net\/fr\/product\/lettres-en-bois-tout-petits-cadeaux\/","og_locale":"fr_FR","og_type":"article","og_title":"Lettres en bois naturel - Woodinout \u00a9 d\u2019apprentissage","og_description":"Approuv\u00e9 Montessori - Respectueux de l\u2019environnement - S\u00e9curis\u00e9 - Fait \u00e0 la main. Ce kit de lettres de l\u2019alphabet est un jouet d\u2019apprentissage parfait pour les tout-petits et les enfants d\u2019\u00e2ge pr\u00e9scolaire.","og_url":"https:\/\/woodinout.net\/fr\/product\/lettres-en-bois-tout-petits-cadeaux\/","og_site_name":"Woodinout \u00a9","article_modified_time":"2022-04-28T08:37:47+00:00","og_image":[{"width":853,"height":1280,"url":"https:\/\/woodinout.net\/wp-content\/uploads\/2020\/06\/Wooden-letters-1.jpg","type":"image\/jpeg"}],"twitter_card":"summary_large_image","twitter_misc":{"Dur\u00e9e de lecture estim\u00e9e":"1 minute"},"schema":{"@context":"https:\/\/schema.org","@graph":[{"@type":"WebPage","@id":"https:\/\/woodinout.net\/fr\/product\/lettres-en-bois-tout-petits-cadeaux\/","url":"https:\/\/woodinout.net\/fr\/product\/lettres-en-bois-tout-petits-cadeaux\/","name":"Lettres en bois naturel - Woodinout \u00a9 d\u2019apprentissage","isPartOf":{"@id":"https:\/\/woodinout.net\/fr\/#website"},"datePublished":"2020-06-23T20:22:33+00:00","dateModified":"2022-04-28T08:37:47+00:00","description":"Approuv\u00e9 Montessori - Respectueux de l\u2019environnement - S\u00e9curis\u00e9 - Fait \u00e0 la main. Ce kit de lettres de l\u2019alphabet est un jouet d\u2019apprentissage parfait pour les tout-petits et les enfants d\u2019\u00e2ge pr\u00e9scolaire.","breadcrumb":{"@id":"https:\/\/woodinout.net\/fr\/product\/lettres-en-bois-tout-petits-cadeaux\/#breadcrumb"},"inLanguage":"fr-FR","potentialAction":[{"@type":"ReadAction","target":["https:\/\/woodinout.net\/fr\/product\/lettres-en-bois-tout-petits-cadeaux\/"]}]},{"@type":"BreadcrumbList","@id":"https:\/\/woodinout.net\/fr\/product\/lettres-en-bois-tout-petits-cadeaux\/#breadcrumb","itemListElement":[{"@type":"ListItem","position":1,"name":"Home","item":"https:\/\/woodinout.net\/fr\/"},{"@type":"ListItem","position":2,"name":"Shop","item":"https:\/\/woodinout.net\/shop\/"},{"@type":"ListItem","position":3,"name":"Lettres en bois naturel"}]},{"@type":"WebSite","@id":"https:\/\/woodinout.net\/fr\/#website","url":"https:\/\/woodinout.net\/fr\/","name":"Woodinout \u00a9","description":"Wooden Montessori toys, gifts, home and events decor details","potentialAction":[{"@type":"SearchAction","target":{"@type":"EntryPoint","urlTemplate":"https:\/\/woodinout.net\/fr\/?s={search_term_string}"},"query-input":"required name=search_term_string"}],"inLanguage":"fr-FR"}]}},"_links":{"self":[{"href":"https:\/\/woodinout.net\/fr\/wp-json\/wp\/v2\/product\/21638"}],"collection":[{"href":"https:\/\/woodinout.net\/fr\/wp-json\/wp\/v2\/product"}],"about":[{"href":"https:\/\/woodinout.net\/fr\/wp-json\/wp\/v2\/types\/product"}],"wp:featuredmedia":[{"embeddable":true,"href":"https:\/\/woodinout.net\/fr\/wp-json\/wp\/v2\/media\/18063"}],"wp:attachment":[{"href":"https:\/\/woodinout.net\/fr\/wp-json\/wp\/v2\/media?parent=21638"}],"wp:term":[{"taxonomy":"product_cat","embeddable":true,"href":"https:\/\/woodinout.net\/fr\/wp-json\/wp\/v2\/product_cat?post=21638"},{"taxonomy":"product_tag","embeddable":true,"href":"https:\/\/woodinout.net\/fr\/wp-json\/wp\/v2\/product_tag?post=21638"}],"curies":[{"name":"wp","href":"https:\/\/api.w.org\/{rel}","templated":true}]}}