{"id":21637,"date":"2020-06-30T22:51:44","date_gmt":"2020-06-30T19:51:44","guid":{"rendered":"https:\/\/woodinout.net\/product\/cercle-mathematique-manipulateurs-mathematiques-en-bois\/"},"modified":"2022-04-22T12:29:57","modified_gmt":"2022-04-22T09:29:57","slug":"math-ring-for-numbers-and-counting","status":"publish","type":"product","link":"https:\/\/woodinout.net\/fr\/product\/math-ring-for-numbers-and-counting\/","title":{"rendered":"Cercle math\u00e9matique (manipulateurs math\u00e9matiques en bois)"},"content":{"rendered":"<p>Les manipulateurs de math\u00e9matiques Montessori nous ont inspir\u00e9s pour cr\u00e9er cet anneau \/ cercle math\u00e9matique en bois. Les jouets d\u2019apprentissage sont toujours les meilleurs cadeaux faits \u00e0 la main pour les enfants. \u00c0 la recherche de cadeaux math\u00e9matiques &#8211; obtenez ce tableau de multiplication et FUN JOUER avec les nombres et compter est garanti! Un.. Deux.. DIX comptent avec JOY! Ajouter, soustraire, multiplier &#8211; tout sur une roue \u00e0 bois. Fait \u00e0 la main et soigneusement peint avec de la peinture \u00e9cologique &#8211; s\u00fbr \u00e0 jouer. Les jouets d\u2019apprentissage Montessori sont notre passion &#8211; c\u2019est ce que nous faisons le mieux. Rejoignez la famille des clients heureux de Woodinout.<\/p>\n<p>Le kit contient :<br \/>\nPlanche de multiplication du bois<br \/>\nCercle en bois avec symboles math\u00e9matiques<br \/>\n12 blocs circulaires en bois avec des nombres de 1 \u00e0 12<br \/>\n144 unit\u00e9s de pi\u00e8ces en bois avec des num\u00e9ros de 1 \u00e0 144<\/p>\n<p>TAILLE<\/p>\n<p>Carte principale<br \/>\nDiam\u00e8tre: ~ 6,7 pouces<br \/>\n\u00c9paisseur: ~ 0,6 pouces<\/p>\n<p>COULEURS ET MAT\u00c9RIAUX<br \/>\nCouleur: brun fonc\u00e9 et huil\u00e9 naturel.<br \/>\nLe jouet est fait de BOIS MASSIF NATUREL et de contreplaqu\u00e9.<br \/>\nVeuillez noter que les couleurs peuvent varier en raison des param\u00e8tres de l\u2019\u00e9cran de l\u2019ordinateur et de l\u2019\u00e9claircissement.<\/p>\n<div style=\"width: 1080px;\" class=\"wp-video\"><!--[if lt IE 9]><script>document.createElement('video');<\/script><![endif]-->\n<video class=\"wp-video-shortcode\" id=\"video-21637-1\" width=\"1080\" height=\"810\" preload=\"metadata\" controls=\"controls\"><source type=\"video\/mp4\" src=\"http:\/\/woodinout.net\/wp-content\/uploads\/2020\/06\/MEDINIS_19.mp4?_=1\" \/><a href=\"http:\/\/woodinout.net\/wp-content\/uploads\/2020\/06\/MEDINIS_19.mp4\">http:\/\/woodinout.net\/wp-content\/uploads\/2020\/06\/MEDINIS_19.mp4<\/a><\/video><\/div>\n","protected":false},"excerpt":{"rendered":"<p>Les manipulateurs de math\u00e9matiques Montessori nous ont inspir\u00e9s pour cr\u00e9er cet anneau \/ cercle math\u00e9matique en bois. Les jouets d\u2019apprentissage sont toujours les meilleurs cadeaux faits \u00e0 la main pour les enfants. \u00c0 la recherche de cadeaux math\u00e9matiques &#8211; obtenez ce tableau de multiplication et FUN JOUER avec les nombres et compter est garanti! Un.. [&hellip;]<\/p>\n","protected":false},"featured_media":18271,"template":"","meta":{"_monsterinsights_skip_tracking":false,"_monsterinsights_sitenote_active":false,"_monsterinsights_sitenote_note":"","_monsterinsights_sitenote_category":0},"product_cat":[1834,1723],"product_tag":[1841,2262,1736,1738,2261,1735,1729,1728,1726,1842,1734,1904,1843],"yoast_head":"<!-- This site is optimized with the Yoast SEO plugin v22.1 - https:\/\/yoast.com\/wordpress\/plugins\/seo\/ -->\n<title>Cercle math\u00e9matique (manipulateurs math\u00e9matiques en bois) - Woodinout \u00a9<\/title>\n<meta name=\"description\" content=\"Cercle de math\u00e9matiques fait \u00e0 la main en bois massif pour l\u2019apprentissage des math\u00e9matiques Joyfull. Ajoutez, soustrayez, multipliez, divisez - le tout en un seul jouet d\u2019inspiration Montessori.\" \/>\n<meta name=\"robots\" content=\"index, follow, max-snippet:-1, max-image-preview:large, max-video-preview:-1\" \/>\n<link rel=\"canonical\" href=\"https:\/\/woodinout.net\/fr\/product\/math-ring-for-numbers-and-counting\/\" \/>\n<meta property=\"og:locale\" content=\"fr_FR\" \/>\n<meta property=\"og:type\" content=\"article\" \/>\n<meta property=\"og:title\" content=\"Cercle math\u00e9matique (manipulateurs math\u00e9matiques en bois) - Woodinout \u00a9\" \/>\n<meta property=\"og:description\" content=\"Cercle de math\u00e9matiques fait \u00e0 la main en bois massif pour l\u2019apprentissage des math\u00e9matiques Joyfull. Ajoutez, soustrayez, multipliez, divisez - le tout en un seul jouet d\u2019inspiration Montessori.\" \/>\n<meta property=\"og:url\" content=\"https:\/\/woodinout.net\/fr\/product\/math-ring-for-numbers-and-counting\/\" \/>\n<meta property=\"og:site_name\" content=\"Woodinout \u00a9\" \/>\n<meta property=\"article:modified_time\" content=\"2022-04-22T09:29:57+00:00\" \/>\n<meta property=\"og:image\" content=\"https:\/\/woodinout.net\/wp-content\/uploads\/2020\/06\/Math-ring-for-numbers-and-counting-1.jpg\" \/>\n\t<meta property=\"og:image:width\" content=\"853\" \/>\n\t<meta property=\"og:image:height\" content=\"1280\" \/>\n\t<meta property=\"og:image:type\" content=\"image\/jpeg\" \/>\n<meta name=\"twitter:card\" content=\"summary_large_image\" \/>\n<meta name=\"twitter:label1\" content=\"Dur\u00e9e de lecture estim\u00e9e\" \/>\n\t<meta name=\"twitter:data1\" content=\"1 minute\" \/>\n<script type=\"application\/ld+json\" class=\"yoast-schema-graph\">{\"@context\":\"https:\/\/schema.org\",\"@graph\":[{\"@type\":\"WebPage\",\"@id\":\"https:\/\/woodinout.net\/fr\/product\/math-ring-for-numbers-and-counting\/\",\"url\":\"https:\/\/woodinout.net\/fr\/product\/math-ring-for-numbers-and-counting\/\",\"name\":\"Cercle math\u00e9matique (manipulateurs math\u00e9matiques en bois) - Woodinout \u00a9\",\"isPartOf\":{\"@id\":\"https:\/\/woodinout.net\/fr\/#website\"},\"datePublished\":\"2020-06-30T19:51:44+00:00\",\"dateModified\":\"2022-04-22T09:29:57+00:00\",\"description\":\"Cercle de math\u00e9matiques fait \u00e0 la main en bois massif pour l\u2019apprentissage des math\u00e9matiques Joyfull. Ajoutez, soustrayez, multipliez, divisez - le tout en un seul jouet d\u2019inspiration Montessori.\",\"breadcrumb\":{\"@id\":\"https:\/\/woodinout.net\/fr\/product\/math-ring-for-numbers-and-counting\/#breadcrumb\"},\"inLanguage\":\"fr-FR\",\"potentialAction\":[{\"@type\":\"ReadAction\",\"target\":[\"https:\/\/woodinout.net\/fr\/product\/math-ring-for-numbers-and-counting\/\"]}]},{\"@type\":\"BreadcrumbList\",\"@id\":\"https:\/\/woodinout.net\/fr\/product\/math-ring-for-numbers-and-counting\/#breadcrumb\",\"itemListElement\":[{\"@type\":\"ListItem\",\"position\":1,\"name\":\"Home\",\"item\":\"https:\/\/woodinout.net\/fr\/\"},{\"@type\":\"ListItem\",\"position\":2,\"name\":\"Shop\",\"item\":\"https:\/\/woodinout.net\/shop\/\"},{\"@type\":\"ListItem\",\"position\":3,\"name\":\"Cercle math\u00e9matique (manipulateurs math\u00e9matiques en bois)\"}]},{\"@type\":\"WebSite\",\"@id\":\"https:\/\/woodinout.net\/fr\/#website\",\"url\":\"https:\/\/woodinout.net\/fr\/\",\"name\":\"Woodinout \u00a9\",\"description\":\"Wooden Montessori toys, gifts, home and events decor details\",\"potentialAction\":[{\"@type\":\"SearchAction\",\"target\":{\"@type\":\"EntryPoint\",\"urlTemplate\":\"https:\/\/woodinout.net\/fr\/?s={search_term_string}\"},\"query-input\":\"required name=search_term_string\"}],\"inLanguage\":\"fr-FR\"}]}<\/script>\n<!-- \/ Yoast SEO plugin. -->","yoast_head_json":{"title":"Cercle math\u00e9matique (manipulateurs math\u00e9matiques en bois) - Woodinout \u00a9","description":"Cercle de math\u00e9matiques fait \u00e0 la main en bois massif pour l\u2019apprentissage des math\u00e9matiques Joyfull. Ajoutez, soustrayez, multipliez, divisez - le tout en un seul jouet d\u2019inspiration Montessori.","robots":{"index":"index","follow":"follow","max-snippet":"max-snippet:-1","max-image-preview":"max-image-preview:large","max-video-preview":"max-video-preview:-1"},"canonical":"https:\/\/woodinout.net\/fr\/product\/math-ring-for-numbers-and-counting\/","og_locale":"fr_FR","og_type":"article","og_title":"Cercle math\u00e9matique (manipulateurs math\u00e9matiques en bois) - Woodinout \u00a9","og_description":"Cercle de math\u00e9matiques fait \u00e0 la main en bois massif pour l\u2019apprentissage des math\u00e9matiques Joyfull. Ajoutez, soustrayez, multipliez, divisez - le tout en un seul jouet d\u2019inspiration Montessori.","og_url":"https:\/\/woodinout.net\/fr\/product\/math-ring-for-numbers-and-counting\/","og_site_name":"Woodinout \u00a9","article_modified_time":"2022-04-22T09:29:57+00:00","og_image":[{"width":853,"height":1280,"url":"https:\/\/woodinout.net\/wp-content\/uploads\/2020\/06\/Math-ring-for-numbers-and-counting-1.jpg","type":"image\/jpeg"}],"twitter_card":"summary_large_image","twitter_misc":{"Dur\u00e9e de lecture estim\u00e9e":"1 minute"},"schema":{"@context":"https:\/\/schema.org","@graph":[{"@type":"WebPage","@id":"https:\/\/woodinout.net\/fr\/product\/math-ring-for-numbers-and-counting\/","url":"https:\/\/woodinout.net\/fr\/product\/math-ring-for-numbers-and-counting\/","name":"Cercle math\u00e9matique (manipulateurs math\u00e9matiques en bois) - Woodinout \u00a9","isPartOf":{"@id":"https:\/\/woodinout.net\/fr\/#website"},"datePublished":"2020-06-30T19:51:44+00:00","dateModified":"2022-04-22T09:29:57+00:00","description":"Cercle de math\u00e9matiques fait \u00e0 la main en bois massif pour l\u2019apprentissage des math\u00e9matiques Joyfull. Ajoutez, soustrayez, multipliez, divisez - le tout en un seul jouet d\u2019inspiration Montessori.","breadcrumb":{"@id":"https:\/\/woodinout.net\/fr\/product\/math-ring-for-numbers-and-counting\/#breadcrumb"},"inLanguage":"fr-FR","potentialAction":[{"@type":"ReadAction","target":["https:\/\/woodinout.net\/fr\/product\/math-ring-for-numbers-and-counting\/"]}]},{"@type":"BreadcrumbList","@id":"https:\/\/woodinout.net\/fr\/product\/math-ring-for-numbers-and-counting\/#breadcrumb","itemListElement":[{"@type":"ListItem","position":1,"name":"Home","item":"https:\/\/woodinout.net\/fr\/"},{"@type":"ListItem","position":2,"name":"Shop","item":"https:\/\/woodinout.net\/shop\/"},{"@type":"ListItem","position":3,"name":"Cercle math\u00e9matique (manipulateurs math\u00e9matiques en bois)"}]},{"@type":"WebSite","@id":"https:\/\/woodinout.net\/fr\/#website","url":"https:\/\/woodinout.net\/fr\/","name":"Woodinout \u00a9","description":"Wooden Montessori toys, gifts, home and events decor details","potentialAction":[{"@type":"SearchAction","target":{"@type":"EntryPoint","urlTemplate":"https:\/\/woodinout.net\/fr\/?s={search_term_string}"},"query-input":"required name=search_term_string"}],"inLanguage":"fr-FR"}]}},"_links":{"self":[{"href":"https:\/\/woodinout.net\/fr\/wp-json\/wp\/v2\/product\/21637"}],"collection":[{"href":"https:\/\/woodinout.net\/fr\/wp-json\/wp\/v2\/product"}],"about":[{"href":"https:\/\/woodinout.net\/fr\/wp-json\/wp\/v2\/types\/product"}],"wp:featuredmedia":[{"embeddable":true,"href":"https:\/\/woodinout.net\/fr\/wp-json\/wp\/v2\/media\/18271"}],"wp:attachment":[{"href":"https:\/\/woodinout.net\/fr\/wp-json\/wp\/v2\/media?parent=21637"}],"wp:term":[{"taxonomy":"product_cat","embeddable":true,"href":"https:\/\/woodinout.net\/fr\/wp-json\/wp\/v2\/product_cat?post=21637"},{"taxonomy":"product_tag","embeddable":true,"href":"https:\/\/woodinout.net\/fr\/wp-json\/wp\/v2\/product_tag?post=21637"}],"curies":[{"name":"wp","href":"https:\/\/api.w.org\/{rel}","templated":true}]}}