{"id":21636,"date":"2021-03-19T11:27:35","date_gmt":"2021-03-19T09:27:35","guid":{"rendered":"https:\/\/woodinout.net\/product\/plaques-en-bois-carres\/"},"modified":"2022-04-28T10:52:47","modified_gmt":"2022-04-28T07:52:47","slug":"plaques-carres-en-bois","status":"publish","type":"product","link":"https:\/\/woodinout.net\/fr\/product\/plaques-carres-en-bois\/","title":{"rendered":"Plaques en bois \u00ab&nbsp;Carr\u00e9s&nbsp;\u00bb"},"content":{"rendered":"<p>Le plateau d\u00e9coratif en bois carr\u00e9 convient \u00e0 toutes vos demandes, du plateau \u00e0 bijoux en commode au plateau \u00e0 bougies dans le salon. Fabriqu\u00e9s \u00e0 la main \u00e0 partir de bois massif, les plateaux en bois ont un motif en bois unique, sont tr\u00e8s durables et respectueux de l\u2019environnement (seuls des mat\u00e9riaux naturels sont utilis\u00e9s). Les assiettes en bois ont l\u2019air tr\u00e8s d\u00e9coratives sur l\u2019int\u00e9rieur c\u00f4tier, boho ou rustique ou en vacances. Vous pouvez mettre chaque plateau en bois dans un plus grand pour un rangement confortable.<\/p>\n<p>TAILLE<br \/>\nLongueur: ~ 4,7 pouces (12 cm)<br \/>\nHauteur: ~ 4,7 pouces (12 cm)<\/p>\n<p>Longueur: ~ 5,5 pouces (14 cm)<br \/>\nHauteur: ~ 5,5 pouces (14 cm)<\/p>\n<p>Longueur: ~ 6,3 pouces (16 cm)<br \/>\nHauteur: ~ 6,3 pouces (16 cm)<\/p>\n<p>Longueur: ~ 7,1 pouces (18 cm)<br \/>\nHauteur: ~ 7,1 pouces (18 cm)<\/p>\n<p>\u00c9paisseur: ~ 0,66 pouces (1,7 cm)<\/p>\n<p>COULEURS ET MAT\u00c9RIAUX<br \/>\nCouleur: naturel et brun huil\u00e9.<br \/>\nLe jouet est en BOIS MASSIF NATUREL.<br \/>\nVeuillez noter que les couleurs peuvent varier en raison des param\u00e8tres de l\u2019\u00e9cran de l\u2019ordinateur et de l\u2019\u00e9claircissement.<\/p>\n<p>Ajouter des BALLS:<\/p>\n<p>Couleur: https:\/\/woodinout.net\/product\/colored-wooden-balls\/<\/p>\n<p>Naturel: https:\/\/woodinout.net\/product\/natural-wooden-balls\/<\/p>\n<p>&nbsp;<\/p>\n","protected":false},"excerpt":{"rendered":"<p>Le plateau d\u00e9coratif en bois carr\u00e9 convient \u00e0 toutes vos demandes, du plateau \u00e0 bijoux en commode au plateau \u00e0 bougies dans le salon. Fabriqu\u00e9s \u00e0 la main \u00e0 partir de bois massif, les plateaux en bois ont un motif en bois unique, sont tr\u00e8s durables et respectueux de l\u2019environnement (seuls des mat\u00e9riaux naturels sont [&hellip;]<\/p>\n","protected":false},"featured_media":19295,"template":"","meta":{"_monsterinsights_skip_tracking":false,"_monsterinsights_sitenote_active":false,"_monsterinsights_sitenote_note":"","_monsterinsights_sitenote_category":0},"product_cat":[1834,1723,1941],"product_tag":[1841,1736,1738,1735,1729,1728,1726,1842,1734,1904,1843,1906,1905],"yoast_head":"<!-- This site is optimized with the Yoast SEO plugin v22.1 - https:\/\/yoast.com\/wordpress\/plugins\/seo\/ -->\n<title>Plaques en bois \u00ab&nbsp;Carr\u00e9s&nbsp;\u00bb - Woodinout \u00a9 Jouets Montessori<\/title>\n<meta name=\"description\" content=\"Apprendre est maintenant Fun &amp; Easy - Jouets math\u00e9matiques en bois naturel pour un temps pr\u00e9cieux en famille. 10 plaques de tri et de comptage - plus de fa\u00e7ons Learn &amp; Play.\" \/>\n<meta name=\"robots\" content=\"index, follow, max-snippet:-1, max-image-preview:large, max-video-preview:-1\" \/>\n<link rel=\"canonical\" href=\"https:\/\/woodinout.net\/fr\/product\/plaques-carres-en-bois\/\" \/>\n<meta property=\"og:locale\" content=\"fr_FR\" \/>\n<meta property=\"og:type\" content=\"article\" \/>\n<meta property=\"og:title\" content=\"Plaques en bois \u00ab&nbsp;Carr\u00e9s&nbsp;\u00bb - Woodinout \u00a9 Jouets Montessori\" \/>\n<meta property=\"og:description\" content=\"Apprendre est maintenant Fun &amp; Easy - Jouets math\u00e9matiques en bois naturel pour un temps pr\u00e9cieux en famille. 10 plaques de tri et de comptage - plus de fa\u00e7ons Learn &amp; Play.\" \/>\n<meta property=\"og:url\" content=\"https:\/\/woodinout.net\/fr\/product\/plaques-carres-en-bois\/\" \/>\n<meta property=\"og:site_name\" content=\"Woodinout \u00a9\" \/>\n<meta property=\"article:modified_time\" content=\"2022-04-28T07:52:47+00:00\" \/>\n<meta property=\"og:image\" content=\"https:\/\/woodinout.net\/wp-content\/uploads\/2021\/03\/Wooden_plates_squares_4.jpg\" \/>\n\t<meta property=\"og:image:width\" content=\"1706\" \/>\n\t<meta property=\"og:image:height\" content=\"2560\" \/>\n\t<meta property=\"og:image:type\" content=\"image\/jpeg\" \/>\n<meta name=\"twitter:card\" content=\"summary_large_image\" \/>\n<meta name=\"twitter:label1\" content=\"Dur\u00e9e de lecture estim\u00e9e\" \/>\n\t<meta name=\"twitter:data1\" content=\"1 minute\" \/>\n<script type=\"application\/ld+json\" class=\"yoast-schema-graph\">{\"@context\":\"https:\/\/schema.org\",\"@graph\":[{\"@type\":\"WebPage\",\"@id\":\"https:\/\/woodinout.net\/fr\/product\/plaques-carres-en-bois\/\",\"url\":\"https:\/\/woodinout.net\/fr\/product\/plaques-carres-en-bois\/\",\"name\":\"Plaques en bois \u00ab&nbsp;Carr\u00e9s&nbsp;\u00bb - Woodinout \u00a9 Jouets Montessori\",\"isPartOf\":{\"@id\":\"https:\/\/woodinout.net\/fr\/#website\"},\"datePublished\":\"2021-03-19T09:27:35+00:00\",\"dateModified\":\"2022-04-28T07:52:47+00:00\",\"description\":\"Apprendre est maintenant Fun & Easy - Jouets math\u00e9matiques en bois naturel pour un temps pr\u00e9cieux en famille. 10 plaques de tri et de comptage - plus de fa\u00e7ons Learn & Play.\",\"breadcrumb\":{\"@id\":\"https:\/\/woodinout.net\/fr\/product\/plaques-carres-en-bois\/#breadcrumb\"},\"inLanguage\":\"fr-FR\",\"potentialAction\":[{\"@type\":\"ReadAction\",\"target\":[\"https:\/\/woodinout.net\/fr\/product\/plaques-carres-en-bois\/\"]}]},{\"@type\":\"BreadcrumbList\",\"@id\":\"https:\/\/woodinout.net\/fr\/product\/plaques-carres-en-bois\/#breadcrumb\",\"itemListElement\":[{\"@type\":\"ListItem\",\"position\":1,\"name\":\"Home\",\"item\":\"https:\/\/woodinout.net\/fr\/\"},{\"@type\":\"ListItem\",\"position\":2,\"name\":\"Shop\",\"item\":\"https:\/\/woodinout.net\/shop\/\"},{\"@type\":\"ListItem\",\"position\":3,\"name\":\"Plaques en bois \u00ab&nbsp;Carr\u00e9s&nbsp;\u00bb\"}]},{\"@type\":\"WebSite\",\"@id\":\"https:\/\/woodinout.net\/fr\/#website\",\"url\":\"https:\/\/woodinout.net\/fr\/\",\"name\":\"Woodinout \u00a9\",\"description\":\"Wooden Montessori toys, gifts, home and events decor details\",\"potentialAction\":[{\"@type\":\"SearchAction\",\"target\":{\"@type\":\"EntryPoint\",\"urlTemplate\":\"https:\/\/woodinout.net\/fr\/?s={search_term_string}\"},\"query-input\":\"required name=search_term_string\"}],\"inLanguage\":\"fr-FR\"}]}<\/script>\n<!-- \/ Yoast SEO plugin. -->","yoast_head_json":{"title":"Plaques en bois \u00ab&nbsp;Carr\u00e9s&nbsp;\u00bb - Woodinout \u00a9 Jouets Montessori","description":"Apprendre est maintenant Fun & Easy - Jouets math\u00e9matiques en bois naturel pour un temps pr\u00e9cieux en famille. 10 plaques de tri et de comptage - plus de fa\u00e7ons Learn & Play.","robots":{"index":"index","follow":"follow","max-snippet":"max-snippet:-1","max-image-preview":"max-image-preview:large","max-video-preview":"max-video-preview:-1"},"canonical":"https:\/\/woodinout.net\/fr\/product\/plaques-carres-en-bois\/","og_locale":"fr_FR","og_type":"article","og_title":"Plaques en bois \u00ab&nbsp;Carr\u00e9s&nbsp;\u00bb - Woodinout \u00a9 Jouets Montessori","og_description":"Apprendre est maintenant Fun & Easy - Jouets math\u00e9matiques en bois naturel pour un temps pr\u00e9cieux en famille. 10 plaques de tri et de comptage - plus de fa\u00e7ons Learn & Play.","og_url":"https:\/\/woodinout.net\/fr\/product\/plaques-carres-en-bois\/","og_site_name":"Woodinout \u00a9","article_modified_time":"2022-04-28T07:52:47+00:00","og_image":[{"width":1706,"height":2560,"url":"https:\/\/woodinout.net\/wp-content\/uploads\/2021\/03\/Wooden_plates_squares_4.jpg","type":"image\/jpeg"}],"twitter_card":"summary_large_image","twitter_misc":{"Dur\u00e9e de lecture estim\u00e9e":"1 minute"},"schema":{"@context":"https:\/\/schema.org","@graph":[{"@type":"WebPage","@id":"https:\/\/woodinout.net\/fr\/product\/plaques-carres-en-bois\/","url":"https:\/\/woodinout.net\/fr\/product\/plaques-carres-en-bois\/","name":"Plaques en bois \u00ab&nbsp;Carr\u00e9s&nbsp;\u00bb - Woodinout \u00a9 Jouets Montessori","isPartOf":{"@id":"https:\/\/woodinout.net\/fr\/#website"},"datePublished":"2021-03-19T09:27:35+00:00","dateModified":"2022-04-28T07:52:47+00:00","description":"Apprendre est maintenant Fun & Easy - Jouets math\u00e9matiques en bois naturel pour un temps pr\u00e9cieux en famille. 10 plaques de tri et de comptage - plus de fa\u00e7ons Learn & Play.","breadcrumb":{"@id":"https:\/\/woodinout.net\/fr\/product\/plaques-carres-en-bois\/#breadcrumb"},"inLanguage":"fr-FR","potentialAction":[{"@type":"ReadAction","target":["https:\/\/woodinout.net\/fr\/product\/plaques-carres-en-bois\/"]}]},{"@type":"BreadcrumbList","@id":"https:\/\/woodinout.net\/fr\/product\/plaques-carres-en-bois\/#breadcrumb","itemListElement":[{"@type":"ListItem","position":1,"name":"Home","item":"https:\/\/woodinout.net\/fr\/"},{"@type":"ListItem","position":2,"name":"Shop","item":"https:\/\/woodinout.net\/shop\/"},{"@type":"ListItem","position":3,"name":"Plaques en bois \u00ab&nbsp;Carr\u00e9s&nbsp;\u00bb"}]},{"@type":"WebSite","@id":"https:\/\/woodinout.net\/fr\/#website","url":"https:\/\/woodinout.net\/fr\/","name":"Woodinout \u00a9","description":"Wooden Montessori toys, gifts, home and events decor details","potentialAction":[{"@type":"SearchAction","target":{"@type":"EntryPoint","urlTemplate":"https:\/\/woodinout.net\/fr\/?s={search_term_string}"},"query-input":"required name=search_term_string"}],"inLanguage":"fr-FR"}]}},"_links":{"self":[{"href":"https:\/\/woodinout.net\/fr\/wp-json\/wp\/v2\/product\/21636"}],"collection":[{"href":"https:\/\/woodinout.net\/fr\/wp-json\/wp\/v2\/product"}],"about":[{"href":"https:\/\/woodinout.net\/fr\/wp-json\/wp\/v2\/types\/product"}],"wp:featuredmedia":[{"embeddable":true,"href":"https:\/\/woodinout.net\/fr\/wp-json\/wp\/v2\/media\/19295"}],"wp:attachment":[{"href":"https:\/\/woodinout.net\/fr\/wp-json\/wp\/v2\/media?parent=21636"}],"wp:term":[{"taxonomy":"product_cat","embeddable":true,"href":"https:\/\/woodinout.net\/fr\/wp-json\/wp\/v2\/product_cat?post=21636"},{"taxonomy":"product_tag","embeddable":true,"href":"https:\/\/woodinout.net\/fr\/wp-json\/wp\/v2\/product_tag?post=21636"}],"curies":[{"name":"wp","href":"https:\/\/api.w.org\/{rel}","templated":true}]}}