{"id":21634,"date":"2021-03-17T22:05:03","date_gmt":"2021-03-17T20:05:03","guid":{"rendered":"https:\/\/woodinout.net\/product\/cercle-meteo\/"},"modified":"2022-04-28T11:47:24","modified_gmt":"2022-04-28T08:47:24","slug":"cercle-meteo","status":"publish","type":"product","link":"https:\/\/woodinout.net\/fr\/product\/cercle-meteo\/","title":{"rendered":"Cercle m\u00e9t\u00e9o"},"content":{"rendered":"<p>La station m\u00e9t\u00e9o pour les enfants est un MUST dans toutes les classes de <a href=\"https:\/\/woodinout.net\/product-category\/wooden-toys\/science-nature-toys\/\">sciences<\/a> pr\u00e9scolaires. L\u2019horloge m\u00e9t\u00e9o d\u2019enseignement inspir\u00e9e des jouets Montessori est en bois, donc durable, \u00e9cologique et s\u00e9curis\u00e9e pour les enfants de tous \u00e2ges. Les enfants apprennent principalement par le jeu &#8211; cette roue m\u00e9t\u00e9o en bois est l\u00e0 pour la rendre amusante et facile. L\u2019apprentissage pr\u00e9-k ne sera plus jamais ennuyeux avec les jouets fabriqu\u00e9s par Woodinout.<\/p>\n<p>TAILLE<br \/>\nDiam\u00e8tre: ~ 6,9 pouces (17,5 cm)<br \/>\n\u00c9paisseur: ~ 0,6 pouces (1,5 cm)<\/p>\n<p>COULEURS ET MAT\u00c9RIAUX<br \/>\nCouleur: naturel et brun huil\u00e9.<br \/>\nLe jouet est en BOIS MASSIF NATUREL.<br \/>\nVeuillez noter que les couleurs peuvent varier en raison des param\u00e8tres de l\u2019\u00e9cran de l\u2019ordinateur et de l\u2019\u00e9claircissement.<\/p>\n<p>Pour plus d\u2019id\u00e9es, suivez-nous sur <a href=\"https:\/\/www.instagram.com\/woodinout\/\">INSTAGRAM<\/a> &amp; <a href=\"https:\/\/www.facebook.com\/Woodinout.net\">FACEBOOK<\/a><\/p>\n","protected":false},"excerpt":{"rendered":"<p>La station m\u00e9t\u00e9o pour les enfants est un MUST dans toutes les classes de sciences pr\u00e9scolaires. L\u2019horloge m\u00e9t\u00e9o d\u2019enseignement inspir\u00e9e des jouets Montessori est en bois, donc durable, \u00e9cologique et s\u00e9curis\u00e9e pour les enfants de tous \u00e2ges. Les enfants apprennent principalement par le jeu &#8211; cette roue m\u00e9t\u00e9o en bois est l\u00e0 pour la rendre [&hellip;]<\/p>\n","protected":false},"featured_media":19031,"template":"","meta":{"_monsterinsights_skip_tracking":false,"_monsterinsights_sitenote_active":false,"_monsterinsights_sitenote_note":"","_monsterinsights_sitenote_category":0},"product_cat":[1723,1758],"product_tag":[1736,1738,1735,1729,2244,1728,1726,1734,2242],"yoast_head":"<!-- This site is optimized with the Yoast SEO plugin v22.1 - https:\/\/yoast.com\/wordpress\/plugins\/seo\/ -->\n<title>Cercle m\u00e9t\u00e9o - Woodinout \u00a9 Jouets d\u2019apprentissage Montessori<\/title>\n<meta name=\"description\" content=\"Apprenez \u00e0 dire la m\u00e9t\u00e9o pour les enfants avec cette horloge m\u00e9t\u00e9o super fra\u00eeche. Mat\u00e9riaux naturels, artisanaux et \u00e9ducatifs. Exp\u00e9dition dans le monde entier.\" \/>\n<meta name=\"robots\" content=\"index, follow, max-snippet:-1, max-image-preview:large, max-video-preview:-1\" \/>\n<link rel=\"canonical\" href=\"https:\/\/woodinout.net\/fr\/product\/cercle-meteo\/\" \/>\n<meta property=\"og:locale\" content=\"fr_FR\" \/>\n<meta property=\"og:type\" content=\"article\" \/>\n<meta property=\"og:title\" content=\"Cercle m\u00e9t\u00e9o - Woodinout \u00a9 Jouets d\u2019apprentissage Montessori\" \/>\n<meta property=\"og:description\" content=\"Apprenez \u00e0 dire la m\u00e9t\u00e9o pour les enfants avec cette horloge m\u00e9t\u00e9o super fra\u00eeche. Mat\u00e9riaux naturels, artisanaux et \u00e9ducatifs. Exp\u00e9dition dans le monde entier.\" \/>\n<meta property=\"og:url\" content=\"https:\/\/woodinout.net\/fr\/product\/cercle-meteo\/\" \/>\n<meta property=\"og:site_name\" content=\"Woodinout \u00a9\" \/>\n<meta property=\"article:modified_time\" content=\"2022-04-28T08:47:24+00:00\" \/>\n<meta property=\"og:image\" content=\"https:\/\/woodinout.net\/wp-content\/uploads\/2021\/03\/Weather_circle_1.jpg\" \/>\n\t<meta property=\"og:image:width\" content=\"1706\" \/>\n\t<meta property=\"og:image:height\" content=\"2560\" \/>\n\t<meta property=\"og:image:type\" content=\"image\/jpeg\" \/>\n<meta name=\"twitter:card\" content=\"summary_large_image\" \/>\n<meta name=\"twitter:label1\" content=\"Dur\u00e9e de lecture estim\u00e9e\" \/>\n\t<meta name=\"twitter:data1\" content=\"1 minute\" \/>\n<script type=\"application\/ld+json\" class=\"yoast-schema-graph\">{\"@context\":\"https:\/\/schema.org\",\"@graph\":[{\"@type\":\"WebPage\",\"@id\":\"https:\/\/woodinout.net\/fr\/product\/cercle-meteo\/\",\"url\":\"https:\/\/woodinout.net\/fr\/product\/cercle-meteo\/\",\"name\":\"Cercle m\u00e9t\u00e9o - Woodinout \u00a9 Jouets d\u2019apprentissage Montessori\",\"isPartOf\":{\"@id\":\"https:\/\/woodinout.net\/fr\/#website\"},\"datePublished\":\"2021-03-17T20:05:03+00:00\",\"dateModified\":\"2022-04-28T08:47:24+00:00\",\"description\":\"Apprenez \u00e0 dire la m\u00e9t\u00e9o pour les enfants avec cette horloge m\u00e9t\u00e9o super fra\u00eeche. Mat\u00e9riaux naturels, artisanaux et \u00e9ducatifs. Exp\u00e9dition dans le monde entier.\",\"breadcrumb\":{\"@id\":\"https:\/\/woodinout.net\/fr\/product\/cercle-meteo\/#breadcrumb\"},\"inLanguage\":\"fr-FR\",\"potentialAction\":[{\"@type\":\"ReadAction\",\"target\":[\"https:\/\/woodinout.net\/fr\/product\/cercle-meteo\/\"]}]},{\"@type\":\"BreadcrumbList\",\"@id\":\"https:\/\/woodinout.net\/fr\/product\/cercle-meteo\/#breadcrumb\",\"itemListElement\":[{\"@type\":\"ListItem\",\"position\":1,\"name\":\"Home\",\"item\":\"https:\/\/woodinout.net\/fr\/\"},{\"@type\":\"ListItem\",\"position\":2,\"name\":\"Shop\",\"item\":\"https:\/\/woodinout.net\/shop\/\"},{\"@type\":\"ListItem\",\"position\":3,\"name\":\"Cercle m\u00e9t\u00e9o\"}]},{\"@type\":\"WebSite\",\"@id\":\"https:\/\/woodinout.net\/fr\/#website\",\"url\":\"https:\/\/woodinout.net\/fr\/\",\"name\":\"Woodinout \u00a9\",\"description\":\"Wooden Montessori toys, gifts, home and events decor details\",\"potentialAction\":[{\"@type\":\"SearchAction\",\"target\":{\"@type\":\"EntryPoint\",\"urlTemplate\":\"https:\/\/woodinout.net\/fr\/?s={search_term_string}\"},\"query-input\":\"required name=search_term_string\"}],\"inLanguage\":\"fr-FR\"}]}<\/script>\n<!-- \/ Yoast SEO plugin. -->","yoast_head_json":{"title":"Cercle m\u00e9t\u00e9o - Woodinout \u00a9 Jouets d\u2019apprentissage Montessori","description":"Apprenez \u00e0 dire la m\u00e9t\u00e9o pour les enfants avec cette horloge m\u00e9t\u00e9o super fra\u00eeche. Mat\u00e9riaux naturels, artisanaux et \u00e9ducatifs. Exp\u00e9dition dans le monde entier.","robots":{"index":"index","follow":"follow","max-snippet":"max-snippet:-1","max-image-preview":"max-image-preview:large","max-video-preview":"max-video-preview:-1"},"canonical":"https:\/\/woodinout.net\/fr\/product\/cercle-meteo\/","og_locale":"fr_FR","og_type":"article","og_title":"Cercle m\u00e9t\u00e9o - Woodinout \u00a9 Jouets d\u2019apprentissage Montessori","og_description":"Apprenez \u00e0 dire la m\u00e9t\u00e9o pour les enfants avec cette horloge m\u00e9t\u00e9o super fra\u00eeche. Mat\u00e9riaux naturels, artisanaux et \u00e9ducatifs. Exp\u00e9dition dans le monde entier.","og_url":"https:\/\/woodinout.net\/fr\/product\/cercle-meteo\/","og_site_name":"Woodinout \u00a9","article_modified_time":"2022-04-28T08:47:24+00:00","og_image":[{"width":1706,"height":2560,"url":"https:\/\/woodinout.net\/wp-content\/uploads\/2021\/03\/Weather_circle_1.jpg","type":"image\/jpeg"}],"twitter_card":"summary_large_image","twitter_misc":{"Dur\u00e9e de lecture estim\u00e9e":"1 minute"},"schema":{"@context":"https:\/\/schema.org","@graph":[{"@type":"WebPage","@id":"https:\/\/woodinout.net\/fr\/product\/cercle-meteo\/","url":"https:\/\/woodinout.net\/fr\/product\/cercle-meteo\/","name":"Cercle m\u00e9t\u00e9o - Woodinout \u00a9 Jouets d\u2019apprentissage Montessori","isPartOf":{"@id":"https:\/\/woodinout.net\/fr\/#website"},"datePublished":"2021-03-17T20:05:03+00:00","dateModified":"2022-04-28T08:47:24+00:00","description":"Apprenez \u00e0 dire la m\u00e9t\u00e9o pour les enfants avec cette horloge m\u00e9t\u00e9o super fra\u00eeche. Mat\u00e9riaux naturels, artisanaux et \u00e9ducatifs. Exp\u00e9dition dans le monde entier.","breadcrumb":{"@id":"https:\/\/woodinout.net\/fr\/product\/cercle-meteo\/#breadcrumb"},"inLanguage":"fr-FR","potentialAction":[{"@type":"ReadAction","target":["https:\/\/woodinout.net\/fr\/product\/cercle-meteo\/"]}]},{"@type":"BreadcrumbList","@id":"https:\/\/woodinout.net\/fr\/product\/cercle-meteo\/#breadcrumb","itemListElement":[{"@type":"ListItem","position":1,"name":"Home","item":"https:\/\/woodinout.net\/fr\/"},{"@type":"ListItem","position":2,"name":"Shop","item":"https:\/\/woodinout.net\/shop\/"},{"@type":"ListItem","position":3,"name":"Cercle m\u00e9t\u00e9o"}]},{"@type":"WebSite","@id":"https:\/\/woodinout.net\/fr\/#website","url":"https:\/\/woodinout.net\/fr\/","name":"Woodinout \u00a9","description":"Wooden Montessori toys, gifts, home and events decor details","potentialAction":[{"@type":"SearchAction","target":{"@type":"EntryPoint","urlTemplate":"https:\/\/woodinout.net\/fr\/?s={search_term_string}"},"query-input":"required name=search_term_string"}],"inLanguage":"fr-FR"}]}},"_links":{"self":[{"href":"https:\/\/woodinout.net\/fr\/wp-json\/wp\/v2\/product\/21634"}],"collection":[{"href":"https:\/\/woodinout.net\/fr\/wp-json\/wp\/v2\/product"}],"about":[{"href":"https:\/\/woodinout.net\/fr\/wp-json\/wp\/v2\/types\/product"}],"wp:featuredmedia":[{"embeddable":true,"href":"https:\/\/woodinout.net\/fr\/wp-json\/wp\/v2\/media\/19031"}],"wp:attachment":[{"href":"https:\/\/woodinout.net\/fr\/wp-json\/wp\/v2\/media?parent=21634"}],"wp:term":[{"taxonomy":"product_cat","embeddable":true,"href":"https:\/\/woodinout.net\/fr\/wp-json\/wp\/v2\/product_cat?post=21634"},{"taxonomy":"product_tag","embeddable":true,"href":"https:\/\/woodinout.net\/fr\/wp-json\/wp\/v2\/product_tag?post=21634"}],"curies":[{"name":"wp","href":"https:\/\/api.w.org\/{rel}","templated":true}]}}