{"id":21633,"date":"2021-03-19T19:12:17","date_gmt":"2021-03-19T17:12:17","guid":{"rendered":"https:\/\/woodinout.net\/product\/carte-de-cycle-de-vie-hexagone\/"},"modified":"2022-06-12T23:40:57","modified_gmt":"2022-06-12T20:40:57","slug":"cycle-de-vie-carte-hexagone","status":"publish","type":"product","link":"https:\/\/woodinout.net\/fr\/product\/cycle-de-vie-carte-hexagone\/","title":{"rendered":"Tableau de cycle de vie"},"content":{"rendered":"<p>Jouets d\u2019apprentissage &#8211; Mat\u00e9riel Montessori pour les sciences pr\u00e9scolaires amusant et cr\u00e9atif. Fini l\u2019ennui en classe ! Avec ce plateau de cycle de vie en bois, vous pourriez rendre les enfants apprenant les sciences et la biologie de mani\u00e8re plus int\u00e9ressante et cr\u00e9ative.<\/p>\n<p>Fait \u00e0 la main \u00e0 partir de bois massif &#8211; durable, respectueux de la terre et s\u00fbr pour les enfants mat\u00e9riaux Montessori.<\/p>\n<p>TAILLE<br \/>\nLongueur: ~ 7,9 pouces (20 cm)<br \/>\nHauteur: ~ 6,7 pouces (17 cm)<br \/>\n\u00c9paisseur: ~ 0,6 pouces (1,5 cm)<\/p>\n<p>COULEURS ET MAT\u00c9RIAUX<br \/>\nCouleur: naturel et brun huil\u00e9.<br \/>\nLe jouet est en BOIS MASSIF NATUREL.<br \/>\nVeuillez noter que les couleurs peuvent varier en raison des param\u00e8tres de l\u2019\u00e9cran de l\u2019ordinateur et de l\u2019\u00e9claircissement.<\/p>\n<p>Pour plus d\u2019id\u00e9es, suivez-nous sur <a href=\"https:\/\/www.instagram.com\/woodinout\/\">INSTAGRAM<\/a> &amp; <a href=\"https:\/\/www.facebook.com\/Woodinout.net\">FACEBOOK<\/a><\/p>\n<p>&nbsp;<\/p>\n","protected":false},"excerpt":{"rendered":"<p>Jouets d\u2019apprentissage &#8211; Mat\u00e9riel Montessori pour les sciences pr\u00e9scolaires amusant et cr\u00e9atif. Fini l\u2019ennui en classe ! Avec ce plateau de cycle de vie en bois, vous pourriez rendre les enfants apprenant les sciences et la biologie de mani\u00e8re plus int\u00e9ressante et cr\u00e9ative. Fait \u00e0 la main \u00e0 partir de bois massif &#8211; durable, respectueux [&hellip;]<\/p>\n","protected":false},"featured_media":19743,"template":"","meta":{"_monsterinsights_skip_tracking":false,"_monsterinsights_sitenote_active":false,"_monsterinsights_sitenote_note":"","_monsterinsights_sitenote_category":0},"product_cat":[1723,1758],"product_tag":[1736,1738,1735,1729,1728,1726,1734,1906],"yoast_head":"<!-- This site is optimized with the Yoast SEO plugin v22.1 - https:\/\/yoast.com\/wordpress\/plugins\/seo\/ -->\n<title>Tableau de cycle de vie - Woodinout \u00a9 Jouets Montessori<\/title>\n<meta name=\"description\" content=\"L\u2019apprentissage est maintenant amusant et facile - Des jouets de biologie du bois naturel et de science pour un temps pr\u00e9cieux en famille. La plus haute qualit\u00e9. Exp\u00e9dition dans le monde entier.\" \/>\n<meta name=\"robots\" content=\"index, follow, max-snippet:-1, max-image-preview:large, max-video-preview:-1\" \/>\n<link rel=\"canonical\" href=\"https:\/\/woodinout.net\/fr\/product\/cycle-de-vie-carte-hexagone\/\" \/>\n<meta property=\"og:locale\" content=\"fr_FR\" \/>\n<meta property=\"og:type\" content=\"article\" \/>\n<meta property=\"og:title\" content=\"Tableau de cycle de vie - Woodinout \u00a9 Jouets Montessori\" \/>\n<meta property=\"og:description\" content=\"L\u2019apprentissage est maintenant amusant et facile - Des jouets de biologie du bois naturel et de science pour un temps pr\u00e9cieux en famille. La plus haute qualit\u00e9. Exp\u00e9dition dans le monde entier.\" \/>\n<meta property=\"og:url\" content=\"https:\/\/woodinout.net\/fr\/product\/cycle-de-vie-carte-hexagone\/\" \/>\n<meta property=\"og:site_name\" content=\"Woodinout \u00a9\" \/>\n<meta property=\"article:modified_time\" content=\"2022-06-12T20:40:57+00:00\" \/>\n<meta property=\"og:image\" content=\"https:\/\/woodinout.net\/wp-content\/uploads\/2021\/03\/Life_cycle_board_1.jpg\" \/>\n\t<meta property=\"og:image:width\" content=\"1706\" \/>\n\t<meta property=\"og:image:height\" content=\"2560\" \/>\n\t<meta property=\"og:image:type\" content=\"image\/jpeg\" \/>\n<meta name=\"twitter:card\" content=\"summary_large_image\" \/>\n<meta name=\"twitter:label1\" content=\"Dur\u00e9e de lecture estim\u00e9e\" \/>\n\t<meta name=\"twitter:data1\" content=\"1 minute\" \/>\n<script type=\"application\/ld+json\" class=\"yoast-schema-graph\">{\"@context\":\"https:\/\/schema.org\",\"@graph\":[{\"@type\":\"WebPage\",\"@id\":\"https:\/\/woodinout.net\/fr\/product\/cycle-de-vie-carte-hexagone\/\",\"url\":\"https:\/\/woodinout.net\/fr\/product\/cycle-de-vie-carte-hexagone\/\",\"name\":\"Tableau de cycle de vie - Woodinout \u00a9 Jouets Montessori\",\"isPartOf\":{\"@id\":\"https:\/\/woodinout.net\/fr\/#website\"},\"datePublished\":\"2021-03-19T17:12:17+00:00\",\"dateModified\":\"2022-06-12T20:40:57+00:00\",\"description\":\"L\u2019apprentissage est maintenant amusant et facile - Des jouets de biologie du bois naturel et de science pour un temps pr\u00e9cieux en famille. La plus haute qualit\u00e9. Exp\u00e9dition dans le monde entier.\",\"breadcrumb\":{\"@id\":\"https:\/\/woodinout.net\/fr\/product\/cycle-de-vie-carte-hexagone\/#breadcrumb\"},\"inLanguage\":\"fr-FR\",\"potentialAction\":[{\"@type\":\"ReadAction\",\"target\":[\"https:\/\/woodinout.net\/fr\/product\/cycle-de-vie-carte-hexagone\/\"]}]},{\"@type\":\"BreadcrumbList\",\"@id\":\"https:\/\/woodinout.net\/fr\/product\/cycle-de-vie-carte-hexagone\/#breadcrumb\",\"itemListElement\":[{\"@type\":\"ListItem\",\"position\":1,\"name\":\"Home\",\"item\":\"https:\/\/woodinout.net\/fr\/\"},{\"@type\":\"ListItem\",\"position\":2,\"name\":\"Shop\",\"item\":\"https:\/\/woodinout.net\/shop\/\"},{\"@type\":\"ListItem\",\"position\":3,\"name\":\"Tableau de cycle de vie\"}]},{\"@type\":\"WebSite\",\"@id\":\"https:\/\/woodinout.net\/fr\/#website\",\"url\":\"https:\/\/woodinout.net\/fr\/\",\"name\":\"Woodinout \u00a9\",\"description\":\"Wooden Montessori toys, gifts, home and events decor details\",\"potentialAction\":[{\"@type\":\"SearchAction\",\"target\":{\"@type\":\"EntryPoint\",\"urlTemplate\":\"https:\/\/woodinout.net\/fr\/?s={search_term_string}\"},\"query-input\":\"required name=search_term_string\"}],\"inLanguage\":\"fr-FR\"}]}<\/script>\n<!-- \/ Yoast SEO plugin. -->","yoast_head_json":{"title":"Tableau de cycle de vie - Woodinout \u00a9 Jouets Montessori","description":"L\u2019apprentissage est maintenant amusant et facile - Des jouets de biologie du bois naturel et de science pour un temps pr\u00e9cieux en famille. La plus haute qualit\u00e9. Exp\u00e9dition dans le monde entier.","robots":{"index":"index","follow":"follow","max-snippet":"max-snippet:-1","max-image-preview":"max-image-preview:large","max-video-preview":"max-video-preview:-1"},"canonical":"https:\/\/woodinout.net\/fr\/product\/cycle-de-vie-carte-hexagone\/","og_locale":"fr_FR","og_type":"article","og_title":"Tableau de cycle de vie - Woodinout \u00a9 Jouets Montessori","og_description":"L\u2019apprentissage est maintenant amusant et facile - Des jouets de biologie du bois naturel et de science pour un temps pr\u00e9cieux en famille. La plus haute qualit\u00e9. Exp\u00e9dition dans le monde entier.","og_url":"https:\/\/woodinout.net\/fr\/product\/cycle-de-vie-carte-hexagone\/","og_site_name":"Woodinout \u00a9","article_modified_time":"2022-06-12T20:40:57+00:00","og_image":[{"width":1706,"height":2560,"url":"https:\/\/woodinout.net\/wp-content\/uploads\/2021\/03\/Life_cycle_board_1.jpg","type":"image\/jpeg"}],"twitter_card":"summary_large_image","twitter_misc":{"Dur\u00e9e de lecture estim\u00e9e":"1 minute"},"schema":{"@context":"https:\/\/schema.org","@graph":[{"@type":"WebPage","@id":"https:\/\/woodinout.net\/fr\/product\/cycle-de-vie-carte-hexagone\/","url":"https:\/\/woodinout.net\/fr\/product\/cycle-de-vie-carte-hexagone\/","name":"Tableau de cycle de vie - Woodinout \u00a9 Jouets Montessori","isPartOf":{"@id":"https:\/\/woodinout.net\/fr\/#website"},"datePublished":"2021-03-19T17:12:17+00:00","dateModified":"2022-06-12T20:40:57+00:00","description":"L\u2019apprentissage est maintenant amusant et facile - Des jouets de biologie du bois naturel et de science pour un temps pr\u00e9cieux en famille. La plus haute qualit\u00e9. Exp\u00e9dition dans le monde entier.","breadcrumb":{"@id":"https:\/\/woodinout.net\/fr\/product\/cycle-de-vie-carte-hexagone\/#breadcrumb"},"inLanguage":"fr-FR","potentialAction":[{"@type":"ReadAction","target":["https:\/\/woodinout.net\/fr\/product\/cycle-de-vie-carte-hexagone\/"]}]},{"@type":"BreadcrumbList","@id":"https:\/\/woodinout.net\/fr\/product\/cycle-de-vie-carte-hexagone\/#breadcrumb","itemListElement":[{"@type":"ListItem","position":1,"name":"Home","item":"https:\/\/woodinout.net\/fr\/"},{"@type":"ListItem","position":2,"name":"Shop","item":"https:\/\/woodinout.net\/shop\/"},{"@type":"ListItem","position":3,"name":"Tableau de cycle de vie"}]},{"@type":"WebSite","@id":"https:\/\/woodinout.net\/fr\/#website","url":"https:\/\/woodinout.net\/fr\/","name":"Woodinout \u00a9","description":"Wooden Montessori toys, gifts, home and events decor details","potentialAction":[{"@type":"SearchAction","target":{"@type":"EntryPoint","urlTemplate":"https:\/\/woodinout.net\/fr\/?s={search_term_string}"},"query-input":"required name=search_term_string"}],"inLanguage":"fr-FR"}]}},"_links":{"self":[{"href":"https:\/\/woodinout.net\/fr\/wp-json\/wp\/v2\/product\/21633"}],"collection":[{"href":"https:\/\/woodinout.net\/fr\/wp-json\/wp\/v2\/product"}],"about":[{"href":"https:\/\/woodinout.net\/fr\/wp-json\/wp\/v2\/types\/product"}],"wp:featuredmedia":[{"embeddable":true,"href":"https:\/\/woodinout.net\/fr\/wp-json\/wp\/v2\/media\/19743"}],"wp:attachment":[{"href":"https:\/\/woodinout.net\/fr\/wp-json\/wp\/v2\/media?parent=21633"}],"wp:term":[{"taxonomy":"product_cat","embeddable":true,"href":"https:\/\/woodinout.net\/fr\/wp-json\/wp\/v2\/product_cat?post=21633"},{"taxonomy":"product_tag","embeddable":true,"href":"https:\/\/woodinout.net\/fr\/wp-json\/wp\/v2\/product_tag?post=21633"}],"curies":[{"name":"wp","href":"https:\/\/api.w.org\/{rel}","templated":true}]}}