{"id":21632,"date":"2021-03-19T13:06:23","date_gmt":"2021-03-19T11:06:23","guid":{"rendered":"https:\/\/woodinout.net\/product\/calendrier\/"},"modified":"2022-04-28T11:48:01","modified_gmt":"2022-04-28T08:48:01","slug":"calendrier","status":"publish","type":"product","link":"https:\/\/woodinout.net\/fr\/product\/calendrier\/","title":{"rendered":"Calendrier"},"content":{"rendered":"<p>Calendrier en bois pour les enfants &#8211; mat\u00e9riel Montessori durable cr\u00e9\u00e9 pour apprendre et jouer. Costume parfait pour l\u2019\u00e9cole \u00e0 la maison ou l\u2019\u00e9cole maternelle ou la maternelle. Fabriqu\u00e9 \u00e0 partir de bois, c\u2019est un outil d\u2019apprentissage naturel pour les ann\u00e9es, les saisons, les jours de semaine. Une fa\u00e7on amusante d\u2019apprendre \u00e0 votre enfant \u00e0 comprendre la signification de la date et la dur\u00e9e de la semaine, du mois et de toute la saison.<\/p>\n<p>L\u2019ensemble de planches du matin contient:<br \/>\nTableau de calendrier principal<br \/>\nPi\u00e8ces de 31 jours (31 pi\u00e8ces) (~1,6 po \/ 4 cm)<br \/>\nAnn\u00e9es pi\u00e8ces 5cm (20 pcs.) (~2 po \/ 5 cm)<br \/>\nCartes de mois (12 pcs.) (~8,4&#215;2 po \/ 21,5 x 5 cm)<br \/>\nPi\u00e8ces de saison (4 pcs.) (~3,1 po \/ 8 cm)<br \/>\nCartes en semaine (7 pcs.) (~3.3&#215;1.2 in \/ 8.5x3cm)<\/p>\n<p>DIMENSIONS de la carte:<br \/>\nLongueur: ~ 14,5 pouces (37 cm)<br \/>\nHauteur: ~ 18,1 pouces (46 cm)<br \/>\n\u00c9paisseur: ~ 0,6 pouces (1,5 cm)<\/p>\n<p>COULEURS ET MAT\u00c9RIAUX<br \/>\nCouleur: bois naturel.<br \/>\nLe jouet est fait de BOIS MASSIF NATUREL et de contreplaqu\u00e9.<br \/>\nVeuillez noter que les couleurs peuvent varier en raison des param\u00e8tres de l\u2019\u00e9cran de l\u2019ordinateur et de l\u2019\u00e9claircissement.<\/p>\n<p>Pour plus d\u2019id\u00e9es, suivez-nous sur <a href=\"https:\/\/www.instagram.com\/woodinout\/\">INSTAGRAM<\/a> &amp; <a href=\"https:\/\/www.facebook.com\/Woodinout.net\">FACEBOOK<\/a><\/p>\n","protected":false},"excerpt":{"rendered":"<p>Calendrier en bois pour les enfants &#8211; mat\u00e9riel Montessori durable cr\u00e9\u00e9 pour apprendre et jouer. Costume parfait pour l\u2019\u00e9cole \u00e0 la maison ou l\u2019\u00e9cole maternelle ou la maternelle. Fabriqu\u00e9 \u00e0 partir de bois, c\u2019est un outil d\u2019apprentissage naturel pour les ann\u00e9es, les saisons, les jours de semaine. Une fa\u00e7on amusante d\u2019apprendre \u00e0 votre enfant \u00e0 [&hellip;]<\/p>\n","protected":false},"featured_media":19455,"template":"","meta":{"_monsterinsights_skip_tracking":false,"_monsterinsights_sitenote_active":false,"_monsterinsights_sitenote_note":"","_monsterinsights_sitenote_category":0},"product_cat":[1723,1758],"product_tag":[1841,1736,1738,1735,1729,1728,1726,1842,1734,1904,1843,1906],"yoast_head":"<!-- This site is optimized with the Yoast SEO plugin v22.1 - https:\/\/yoast.com\/wordpress\/plugins\/seo\/ -->\n<title>Calendrier - Woodinout \u00a9 jouets montessori \u00e9ducatifs<\/title>\n<meta name=\"description\" content=\"Apprendre est maintenant Fun &amp; Easy - Jouets en bois naturel pour un temps pr\u00e9cieux en famille. L\u2019\u00e9cole \u00e0 la maison ou l\u2019\u00e9cole maternelle doit avoir. Exp\u00e9dition dans le monde entier.\" \/>\n<meta name=\"robots\" content=\"index, follow, max-snippet:-1, max-image-preview:large, max-video-preview:-1\" \/>\n<link rel=\"canonical\" href=\"https:\/\/woodinout.net\/fr\/product\/calendrier\/\" \/>\n<meta property=\"og:locale\" content=\"fr_FR\" \/>\n<meta property=\"og:type\" content=\"article\" \/>\n<meta property=\"og:title\" content=\"Calendrier - Woodinout \u00a9 jouets montessori \u00e9ducatifs\" \/>\n<meta property=\"og:description\" content=\"Apprendre est maintenant Fun &amp; Easy - Jouets en bois naturel pour un temps pr\u00e9cieux en famille. L\u2019\u00e9cole \u00e0 la maison ou l\u2019\u00e9cole maternelle doit avoir. Exp\u00e9dition dans le monde entier.\" \/>\n<meta property=\"og:url\" content=\"https:\/\/woodinout.net\/fr\/product\/calendrier\/\" \/>\n<meta property=\"og:site_name\" content=\"Woodinout \u00a9\" \/>\n<meta property=\"article:modified_time\" content=\"2022-04-28T08:48:01+00:00\" \/>\n<meta property=\"og:image\" content=\"https:\/\/woodinout.net\/wp-content\/uploads\/2021\/03\/Calendar_1.jpg\" \/>\n\t<meta property=\"og:image:width\" content=\"1706\" \/>\n\t<meta property=\"og:image:height\" content=\"2560\" \/>\n\t<meta property=\"og:image:type\" content=\"image\/jpeg\" \/>\n<meta name=\"twitter:card\" content=\"summary_large_image\" \/>\n<meta name=\"twitter:label1\" content=\"Dur\u00e9e de lecture estim\u00e9e\" \/>\n\t<meta name=\"twitter:data1\" content=\"1 minute\" \/>\n<script type=\"application\/ld+json\" class=\"yoast-schema-graph\">{\"@context\":\"https:\/\/schema.org\",\"@graph\":[{\"@type\":\"WebPage\",\"@id\":\"https:\/\/woodinout.net\/fr\/product\/calendrier\/\",\"url\":\"https:\/\/woodinout.net\/fr\/product\/calendrier\/\",\"name\":\"Calendrier - Woodinout \u00a9 jouets montessori \u00e9ducatifs\",\"isPartOf\":{\"@id\":\"https:\/\/woodinout.net\/fr\/#website\"},\"datePublished\":\"2021-03-19T11:06:23+00:00\",\"dateModified\":\"2022-04-28T08:48:01+00:00\",\"description\":\"Apprendre est maintenant Fun & Easy - Jouets en bois naturel pour un temps pr\u00e9cieux en famille. L\u2019\u00e9cole \u00e0 la maison ou l\u2019\u00e9cole maternelle doit avoir. Exp\u00e9dition dans le monde entier.\",\"breadcrumb\":{\"@id\":\"https:\/\/woodinout.net\/fr\/product\/calendrier\/#breadcrumb\"},\"inLanguage\":\"fr-FR\",\"potentialAction\":[{\"@type\":\"ReadAction\",\"target\":[\"https:\/\/woodinout.net\/fr\/product\/calendrier\/\"]}]},{\"@type\":\"BreadcrumbList\",\"@id\":\"https:\/\/woodinout.net\/fr\/product\/calendrier\/#breadcrumb\",\"itemListElement\":[{\"@type\":\"ListItem\",\"position\":1,\"name\":\"Home\",\"item\":\"https:\/\/woodinout.net\/fr\/\"},{\"@type\":\"ListItem\",\"position\":2,\"name\":\"Shop\",\"item\":\"https:\/\/woodinout.net\/shop\/\"},{\"@type\":\"ListItem\",\"position\":3,\"name\":\"Calendrier\"}]},{\"@type\":\"WebSite\",\"@id\":\"https:\/\/woodinout.net\/fr\/#website\",\"url\":\"https:\/\/woodinout.net\/fr\/\",\"name\":\"Woodinout \u00a9\",\"description\":\"Wooden Montessori toys, gifts, home and events decor details\",\"potentialAction\":[{\"@type\":\"SearchAction\",\"target\":{\"@type\":\"EntryPoint\",\"urlTemplate\":\"https:\/\/woodinout.net\/fr\/?s={search_term_string}\"},\"query-input\":\"required name=search_term_string\"}],\"inLanguage\":\"fr-FR\"}]}<\/script>\n<!-- \/ Yoast SEO plugin. -->","yoast_head_json":{"title":"Calendrier - Woodinout \u00a9 jouets montessori \u00e9ducatifs","description":"Apprendre est maintenant Fun & Easy - Jouets en bois naturel pour un temps pr\u00e9cieux en famille. L\u2019\u00e9cole \u00e0 la maison ou l\u2019\u00e9cole maternelle doit avoir. Exp\u00e9dition dans le monde entier.","robots":{"index":"index","follow":"follow","max-snippet":"max-snippet:-1","max-image-preview":"max-image-preview:large","max-video-preview":"max-video-preview:-1"},"canonical":"https:\/\/woodinout.net\/fr\/product\/calendrier\/","og_locale":"fr_FR","og_type":"article","og_title":"Calendrier - Woodinout \u00a9 jouets montessori \u00e9ducatifs","og_description":"Apprendre est maintenant Fun & Easy - Jouets en bois naturel pour un temps pr\u00e9cieux en famille. L\u2019\u00e9cole \u00e0 la maison ou l\u2019\u00e9cole maternelle doit avoir. Exp\u00e9dition dans le monde entier.","og_url":"https:\/\/woodinout.net\/fr\/product\/calendrier\/","og_site_name":"Woodinout \u00a9","article_modified_time":"2022-04-28T08:48:01+00:00","og_image":[{"width":1706,"height":2560,"url":"https:\/\/woodinout.net\/wp-content\/uploads\/2021\/03\/Calendar_1.jpg","type":"image\/jpeg"}],"twitter_card":"summary_large_image","twitter_misc":{"Dur\u00e9e de lecture estim\u00e9e":"1 minute"},"schema":{"@context":"https:\/\/schema.org","@graph":[{"@type":"WebPage","@id":"https:\/\/woodinout.net\/fr\/product\/calendrier\/","url":"https:\/\/woodinout.net\/fr\/product\/calendrier\/","name":"Calendrier - Woodinout \u00a9 jouets montessori \u00e9ducatifs","isPartOf":{"@id":"https:\/\/woodinout.net\/fr\/#website"},"datePublished":"2021-03-19T11:06:23+00:00","dateModified":"2022-04-28T08:48:01+00:00","description":"Apprendre est maintenant Fun & Easy - Jouets en bois naturel pour un temps pr\u00e9cieux en famille. L\u2019\u00e9cole \u00e0 la maison ou l\u2019\u00e9cole maternelle doit avoir. Exp\u00e9dition dans le monde entier.","breadcrumb":{"@id":"https:\/\/woodinout.net\/fr\/product\/calendrier\/#breadcrumb"},"inLanguage":"fr-FR","potentialAction":[{"@type":"ReadAction","target":["https:\/\/woodinout.net\/fr\/product\/calendrier\/"]}]},{"@type":"BreadcrumbList","@id":"https:\/\/woodinout.net\/fr\/product\/calendrier\/#breadcrumb","itemListElement":[{"@type":"ListItem","position":1,"name":"Home","item":"https:\/\/woodinout.net\/fr\/"},{"@type":"ListItem","position":2,"name":"Shop","item":"https:\/\/woodinout.net\/shop\/"},{"@type":"ListItem","position":3,"name":"Calendrier"}]},{"@type":"WebSite","@id":"https:\/\/woodinout.net\/fr\/#website","url":"https:\/\/woodinout.net\/fr\/","name":"Woodinout \u00a9","description":"Wooden Montessori toys, gifts, home and events decor details","potentialAction":[{"@type":"SearchAction","target":{"@type":"EntryPoint","urlTemplate":"https:\/\/woodinout.net\/fr\/?s={search_term_string}"},"query-input":"required name=search_term_string"}],"inLanguage":"fr-FR"}]}},"_links":{"self":[{"href":"https:\/\/woodinout.net\/fr\/wp-json\/wp\/v2\/product\/21632"}],"collection":[{"href":"https:\/\/woodinout.net\/fr\/wp-json\/wp\/v2\/product"}],"about":[{"href":"https:\/\/woodinout.net\/fr\/wp-json\/wp\/v2\/types\/product"}],"wp:featuredmedia":[{"embeddable":true,"href":"https:\/\/woodinout.net\/fr\/wp-json\/wp\/v2\/media\/19455"}],"wp:attachment":[{"href":"https:\/\/woodinout.net\/fr\/wp-json\/wp\/v2\/media?parent=21632"}],"wp:term":[{"taxonomy":"product_cat","embeddable":true,"href":"https:\/\/woodinout.net\/fr\/wp-json\/wp\/v2\/product_cat?post=21632"},{"taxonomy":"product_tag","embeddable":true,"href":"https:\/\/woodinout.net\/fr\/wp-json\/wp\/v2\/product_tag?post=21632"}],"curies":[{"name":"wp","href":"https:\/\/api.w.org\/{rel}","templated":true}]}}