{"id":21631,"date":"2021-03-21T21:02:14","date_gmt":"2021-03-21T19:02:14","guid":{"rendered":"https:\/\/woodinout.net\/product\/cartes-couleur\/"},"modified":"2022-04-19T16:36:46","modified_gmt":"2022-04-19T13:36:46","slug":"cartes-couleur","status":"publish","type":"product","link":"https:\/\/woodinout.net\/fr\/product\/cartes-couleur\/","title":{"rendered":"Cartes couleur"},"content":{"rendered":"<p>Les enfants apprennent les noms de couleur avec Montessori toutes les cartes de couleur. Les jouets et les ressources d\u2019apprentissage en bois faits \u00e0 la main Woodinout sont durables, \u00e9cologiques et sans danger pour les enfants. Ces cartes Montessori sont cr\u00e9\u00e9es pour apprendre des mots de couleur \u00e0 l\u2019\u00e9cole maternelle, mais vous pouvez les utiliser dans vos propres jeux cr\u00e9atifs avec votre tout-petit ou votre enfant. Peint avec une peinture s\u00fbre et certifi\u00e9e.<\/p>\n<p>Le kit contient :<br \/>\n11psc. cartes de diff\u00e9rentes couleurs<\/p>\n<p>TAILLE<br \/>\nHauteur: ~ 1,9 pouces (4.8cm)<br \/>\nLongueur: ~ 1,9 pouces (4.8cm)<\/p>\n<p>COULEURS ET MAT\u00c9RIAUX<br \/>\nCouleur: Peinture naturelle \u00e0 base d\u2019eau.<br \/>\nLe jouet est fait de contreplaqu\u00e9 DE BOIS NATUREL.<br \/>\nVeuillez noter que les couleurs peuvent varier en raison des param\u00e8tres de l\u2019\u00e9cran de l\u2019ordinateur et de l\u2019\u00e9claircissement.<\/p>\n","protected":false},"excerpt":{"rendered":"<p>Les enfants apprennent les noms de couleur avec Montessori toutes les cartes de couleur. Les jouets et les ressources d\u2019apprentissage en bois faits \u00e0 la main Woodinout sont durables, \u00e9cologiques et sans danger pour les enfants. Ces cartes Montessori sont cr\u00e9\u00e9es pour apprendre des mots de couleur \u00e0 l\u2019\u00e9cole maternelle, mais vous pouvez les utiliser [&hellip;]<\/p>\n","protected":false},"featured_media":22768,"template":"","meta":{"_monsterinsights_skip_tracking":false,"_monsterinsights_sitenote_active":false,"_monsterinsights_sitenote_note":"","_monsterinsights_sitenote_category":0},"product_cat":[1834,1723,1941],"product_tag":[2239,1736,1738,2237,1735,1729,1728,1726,1734],"yoast_head":"<!-- This site is optimized with the Yoast SEO plugin v22.1 - https:\/\/yoast.com\/wordpress\/plugins\/seo\/ -->\n<title>Cartes couleur - mat\u00e9riel p\u00e9dagogique - Acheter Woodinout \u00a9 Jouets Montessori<\/title>\n<meta name=\"description\" content=\"Enseignez aux enfants les couleurs et le tri de mani\u00e8re amusante. D\u00e9veloppez \u00e9galement le vocabulaire des tout-petits et jouez avec des cartes de couleur en bois \u00e9l\u00e9gantes faites \u00e0 la main.\" \/>\n<meta name=\"robots\" content=\"index, follow, max-snippet:-1, max-image-preview:large, max-video-preview:-1\" \/>\n<link rel=\"canonical\" href=\"https:\/\/woodinout.net\/fr\/product\/cartes-couleur\/\" \/>\n<meta property=\"og:locale\" content=\"fr_FR\" \/>\n<meta property=\"og:type\" content=\"article\" \/>\n<meta property=\"og:title\" content=\"Cartes couleur - mat\u00e9riel p\u00e9dagogique - Acheter Woodinout \u00a9 Jouets Montessori\" \/>\n<meta property=\"og:description\" content=\"Enseignez aux enfants les couleurs et le tri de mani\u00e8re amusante. D\u00e9veloppez \u00e9galement le vocabulaire des tout-petits et jouez avec des cartes de couleur en bois \u00e9l\u00e9gantes faites \u00e0 la main.\" \/>\n<meta property=\"og:url\" content=\"https:\/\/woodinout.net\/fr\/product\/cartes-couleur\/\" \/>\n<meta property=\"og:site_name\" content=\"Woodinout \u00a9\" \/>\n<meta property=\"article:modified_time\" content=\"2022-04-19T13:36:46+00:00\" \/>\n<meta property=\"og:image\" content=\"https:\/\/woodinout.net\/wp-content\/uploads\/2021\/03\/Colors_cards_2.jpg\" \/>\n\t<meta property=\"og:image:width\" content=\"2560\" \/>\n\t<meta property=\"og:image:height\" content=\"1706\" \/>\n\t<meta property=\"og:image:type\" content=\"image\/jpeg\" \/>\n<meta name=\"twitter:card\" content=\"summary_large_image\" \/>\n<meta name=\"twitter:label1\" content=\"Dur\u00e9e de lecture estim\u00e9e\" \/>\n\t<meta name=\"twitter:data1\" content=\"1 minute\" \/>\n<script type=\"application\/ld+json\" class=\"yoast-schema-graph\">{\"@context\":\"https:\/\/schema.org\",\"@graph\":[{\"@type\":\"WebPage\",\"@id\":\"https:\/\/woodinout.net\/fr\/product\/cartes-couleur\/\",\"url\":\"https:\/\/woodinout.net\/fr\/product\/cartes-couleur\/\",\"name\":\"Cartes couleur - mat\u00e9riel p\u00e9dagogique - Acheter Woodinout \u00a9 Jouets Montessori\",\"isPartOf\":{\"@id\":\"https:\/\/woodinout.net\/fr\/#website\"},\"datePublished\":\"2021-03-21T19:02:14+00:00\",\"dateModified\":\"2022-04-19T13:36:46+00:00\",\"description\":\"Enseignez aux enfants les couleurs et le tri de mani\u00e8re amusante. D\u00e9veloppez \u00e9galement le vocabulaire des tout-petits et jouez avec des cartes de couleur en bois \u00e9l\u00e9gantes faites \u00e0 la main.\",\"breadcrumb\":{\"@id\":\"https:\/\/woodinout.net\/fr\/product\/cartes-couleur\/#breadcrumb\"},\"inLanguage\":\"fr-FR\",\"potentialAction\":[{\"@type\":\"ReadAction\",\"target\":[\"https:\/\/woodinout.net\/fr\/product\/cartes-couleur\/\"]}]},{\"@type\":\"BreadcrumbList\",\"@id\":\"https:\/\/woodinout.net\/fr\/product\/cartes-couleur\/#breadcrumb\",\"itemListElement\":[{\"@type\":\"ListItem\",\"position\":1,\"name\":\"Home\",\"item\":\"https:\/\/woodinout.net\/fr\/\"},{\"@type\":\"ListItem\",\"position\":2,\"name\":\"Shop\",\"item\":\"https:\/\/woodinout.net\/shop\/\"},{\"@type\":\"ListItem\",\"position\":3,\"name\":\"Cartes couleur\"}]},{\"@type\":\"WebSite\",\"@id\":\"https:\/\/woodinout.net\/fr\/#website\",\"url\":\"https:\/\/woodinout.net\/fr\/\",\"name\":\"Woodinout \u00a9\",\"description\":\"Wooden Montessori toys, gifts, home and events decor details\",\"potentialAction\":[{\"@type\":\"SearchAction\",\"target\":{\"@type\":\"EntryPoint\",\"urlTemplate\":\"https:\/\/woodinout.net\/fr\/?s={search_term_string}\"},\"query-input\":\"required name=search_term_string\"}],\"inLanguage\":\"fr-FR\"}]}<\/script>\n<!-- \/ Yoast SEO plugin. -->","yoast_head_json":{"title":"Cartes couleur - mat\u00e9riel p\u00e9dagogique - Acheter Woodinout \u00a9 Jouets Montessori","description":"Enseignez aux enfants les couleurs et le tri de mani\u00e8re amusante. D\u00e9veloppez \u00e9galement le vocabulaire des tout-petits et jouez avec des cartes de couleur en bois \u00e9l\u00e9gantes faites \u00e0 la main.","robots":{"index":"index","follow":"follow","max-snippet":"max-snippet:-1","max-image-preview":"max-image-preview:large","max-video-preview":"max-video-preview:-1"},"canonical":"https:\/\/woodinout.net\/fr\/product\/cartes-couleur\/","og_locale":"fr_FR","og_type":"article","og_title":"Cartes couleur - mat\u00e9riel p\u00e9dagogique - Acheter Woodinout \u00a9 Jouets Montessori","og_description":"Enseignez aux enfants les couleurs et le tri de mani\u00e8re amusante. D\u00e9veloppez \u00e9galement le vocabulaire des tout-petits et jouez avec des cartes de couleur en bois \u00e9l\u00e9gantes faites \u00e0 la main.","og_url":"https:\/\/woodinout.net\/fr\/product\/cartes-couleur\/","og_site_name":"Woodinout \u00a9","article_modified_time":"2022-04-19T13:36:46+00:00","og_image":[{"width":2560,"height":1706,"url":"https:\/\/woodinout.net\/wp-content\/uploads\/2021\/03\/Colors_cards_2.jpg","type":"image\/jpeg"}],"twitter_card":"summary_large_image","twitter_misc":{"Dur\u00e9e de lecture estim\u00e9e":"1 minute"},"schema":{"@context":"https:\/\/schema.org","@graph":[{"@type":"WebPage","@id":"https:\/\/woodinout.net\/fr\/product\/cartes-couleur\/","url":"https:\/\/woodinout.net\/fr\/product\/cartes-couleur\/","name":"Cartes couleur - mat\u00e9riel p\u00e9dagogique - Acheter Woodinout \u00a9 Jouets Montessori","isPartOf":{"@id":"https:\/\/woodinout.net\/fr\/#website"},"datePublished":"2021-03-21T19:02:14+00:00","dateModified":"2022-04-19T13:36:46+00:00","description":"Enseignez aux enfants les couleurs et le tri de mani\u00e8re amusante. D\u00e9veloppez \u00e9galement le vocabulaire des tout-petits et jouez avec des cartes de couleur en bois \u00e9l\u00e9gantes faites \u00e0 la main.","breadcrumb":{"@id":"https:\/\/woodinout.net\/fr\/product\/cartes-couleur\/#breadcrumb"},"inLanguage":"fr-FR","potentialAction":[{"@type":"ReadAction","target":["https:\/\/woodinout.net\/fr\/product\/cartes-couleur\/"]}]},{"@type":"BreadcrumbList","@id":"https:\/\/woodinout.net\/fr\/product\/cartes-couleur\/#breadcrumb","itemListElement":[{"@type":"ListItem","position":1,"name":"Home","item":"https:\/\/woodinout.net\/fr\/"},{"@type":"ListItem","position":2,"name":"Shop","item":"https:\/\/woodinout.net\/shop\/"},{"@type":"ListItem","position":3,"name":"Cartes couleur"}]},{"@type":"WebSite","@id":"https:\/\/woodinout.net\/fr\/#website","url":"https:\/\/woodinout.net\/fr\/","name":"Woodinout \u00a9","description":"Wooden Montessori toys, gifts, home and events decor details","potentialAction":[{"@type":"SearchAction","target":{"@type":"EntryPoint","urlTemplate":"https:\/\/woodinout.net\/fr\/?s={search_term_string}"},"query-input":"required name=search_term_string"}],"inLanguage":"fr-FR"}]}},"_links":{"self":[{"href":"https:\/\/woodinout.net\/fr\/wp-json\/wp\/v2\/product\/21631"}],"collection":[{"href":"https:\/\/woodinout.net\/fr\/wp-json\/wp\/v2\/product"}],"about":[{"href":"https:\/\/woodinout.net\/fr\/wp-json\/wp\/v2\/types\/product"}],"wp:featuredmedia":[{"embeddable":true,"href":"https:\/\/woodinout.net\/fr\/wp-json\/wp\/v2\/media\/22768"}],"wp:attachment":[{"href":"https:\/\/woodinout.net\/fr\/wp-json\/wp\/v2\/media?parent=21631"}],"wp:term":[{"taxonomy":"product_cat","embeddable":true,"href":"https:\/\/woodinout.net\/fr\/wp-json\/wp\/v2\/product_cat?post=21631"},{"taxonomy":"product_tag","embeddable":true,"href":"https:\/\/woodinout.net\/fr\/wp-json\/wp\/v2\/product_tag?post=21631"}],"curies":[{"name":"wp","href":"https:\/\/api.w.org\/{rel}","templated":true}]}}