{"id":21630,"date":"2021-03-22T13:33:33","date_gmt":"2021-03-22T11:33:33","guid":{"rendered":"https:\/\/woodinout.net\/product\/elastiques-colores\/"},"modified":"2022-04-19T16:09:56","modified_gmt":"2022-04-19T13:09:56","slug":"elastiques-colores","status":"publish","type":"product","link":"https:\/\/woodinout.net\/fr\/product\/elastiques-colores\/","title":{"rendered":"\u00c9lastiques color\u00e9s"},"content":{"rendered":"<p>Simples \u00e9lastiques color\u00e9s en compl\u00e9ment du g\u00e9oboard en bois &#8211; pegboard pour les enfants. Cela pourrait \u00eatre un jouet de stress ou de th\u00e9rapie parfait pour un jeu calme et cr\u00e9atif pour les enfants et les adultes.<\/p>\n<p>28 pi\u00e8ces. D\u2019\u00e9lastiques color\u00e9s<\/p>\n<p>COULEURS ET MAT\u00c9RIAUX<br \/>\nCouleur: choisie au hasard<br \/>\nLe jouet est en caoutchouc<br \/>\nVeuillez noter que les couleurs peuvent varier en raison des param\u00e8tres de l\u2019\u00e9cran de l\u2019ordinateur et de l\u2019\u00e9claircissement.<\/p>\n","protected":false},"excerpt":{"rendered":"<p>Simples \u00e9lastiques color\u00e9s en compl\u00e9ment du g\u00e9oboard en bois &#8211; pegboard pour les enfants. Cela pourrait \u00eatre un jouet de stress ou de th\u00e9rapie parfait pour un jeu calme et cr\u00e9atif pour les enfants et les adultes. 28 pi\u00e8ces. D\u2019\u00e9lastiques color\u00e9s COULEURS ET MAT\u00c9RIAUX Couleur: choisie au hasard Le jouet est en caoutchouc Veuillez noter [&hellip;]<\/p>\n","protected":false},"featured_media":20359,"template":"","meta":{"_monsterinsights_skip_tracking":false,"_monsterinsights_sitenote_active":false,"_monsterinsights_sitenote_note":"","_monsterinsights_sitenote_category":0},"product_cat":[1723,1923],"product_tag":[2238,1736,1738,1950,1952,1951,1735,1729,1728,1726,1734,1904],"yoast_head":"<!-- This site is optimized with the Yoast SEO plugin v22.1 - https:\/\/yoast.com\/wordpress\/plugins\/seo\/ -->\n<title>\u00c9lastiques color\u00e9s - Woodinout \u00a9 Jouets Montessori<\/title>\n<meta name=\"description\" content=\"Simples \u00e9lastiques color\u00e9s en compl\u00e9ment du g\u00e9oboard en bois. Cela pourrait \u00eatre un jouet de stress ou de th\u00e9rapie parfait pour un jeu calme et cr\u00e9atif.\" \/>\n<meta name=\"robots\" content=\"index, follow, max-snippet:-1, max-image-preview:large, max-video-preview:-1\" \/>\n<link rel=\"canonical\" href=\"https:\/\/woodinout.net\/fr\/product\/elastiques-colores\/\" \/>\n<meta property=\"og:locale\" content=\"fr_FR\" \/>\n<meta property=\"og:type\" content=\"article\" \/>\n<meta property=\"og:title\" content=\"\u00c9lastiques color\u00e9s - Woodinout \u00a9 Jouets Montessori\" \/>\n<meta property=\"og:description\" content=\"Simples \u00e9lastiques color\u00e9s en compl\u00e9ment du g\u00e9oboard en bois. Cela pourrait \u00eatre un jouet de stress ou de th\u00e9rapie parfait pour un jeu calme et cr\u00e9atif.\" \/>\n<meta property=\"og:url\" content=\"https:\/\/woodinout.net\/fr\/product\/elastiques-colores\/\" \/>\n<meta property=\"og:site_name\" content=\"Woodinout \u00a9\" \/>\n<meta property=\"article:modified_time\" content=\"2022-04-19T13:09:56+00:00\" \/>\n<meta property=\"og:image\" content=\"https:\/\/woodinout.net\/wp-content\/uploads\/2021\/03\/Colorful-rubber-bands.jpg\" \/>\n\t<meta property=\"og:image:width\" content=\"1140\" \/>\n\t<meta property=\"og:image:height\" content=\"974\" \/>\n\t<meta property=\"og:image:type\" content=\"image\/jpeg\" \/>\n<meta name=\"twitter:card\" content=\"summary_large_image\" \/>\n<script type=\"application\/ld+json\" class=\"yoast-schema-graph\">{\"@context\":\"https:\/\/schema.org\",\"@graph\":[{\"@type\":\"WebPage\",\"@id\":\"https:\/\/woodinout.net\/fr\/product\/elastiques-colores\/\",\"url\":\"https:\/\/woodinout.net\/fr\/product\/elastiques-colores\/\",\"name\":\"\u00c9lastiques color\u00e9s - Woodinout \u00a9 Jouets Montessori\",\"isPartOf\":{\"@id\":\"https:\/\/woodinout.net\/fr\/#website\"},\"datePublished\":\"2021-03-22T11:33:33+00:00\",\"dateModified\":\"2022-04-19T13:09:56+00:00\",\"description\":\"Simples \u00e9lastiques color\u00e9s en compl\u00e9ment du g\u00e9oboard en bois. Cela pourrait \u00eatre un jouet de stress ou de th\u00e9rapie parfait pour un jeu calme et cr\u00e9atif.\",\"breadcrumb\":{\"@id\":\"https:\/\/woodinout.net\/fr\/product\/elastiques-colores\/#breadcrumb\"},\"inLanguage\":\"fr-FR\",\"potentialAction\":[{\"@type\":\"ReadAction\",\"target\":[\"https:\/\/woodinout.net\/fr\/product\/elastiques-colores\/\"]}]},{\"@type\":\"BreadcrumbList\",\"@id\":\"https:\/\/woodinout.net\/fr\/product\/elastiques-colores\/#breadcrumb\",\"itemListElement\":[{\"@type\":\"ListItem\",\"position\":1,\"name\":\"Home\",\"item\":\"https:\/\/woodinout.net\/fr\/\"},{\"@type\":\"ListItem\",\"position\":2,\"name\":\"Shop\",\"item\":\"https:\/\/woodinout.net\/shop\/\"},{\"@type\":\"ListItem\",\"position\":3,\"name\":\"\u00c9lastiques color\u00e9s\"}]},{\"@type\":\"WebSite\",\"@id\":\"https:\/\/woodinout.net\/fr\/#website\",\"url\":\"https:\/\/woodinout.net\/fr\/\",\"name\":\"Woodinout \u00a9\",\"description\":\"Wooden Montessori toys, gifts, home and events decor details\",\"potentialAction\":[{\"@type\":\"SearchAction\",\"target\":{\"@type\":\"EntryPoint\",\"urlTemplate\":\"https:\/\/woodinout.net\/fr\/?s={search_term_string}\"},\"query-input\":\"required name=search_term_string\"}],\"inLanguage\":\"fr-FR\"}]}<\/script>\n<!-- \/ Yoast SEO plugin. -->","yoast_head_json":{"title":"\u00c9lastiques color\u00e9s - Woodinout \u00a9 Jouets Montessori","description":"Simples \u00e9lastiques color\u00e9s en compl\u00e9ment du g\u00e9oboard en bois. Cela pourrait \u00eatre un jouet de stress ou de th\u00e9rapie parfait pour un jeu calme et cr\u00e9atif.","robots":{"index":"index","follow":"follow","max-snippet":"max-snippet:-1","max-image-preview":"max-image-preview:large","max-video-preview":"max-video-preview:-1"},"canonical":"https:\/\/woodinout.net\/fr\/product\/elastiques-colores\/","og_locale":"fr_FR","og_type":"article","og_title":"\u00c9lastiques color\u00e9s - Woodinout \u00a9 Jouets Montessori","og_description":"Simples \u00e9lastiques color\u00e9s en compl\u00e9ment du g\u00e9oboard en bois. Cela pourrait \u00eatre un jouet de stress ou de th\u00e9rapie parfait pour un jeu calme et cr\u00e9atif.","og_url":"https:\/\/woodinout.net\/fr\/product\/elastiques-colores\/","og_site_name":"Woodinout \u00a9","article_modified_time":"2022-04-19T13:09:56+00:00","og_image":[{"width":1140,"height":974,"url":"https:\/\/woodinout.net\/wp-content\/uploads\/2021\/03\/Colorful-rubber-bands.jpg","type":"image\/jpeg"}],"twitter_card":"summary_large_image","schema":{"@context":"https:\/\/schema.org","@graph":[{"@type":"WebPage","@id":"https:\/\/woodinout.net\/fr\/product\/elastiques-colores\/","url":"https:\/\/woodinout.net\/fr\/product\/elastiques-colores\/","name":"\u00c9lastiques color\u00e9s - Woodinout \u00a9 Jouets Montessori","isPartOf":{"@id":"https:\/\/woodinout.net\/fr\/#website"},"datePublished":"2021-03-22T11:33:33+00:00","dateModified":"2022-04-19T13:09:56+00:00","description":"Simples \u00e9lastiques color\u00e9s en compl\u00e9ment du g\u00e9oboard en bois. Cela pourrait \u00eatre un jouet de stress ou de th\u00e9rapie parfait pour un jeu calme et cr\u00e9atif.","breadcrumb":{"@id":"https:\/\/woodinout.net\/fr\/product\/elastiques-colores\/#breadcrumb"},"inLanguage":"fr-FR","potentialAction":[{"@type":"ReadAction","target":["https:\/\/woodinout.net\/fr\/product\/elastiques-colores\/"]}]},{"@type":"BreadcrumbList","@id":"https:\/\/woodinout.net\/fr\/product\/elastiques-colores\/#breadcrumb","itemListElement":[{"@type":"ListItem","position":1,"name":"Home","item":"https:\/\/woodinout.net\/fr\/"},{"@type":"ListItem","position":2,"name":"Shop","item":"https:\/\/woodinout.net\/shop\/"},{"@type":"ListItem","position":3,"name":"\u00c9lastiques color\u00e9s"}]},{"@type":"WebSite","@id":"https:\/\/woodinout.net\/fr\/#website","url":"https:\/\/woodinout.net\/fr\/","name":"Woodinout \u00a9","description":"Wooden Montessori toys, gifts, home and events decor details","potentialAction":[{"@type":"SearchAction","target":{"@type":"EntryPoint","urlTemplate":"https:\/\/woodinout.net\/fr\/?s={search_term_string}"},"query-input":"required name=search_term_string"}],"inLanguage":"fr-FR"}]}},"_links":{"self":[{"href":"https:\/\/woodinout.net\/fr\/wp-json\/wp\/v2\/product\/21630"}],"collection":[{"href":"https:\/\/woodinout.net\/fr\/wp-json\/wp\/v2\/product"}],"about":[{"href":"https:\/\/woodinout.net\/fr\/wp-json\/wp\/v2\/types\/product"}],"wp:featuredmedia":[{"embeddable":true,"href":"https:\/\/woodinout.net\/fr\/wp-json\/wp\/v2\/media\/20359"}],"wp:attachment":[{"href":"https:\/\/woodinout.net\/fr\/wp-json\/wp\/v2\/media?parent=21630"}],"wp:term":[{"taxonomy":"product_cat","embeddable":true,"href":"https:\/\/woodinout.net\/fr\/wp-json\/wp\/v2\/product_cat?post=21630"},{"taxonomy":"product_tag","embeddable":true,"href":"https:\/\/woodinout.net\/fr\/wp-json\/wp\/v2\/product_tag?post=21630"}],"curies":[{"name":"wp","href":"https:\/\/api.w.org\/{rel}","templated":true}]}}