{"id":21088,"date":"2020-06-20T23:12:34","date_gmt":"2020-06-20T20:12:34","guid":{"rendered":"https:\/\/woodinout.net\/product\/geoboard-en-bois-10x10\/"},"modified":"2020-06-20T23:12:34","modified_gmt":"2020-06-20T20:12:34","slug":"wooden-toys-geoboard-montessori-100-frame-pegboard-with-rubber-bands-2","status":"publish","type":"product","link":"https:\/\/woodinout.net\/fr\/product\/wooden-toys-geoboard-montessori-100-frame-pegboard-with-rubber-bands-2\/","title":{"rendered":"G\u00e9oboard en bois 10&#215;10"},"content":{"rendered":"<p>Le g\u00e9oboard en bois est un <a href=\"https:\/\/woodinout.net\/product-tag\/kids-gifts\/\">cadeau \u00e9ducatif<\/a> unique. Les jouets Montessori mondialement connus sont un moyen facile et amusant d\u2019apprendre et d\u2019\u00e9duquer les enfants en bas \u00e2ge ou \u00e0 l\u2019\u00e9cole maternelle. Cette planche de cheville en bois est l\u2019une des fa\u00e7ons mignonnes et amusantes d\u2019apprendre les formes, les couleurs, les chiffres, etc. Croyez-moi, les enfants adorent \u00e7a. Ils peuvent passer des HEURES sur ce merveilleux tableau d\u2019activit\u00e9s.<br \/>\nLes jouets d\u2019apprentissage sont toujours des JOUETS aux yeux d\u2019un tout-petit. Nos jouets en bois faits \u00e0 la main ne sont pas seulement faits pour \u00eatre une fa\u00e7on amusante d\u2019apprendre, mais sont aussi tr\u00e8s beaux. Par cons\u00e9quent, ce jouet naturel pourrait \u00eatre un d\u00e9cor \u00e9l\u00e9gant pour les enfants &#8211; utilisez simplement votre imagination ici.<\/p>\n<p>Le kit contient :<br \/>\nPlanche avec 100 chevilles<br \/>\nkit d\u2019\u00e9lastiques color\u00e9s<\/p>\n<p>TAILLE<br \/>\nHauteur: ~ 13 pouces<br \/>\nLongueur: ~ 13 pouces<br \/>\n\u00c9paisseur: ~ 1,6 pouces<\/p>\n<p>COULEURS ET MAT\u00c9RIAUX<br \/>\nCouleur: naturel ou brun huil\u00e9.<br \/>\nLe jouet est en BOIS MASSIF NATUREL.<br \/>\nVeuillez noter que les couleurs peuvent varier en raison des param\u00e8tres de l\u2019\u00e9cran de l\u2019ordinateur et de l\u2019\u00e9claircissement.<\/p>\n<p>Trouvez plus d\u2019id\u00e9es en bois sur notre <a href=\"https:\/\/www.pinterest.com\/Woodinoutnet\/_created\/\">PINTEREST.<\/a><\/p>\n","protected":false},"excerpt":{"rendered":"<p>Le g\u00e9oboard en bois est un cadeau \u00e9ducatif unique. Les jouets Montessori mondialement connus sont un moyen facile et amusant d\u2019apprendre et d\u2019\u00e9duquer les enfants en bas \u00e2ge ou \u00e0 l\u2019\u00e9cole maternelle. Cette planche de cheville en bois est l\u2019une des fa\u00e7ons mignonnes et amusantes d\u2019apprendre les formes, les couleurs, les chiffres, etc. Croyez-moi, les [&hellip;]<\/p>\n","protected":false},"featured_media":17231,"template":"","meta":{"_monsterinsights_skip_tracking":false,"_monsterinsights_sitenote_active":false,"_monsterinsights_sitenote_note":"","_monsterinsights_sitenote_category":0},"product_cat":[1723,1923],"product_tag":[1736,1738,1950,1952,1951,1735,1729,1728,1726,1734],"yoast_head":"<!-- This site is optimized with the Yoast SEO plugin v22.1 - https:\/\/yoast.com\/wordpress\/plugins\/seo\/ -->\n<title>G\u00e9oboard en bois 10x10 - Woodinout \u00a9 Jouets Montessori<\/title>\n<meta name=\"description\" content=\"Les jouets en bois naturel sont les meilleurs pour les jeux imaginatifs et cr\u00e9atifs. Geoboard inspir\u00e9 de Montessori est exactement cela! Les enfants apprennent de mani\u00e8re amusante.\" \/>\n<meta name=\"robots\" content=\"index, follow, max-snippet:-1, max-image-preview:large, max-video-preview:-1\" \/>\n<link rel=\"canonical\" href=\"https:\/\/woodinout.net\/fr\/product\/wooden-toys-geoboard-montessori-100-frame-pegboard-with-rubber-bands-2\/\" \/>\n<meta property=\"og:locale\" content=\"fr_FR\" \/>\n<meta property=\"og:type\" content=\"article\" \/>\n<meta property=\"og:title\" content=\"G\u00e9oboard en bois 10x10 - Woodinout \u00a9 Jouets Montessori\" \/>\n<meta property=\"og:description\" content=\"Les jouets en bois naturel sont les meilleurs pour les jeux imaginatifs et cr\u00e9atifs. Geoboard inspir\u00e9 de Montessori est exactement cela! Les enfants apprennent de mani\u00e8re amusante.\" \/>\n<meta property=\"og:url\" content=\"https:\/\/woodinout.net\/fr\/product\/wooden-toys-geoboard-montessori-100-frame-pegboard-with-rubber-bands-2\/\" \/>\n<meta property=\"og:site_name\" content=\"Woodinout \u00a9\" \/>\n<meta property=\"og:image\" content=\"https:\/\/woodinout.net\/wp-content\/uploads\/2020\/06\/Wooden-toys-Geoboard-1.jpg\" \/>\n\t<meta property=\"og:image:width\" content=\"853\" \/>\n\t<meta property=\"og:image:height\" content=\"1280\" \/>\n\t<meta property=\"og:image:type\" content=\"image\/jpeg\" \/>\n<meta name=\"twitter:card\" content=\"summary_large_image\" \/>\n<meta name=\"twitter:label1\" content=\"Dur\u00e9e de lecture estim\u00e9e\" \/>\n\t<meta name=\"twitter:data1\" content=\"1 minute\" \/>\n<script type=\"application\/ld+json\" class=\"yoast-schema-graph\">{\"@context\":\"https:\/\/schema.org\",\"@graph\":[{\"@type\":\"WebPage\",\"@id\":\"https:\/\/woodinout.net\/fr\/product\/wooden-toys-geoboard-montessori-100-frame-pegboard-with-rubber-bands-2\/\",\"url\":\"https:\/\/woodinout.net\/fr\/product\/wooden-toys-geoboard-montessori-100-frame-pegboard-with-rubber-bands-2\/\",\"name\":\"G\u00e9oboard en bois 10x10 - Woodinout \u00a9 Jouets Montessori\",\"isPartOf\":{\"@id\":\"https:\/\/woodinout.net\/fr\/#website\"},\"datePublished\":\"2020-06-20T20:12:34+00:00\",\"dateModified\":\"2020-06-20T20:12:34+00:00\",\"description\":\"Les jouets en bois naturel sont les meilleurs pour les jeux imaginatifs et cr\u00e9atifs. Geoboard inspir\u00e9 de Montessori est exactement cela! Les enfants apprennent de mani\u00e8re amusante.\",\"breadcrumb\":{\"@id\":\"https:\/\/woodinout.net\/fr\/product\/wooden-toys-geoboard-montessori-100-frame-pegboard-with-rubber-bands-2\/#breadcrumb\"},\"inLanguage\":\"fr-FR\",\"potentialAction\":[{\"@type\":\"ReadAction\",\"target\":[\"https:\/\/woodinout.net\/fr\/product\/wooden-toys-geoboard-montessori-100-frame-pegboard-with-rubber-bands-2\/\"]}]},{\"@type\":\"BreadcrumbList\",\"@id\":\"https:\/\/woodinout.net\/fr\/product\/wooden-toys-geoboard-montessori-100-frame-pegboard-with-rubber-bands-2\/#breadcrumb\",\"itemListElement\":[{\"@type\":\"ListItem\",\"position\":1,\"name\":\"Home\",\"item\":\"https:\/\/woodinout.net\/fr\/\"},{\"@type\":\"ListItem\",\"position\":2,\"name\":\"Shop\",\"item\":\"https:\/\/woodinout.net\/shop\/\"},{\"@type\":\"ListItem\",\"position\":3,\"name\":\"G\u00e9oboard en bois 10&#215;10\"}]},{\"@type\":\"WebSite\",\"@id\":\"https:\/\/woodinout.net\/fr\/#website\",\"url\":\"https:\/\/woodinout.net\/fr\/\",\"name\":\"Woodinout \u00a9\",\"description\":\"Wooden Montessori toys, gifts, home and events decor details\",\"potentialAction\":[{\"@type\":\"SearchAction\",\"target\":{\"@type\":\"EntryPoint\",\"urlTemplate\":\"https:\/\/woodinout.net\/fr\/?s={search_term_string}\"},\"query-input\":\"required name=search_term_string\"}],\"inLanguage\":\"fr-FR\"}]}<\/script>\n<!-- \/ Yoast SEO plugin. -->","yoast_head_json":{"title":"G\u00e9oboard en bois 10x10 - Woodinout \u00a9 Jouets Montessori","description":"Les jouets en bois naturel sont les meilleurs pour les jeux imaginatifs et cr\u00e9atifs. Geoboard inspir\u00e9 de Montessori est exactement cela! Les enfants apprennent de mani\u00e8re amusante.","robots":{"index":"index","follow":"follow","max-snippet":"max-snippet:-1","max-image-preview":"max-image-preview:large","max-video-preview":"max-video-preview:-1"},"canonical":"https:\/\/woodinout.net\/fr\/product\/wooden-toys-geoboard-montessori-100-frame-pegboard-with-rubber-bands-2\/","og_locale":"fr_FR","og_type":"article","og_title":"G\u00e9oboard en bois 10x10 - Woodinout \u00a9 Jouets Montessori","og_description":"Les jouets en bois naturel sont les meilleurs pour les jeux imaginatifs et cr\u00e9atifs. Geoboard inspir\u00e9 de Montessori est exactement cela! Les enfants apprennent de mani\u00e8re amusante.","og_url":"https:\/\/woodinout.net\/fr\/product\/wooden-toys-geoboard-montessori-100-frame-pegboard-with-rubber-bands-2\/","og_site_name":"Woodinout \u00a9","og_image":[{"width":853,"height":1280,"url":"https:\/\/woodinout.net\/wp-content\/uploads\/2020\/06\/Wooden-toys-Geoboard-1.jpg","type":"image\/jpeg"}],"twitter_card":"summary_large_image","twitter_misc":{"Dur\u00e9e de lecture estim\u00e9e":"1 minute"},"schema":{"@context":"https:\/\/schema.org","@graph":[{"@type":"WebPage","@id":"https:\/\/woodinout.net\/fr\/product\/wooden-toys-geoboard-montessori-100-frame-pegboard-with-rubber-bands-2\/","url":"https:\/\/woodinout.net\/fr\/product\/wooden-toys-geoboard-montessori-100-frame-pegboard-with-rubber-bands-2\/","name":"G\u00e9oboard en bois 10x10 - Woodinout \u00a9 Jouets Montessori","isPartOf":{"@id":"https:\/\/woodinout.net\/fr\/#website"},"datePublished":"2020-06-20T20:12:34+00:00","dateModified":"2020-06-20T20:12:34+00:00","description":"Les jouets en bois naturel sont les meilleurs pour les jeux imaginatifs et cr\u00e9atifs. Geoboard inspir\u00e9 de Montessori est exactement cela! Les enfants apprennent de mani\u00e8re amusante.","breadcrumb":{"@id":"https:\/\/woodinout.net\/fr\/product\/wooden-toys-geoboard-montessori-100-frame-pegboard-with-rubber-bands-2\/#breadcrumb"},"inLanguage":"fr-FR","potentialAction":[{"@type":"ReadAction","target":["https:\/\/woodinout.net\/fr\/product\/wooden-toys-geoboard-montessori-100-frame-pegboard-with-rubber-bands-2\/"]}]},{"@type":"BreadcrumbList","@id":"https:\/\/woodinout.net\/fr\/product\/wooden-toys-geoboard-montessori-100-frame-pegboard-with-rubber-bands-2\/#breadcrumb","itemListElement":[{"@type":"ListItem","position":1,"name":"Home","item":"https:\/\/woodinout.net\/fr\/"},{"@type":"ListItem","position":2,"name":"Shop","item":"https:\/\/woodinout.net\/shop\/"},{"@type":"ListItem","position":3,"name":"G\u00e9oboard en bois 10&#215;10"}]},{"@type":"WebSite","@id":"https:\/\/woodinout.net\/fr\/#website","url":"https:\/\/woodinout.net\/fr\/","name":"Woodinout \u00a9","description":"Wooden Montessori toys, gifts, home and events decor details","potentialAction":[{"@type":"SearchAction","target":{"@type":"EntryPoint","urlTemplate":"https:\/\/woodinout.net\/fr\/?s={search_term_string}"},"query-input":"required name=search_term_string"}],"inLanguage":"fr-FR"}]}},"_links":{"self":[{"href":"https:\/\/woodinout.net\/fr\/wp-json\/wp\/v2\/product\/21088"}],"collection":[{"href":"https:\/\/woodinout.net\/fr\/wp-json\/wp\/v2\/product"}],"about":[{"href":"https:\/\/woodinout.net\/fr\/wp-json\/wp\/v2\/types\/product"}],"wp:featuredmedia":[{"embeddable":true,"href":"https:\/\/woodinout.net\/fr\/wp-json\/wp\/v2\/media\/17231"}],"wp:attachment":[{"href":"https:\/\/woodinout.net\/fr\/wp-json\/wp\/v2\/media?parent=21088"}],"wp:term":[{"taxonomy":"product_cat","embeddable":true,"href":"https:\/\/woodinout.net\/fr\/wp-json\/wp\/v2\/product_cat?post=21088"},{"taxonomy":"product_tag","embeddable":true,"href":"https:\/\/woodinout.net\/fr\/wp-json\/wp\/v2\/product_tag?post=21088"}],"curies":[{"name":"wp","href":"https:\/\/api.w.org\/{rel}","templated":true}]}}