{"id":21083,"date":"2020-06-20T22:59:35","date_gmt":"2020-06-20T19:59:35","guid":{"rendered":"https:\/\/woodinout.net\/product\/trieur-de-forme-en-bois-puzzle\/"},"modified":"2022-04-06T09:03:29","modified_gmt":"2022-04-06T06:03:29","slug":"trieur-de-forme-de-bois","status":"publish","type":"product","link":"https:\/\/woodinout.net\/fr\/product\/trieur-de-forme-de-bois\/","title":{"rendered":"Trieur de forme en bois &#8211; puzzle"},"content":{"rendered":"<p>Trieur de forme en bois &#8211; pr\u00e9cieux, bien appr\u00e9ci\u00e9 par les parents et \u00e9l\u00e9gant cadeau de b\u00e9b\u00e9! Les jouets pour b\u00e9b\u00e9 Montessori sont bien connus dans le monde entier, ce trieur de forme de b\u00e9b\u00e9 est l\u2019un d\u2019entre eux.<br \/>\nLes jouets de tri en bois sont le meilleur cadeau de d\u00e9veloppement de b\u00e9b\u00e9 pour vos tout-petits. Nous ferons de ce puzzle en bois un cadeau personnalis\u00e9 avec VOTRE texte d\u00e9sir\u00e9 au dos grav\u00e9. Les blocs de bois sont si beaux, conviennent \u00e0 tous les styles de d\u00e9coration de p\u00e9pini\u00e8re. Les jouets d\u2019apprentissage en bois sont ce que nous faisons de mieux chez Woodinout, procurez-vous ce trieur en forme de bois et rejoignez la famille des clients heureux!<\/p>\n<p>Am\u00e9liorera la motricit\u00e9 fine;<br \/>\nD\u00e9veloppera la coordination \u0153il-main;<br \/>\nB\u00e9b\u00e9 apprendra les noms de forme;<\/p>\n<p>Trouvez plus de cadeaux pour b\u00e9b\u00e9s inspir\u00e9s de Montessori <a href=\"https:\/\/woodinout.net\/product-category\/wooden-toys\/baby-toys\/\">ICI.<\/a><\/p>\n<p>Le kit contient :<br \/>\nPanneau de tri en forme de bois<br \/>\n9 formes\/blocs de bois<\/p>\n<p>TAILLE<\/p>\n<p>Nombres<br \/>\nHauteur: ~ 6,7 pouces<br \/>\nLongueur: ~ 7,9 pouces<br \/>\n\u00c9paisseur: ~ 0,6 pouces<\/p>\n<p>COULEURS ET MAT\u00c9RIAUX<br \/>\nCouleur: brun fonc\u00e9 et huil\u00e9 naturel.<br \/>\nLe jouet est en BOIS MASSIF NATUREL.<br \/>\nVeuillez noter que les couleurs peuvent varier en raison des param\u00e8tres de l\u2019\u00e9cran de l\u2019ordinateur et de l\u2019\u00e9claircissement.<\/p>\n<p>Pour plus d\u2019id\u00e9es, suivez-nous sur <a href=\"https:\/\/www.instagram.com\/woodinout\/\">INSTAGRAM<\/a> &amp; <a href=\"https:\/\/www.facebook.com\/Woodinout.net\">FACEBOOK<\/a><\/p>\n","protected":false},"excerpt":{"rendered":"<p>Trieur de forme en bois &#8211; pr\u00e9cieux, bien appr\u00e9ci\u00e9 par les parents et \u00e9l\u00e9gant cadeau de b\u00e9b\u00e9! Les jouets pour b\u00e9b\u00e9 Montessori sont bien connus dans le monde entier, ce trieur de forme de b\u00e9b\u00e9 est l\u2019un d\u2019entre eux. Les jouets de tri en bois sont le meilleur cadeau de d\u00e9veloppement de b\u00e9b\u00e9 pour vos [&hellip;]<\/p>\n","protected":false},"featured_media":17127,"template":"","meta":{"_monsterinsights_skip_tracking":false,"_monsterinsights_sitenote_active":false,"_monsterinsights_sitenote_note":"","_monsterinsights_sitenote_category":0},"product_cat":[1723,1725,1724,1941],"product_tag":[1909,1736,1738,1751,1735,1729,1942,1728,1726,1734,1749,1944,1943],"yoast_head":"<!-- This site is optimized with the Yoast SEO plugin v22.1 - https:\/\/yoast.com\/wordpress\/plugins\/seo\/ -->\n<title>Trieur de forme en bois - puzzle - Woodinout \u00a9 Jouets Montessori<\/title>\n<meta name=\"description\" content=\"Les premiers jouets \u00e9ducatifs pour b\u00e9b\u00e9 doivent \u00eatre - naturels et faits \u00e0 la main. Ce trieur de forme en bois - puzzle est exactement cela! Exp\u00e9dition dans le monde entier.\" \/>\n<meta name=\"robots\" content=\"index, follow, max-snippet:-1, max-image-preview:large, max-video-preview:-1\" \/>\n<link rel=\"canonical\" href=\"https:\/\/woodinout.net\/fr\/product\/trieur-de-forme-de-bois\/\" \/>\n<meta property=\"og:locale\" content=\"fr_FR\" \/>\n<meta property=\"og:type\" content=\"article\" \/>\n<meta property=\"og:title\" content=\"Trieur de forme en bois - puzzle - Woodinout \u00a9 Jouets Montessori\" \/>\n<meta property=\"og:description\" content=\"Les premiers jouets \u00e9ducatifs pour b\u00e9b\u00e9 doivent \u00eatre - naturels et faits \u00e0 la main. Ce trieur de forme en bois - puzzle est exactement cela! Exp\u00e9dition dans le monde entier.\" \/>\n<meta property=\"og:url\" content=\"https:\/\/woodinout.net\/fr\/product\/trieur-de-forme-de-bois\/\" \/>\n<meta property=\"og:site_name\" content=\"Woodinout \u00a9\" \/>\n<meta property=\"article:modified_time\" content=\"2022-04-06T06:03:29+00:00\" \/>\n<meta property=\"og:image\" content=\"https:\/\/woodinout.net\/wp-content\/uploads\/2020\/06\/Wood-shape-sorter-1.jpg\" \/>\n\t<meta property=\"og:image:width\" content=\"853\" \/>\n\t<meta property=\"og:image:height\" content=\"1280\" \/>\n\t<meta property=\"og:image:type\" content=\"image\/jpeg\" \/>\n<meta name=\"twitter:card\" content=\"summary_large_image\" \/>\n<meta name=\"twitter:label1\" content=\"Dur\u00e9e de lecture estim\u00e9e\" \/>\n\t<meta name=\"twitter:data1\" content=\"1 minute\" \/>\n<script type=\"application\/ld+json\" class=\"yoast-schema-graph\">{\"@context\":\"https:\/\/schema.org\",\"@graph\":[{\"@type\":\"WebPage\",\"@id\":\"https:\/\/woodinout.net\/fr\/product\/trieur-de-forme-de-bois\/\",\"url\":\"https:\/\/woodinout.net\/fr\/product\/trieur-de-forme-de-bois\/\",\"name\":\"Trieur de forme en bois - puzzle - Woodinout \u00a9 Jouets Montessori\",\"isPartOf\":{\"@id\":\"https:\/\/woodinout.net\/fr\/#website\"},\"datePublished\":\"2020-06-20T19:59:35+00:00\",\"dateModified\":\"2022-04-06T06:03:29+00:00\",\"description\":\"Les premiers jouets \u00e9ducatifs pour b\u00e9b\u00e9 doivent \u00eatre - naturels et faits \u00e0 la main. Ce trieur de forme en bois - puzzle est exactement cela! Exp\u00e9dition dans le monde entier.\",\"breadcrumb\":{\"@id\":\"https:\/\/woodinout.net\/fr\/product\/trieur-de-forme-de-bois\/#breadcrumb\"},\"inLanguage\":\"fr-FR\",\"potentialAction\":[{\"@type\":\"ReadAction\",\"target\":[\"https:\/\/woodinout.net\/fr\/product\/trieur-de-forme-de-bois\/\"]}]},{\"@type\":\"BreadcrumbList\",\"@id\":\"https:\/\/woodinout.net\/fr\/product\/trieur-de-forme-de-bois\/#breadcrumb\",\"itemListElement\":[{\"@type\":\"ListItem\",\"position\":1,\"name\":\"Home\",\"item\":\"https:\/\/woodinout.net\/fr\/\"},{\"@type\":\"ListItem\",\"position\":2,\"name\":\"Shop\",\"item\":\"https:\/\/woodinout.net\/shop\/\"},{\"@type\":\"ListItem\",\"position\":3,\"name\":\"Trieur de forme en bois &#8211; puzzle\"}]},{\"@type\":\"WebSite\",\"@id\":\"https:\/\/woodinout.net\/fr\/#website\",\"url\":\"https:\/\/woodinout.net\/fr\/\",\"name\":\"Woodinout \u00a9\",\"description\":\"Wooden Montessori toys, gifts, home and events decor details\",\"potentialAction\":[{\"@type\":\"SearchAction\",\"target\":{\"@type\":\"EntryPoint\",\"urlTemplate\":\"https:\/\/woodinout.net\/fr\/?s={search_term_string}\"},\"query-input\":\"required name=search_term_string\"}],\"inLanguage\":\"fr-FR\"}]}<\/script>\n<!-- \/ Yoast SEO plugin. -->","yoast_head_json":{"title":"Trieur de forme en bois - puzzle - Woodinout \u00a9 Jouets Montessori","description":"Les premiers jouets \u00e9ducatifs pour b\u00e9b\u00e9 doivent \u00eatre - naturels et faits \u00e0 la main. Ce trieur de forme en bois - puzzle est exactement cela! Exp\u00e9dition dans le monde entier.","robots":{"index":"index","follow":"follow","max-snippet":"max-snippet:-1","max-image-preview":"max-image-preview:large","max-video-preview":"max-video-preview:-1"},"canonical":"https:\/\/woodinout.net\/fr\/product\/trieur-de-forme-de-bois\/","og_locale":"fr_FR","og_type":"article","og_title":"Trieur de forme en bois - puzzle - Woodinout \u00a9 Jouets Montessori","og_description":"Les premiers jouets \u00e9ducatifs pour b\u00e9b\u00e9 doivent \u00eatre - naturels et faits \u00e0 la main. Ce trieur de forme en bois - puzzle est exactement cela! Exp\u00e9dition dans le monde entier.","og_url":"https:\/\/woodinout.net\/fr\/product\/trieur-de-forme-de-bois\/","og_site_name":"Woodinout \u00a9","article_modified_time":"2022-04-06T06:03:29+00:00","og_image":[{"width":853,"height":1280,"url":"https:\/\/woodinout.net\/wp-content\/uploads\/2020\/06\/Wood-shape-sorter-1.jpg","type":"image\/jpeg"}],"twitter_card":"summary_large_image","twitter_misc":{"Dur\u00e9e de lecture estim\u00e9e":"1 minute"},"schema":{"@context":"https:\/\/schema.org","@graph":[{"@type":"WebPage","@id":"https:\/\/woodinout.net\/fr\/product\/trieur-de-forme-de-bois\/","url":"https:\/\/woodinout.net\/fr\/product\/trieur-de-forme-de-bois\/","name":"Trieur de forme en bois - puzzle - Woodinout \u00a9 Jouets Montessori","isPartOf":{"@id":"https:\/\/woodinout.net\/fr\/#website"},"datePublished":"2020-06-20T19:59:35+00:00","dateModified":"2022-04-06T06:03:29+00:00","description":"Les premiers jouets \u00e9ducatifs pour b\u00e9b\u00e9 doivent \u00eatre - naturels et faits \u00e0 la main. Ce trieur de forme en bois - puzzle est exactement cela! Exp\u00e9dition dans le monde entier.","breadcrumb":{"@id":"https:\/\/woodinout.net\/fr\/product\/trieur-de-forme-de-bois\/#breadcrumb"},"inLanguage":"fr-FR","potentialAction":[{"@type":"ReadAction","target":["https:\/\/woodinout.net\/fr\/product\/trieur-de-forme-de-bois\/"]}]},{"@type":"BreadcrumbList","@id":"https:\/\/woodinout.net\/fr\/product\/trieur-de-forme-de-bois\/#breadcrumb","itemListElement":[{"@type":"ListItem","position":1,"name":"Home","item":"https:\/\/woodinout.net\/fr\/"},{"@type":"ListItem","position":2,"name":"Shop","item":"https:\/\/woodinout.net\/shop\/"},{"@type":"ListItem","position":3,"name":"Trieur de forme en bois &#8211; puzzle"}]},{"@type":"WebSite","@id":"https:\/\/woodinout.net\/fr\/#website","url":"https:\/\/woodinout.net\/fr\/","name":"Woodinout \u00a9","description":"Wooden Montessori toys, gifts, home and events decor details","potentialAction":[{"@type":"SearchAction","target":{"@type":"EntryPoint","urlTemplate":"https:\/\/woodinout.net\/fr\/?s={search_term_string}"},"query-input":"required name=search_term_string"}],"inLanguage":"fr-FR"}]}},"_links":{"self":[{"href":"https:\/\/woodinout.net\/fr\/wp-json\/wp\/v2\/product\/21083"}],"collection":[{"href":"https:\/\/woodinout.net\/fr\/wp-json\/wp\/v2\/product"}],"about":[{"href":"https:\/\/woodinout.net\/fr\/wp-json\/wp\/v2\/types\/product"}],"wp:featuredmedia":[{"embeddable":true,"href":"https:\/\/woodinout.net\/fr\/wp-json\/wp\/v2\/media\/17127"}],"wp:attachment":[{"href":"https:\/\/woodinout.net\/fr\/wp-json\/wp\/v2\/media?parent=21083"}],"wp:term":[{"taxonomy":"product_cat","embeddable":true,"href":"https:\/\/woodinout.net\/fr\/wp-json\/wp\/v2\/product_cat?post=21083"},{"taxonomy":"product_tag","embeddable":true,"href":"https:\/\/woodinout.net\/fr\/wp-json\/wp\/v2\/product_tag?post=21083"}],"curies":[{"name":"wp","href":"https:\/\/api.w.org\/{rel}","templated":true}]}}