{"id":21081,"date":"2020-06-20T22:50:21","date_gmt":"2020-06-20T19:50:21","guid":{"rendered":"https:\/\/woodinout.net\/product\/puzzle-de-numeros-en-bois\/"},"modified":"2022-04-28T11:30:15","modified_gmt":"2022-04-28T08:30:15","slug":"puzzle-en-bois-pour-les-nombres-et-le-comptage","status":"publish","type":"product","link":"https:\/\/woodinout.net\/fr\/product\/puzzle-en-bois-pour-les-nombres-et-le-comptage\/","title":{"rendered":"Puzzle de num\u00e9ros en bois"},"content":{"rendered":"<p>Puzzle de chiffres en bois cr\u00e9\u00e9 pour que les enfants apprennent de mani\u00e8re amusante. Notre puzzle math\u00e9matique inspir\u00e9 de Montessori est une fa\u00e7on diff\u00e9rente d\u2019apprendre les nombres et le comptage. Les num\u00e9ros de bois sont un cadeau g\u00e9nial pour les enfants. Nous graverons votre message d\u00e9sir\u00e9 au dos, si vous souhaitez en faire un cadeau personnalis\u00e9. Ce puzzle en bois est \u00e9galement un bon ajout au mat\u00e9riel math\u00e9matique des premiers b\u00e9b\u00e9s &#8211; plus t\u00f4t est mieux. Vouloir rendre les parents heureux, apprendre des jouets comme des cadeaux pour enfants est ce qu\u2019ils appr\u00e9cient vraiment. Les jouets \u00e9ducatifs sont la r\u00e9ponse \u00e0 des d\u00e9penses de temps utiles et pr\u00e9cieuses.<\/p>\n<p>Trouvez plus de cadeaux pour b\u00e9b\u00e9s inspir\u00e9s de Montessori <a href=\"https:\/\/woodinout.net\/product-category\/wooden-toys\/baby-toys\/\">ICI.<\/a><\/p>\n<p>Le kit contient :<br \/>\nTableau de puzzle de num\u00e9ros<br \/>\nNombres de 0 \u00e0 9<\/p>\n<p>TAILLE<br \/>\nPlanche<br \/>\nHauteur: ~ 6 pouces<br \/>\nLongueur: ~ 10 pouces<br \/>\n\u00c9paisseur de la carte: ~ 0,6 pouces<\/p>\n<p>Nombres<br \/>\nHauteur: ~ 2,7 pouces<br \/>\n\u00c9paisseur: ~ 0,6 pouces<\/p>\n<p>COULEURS ET MAT\u00c9RIAUX<br \/>\nCouleur: brun fonc\u00e9 ou huil\u00e9 naturel.<br \/>\nLe jouet est fait de BOIS MASSIF NATUREL et de peintures \/ huiles respectueuses de l\u2019environnement.<br \/>\nVeuillez noter que les couleurs peuvent varier en raison des param\u00e8tres de l\u2019\u00e9cran de l\u2019ordinateur et de l\u2019\u00e9claircissement.<\/p>\n<p>Pour plus d\u2019id\u00e9es, suivez-nous sur <a href=\"https:\/\/www.instagram.com\/woodinout\/\">INSTAGRAM<\/a> &amp; <a href=\"https:\/\/www.facebook.com\/Woodinout.net\">FACEBOOK<\/a><\/p>\n","protected":false},"excerpt":{"rendered":"<p>Puzzle de chiffres en bois cr\u00e9\u00e9 pour que les enfants apprennent de mani\u00e8re amusante. Notre puzzle math\u00e9matique inspir\u00e9 de Montessori est une fa\u00e7on diff\u00e9rente d\u2019apprendre les nombres et le comptage. Les num\u00e9ros de bois sont un cadeau g\u00e9nial pour les enfants. Nous graverons votre message d\u00e9sir\u00e9 au dos, si vous souhaitez en faire un cadeau [&hellip;]<\/p>\n","protected":false},"featured_media":17071,"template":"","meta":{"_monsterinsights_skip_tracking":false,"_monsterinsights_sitenote_active":false,"_monsterinsights_sitenote_note":"","_monsterinsights_sitenote_category":0},"product_cat":[1723,1724],"product_tag":[1841,1736,1738,1735,1729,1835,1728,1726,1838,1842,1734,1904,1843],"yoast_head":"<!-- This site is optimized with the Yoast SEO plugin v22.1 - https:\/\/yoast.com\/wordpress\/plugins\/seo\/ -->\n<title>Puzzle de num\u00e9ros en bois - Woodinout \u00a9 Mat\u00e9riel math\u00e9matique Montessori<\/title>\n<meta name=\"description\" content=\"Apprenez les nombres et le comptage de mani\u00e8re amusante avec ce puzzle naturel de nombres en bois. Mat\u00e9riel de math\u00e9matiques Montessori pour un temps pr\u00e9cieux en famille.\" \/>\n<meta name=\"robots\" content=\"index, follow, max-snippet:-1, max-image-preview:large, max-video-preview:-1\" \/>\n<link rel=\"canonical\" href=\"https:\/\/woodinout.net\/fr\/product\/puzzle-en-bois-pour-les-nombres-et-le-comptage\/\" \/>\n<meta property=\"og:locale\" content=\"fr_FR\" \/>\n<meta property=\"og:type\" content=\"article\" \/>\n<meta property=\"og:title\" content=\"Puzzle de num\u00e9ros en bois - Woodinout \u00a9 Mat\u00e9riel math\u00e9matique Montessori\" \/>\n<meta property=\"og:description\" content=\"Apprenez les nombres et le comptage de mani\u00e8re amusante avec ce puzzle naturel de nombres en bois. Mat\u00e9riel de math\u00e9matiques Montessori pour un temps pr\u00e9cieux en famille.\" \/>\n<meta property=\"og:url\" content=\"https:\/\/woodinout.net\/fr\/product\/puzzle-en-bois-pour-les-nombres-et-le-comptage\/\" \/>\n<meta property=\"og:site_name\" content=\"Woodinout \u00a9\" \/>\n<meta property=\"article:modified_time\" content=\"2022-04-28T08:30:15+00:00\" \/>\n<meta property=\"og:image\" content=\"https:\/\/woodinout.net\/wp-content\/uploads\/2020\/06\/Wooden-puzzle-for-numbers-and-counting-3.jpg\" \/>\n\t<meta property=\"og:image:width\" content=\"853\" \/>\n\t<meta property=\"og:image:height\" content=\"1280\" \/>\n\t<meta property=\"og:image:type\" content=\"image\/jpeg\" \/>\n<meta name=\"twitter:card\" content=\"summary_large_image\" \/>\n<meta name=\"twitter:label1\" content=\"Dur\u00e9e de lecture estim\u00e9e\" \/>\n\t<meta name=\"twitter:data1\" content=\"1 minute\" \/>\n<script type=\"application\/ld+json\" class=\"yoast-schema-graph\">{\"@context\":\"https:\/\/schema.org\",\"@graph\":[{\"@type\":\"WebPage\",\"@id\":\"https:\/\/woodinout.net\/fr\/product\/puzzle-en-bois-pour-les-nombres-et-le-comptage\/\",\"url\":\"https:\/\/woodinout.net\/fr\/product\/puzzle-en-bois-pour-les-nombres-et-le-comptage\/\",\"name\":\"Puzzle de num\u00e9ros en bois - Woodinout \u00a9 Mat\u00e9riel math\u00e9matique Montessori\",\"isPartOf\":{\"@id\":\"https:\/\/woodinout.net\/fr\/#website\"},\"datePublished\":\"2020-06-20T19:50:21+00:00\",\"dateModified\":\"2022-04-28T08:30:15+00:00\",\"description\":\"Apprenez les nombres et le comptage de mani\u00e8re amusante avec ce puzzle naturel de nombres en bois. Mat\u00e9riel de math\u00e9matiques Montessori pour un temps pr\u00e9cieux en famille.\",\"breadcrumb\":{\"@id\":\"https:\/\/woodinout.net\/fr\/product\/puzzle-en-bois-pour-les-nombres-et-le-comptage\/#breadcrumb\"},\"inLanguage\":\"fr-FR\",\"potentialAction\":[{\"@type\":\"ReadAction\",\"target\":[\"https:\/\/woodinout.net\/fr\/product\/puzzle-en-bois-pour-les-nombres-et-le-comptage\/\"]}]},{\"@type\":\"BreadcrumbList\",\"@id\":\"https:\/\/woodinout.net\/fr\/product\/puzzle-en-bois-pour-les-nombres-et-le-comptage\/#breadcrumb\",\"itemListElement\":[{\"@type\":\"ListItem\",\"position\":1,\"name\":\"Home\",\"item\":\"https:\/\/woodinout.net\/fr\/\"},{\"@type\":\"ListItem\",\"position\":2,\"name\":\"Shop\",\"item\":\"https:\/\/woodinout.net\/shop\/\"},{\"@type\":\"ListItem\",\"position\":3,\"name\":\"Puzzle de num\u00e9ros en bois\"}]},{\"@type\":\"WebSite\",\"@id\":\"https:\/\/woodinout.net\/fr\/#website\",\"url\":\"https:\/\/woodinout.net\/fr\/\",\"name\":\"Woodinout \u00a9\",\"description\":\"Wooden Montessori toys, gifts, home and events decor details\",\"potentialAction\":[{\"@type\":\"SearchAction\",\"target\":{\"@type\":\"EntryPoint\",\"urlTemplate\":\"https:\/\/woodinout.net\/fr\/?s={search_term_string}\"},\"query-input\":\"required name=search_term_string\"}],\"inLanguage\":\"fr-FR\"}]}<\/script>\n<!-- \/ Yoast SEO plugin. -->","yoast_head_json":{"title":"Puzzle de num\u00e9ros en bois - Woodinout \u00a9 Mat\u00e9riel math\u00e9matique Montessori","description":"Apprenez les nombres et le comptage de mani\u00e8re amusante avec ce puzzle naturel de nombres en bois. Mat\u00e9riel de math\u00e9matiques Montessori pour un temps pr\u00e9cieux en famille.","robots":{"index":"index","follow":"follow","max-snippet":"max-snippet:-1","max-image-preview":"max-image-preview:large","max-video-preview":"max-video-preview:-1"},"canonical":"https:\/\/woodinout.net\/fr\/product\/puzzle-en-bois-pour-les-nombres-et-le-comptage\/","og_locale":"fr_FR","og_type":"article","og_title":"Puzzle de num\u00e9ros en bois - Woodinout \u00a9 Mat\u00e9riel math\u00e9matique Montessori","og_description":"Apprenez les nombres et le comptage de mani\u00e8re amusante avec ce puzzle naturel de nombres en bois. Mat\u00e9riel de math\u00e9matiques Montessori pour un temps pr\u00e9cieux en famille.","og_url":"https:\/\/woodinout.net\/fr\/product\/puzzle-en-bois-pour-les-nombres-et-le-comptage\/","og_site_name":"Woodinout \u00a9","article_modified_time":"2022-04-28T08:30:15+00:00","og_image":[{"width":853,"height":1280,"url":"https:\/\/woodinout.net\/wp-content\/uploads\/2020\/06\/Wooden-puzzle-for-numbers-and-counting-3.jpg","type":"image\/jpeg"}],"twitter_card":"summary_large_image","twitter_misc":{"Dur\u00e9e de lecture estim\u00e9e":"1 minute"},"schema":{"@context":"https:\/\/schema.org","@graph":[{"@type":"WebPage","@id":"https:\/\/woodinout.net\/fr\/product\/puzzle-en-bois-pour-les-nombres-et-le-comptage\/","url":"https:\/\/woodinout.net\/fr\/product\/puzzle-en-bois-pour-les-nombres-et-le-comptage\/","name":"Puzzle de num\u00e9ros en bois - Woodinout \u00a9 Mat\u00e9riel math\u00e9matique Montessori","isPartOf":{"@id":"https:\/\/woodinout.net\/fr\/#website"},"datePublished":"2020-06-20T19:50:21+00:00","dateModified":"2022-04-28T08:30:15+00:00","description":"Apprenez les nombres et le comptage de mani\u00e8re amusante avec ce puzzle naturel de nombres en bois. Mat\u00e9riel de math\u00e9matiques Montessori pour un temps pr\u00e9cieux en famille.","breadcrumb":{"@id":"https:\/\/woodinout.net\/fr\/product\/puzzle-en-bois-pour-les-nombres-et-le-comptage\/#breadcrumb"},"inLanguage":"fr-FR","potentialAction":[{"@type":"ReadAction","target":["https:\/\/woodinout.net\/fr\/product\/puzzle-en-bois-pour-les-nombres-et-le-comptage\/"]}]},{"@type":"BreadcrumbList","@id":"https:\/\/woodinout.net\/fr\/product\/puzzle-en-bois-pour-les-nombres-et-le-comptage\/#breadcrumb","itemListElement":[{"@type":"ListItem","position":1,"name":"Home","item":"https:\/\/woodinout.net\/fr\/"},{"@type":"ListItem","position":2,"name":"Shop","item":"https:\/\/woodinout.net\/shop\/"},{"@type":"ListItem","position":3,"name":"Puzzle de num\u00e9ros en bois"}]},{"@type":"WebSite","@id":"https:\/\/woodinout.net\/fr\/#website","url":"https:\/\/woodinout.net\/fr\/","name":"Woodinout \u00a9","description":"Wooden Montessori toys, gifts, home and events decor details","potentialAction":[{"@type":"SearchAction","target":{"@type":"EntryPoint","urlTemplate":"https:\/\/woodinout.net\/fr\/?s={search_term_string}"},"query-input":"required name=search_term_string"}],"inLanguage":"fr-FR"}]}},"_links":{"self":[{"href":"https:\/\/woodinout.net\/fr\/wp-json\/wp\/v2\/product\/21081"}],"collection":[{"href":"https:\/\/woodinout.net\/fr\/wp-json\/wp\/v2\/product"}],"about":[{"href":"https:\/\/woodinout.net\/fr\/wp-json\/wp\/v2\/types\/product"}],"wp:featuredmedia":[{"embeddable":true,"href":"https:\/\/woodinout.net\/fr\/wp-json\/wp\/v2\/media\/17071"}],"wp:attachment":[{"href":"https:\/\/woodinout.net\/fr\/wp-json\/wp\/v2\/media?parent=21081"}],"wp:term":[{"taxonomy":"product_cat","embeddable":true,"href":"https:\/\/woodinout.net\/fr\/wp-json\/wp\/v2\/product_cat?post=21081"},{"taxonomy":"product_tag","embeddable":true,"href":"https:\/\/woodinout.net\/fr\/wp-json\/wp\/v2\/product_tag?post=21081"}],"curies":[{"name":"wp","href":"https:\/\/api.w.org\/{rel}","templated":true}]}}