{"id":21077,"date":"2020-06-20T22:45:52","date_gmt":"2020-06-20T19:45:52","guid":{"rendered":"https:\/\/woodinout.net\/product\/jouet-du-systeme-solaire-en-bois\/"},"modified":"2022-04-28T11:27:51","modified_gmt":"2022-04-28T08:27:51","slug":"systeme-solaire-en-bois","status":"publish","type":"product","link":"https:\/\/woodinout.net\/fr\/product\/systeme-solaire-en-bois\/","title":{"rendered":"Jouet du syst\u00e8me solaire en bois"},"content":{"rendered":"<p>Le jouet en bois du syst\u00e8me solaire pour les enfants est un cadeau pr\u00e9cieux, bien appr\u00e9ci\u00e9 par les parents et \u00e9l\u00e9gant! Les jouets Montessori sont bien connus dans le monde entier, ce mod\u00e8le de plan\u00e8tes en bois est l\u2019un d\u2019entre eux.<br \/>\nLes jouets du syst\u00e8me solaire sont les meilleurs <a href=\"https:\/\/woodinout.net\/product-category\/wooden-toys\/science-nature-toys\/\">cadeaux scientifiques<\/a> pour les amoureux de l\u2019univers. Nous ferons de ce syst\u00e8me solaire en bois un cadeau personnalis\u00e9 avec VOTRE texte d\u00e9sir\u00e9 au dos grav\u00e9. Le mod\u00e8le de plan\u00e8te en bois est si beau, convient \u00e0 tous les styles de d\u00e9coration de chambre d\u2019enfants. Jouets en bois &#8211; Jouets d\u2019apprentissage &#8211; Jouets Montessori &#8211; c\u2019est ce que nous faisons de mieux chez Woodinout, obtenez ce puzzle personnalis\u00e9 avec syst\u00e8me solaire et rejoignez la famille de clients heureux!<\/p>\n<p>Le kit contient :<br \/>\nPanneau de syst\u00e8me solaire en bois<br \/>\n11 formes\/plan\u00e8tes<\/p>\n<p>Am\u00e9liorera la motricit\u00e9<\/p>\n<p>TAILLE<br \/>\nLongueur: ~ 19,7 pouces<br \/>\nHauteur: ~ 4,3 pouces<br \/>\n\u00c9paisseur: ~ 0,6 pouces<\/p>\n<p>COULEURS ET MAT\u00c9RIAUX<br \/>\nCouleur: naturel huil\u00e9.<br \/>\nLe jouet est fait de BOIS MASSIF NATUREL et de contreplaqu\u00e9.<br \/>\nVeuillez noter que les couleurs peuvent varier en raison des param\u00e8tres de l\u2019\u00e9cran de l\u2019ordinateur et de l\u2019\u00e9claircissement.<\/p>\n<p>Pour plus d\u2019id\u00e9es, suivez-nous sur <a href=\"https:\/\/www.instagram.com\/woodinout\/\">INSTAGRAM<\/a> &amp; <a href=\"https:\/\/www.facebook.com\/Woodinout.net\">FACEBOOK<\/a><\/p>\n","protected":false},"excerpt":{"rendered":"<p>Le jouet en bois du syst\u00e8me solaire pour les enfants est un cadeau pr\u00e9cieux, bien appr\u00e9ci\u00e9 par les parents et \u00e9l\u00e9gant! Les jouets Montessori sont bien connus dans le monde entier, ce mod\u00e8le de plan\u00e8tes en bois est l\u2019un d\u2019entre eux. Les jouets du syst\u00e8me solaire sont les meilleurs cadeaux scientifiques pour les amoureux de [&hellip;]<\/p>\n","protected":false},"featured_media":16991,"template":"","meta":{"_monsterinsights_skip_tracking":false,"_monsterinsights_sitenote_active":false,"_monsterinsights_sitenote_note":"","_monsterinsights_sitenote_category":0},"product_cat":[1723,1758],"product_tag":[1736,1738,1735,1729,1914,1919,1728,1726,1734,1791,1916,1912],"yoast_head":"<!-- This site is optimized with the Yoast SEO plugin v22.1 - https:\/\/yoast.com\/wordpress\/plugins\/seo\/ -->\n<title>Jouet du syst\u00e8me solaire en bois - Woodinout \u00a9 d\u2019apprentissage<\/title>\n<meta name=\"description\" content=\"Apprenez la science de mani\u00e8re \u00e9l\u00e9gante et naturelle. Le jouet du syst\u00e8me solaire en bois inspir\u00e9 de Montessori est le meilleur cadeau \u00e9ducatif pour enfants. Personnalisation possible!\" \/>\n<meta name=\"robots\" content=\"index, follow, max-snippet:-1, max-image-preview:large, max-video-preview:-1\" \/>\n<link rel=\"canonical\" href=\"https:\/\/woodinout.net\/fr\/product\/systeme-solaire-en-bois\/\" \/>\n<meta property=\"og:locale\" content=\"fr_FR\" \/>\n<meta property=\"og:type\" content=\"article\" \/>\n<meta property=\"og:title\" content=\"Jouet du syst\u00e8me solaire en bois - Woodinout \u00a9 d\u2019apprentissage\" \/>\n<meta property=\"og:description\" content=\"Apprenez la science de mani\u00e8re \u00e9l\u00e9gante et naturelle. Le jouet du syst\u00e8me solaire en bois inspir\u00e9 de Montessori est le meilleur cadeau \u00e9ducatif pour enfants. Personnalisation possible!\" \/>\n<meta property=\"og:url\" content=\"https:\/\/woodinout.net\/fr\/product\/systeme-solaire-en-bois\/\" \/>\n<meta property=\"og:site_name\" content=\"Woodinout \u00a9\" \/>\n<meta property=\"article:modified_time\" content=\"2022-04-28T08:27:51+00:00\" \/>\n<meta property=\"og:image\" content=\"https:\/\/woodinout.net\/wp-content\/uploads\/2020\/06\/Wooden-solar-system-1.jpg\" \/>\n\t<meta property=\"og:image:width\" content=\"853\" \/>\n\t<meta property=\"og:image:height\" content=\"1280\" \/>\n\t<meta property=\"og:image:type\" content=\"image\/jpeg\" \/>\n<meta name=\"twitter:card\" content=\"summary_large_image\" \/>\n<meta name=\"twitter:label1\" content=\"Dur\u00e9e de lecture estim\u00e9e\" \/>\n\t<meta name=\"twitter:data1\" content=\"1 minute\" \/>\n<script type=\"application\/ld+json\" class=\"yoast-schema-graph\">{\"@context\":\"https:\/\/schema.org\",\"@graph\":[{\"@type\":\"WebPage\",\"@id\":\"https:\/\/woodinout.net\/fr\/product\/systeme-solaire-en-bois\/\",\"url\":\"https:\/\/woodinout.net\/fr\/product\/systeme-solaire-en-bois\/\",\"name\":\"Jouet du syst\u00e8me solaire en bois - Woodinout \u00a9 d\u2019apprentissage\",\"isPartOf\":{\"@id\":\"https:\/\/woodinout.net\/fr\/#website\"},\"datePublished\":\"2020-06-20T19:45:52+00:00\",\"dateModified\":\"2022-04-28T08:27:51+00:00\",\"description\":\"Apprenez la science de mani\u00e8re \u00e9l\u00e9gante et naturelle. Le jouet du syst\u00e8me solaire en bois inspir\u00e9 de Montessori est le meilleur cadeau \u00e9ducatif pour enfants. Personnalisation possible!\",\"breadcrumb\":{\"@id\":\"https:\/\/woodinout.net\/fr\/product\/systeme-solaire-en-bois\/#breadcrumb\"},\"inLanguage\":\"fr-FR\",\"potentialAction\":[{\"@type\":\"ReadAction\",\"target\":[\"https:\/\/woodinout.net\/fr\/product\/systeme-solaire-en-bois\/\"]}]},{\"@type\":\"BreadcrumbList\",\"@id\":\"https:\/\/woodinout.net\/fr\/product\/systeme-solaire-en-bois\/#breadcrumb\",\"itemListElement\":[{\"@type\":\"ListItem\",\"position\":1,\"name\":\"Home\",\"item\":\"https:\/\/woodinout.net\/fr\/\"},{\"@type\":\"ListItem\",\"position\":2,\"name\":\"Shop\",\"item\":\"https:\/\/woodinout.net\/shop\/\"},{\"@type\":\"ListItem\",\"position\":3,\"name\":\"Jouet du syst\u00e8me solaire en bois\"}]},{\"@type\":\"WebSite\",\"@id\":\"https:\/\/woodinout.net\/fr\/#website\",\"url\":\"https:\/\/woodinout.net\/fr\/\",\"name\":\"Woodinout \u00a9\",\"description\":\"Wooden Montessori toys, gifts, home and events decor details\",\"potentialAction\":[{\"@type\":\"SearchAction\",\"target\":{\"@type\":\"EntryPoint\",\"urlTemplate\":\"https:\/\/woodinout.net\/fr\/?s={search_term_string}\"},\"query-input\":\"required name=search_term_string\"}],\"inLanguage\":\"fr-FR\"}]}<\/script>\n<!-- \/ Yoast SEO plugin. -->","yoast_head_json":{"title":"Jouet du syst\u00e8me solaire en bois - Woodinout \u00a9 d\u2019apprentissage","description":"Apprenez la science de mani\u00e8re \u00e9l\u00e9gante et naturelle. Le jouet du syst\u00e8me solaire en bois inspir\u00e9 de Montessori est le meilleur cadeau \u00e9ducatif pour enfants. Personnalisation possible!","robots":{"index":"index","follow":"follow","max-snippet":"max-snippet:-1","max-image-preview":"max-image-preview:large","max-video-preview":"max-video-preview:-1"},"canonical":"https:\/\/woodinout.net\/fr\/product\/systeme-solaire-en-bois\/","og_locale":"fr_FR","og_type":"article","og_title":"Jouet du syst\u00e8me solaire en bois - Woodinout \u00a9 d\u2019apprentissage","og_description":"Apprenez la science de mani\u00e8re \u00e9l\u00e9gante et naturelle. Le jouet du syst\u00e8me solaire en bois inspir\u00e9 de Montessori est le meilleur cadeau \u00e9ducatif pour enfants. Personnalisation possible!","og_url":"https:\/\/woodinout.net\/fr\/product\/systeme-solaire-en-bois\/","og_site_name":"Woodinout \u00a9","article_modified_time":"2022-04-28T08:27:51+00:00","og_image":[{"width":853,"height":1280,"url":"https:\/\/woodinout.net\/wp-content\/uploads\/2020\/06\/Wooden-solar-system-1.jpg","type":"image\/jpeg"}],"twitter_card":"summary_large_image","twitter_misc":{"Dur\u00e9e de lecture estim\u00e9e":"1 minute"},"schema":{"@context":"https:\/\/schema.org","@graph":[{"@type":"WebPage","@id":"https:\/\/woodinout.net\/fr\/product\/systeme-solaire-en-bois\/","url":"https:\/\/woodinout.net\/fr\/product\/systeme-solaire-en-bois\/","name":"Jouet du syst\u00e8me solaire en bois - Woodinout \u00a9 d\u2019apprentissage","isPartOf":{"@id":"https:\/\/woodinout.net\/fr\/#website"},"datePublished":"2020-06-20T19:45:52+00:00","dateModified":"2022-04-28T08:27:51+00:00","description":"Apprenez la science de mani\u00e8re \u00e9l\u00e9gante et naturelle. Le jouet du syst\u00e8me solaire en bois inspir\u00e9 de Montessori est le meilleur cadeau \u00e9ducatif pour enfants. Personnalisation possible!","breadcrumb":{"@id":"https:\/\/woodinout.net\/fr\/product\/systeme-solaire-en-bois\/#breadcrumb"},"inLanguage":"fr-FR","potentialAction":[{"@type":"ReadAction","target":["https:\/\/woodinout.net\/fr\/product\/systeme-solaire-en-bois\/"]}]},{"@type":"BreadcrumbList","@id":"https:\/\/woodinout.net\/fr\/product\/systeme-solaire-en-bois\/#breadcrumb","itemListElement":[{"@type":"ListItem","position":1,"name":"Home","item":"https:\/\/woodinout.net\/fr\/"},{"@type":"ListItem","position":2,"name":"Shop","item":"https:\/\/woodinout.net\/shop\/"},{"@type":"ListItem","position":3,"name":"Jouet du syst\u00e8me solaire en bois"}]},{"@type":"WebSite","@id":"https:\/\/woodinout.net\/fr\/#website","url":"https:\/\/woodinout.net\/fr\/","name":"Woodinout \u00a9","description":"Wooden Montessori toys, gifts, home and events decor details","potentialAction":[{"@type":"SearchAction","target":{"@type":"EntryPoint","urlTemplate":"https:\/\/woodinout.net\/fr\/?s={search_term_string}"},"query-input":"required name=search_term_string"}],"inLanguage":"fr-FR"}]}},"_links":{"self":[{"href":"https:\/\/woodinout.net\/fr\/wp-json\/wp\/v2\/product\/21077"}],"collection":[{"href":"https:\/\/woodinout.net\/fr\/wp-json\/wp\/v2\/product"}],"about":[{"href":"https:\/\/woodinout.net\/fr\/wp-json\/wp\/v2\/types\/product"}],"wp:featuredmedia":[{"embeddable":true,"href":"https:\/\/woodinout.net\/fr\/wp-json\/wp\/v2\/media\/16991"}],"wp:attachment":[{"href":"https:\/\/woodinout.net\/fr\/wp-json\/wp\/v2\/media?parent=21077"}],"wp:term":[{"taxonomy":"product_cat","embeddable":true,"href":"https:\/\/woodinout.net\/fr\/wp-json\/wp\/v2\/product_cat?post=21077"},{"taxonomy":"product_tag","embeddable":true,"href":"https:\/\/woodinout.net\/fr\/wp-json\/wp\/v2\/product_tag?post=21077"}],"curies":[{"name":"wp","href":"https:\/\/api.w.org\/{rel}","templated":true}]}}