{"id":21076,"date":"2020-06-20T23:04:00","date_gmt":"2020-06-20T20:04:00","guid":{"rendered":"https:\/\/woodinout.net\/product\/tableau-de-formes-de-tracage-dj-en-bois\/"},"modified":"2022-04-06T08:57:38","modified_gmt":"2022-04-06T05:57:38","slug":"planche-de-tracage-en-bois","status":"publish","type":"product","link":"https:\/\/woodinout.net\/fr\/product\/planche-de-tracage-en-bois\/","title":{"rendered":"Tableau de formes de tra\u00e7age DJ en bois"},"content":{"rendered":"<p>Planche de tra\u00e7age en bois. POURQUOI devriez-vous choisir cela?!<br \/>\n1. Am\u00e9liorera la coordination \u0153il-main, d\u00e9veloppera la motricit\u00e9 fine.<br \/>\n2. Le jeu sensoriel est une activit\u00e9 apaisante.<br \/>\n3. Il est fait \u00e0 la main et pourrait \u00eatre un cadeau personnalis\u00e9, nous graverons votre message au dos.<br \/>\n4. Les jouets d\u2019apprentissage d\u2019inspiration Montessori et Waldorf sont bien connus et appr\u00e9ci\u00e9s dans le monde entier.<br \/>\n5. Le mod\u00e8le de tra\u00e7age de motifs en bois rend l\u2019\u00e9cole \u00e0 la maison FACILE. \u00c9duquez votre enfant tout en jouant.<br \/>\n6. Les jouets \u00e9ducatifs sont sans aucun doute les cadeaux les plus appr\u00e9ci\u00e9s pour les enfants si vous voulez rendre leurs parents heureux aussi.<\/p>\n<p>Trouvez plus de jouets de tra\u00e7age <a href=\"https:\/\/woodinout.net\/product-tag\/wooden-tracing-boards\/\">ICI.<\/a><\/p>\n<p>Le kit contient :<br \/>\nPlanche de tra\u00e7age d\u2019ornements<br \/>\nStylo en bois<\/p>\n<p>TAILLE<br \/>\nHauteur: ~ 7,5 pouces<br \/>\nLongueur: ~ 10 pouces<br \/>\n\u00c9paisseur de la carte: ~ 0,6 pouces<\/p>\n<p>COULEURS ET MAT\u00c9RIAUX<br \/>\nFond : brun fonc\u00e9 ou huil\u00e9 naturel.<br \/>\nLe jouet est fait de BOIS MASSIF NATUREL et de peintures \/ huiles respectueuses de l\u2019environnement.<br \/>\nVeuillez noter que les couleurs peuvent varier en raison des param\u00e8tres de l\u2019\u00e9cran de l\u2019ordinateur et de l\u2019\u00e9claircissement.<\/p>\n<p>Pour plus d\u2019id\u00e9es, suivez-nous sur <a href=\"https:\/\/www.instagram.com\/woodinout\/\">INSTAGRAM<\/a> &amp; <a href=\"https:\/\/www.facebook.com\/Woodinout.net\">FACEBOOK<\/a><\/p>\n","protected":false},"excerpt":{"rendered":"<p>Planche de tra\u00e7age en bois. POURQUOI devriez-vous choisir cela?! 1. Am\u00e9liorera la coordination \u0153il-main, d\u00e9veloppera la motricit\u00e9 fine. 2. Le jeu sensoriel est une activit\u00e9 apaisante. 3. Il est fait \u00e0 la main et pourrait \u00eatre un cadeau personnalis\u00e9, nous graverons votre message au dos. 4. Les jouets d\u2019apprentissage d\u2019inspiration Montessori et Waldorf sont bien [&hellip;]<\/p>\n","protected":false},"featured_media":17167,"template":"","meta":{"_monsterinsights_skip_tracking":false,"_monsterinsights_sitenote_active":false,"_monsterinsights_sitenote_note":"","_monsterinsights_sitenote_category":0},"product_cat":[1789,1723,1725,1923],"product_tag":[1736,1738,1751,1735,1729,1728,1726,1734,1749,1801,1925,1924],"yoast_head":"<!-- This site is optimized with the Yoast SEO plugin v22.1 - https:\/\/yoast.com\/wordpress\/plugins\/seo\/ -->\n<title>Tableau de formes de tra\u00e7age DJ en bois - Woodinout \u00a9 d\u2019apprentissage pour tout-petits<\/title>\n<meta name=\"description\" content=\"Panneau de formes de tra\u00e7age en bois r\u00e9utilisable. Apprenez \u00e0 \u00e9crire de mani\u00e8re plus \u00e9cologique et \u00e9l\u00e9gante! Fait \u00e0 la main et s\u00e9curis\u00e9 pour les enfants.\" \/>\n<meta name=\"robots\" content=\"index, follow, max-snippet:-1, max-image-preview:large, max-video-preview:-1\" \/>\n<link rel=\"canonical\" href=\"https:\/\/woodinout.net\/fr\/product\/planche-de-tracage-en-bois\/\" \/>\n<meta property=\"og:locale\" content=\"fr_FR\" \/>\n<meta property=\"og:type\" content=\"article\" \/>\n<meta property=\"og:title\" content=\"Tableau de formes de tra\u00e7age DJ en bois - Woodinout \u00a9 d\u2019apprentissage pour tout-petits\" \/>\n<meta property=\"og:description\" content=\"Panneau de formes de tra\u00e7age en bois r\u00e9utilisable. Apprenez \u00e0 \u00e9crire de mani\u00e8re plus \u00e9cologique et \u00e9l\u00e9gante! Fait \u00e0 la main et s\u00e9curis\u00e9 pour les enfants.\" \/>\n<meta property=\"og:url\" content=\"https:\/\/woodinout.net\/fr\/product\/planche-de-tracage-en-bois\/\" \/>\n<meta property=\"og:site_name\" content=\"Woodinout \u00a9\" \/>\n<meta property=\"article:modified_time\" content=\"2022-04-06T05:57:38+00:00\" \/>\n<meta property=\"og:image\" content=\"https:\/\/woodinout.net\/wp-content\/uploads\/2020\/06\/Wooden-tracing-board-2.jpg\" \/>\n\t<meta property=\"og:image:width\" content=\"853\" \/>\n\t<meta property=\"og:image:height\" content=\"1280\" \/>\n\t<meta property=\"og:image:type\" content=\"image\/jpeg\" \/>\n<meta name=\"twitter:card\" content=\"summary_large_image\" \/>\n<meta name=\"twitter:label1\" content=\"Dur\u00e9e de lecture estim\u00e9e\" \/>\n\t<meta name=\"twitter:data1\" content=\"1 minute\" \/>\n<script type=\"application\/ld+json\" class=\"yoast-schema-graph\">{\"@context\":\"https:\/\/schema.org\",\"@graph\":[{\"@type\":\"WebPage\",\"@id\":\"https:\/\/woodinout.net\/fr\/product\/planche-de-tracage-en-bois\/\",\"url\":\"https:\/\/woodinout.net\/fr\/product\/planche-de-tracage-en-bois\/\",\"name\":\"Tableau de formes de tra\u00e7age DJ en bois - Woodinout \u00a9 d\u2019apprentissage pour tout-petits\",\"isPartOf\":{\"@id\":\"https:\/\/woodinout.net\/fr\/#website\"},\"datePublished\":\"2020-06-20T20:04:00+00:00\",\"dateModified\":\"2022-04-06T05:57:38+00:00\",\"description\":\"Panneau de formes de tra\u00e7age en bois r\u00e9utilisable. Apprenez \u00e0 \u00e9crire de mani\u00e8re plus \u00e9cologique et \u00e9l\u00e9gante! Fait \u00e0 la main et s\u00e9curis\u00e9 pour les enfants.\",\"breadcrumb\":{\"@id\":\"https:\/\/woodinout.net\/fr\/product\/planche-de-tracage-en-bois\/#breadcrumb\"},\"inLanguage\":\"fr-FR\",\"potentialAction\":[{\"@type\":\"ReadAction\",\"target\":[\"https:\/\/woodinout.net\/fr\/product\/planche-de-tracage-en-bois\/\"]}]},{\"@type\":\"BreadcrumbList\",\"@id\":\"https:\/\/woodinout.net\/fr\/product\/planche-de-tracage-en-bois\/#breadcrumb\",\"itemListElement\":[{\"@type\":\"ListItem\",\"position\":1,\"name\":\"Home\",\"item\":\"https:\/\/woodinout.net\/fr\/\"},{\"@type\":\"ListItem\",\"position\":2,\"name\":\"Shop\",\"item\":\"https:\/\/woodinout.net\/shop\/\"},{\"@type\":\"ListItem\",\"position\":3,\"name\":\"Tableau de formes de tra\u00e7age DJ en bois\"}]},{\"@type\":\"WebSite\",\"@id\":\"https:\/\/woodinout.net\/fr\/#website\",\"url\":\"https:\/\/woodinout.net\/fr\/\",\"name\":\"Woodinout \u00a9\",\"description\":\"Wooden Montessori toys, gifts, home and events decor details\",\"potentialAction\":[{\"@type\":\"SearchAction\",\"target\":{\"@type\":\"EntryPoint\",\"urlTemplate\":\"https:\/\/woodinout.net\/fr\/?s={search_term_string}\"},\"query-input\":\"required name=search_term_string\"}],\"inLanguage\":\"fr-FR\"}]}<\/script>\n<!-- \/ Yoast SEO plugin. -->","yoast_head_json":{"title":"Tableau de formes de tra\u00e7age DJ en bois - Woodinout \u00a9 d\u2019apprentissage pour tout-petits","description":"Panneau de formes de tra\u00e7age en bois r\u00e9utilisable. Apprenez \u00e0 \u00e9crire de mani\u00e8re plus \u00e9cologique et \u00e9l\u00e9gante! Fait \u00e0 la main et s\u00e9curis\u00e9 pour les enfants.","robots":{"index":"index","follow":"follow","max-snippet":"max-snippet:-1","max-image-preview":"max-image-preview:large","max-video-preview":"max-video-preview:-1"},"canonical":"https:\/\/woodinout.net\/fr\/product\/planche-de-tracage-en-bois\/","og_locale":"fr_FR","og_type":"article","og_title":"Tableau de formes de tra\u00e7age DJ en bois - Woodinout \u00a9 d\u2019apprentissage pour tout-petits","og_description":"Panneau de formes de tra\u00e7age en bois r\u00e9utilisable. Apprenez \u00e0 \u00e9crire de mani\u00e8re plus \u00e9cologique et \u00e9l\u00e9gante! Fait \u00e0 la main et s\u00e9curis\u00e9 pour les enfants.","og_url":"https:\/\/woodinout.net\/fr\/product\/planche-de-tracage-en-bois\/","og_site_name":"Woodinout \u00a9","article_modified_time":"2022-04-06T05:57:38+00:00","og_image":[{"width":853,"height":1280,"url":"https:\/\/woodinout.net\/wp-content\/uploads\/2020\/06\/Wooden-tracing-board-2.jpg","type":"image\/jpeg"}],"twitter_card":"summary_large_image","twitter_misc":{"Dur\u00e9e de lecture estim\u00e9e":"1 minute"},"schema":{"@context":"https:\/\/schema.org","@graph":[{"@type":"WebPage","@id":"https:\/\/woodinout.net\/fr\/product\/planche-de-tracage-en-bois\/","url":"https:\/\/woodinout.net\/fr\/product\/planche-de-tracage-en-bois\/","name":"Tableau de formes de tra\u00e7age DJ en bois - Woodinout \u00a9 d\u2019apprentissage pour tout-petits","isPartOf":{"@id":"https:\/\/woodinout.net\/fr\/#website"},"datePublished":"2020-06-20T20:04:00+00:00","dateModified":"2022-04-06T05:57:38+00:00","description":"Panneau de formes de tra\u00e7age en bois r\u00e9utilisable. Apprenez \u00e0 \u00e9crire de mani\u00e8re plus \u00e9cologique et \u00e9l\u00e9gante! Fait \u00e0 la main et s\u00e9curis\u00e9 pour les enfants.","breadcrumb":{"@id":"https:\/\/woodinout.net\/fr\/product\/planche-de-tracage-en-bois\/#breadcrumb"},"inLanguage":"fr-FR","potentialAction":[{"@type":"ReadAction","target":["https:\/\/woodinout.net\/fr\/product\/planche-de-tracage-en-bois\/"]}]},{"@type":"BreadcrumbList","@id":"https:\/\/woodinout.net\/fr\/product\/planche-de-tracage-en-bois\/#breadcrumb","itemListElement":[{"@type":"ListItem","position":1,"name":"Home","item":"https:\/\/woodinout.net\/fr\/"},{"@type":"ListItem","position":2,"name":"Shop","item":"https:\/\/woodinout.net\/shop\/"},{"@type":"ListItem","position":3,"name":"Tableau de formes de tra\u00e7age DJ en bois"}]},{"@type":"WebSite","@id":"https:\/\/woodinout.net\/fr\/#website","url":"https:\/\/woodinout.net\/fr\/","name":"Woodinout \u00a9","description":"Wooden Montessori toys, gifts, home and events decor details","potentialAction":[{"@type":"SearchAction","target":{"@type":"EntryPoint","urlTemplate":"https:\/\/woodinout.net\/fr\/?s={search_term_string}"},"query-input":"required name=search_term_string"}],"inLanguage":"fr-FR"}]}},"_links":{"self":[{"href":"https:\/\/woodinout.net\/fr\/wp-json\/wp\/v2\/product\/21076"}],"collection":[{"href":"https:\/\/woodinout.net\/fr\/wp-json\/wp\/v2\/product"}],"about":[{"href":"https:\/\/woodinout.net\/fr\/wp-json\/wp\/v2\/types\/product"}],"wp:featuredmedia":[{"embeddable":true,"href":"https:\/\/woodinout.net\/fr\/wp-json\/wp\/v2\/media\/17167"}],"wp:attachment":[{"href":"https:\/\/woodinout.net\/fr\/wp-json\/wp\/v2\/media?parent=21076"}],"wp:term":[{"taxonomy":"product_cat","embeddable":true,"href":"https:\/\/woodinout.net\/fr\/wp-json\/wp\/v2\/product_cat?post=21076"},{"taxonomy":"product_tag","embeddable":true,"href":"https:\/\/woodinout.net\/fr\/wp-json\/wp\/v2\/product_tag?post=21076"}],"curies":[{"name":"wp","href":"https:\/\/api.w.org\/{rel}","templated":true}]}}