{"id":21074,"date":"2020-06-20T22:42:00","date_gmt":"2020-06-20T19:42:00","guid":{"rendered":"https:\/\/woodinout.net\/product\/trace-en-bois-numeros-1-a-10-planche\/"},"modified":"2020-06-20T22:42:00","modified_gmt":"2020-06-20T19:42:00","slug":"planche-de-tracage-en-bois-avec-nombres-et-comptage","status":"publish","type":"product","link":"https:\/\/woodinout.net\/fr\/product\/planche-de-tracage-en-bois-avec-nombres-et-comptage\/","title":{"rendered":"Trac\u00e9 en bois num\u00e9ros 1 \u00e0 10 planche"},"content":{"rendered":"<p>Trac\u00e9 en bois num\u00e9ros 1 \u00e0 10 planche avec num\u00e9ros et comptage. Nos tableaux \u00e9ducatifs sont une fa\u00e7on amusante d\u2019apprendre l\u2019\u00e9criture. Tracer les nombres de bois est un moyen facile et amusant d\u2019apprendre \u00e0 les \u00e9crire. Inspir\u00e9 par le mat\u00e9riel math\u00e9matique Montessori, ce mod\u00e8le de tra\u00e7age est \u00e9galement parfait pour voyager &#8211; PLUS besoin de pleurnicher dans la voiture &#8211; apprendre en d\u00e9placement est int\u00e9ressant. Vouloir rendre les parents heureux, les cadeaux \u00e9ducatifs pour les enfants sont ce qu\u2019ils appr\u00e9cient vraiment. Faites-en un cadeau personnalis\u00e9! &#8211; nous graverons votre message recherch\u00e9 au dos. Les jouets Waldorf sont la r\u00e9ponse aux cadeaux utiles et pr\u00e9cieux pour les tout-petits. Trouvez plus de jouets pr\u00e9scolaires en bois dans notre boutique: etsy.com\/shop\/woodinout<\/p>\n<p>Le kit contient :<br \/>\nTableau de tra\u00e7age des nombres<br \/>\nStylo en bois<\/p>\n<p>Am\u00e9liorera la motricit\u00e9<\/p>\n<p>TAILLE<br \/>\nHauteur: ~ 6 pouces<br \/>\nLongueur: ~ 10 pouces<br \/>\n\u00c9paisseur de la carte: ~ 0,6 pouces<\/p>\n<p>COULEURS ET MAT\u00c9RIAUX<br \/>\nFond : brun fonc\u00e9 ou huil\u00e9 naturel.<br \/>\nLe jouet est fait de BOIS MASSIF NATUREL et de peintures \/ huiles respectueuses de l\u2019environnement.<br \/>\nVeuillez noter que les couleurs peuvent varier en raison des param\u00e8tres de l\u2019\u00e9cran de l\u2019ordinateur et de l\u2019\u00e9claircissement.<\/p>\n","protected":false},"excerpt":{"rendered":"<p>Trac\u00e9 en bois num\u00e9ros 1 \u00e0 10 planche avec num\u00e9ros et comptage. Nos tableaux \u00e9ducatifs sont une fa\u00e7on amusante d\u2019apprendre l\u2019\u00e9criture. Tracer les nombres de bois est un moyen facile et amusant d\u2019apprendre \u00e0 les \u00e9crire. Inspir\u00e9 par le mat\u00e9riel math\u00e9matique Montessori, ce mod\u00e8le de tra\u00e7age est \u00e9galement parfait pour voyager &#8211; PLUS besoin de [&hellip;]<\/p>\n","protected":false},"featured_media":16967,"template":"","meta":{"_monsterinsights_skip_tracking":false,"_monsterinsights_sitenote_active":false,"_monsterinsights_sitenote_note":"","_monsterinsights_sitenote_category":0},"product_cat":[1834,1789,1723],"product_tag":[1736,1738,1735,1729,1728,1726,1734,1929,1801,1927],"yoast_head":"<!-- This site is optimized with the Yoast SEO plugin v22.1 - https:\/\/yoast.com\/wordpress\/plugins\/seo\/ -->\n<title>Trac\u00e9 en bois num\u00e9ros 1 \u00e0 10 planche - Woodinout \u00a9<\/title>\n<meta name=\"description\" content=\"Tracer les num\u00e9ros 1 \u00e0 10 est maintenant facile - amusant - \u00e9l\u00e9gant. Planche en bois r\u00e9utilisable avec des num\u00e9ros tra\u00e7ables - Faite \u00e0 la main et \u00e9cologique.\" \/>\n<meta name=\"robots\" content=\"index, follow, max-snippet:-1, max-image-preview:large, max-video-preview:-1\" \/>\n<link rel=\"canonical\" href=\"https:\/\/woodinout.net\/fr\/product\/planche-de-tracage-en-bois-avec-nombres-et-comptage\/\" \/>\n<meta property=\"og:locale\" content=\"fr_FR\" \/>\n<meta property=\"og:type\" content=\"article\" \/>\n<meta property=\"og:title\" content=\"Trac\u00e9 en bois num\u00e9ros 1 \u00e0 10 planche - Woodinout \u00a9\" \/>\n<meta property=\"og:description\" content=\"Tracer les num\u00e9ros 1 \u00e0 10 est maintenant facile - amusant - \u00e9l\u00e9gant. Planche en bois r\u00e9utilisable avec des num\u00e9ros tra\u00e7ables - Faite \u00e0 la main et \u00e9cologique.\" \/>\n<meta property=\"og:url\" content=\"https:\/\/woodinout.net\/fr\/product\/planche-de-tracage-en-bois-avec-nombres-et-comptage\/\" \/>\n<meta property=\"og:site_name\" content=\"Woodinout \u00a9\" \/>\n<meta property=\"og:image\" content=\"https:\/\/woodinout.net\/wp-content\/uploads\/2020\/06\/Wooden-Tracing-board-with-numbers-and-counting-2.jpg\" \/>\n\t<meta property=\"og:image:width\" content=\"853\" \/>\n\t<meta property=\"og:image:height\" content=\"1280\" \/>\n\t<meta property=\"og:image:type\" content=\"image\/jpeg\" \/>\n<meta name=\"twitter:card\" content=\"summary_large_image\" \/>\n<meta name=\"twitter:label1\" content=\"Dur\u00e9e de lecture estim\u00e9e\" \/>\n\t<meta name=\"twitter:data1\" content=\"1 minute\" \/>\n<script type=\"application\/ld+json\" class=\"yoast-schema-graph\">{\"@context\":\"https:\/\/schema.org\",\"@graph\":[{\"@type\":\"WebPage\",\"@id\":\"https:\/\/woodinout.net\/fr\/product\/planche-de-tracage-en-bois-avec-nombres-et-comptage\/\",\"url\":\"https:\/\/woodinout.net\/fr\/product\/planche-de-tracage-en-bois-avec-nombres-et-comptage\/\",\"name\":\"Trac\u00e9 en bois num\u00e9ros 1 \u00e0 10 planche - Woodinout \u00a9\",\"isPartOf\":{\"@id\":\"https:\/\/woodinout.net\/fr\/#website\"},\"datePublished\":\"2020-06-20T19:42:00+00:00\",\"dateModified\":\"2020-06-20T19:42:00+00:00\",\"description\":\"Tracer les num\u00e9ros 1 \u00e0 10 est maintenant facile - amusant - \u00e9l\u00e9gant. Planche en bois r\u00e9utilisable avec des num\u00e9ros tra\u00e7ables - Faite \u00e0 la main et \u00e9cologique.\",\"breadcrumb\":{\"@id\":\"https:\/\/woodinout.net\/fr\/product\/planche-de-tracage-en-bois-avec-nombres-et-comptage\/#breadcrumb\"},\"inLanguage\":\"fr-FR\",\"potentialAction\":[{\"@type\":\"ReadAction\",\"target\":[\"https:\/\/woodinout.net\/fr\/product\/planche-de-tracage-en-bois-avec-nombres-et-comptage\/\"]}]},{\"@type\":\"BreadcrumbList\",\"@id\":\"https:\/\/woodinout.net\/fr\/product\/planche-de-tracage-en-bois-avec-nombres-et-comptage\/#breadcrumb\",\"itemListElement\":[{\"@type\":\"ListItem\",\"position\":1,\"name\":\"Home\",\"item\":\"https:\/\/woodinout.net\/fr\/\"},{\"@type\":\"ListItem\",\"position\":2,\"name\":\"Shop\",\"item\":\"https:\/\/woodinout.net\/shop\/\"},{\"@type\":\"ListItem\",\"position\":3,\"name\":\"Trac\u00e9 en bois num\u00e9ros 1 \u00e0 10 planche\"}]},{\"@type\":\"WebSite\",\"@id\":\"https:\/\/woodinout.net\/fr\/#website\",\"url\":\"https:\/\/woodinout.net\/fr\/\",\"name\":\"Woodinout \u00a9\",\"description\":\"Wooden Montessori toys, gifts, home and events decor details\",\"potentialAction\":[{\"@type\":\"SearchAction\",\"target\":{\"@type\":\"EntryPoint\",\"urlTemplate\":\"https:\/\/woodinout.net\/fr\/?s={search_term_string}\"},\"query-input\":\"required name=search_term_string\"}],\"inLanguage\":\"fr-FR\"}]}<\/script>\n<!-- \/ Yoast SEO plugin. -->","yoast_head_json":{"title":"Trac\u00e9 en bois num\u00e9ros 1 \u00e0 10 planche - Woodinout \u00a9","description":"Tracer les num\u00e9ros 1 \u00e0 10 est maintenant facile - amusant - \u00e9l\u00e9gant. Planche en bois r\u00e9utilisable avec des num\u00e9ros tra\u00e7ables - Faite \u00e0 la main et \u00e9cologique.","robots":{"index":"index","follow":"follow","max-snippet":"max-snippet:-1","max-image-preview":"max-image-preview:large","max-video-preview":"max-video-preview:-1"},"canonical":"https:\/\/woodinout.net\/fr\/product\/planche-de-tracage-en-bois-avec-nombres-et-comptage\/","og_locale":"fr_FR","og_type":"article","og_title":"Trac\u00e9 en bois num\u00e9ros 1 \u00e0 10 planche - Woodinout \u00a9","og_description":"Tracer les num\u00e9ros 1 \u00e0 10 est maintenant facile - amusant - \u00e9l\u00e9gant. Planche en bois r\u00e9utilisable avec des num\u00e9ros tra\u00e7ables - Faite \u00e0 la main et \u00e9cologique.","og_url":"https:\/\/woodinout.net\/fr\/product\/planche-de-tracage-en-bois-avec-nombres-et-comptage\/","og_site_name":"Woodinout \u00a9","og_image":[{"width":853,"height":1280,"url":"https:\/\/woodinout.net\/wp-content\/uploads\/2020\/06\/Wooden-Tracing-board-with-numbers-and-counting-2.jpg","type":"image\/jpeg"}],"twitter_card":"summary_large_image","twitter_misc":{"Dur\u00e9e de lecture estim\u00e9e":"1 minute"},"schema":{"@context":"https:\/\/schema.org","@graph":[{"@type":"WebPage","@id":"https:\/\/woodinout.net\/fr\/product\/planche-de-tracage-en-bois-avec-nombres-et-comptage\/","url":"https:\/\/woodinout.net\/fr\/product\/planche-de-tracage-en-bois-avec-nombres-et-comptage\/","name":"Trac\u00e9 en bois num\u00e9ros 1 \u00e0 10 planche - Woodinout \u00a9","isPartOf":{"@id":"https:\/\/woodinout.net\/fr\/#website"},"datePublished":"2020-06-20T19:42:00+00:00","dateModified":"2020-06-20T19:42:00+00:00","description":"Tracer les num\u00e9ros 1 \u00e0 10 est maintenant facile - amusant - \u00e9l\u00e9gant. Planche en bois r\u00e9utilisable avec des num\u00e9ros tra\u00e7ables - Faite \u00e0 la main et \u00e9cologique.","breadcrumb":{"@id":"https:\/\/woodinout.net\/fr\/product\/planche-de-tracage-en-bois-avec-nombres-et-comptage\/#breadcrumb"},"inLanguage":"fr-FR","potentialAction":[{"@type":"ReadAction","target":["https:\/\/woodinout.net\/fr\/product\/planche-de-tracage-en-bois-avec-nombres-et-comptage\/"]}]},{"@type":"BreadcrumbList","@id":"https:\/\/woodinout.net\/fr\/product\/planche-de-tracage-en-bois-avec-nombres-et-comptage\/#breadcrumb","itemListElement":[{"@type":"ListItem","position":1,"name":"Home","item":"https:\/\/woodinout.net\/fr\/"},{"@type":"ListItem","position":2,"name":"Shop","item":"https:\/\/woodinout.net\/shop\/"},{"@type":"ListItem","position":3,"name":"Trac\u00e9 en bois num\u00e9ros 1 \u00e0 10 planche"}]},{"@type":"WebSite","@id":"https:\/\/woodinout.net\/fr\/#website","url":"https:\/\/woodinout.net\/fr\/","name":"Woodinout \u00a9","description":"Wooden Montessori toys, gifts, home and events decor details","potentialAction":[{"@type":"SearchAction","target":{"@type":"EntryPoint","urlTemplate":"https:\/\/woodinout.net\/fr\/?s={search_term_string}"},"query-input":"required name=search_term_string"}],"inLanguage":"fr-FR"}]}},"_links":{"self":[{"href":"https:\/\/woodinout.net\/fr\/wp-json\/wp\/v2\/product\/21074"}],"collection":[{"href":"https:\/\/woodinout.net\/fr\/wp-json\/wp\/v2\/product"}],"about":[{"href":"https:\/\/woodinout.net\/fr\/wp-json\/wp\/v2\/types\/product"}],"wp:featuredmedia":[{"embeddable":true,"href":"https:\/\/woodinout.net\/fr\/wp-json\/wp\/v2\/media\/16967"}],"wp:attachment":[{"href":"https:\/\/woodinout.net\/fr\/wp-json\/wp\/v2\/media?parent=21074"}],"wp:term":[{"taxonomy":"product_cat","embeddable":true,"href":"https:\/\/woodinout.net\/fr\/wp-json\/wp\/v2\/product_cat?post=21074"},{"taxonomy":"product_tag","embeddable":true,"href":"https:\/\/woodinout.net\/fr\/wp-json\/wp\/v2\/product_tag?post=21074"}],"curies":[{"name":"wp","href":"https:\/\/api.w.org\/{rel}","templated":true}]}}