{"id":21053,"date":"2020-06-20T23:11:13","date_gmt":"2020-06-20T20:11:13","guid":{"rendered":"https:\/\/woodinout.net\/product\/10-plaques-de-tri-et-de-comptage\/"},"modified":"2022-04-22T12:36:33","modified_gmt":"2022-04-22T09:36:33","slug":"10-chiffres-et-comptage-dix-cadre-avec-perles-de-bois-bois-chiffres-graves","status":"publish","type":"product","link":"https:\/\/woodinout.net\/fr\/product\/10-chiffres-et-comptage-dix-cadre-avec-perles-de-bois-bois-chiffres-graves\/","title":{"rendered":"10 plaques de tri et de comptage"},"content":{"rendered":"<p>10 Nombres et comptant jusqu\u2019\u00e0 dix cadre avec perles de bois et num\u00e9ros de bois grav\u00e9s. Les manipulateurs de math\u00e9matiques Montessori sont les meilleurs cadeaux de math\u00e9matiques pour les enseignants. Pr\u00e9cieux et beaux &#8211; les jouets de tri en bois aident \u00e0 am\u00e9liorer la motricit\u00e9 fine et facilitent l\u2019apprentissage des chiffres et le comptage avec style. Dix cadres avec des balles en bois sont bien utilis\u00e9s \u00e0 l\u2019\u00e9cole maternelle, \u00e0 la maison ou \u00e0 la maternelle. Obtenez-le comme cadeaux uniques de rentr\u00e9e pour les enfants MAINTENANT!<\/p>\n<p>TEN FRAME contient :<br \/>\n10 plateaux de diff\u00e9rentes tailles avec des num\u00e9ros de bois<br \/>\n60 pi\u00e8ces. de boules en bois (0,05 pouces de diam\u00e8tre)<br \/>\nCrayon en bois<\/p>\n<p>TAILLE<br \/>\nDiam\u00e8tre: plus petite plaque -~2,35 pouces, plus grande plaque -~7,5 pouces<br \/>\n\u00c9paisseur: ~ 0,6 pouces<\/p>\n<p>COULEURS ET MAT\u00c9RIAUX<br \/>\nCouleur: naturel ou brun huil\u00e9.<br \/>\nLe jouet est en BOIS MASSIF NATUREL.<br \/>\nVeuillez noter que les couleurs peuvent varier en raison des param\u00e8tres de l\u2019\u00e9cran de l\u2019ordinateur et de l\u2019\u00e9claircissement.<\/p>\n","protected":false},"excerpt":{"rendered":"<p>10 Nombres et comptant jusqu\u2019\u00e0 dix cadre avec perles de bois et num\u00e9ros de bois grav\u00e9s. Les manipulateurs de math\u00e9matiques Montessori sont les meilleurs cadeaux de math\u00e9matiques pour les enseignants. Pr\u00e9cieux et beaux &#8211; les jouets de tri en bois aident \u00e0 am\u00e9liorer la motricit\u00e9 fine et facilitent l\u2019apprentissage des chiffres et le comptage avec [&hellip;]<\/p>\n","protected":false},"featured_media":17191,"template":"","meta":{"_monsterinsights_skip_tracking":false,"_monsterinsights_sitenote_active":false,"_monsterinsights_sitenote_note":"","_monsterinsights_sitenote_category":0},"product_cat":[1834,1723],"product_tag":[1841,1736,1738,1735,1729,1728,1726,1842,1734,1904,1843,1906,1905],"yoast_head":"<!-- This site is optimized with the Yoast SEO plugin v22.1 - https:\/\/yoast.com\/wordpress\/plugins\/seo\/ -->\n<title>10 plaques de tri et de comptage - Woodinout \u00a9 Jouets Montessori<\/title>\n<meta name=\"description\" content=\"Apprendre est maintenant Fun &amp; Easy - Jouets math\u00e9matiques en bois naturel pour un temps pr\u00e9cieux en famille. 10 plaques de tri et de comptage - plus de fa\u00e7ons Learn &amp; Play.\" \/>\n<meta name=\"robots\" content=\"index, follow, max-snippet:-1, max-image-preview:large, max-video-preview:-1\" \/>\n<link rel=\"canonical\" href=\"https:\/\/woodinout.net\/fr\/product\/10-chiffres-et-comptage-dix-cadre-avec-perles-de-bois-bois-chiffres-graves\/\" \/>\n<meta property=\"og:locale\" content=\"fr_FR\" \/>\n<meta property=\"og:type\" content=\"article\" \/>\n<meta property=\"og:title\" content=\"10 plaques de tri et de comptage - Woodinout \u00a9 Jouets Montessori\" \/>\n<meta property=\"og:description\" content=\"Apprendre est maintenant Fun &amp; Easy - Jouets math\u00e9matiques en bois naturel pour un temps pr\u00e9cieux en famille. 10 plaques de tri et de comptage - plus de fa\u00e7ons Learn &amp; Play.\" \/>\n<meta property=\"og:url\" content=\"https:\/\/woodinout.net\/fr\/product\/10-chiffres-et-comptage-dix-cadre-avec-perles-de-bois-bois-chiffres-graves\/\" \/>\n<meta property=\"og:site_name\" content=\"Woodinout \u00a9\" \/>\n<meta property=\"article:modified_time\" content=\"2022-04-22T09:36:33+00:00\" \/>\n<meta property=\"og:image\" content=\"https:\/\/woodinout.net\/wp-content\/uploads\/2020\/06\/10-Numbers-and-counting-ten-frame-with-wooden-beads-wood-numbers-engraved-1.jpg\" \/>\n\t<meta property=\"og:image:width\" content=\"853\" \/>\n\t<meta property=\"og:image:height\" content=\"1280\" \/>\n\t<meta property=\"og:image:type\" content=\"image\/jpeg\" \/>\n<meta name=\"twitter:card\" content=\"summary_large_image\" \/>\n<meta name=\"twitter:label1\" content=\"Dur\u00e9e de lecture estim\u00e9e\" \/>\n\t<meta name=\"twitter:data1\" content=\"1 minute\" \/>\n<script type=\"application\/ld+json\" class=\"yoast-schema-graph\">{\"@context\":\"https:\/\/schema.org\",\"@graph\":[{\"@type\":\"WebPage\",\"@id\":\"https:\/\/woodinout.net\/fr\/product\/10-chiffres-et-comptage-dix-cadre-avec-perles-de-bois-bois-chiffres-graves\/\",\"url\":\"https:\/\/woodinout.net\/fr\/product\/10-chiffres-et-comptage-dix-cadre-avec-perles-de-bois-bois-chiffres-graves\/\",\"name\":\"10 plaques de tri et de comptage - Woodinout \u00a9 Jouets Montessori\",\"isPartOf\":{\"@id\":\"https:\/\/woodinout.net\/fr\/#website\"},\"datePublished\":\"2020-06-20T20:11:13+00:00\",\"dateModified\":\"2022-04-22T09:36:33+00:00\",\"description\":\"Apprendre est maintenant Fun & Easy - Jouets math\u00e9matiques en bois naturel pour un temps pr\u00e9cieux en famille. 10 plaques de tri et de comptage - plus de fa\u00e7ons Learn & Play.\",\"breadcrumb\":{\"@id\":\"https:\/\/woodinout.net\/fr\/product\/10-chiffres-et-comptage-dix-cadre-avec-perles-de-bois-bois-chiffres-graves\/#breadcrumb\"},\"inLanguage\":\"fr-FR\",\"potentialAction\":[{\"@type\":\"ReadAction\",\"target\":[\"https:\/\/woodinout.net\/fr\/product\/10-chiffres-et-comptage-dix-cadre-avec-perles-de-bois-bois-chiffres-graves\/\"]}]},{\"@type\":\"BreadcrumbList\",\"@id\":\"https:\/\/woodinout.net\/fr\/product\/10-chiffres-et-comptage-dix-cadre-avec-perles-de-bois-bois-chiffres-graves\/#breadcrumb\",\"itemListElement\":[{\"@type\":\"ListItem\",\"position\":1,\"name\":\"Home\",\"item\":\"https:\/\/woodinout.net\/fr\/\"},{\"@type\":\"ListItem\",\"position\":2,\"name\":\"Shop\",\"item\":\"https:\/\/woodinout.net\/shop\/\"},{\"@type\":\"ListItem\",\"position\":3,\"name\":\"10 plaques de tri et de comptage\"}]},{\"@type\":\"WebSite\",\"@id\":\"https:\/\/woodinout.net\/fr\/#website\",\"url\":\"https:\/\/woodinout.net\/fr\/\",\"name\":\"Woodinout \u00a9\",\"description\":\"Wooden Montessori toys, gifts, home and events decor details\",\"potentialAction\":[{\"@type\":\"SearchAction\",\"target\":{\"@type\":\"EntryPoint\",\"urlTemplate\":\"https:\/\/woodinout.net\/fr\/?s={search_term_string}\"},\"query-input\":\"required name=search_term_string\"}],\"inLanguage\":\"fr-FR\"}]}<\/script>\n<!-- \/ Yoast SEO plugin. -->","yoast_head_json":{"title":"10 plaques de tri et de comptage - Woodinout \u00a9 Jouets Montessori","description":"Apprendre est maintenant Fun & Easy - Jouets math\u00e9matiques en bois naturel pour un temps pr\u00e9cieux en famille. 10 plaques de tri et de comptage - plus de fa\u00e7ons Learn & Play.","robots":{"index":"index","follow":"follow","max-snippet":"max-snippet:-1","max-image-preview":"max-image-preview:large","max-video-preview":"max-video-preview:-1"},"canonical":"https:\/\/woodinout.net\/fr\/product\/10-chiffres-et-comptage-dix-cadre-avec-perles-de-bois-bois-chiffres-graves\/","og_locale":"fr_FR","og_type":"article","og_title":"10 plaques de tri et de comptage - Woodinout \u00a9 Jouets Montessori","og_description":"Apprendre est maintenant Fun & Easy - Jouets math\u00e9matiques en bois naturel pour un temps pr\u00e9cieux en famille. 10 plaques de tri et de comptage - plus de fa\u00e7ons Learn & Play.","og_url":"https:\/\/woodinout.net\/fr\/product\/10-chiffres-et-comptage-dix-cadre-avec-perles-de-bois-bois-chiffres-graves\/","og_site_name":"Woodinout \u00a9","article_modified_time":"2022-04-22T09:36:33+00:00","og_image":[{"width":853,"height":1280,"url":"https:\/\/woodinout.net\/wp-content\/uploads\/2020\/06\/10-Numbers-and-counting-ten-frame-with-wooden-beads-wood-numbers-engraved-1.jpg","type":"image\/jpeg"}],"twitter_card":"summary_large_image","twitter_misc":{"Dur\u00e9e de lecture estim\u00e9e":"1 minute"},"schema":{"@context":"https:\/\/schema.org","@graph":[{"@type":"WebPage","@id":"https:\/\/woodinout.net\/fr\/product\/10-chiffres-et-comptage-dix-cadre-avec-perles-de-bois-bois-chiffres-graves\/","url":"https:\/\/woodinout.net\/fr\/product\/10-chiffres-et-comptage-dix-cadre-avec-perles-de-bois-bois-chiffres-graves\/","name":"10 plaques de tri et de comptage - Woodinout \u00a9 Jouets Montessori","isPartOf":{"@id":"https:\/\/woodinout.net\/fr\/#website"},"datePublished":"2020-06-20T20:11:13+00:00","dateModified":"2022-04-22T09:36:33+00:00","description":"Apprendre est maintenant Fun & Easy - Jouets math\u00e9matiques en bois naturel pour un temps pr\u00e9cieux en famille. 10 plaques de tri et de comptage - plus de fa\u00e7ons Learn & Play.","breadcrumb":{"@id":"https:\/\/woodinout.net\/fr\/product\/10-chiffres-et-comptage-dix-cadre-avec-perles-de-bois-bois-chiffres-graves\/#breadcrumb"},"inLanguage":"fr-FR","potentialAction":[{"@type":"ReadAction","target":["https:\/\/woodinout.net\/fr\/product\/10-chiffres-et-comptage-dix-cadre-avec-perles-de-bois-bois-chiffres-graves\/"]}]},{"@type":"BreadcrumbList","@id":"https:\/\/woodinout.net\/fr\/product\/10-chiffres-et-comptage-dix-cadre-avec-perles-de-bois-bois-chiffres-graves\/#breadcrumb","itemListElement":[{"@type":"ListItem","position":1,"name":"Home","item":"https:\/\/woodinout.net\/fr\/"},{"@type":"ListItem","position":2,"name":"Shop","item":"https:\/\/woodinout.net\/shop\/"},{"@type":"ListItem","position":3,"name":"10 plaques de tri et de comptage"}]},{"@type":"WebSite","@id":"https:\/\/woodinout.net\/fr\/#website","url":"https:\/\/woodinout.net\/fr\/","name":"Woodinout \u00a9","description":"Wooden Montessori toys, gifts, home and events decor details","potentialAction":[{"@type":"SearchAction","target":{"@type":"EntryPoint","urlTemplate":"https:\/\/woodinout.net\/fr\/?s={search_term_string}"},"query-input":"required name=search_term_string"}],"inLanguage":"fr-FR"}]}},"_links":{"self":[{"href":"https:\/\/woodinout.net\/fr\/wp-json\/wp\/v2\/product\/21053"}],"collection":[{"href":"https:\/\/woodinout.net\/fr\/wp-json\/wp\/v2\/product"}],"about":[{"href":"https:\/\/woodinout.net\/fr\/wp-json\/wp\/v2\/types\/product"}],"wp:featuredmedia":[{"embeddable":true,"href":"https:\/\/woodinout.net\/fr\/wp-json\/wp\/v2\/media\/17191"}],"wp:attachment":[{"href":"https:\/\/woodinout.net\/fr\/wp-json\/wp\/v2\/media?parent=21053"}],"wp:term":[{"taxonomy":"product_cat","embeddable":true,"href":"https:\/\/woodinout.net\/fr\/wp-json\/wp\/v2\/product_cat?post=21053"},{"taxonomy":"product_tag","embeddable":true,"href":"https:\/\/woodinout.net\/fr\/wp-json\/wp\/v2\/product_tag?post=21053"}],"curies":[{"name":"wp","href":"https:\/\/api.w.org\/{rel}","templated":true}]}}