{"id":21015,"date":"2020-06-20T22:55:58","date_gmt":"2020-06-20T19:55:58","guid":{"rendered":"https:\/\/woodinout.net\/product\/numeros-en-bois\/"},"modified":"2022-04-22T12:35:45","modified_gmt":"2022-04-22T09:35:45","slug":"bois-nombres-et-comptage-jouets-dapprentissage","status":"publish","type":"product","link":"https:\/\/woodinout.net\/fr\/product\/bois-nombres-et-comptage-jouets-dapprentissage\/","title":{"rendered":"Num\u00e9ros en bois"},"content":{"rendered":"<p>Les petits nombres en bois comme jouets d\u2019apprentissage sont ce que nous faisons le mieux. Vous voulez rendre les parents heureux? Les jouets d\u2019apprentissage comme les num\u00e9ros en bois sont des cadeaux g\u00e9niaux pour les enfants et bien appr\u00e9ci\u00e9s par les parents. Nos jouets pour tout-petits Waldorf sont une fa\u00e7on amusante d\u2019apprendre les chiffres et de compter. Ces num\u00e9ros en bois sont la r\u00e9ponse \u00e0 un cadeau de b\u00e9b\u00e9 utile et pr\u00e9cieux. Les jouets pour b\u00e9b\u00e9s Montessori sont \u00e9galement connus pour leur utilisation \u00e0 long terme, apr\u00e8s les ann\u00e9es des tout-petits, ils pourraient devenir un d\u00e9cor \u00e9l\u00e9gant de classe de math\u00e9matiques Montessori \u00e0 l\u2019\u00e9cole maternelle.<br \/>\nTrouvez plus de jouets en bois dans notre boutique: etsy.com\/shop\/woodinout<\/p>\n<p>Le kit contient :<br \/>\nNombres de 1 \u00e0 10<\/p>\n<p>Am\u00e9liorera la motricit\u00e9<\/p>\n<p>TAILLE<\/p>\n<p>Nombres<br \/>\nHauteur: ~ 2,7 pouces<br \/>\n\u00c9paisseur: ~ 0,6 pouces<\/p>\n<p>COULEURS ET MAT\u00c9RIAUX<br \/>\nCouleur: brun fonc\u00e9 ou huil\u00e9 naturel.<br \/>\nLe jouet est fait de BOIS MASSIF NATUREL et de peintures \/ huiles respectueuses de l\u2019environnement.<br \/>\nVeuillez noter que les couleurs peuvent varier en raison des param\u00e8tres de l\u2019\u00e9cran de l\u2019ordinateur et de l\u2019\u00e9claircissement.<\/p>\n","protected":false},"excerpt":{"rendered":"<p>Les petits nombres en bois comme jouets d\u2019apprentissage sont ce que nous faisons le mieux. Vous voulez rendre les parents heureux? Les jouets d\u2019apprentissage comme les num\u00e9ros en bois sont des cadeaux g\u00e9niaux pour les enfants et bien appr\u00e9ci\u00e9s par les parents. Nos jouets pour tout-petits Waldorf sont une fa\u00e7on amusante d\u2019apprendre les chiffres et [&hellip;]<\/p>\n","protected":false},"featured_media":17103,"template":"","meta":{"_monsterinsights_skip_tracking":false,"_monsterinsights_sitenote_active":false,"_monsterinsights_sitenote_note":"","_monsterinsights_sitenote_category":0},"product_cat":[1834,1723],"product_tag":[1841,1736,1738,1735,1729,1835,1728,1726,1838,1842,1734,1843,1844],"yoast_head":"<!-- This site is optimized with the Yoast SEO plugin v22.1 - https:\/\/yoast.com\/wordpress\/plugins\/seo\/ -->\n<title>Num\u00e9ros en bois - Woodinout \u00a9 jouets Montessori en bois<\/title>\n<meta name=\"description\" content=\"Petits nombres en bois - meilleur mat\u00e9riel math\u00e9matique Montessori pour les tout-petits et les enfants d\u2019\u00e2ge pr\u00e9scolaire. Pr\u00e9cieuse garantie de temps en famille.\" \/>\n<meta name=\"robots\" content=\"index, follow, max-snippet:-1, max-image-preview:large, max-video-preview:-1\" \/>\n<link rel=\"canonical\" href=\"https:\/\/woodinout.net\/fr\/product\/bois-nombres-et-comptage-jouets-dapprentissage\/\" \/>\n<meta property=\"og:locale\" content=\"fr_FR\" \/>\n<meta property=\"og:type\" content=\"article\" \/>\n<meta property=\"og:title\" content=\"Num\u00e9ros en bois - Woodinout \u00a9 jouets Montessori en bois\" \/>\n<meta property=\"og:description\" content=\"Petits nombres en bois - meilleur mat\u00e9riel math\u00e9matique Montessori pour les tout-petits et les enfants d\u2019\u00e2ge pr\u00e9scolaire. Pr\u00e9cieuse garantie de temps en famille.\" \/>\n<meta property=\"og:url\" content=\"https:\/\/woodinout.net\/fr\/product\/bois-nombres-et-comptage-jouets-dapprentissage\/\" \/>\n<meta property=\"og:site_name\" content=\"Woodinout \u00a9\" \/>\n<meta property=\"article:modified_time\" content=\"2022-04-22T09:35:45+00:00\" \/>\n<meta property=\"og:image\" content=\"https:\/\/woodinout.net\/wp-content\/uploads\/2020\/06\/Wood-numbers-and-counting-learning-toys-1.jpg\" \/>\n\t<meta property=\"og:image:width\" content=\"853\" \/>\n\t<meta property=\"og:image:height\" content=\"1280\" \/>\n\t<meta property=\"og:image:type\" content=\"image\/jpeg\" \/>\n<meta name=\"twitter:card\" content=\"summary_large_image\" \/>\n<meta name=\"twitter:label1\" content=\"Dur\u00e9e de lecture estim\u00e9e\" \/>\n\t<meta name=\"twitter:data1\" content=\"1 minute\" \/>\n<script type=\"application\/ld+json\" class=\"yoast-schema-graph\">{\"@context\":\"https:\/\/schema.org\",\"@graph\":[{\"@type\":\"WebPage\",\"@id\":\"https:\/\/woodinout.net\/fr\/product\/bois-nombres-et-comptage-jouets-dapprentissage\/\",\"url\":\"https:\/\/woodinout.net\/fr\/product\/bois-nombres-et-comptage-jouets-dapprentissage\/\",\"name\":\"Num\u00e9ros en bois - Woodinout \u00a9 jouets Montessori en bois\",\"isPartOf\":{\"@id\":\"https:\/\/woodinout.net\/fr\/#website\"},\"datePublished\":\"2020-06-20T19:55:58+00:00\",\"dateModified\":\"2022-04-22T09:35:45+00:00\",\"description\":\"Petits nombres en bois - meilleur mat\u00e9riel math\u00e9matique Montessori pour les tout-petits et les enfants d\u2019\u00e2ge pr\u00e9scolaire. Pr\u00e9cieuse garantie de temps en famille.\",\"breadcrumb\":{\"@id\":\"https:\/\/woodinout.net\/fr\/product\/bois-nombres-et-comptage-jouets-dapprentissage\/#breadcrumb\"},\"inLanguage\":\"fr-FR\",\"potentialAction\":[{\"@type\":\"ReadAction\",\"target\":[\"https:\/\/woodinout.net\/fr\/product\/bois-nombres-et-comptage-jouets-dapprentissage\/\"]}]},{\"@type\":\"BreadcrumbList\",\"@id\":\"https:\/\/woodinout.net\/fr\/product\/bois-nombres-et-comptage-jouets-dapprentissage\/#breadcrumb\",\"itemListElement\":[{\"@type\":\"ListItem\",\"position\":1,\"name\":\"Home\",\"item\":\"https:\/\/woodinout.net\/fr\/\"},{\"@type\":\"ListItem\",\"position\":2,\"name\":\"Shop\",\"item\":\"https:\/\/woodinout.net\/shop\/\"},{\"@type\":\"ListItem\",\"position\":3,\"name\":\"Num\u00e9ros en bois\"}]},{\"@type\":\"WebSite\",\"@id\":\"https:\/\/woodinout.net\/fr\/#website\",\"url\":\"https:\/\/woodinout.net\/fr\/\",\"name\":\"Woodinout \u00a9\",\"description\":\"Wooden Montessori toys, gifts, home and events decor details\",\"potentialAction\":[{\"@type\":\"SearchAction\",\"target\":{\"@type\":\"EntryPoint\",\"urlTemplate\":\"https:\/\/woodinout.net\/fr\/?s={search_term_string}\"},\"query-input\":\"required name=search_term_string\"}],\"inLanguage\":\"fr-FR\"}]}<\/script>\n<!-- \/ Yoast SEO plugin. -->","yoast_head_json":{"title":"Num\u00e9ros en bois - Woodinout \u00a9 jouets Montessori en bois","description":"Petits nombres en bois - meilleur mat\u00e9riel math\u00e9matique Montessori pour les tout-petits et les enfants d\u2019\u00e2ge pr\u00e9scolaire. Pr\u00e9cieuse garantie de temps en famille.","robots":{"index":"index","follow":"follow","max-snippet":"max-snippet:-1","max-image-preview":"max-image-preview:large","max-video-preview":"max-video-preview:-1"},"canonical":"https:\/\/woodinout.net\/fr\/product\/bois-nombres-et-comptage-jouets-dapprentissage\/","og_locale":"fr_FR","og_type":"article","og_title":"Num\u00e9ros en bois - Woodinout \u00a9 jouets Montessori en bois","og_description":"Petits nombres en bois - meilleur mat\u00e9riel math\u00e9matique Montessori pour les tout-petits et les enfants d\u2019\u00e2ge pr\u00e9scolaire. Pr\u00e9cieuse garantie de temps en famille.","og_url":"https:\/\/woodinout.net\/fr\/product\/bois-nombres-et-comptage-jouets-dapprentissage\/","og_site_name":"Woodinout \u00a9","article_modified_time":"2022-04-22T09:35:45+00:00","og_image":[{"width":853,"height":1280,"url":"https:\/\/woodinout.net\/wp-content\/uploads\/2020\/06\/Wood-numbers-and-counting-learning-toys-1.jpg","type":"image\/jpeg"}],"twitter_card":"summary_large_image","twitter_misc":{"Dur\u00e9e de lecture estim\u00e9e":"1 minute"},"schema":{"@context":"https:\/\/schema.org","@graph":[{"@type":"WebPage","@id":"https:\/\/woodinout.net\/fr\/product\/bois-nombres-et-comptage-jouets-dapprentissage\/","url":"https:\/\/woodinout.net\/fr\/product\/bois-nombres-et-comptage-jouets-dapprentissage\/","name":"Num\u00e9ros en bois - Woodinout \u00a9 jouets Montessori en bois","isPartOf":{"@id":"https:\/\/woodinout.net\/fr\/#website"},"datePublished":"2020-06-20T19:55:58+00:00","dateModified":"2022-04-22T09:35:45+00:00","description":"Petits nombres en bois - meilleur mat\u00e9riel math\u00e9matique Montessori pour les tout-petits et les enfants d\u2019\u00e2ge pr\u00e9scolaire. Pr\u00e9cieuse garantie de temps en famille.","breadcrumb":{"@id":"https:\/\/woodinout.net\/fr\/product\/bois-nombres-et-comptage-jouets-dapprentissage\/#breadcrumb"},"inLanguage":"fr-FR","potentialAction":[{"@type":"ReadAction","target":["https:\/\/woodinout.net\/fr\/product\/bois-nombres-et-comptage-jouets-dapprentissage\/"]}]},{"@type":"BreadcrumbList","@id":"https:\/\/woodinout.net\/fr\/product\/bois-nombres-et-comptage-jouets-dapprentissage\/#breadcrumb","itemListElement":[{"@type":"ListItem","position":1,"name":"Home","item":"https:\/\/woodinout.net\/fr\/"},{"@type":"ListItem","position":2,"name":"Shop","item":"https:\/\/woodinout.net\/shop\/"},{"@type":"ListItem","position":3,"name":"Num\u00e9ros en bois"}]},{"@type":"WebSite","@id":"https:\/\/woodinout.net\/fr\/#website","url":"https:\/\/woodinout.net\/fr\/","name":"Woodinout \u00a9","description":"Wooden Montessori toys, gifts, home and events decor details","potentialAction":[{"@type":"SearchAction","target":{"@type":"EntryPoint","urlTemplate":"https:\/\/woodinout.net\/fr\/?s={search_term_string}"},"query-input":"required name=search_term_string"}],"inLanguage":"fr-FR"}]}},"_links":{"self":[{"href":"https:\/\/woodinout.net\/fr\/wp-json\/wp\/v2\/product\/21015"}],"collection":[{"href":"https:\/\/woodinout.net\/fr\/wp-json\/wp\/v2\/product"}],"about":[{"href":"https:\/\/woodinout.net\/fr\/wp-json\/wp\/v2\/types\/product"}],"wp:featuredmedia":[{"embeddable":true,"href":"https:\/\/woodinout.net\/fr\/wp-json\/wp\/v2\/media\/17103"}],"wp:attachment":[{"href":"https:\/\/woodinout.net\/fr\/wp-json\/wp\/v2\/media?parent=21015"}],"wp:term":[{"taxonomy":"product_cat","embeddable":true,"href":"https:\/\/woodinout.net\/fr\/wp-json\/wp\/v2\/product_cat?post=21015"},{"taxonomy":"product_tag","embeddable":true,"href":"https:\/\/woodinout.net\/fr\/wp-json\/wp\/v2\/product_tag?post=21015"}],"curies":[{"name":"wp","href":"https:\/\/api.w.org\/{rel}","templated":true}]}}