{"id":21013,"date":"2020-06-20T22:14:57","date_gmt":"2020-06-20T19:14:57","guid":{"rendered":"https:\/\/woodinout.net\/product\/panneau-de-nom-de-panneau-de-tracage-en-bois\/"},"modified":"2022-04-28T09:33:33","modified_gmt":"2022-04-28T06:33:33","slug":"bois-trace-panneau-nom-signe","status":"publish","type":"product","link":"https:\/\/woodinout.net\/fr\/product\/bois-trace-panneau-nom-signe\/","title":{"rendered":"Panneau de nom de panneau de tra\u00e7age en bois"},"content":{"rendered":"<p>Tracer en bois votre tableau de nom est un cadeau personnalis\u00e9 unique. Les jouets Waldorf &amp; Montessori mondialement connus sont un moyen facile et amusant d\u2019apprendre et d\u2019\u00e9duquer les enfants d\u2019\u00e2ge pr\u00e9scolaire. Ce signe de nom en bois avec l\u2019id\u00e9e de tracer des lettres est l\u2019une des fa\u00e7ons mignonnes et amusantes d\u2019apprendre \u00e0 \u00e9crire votre nom. Croyez-moi, les enfants adorent \u00e7a. Plus besoin de centaines de feuilles de tra\u00e7age de noms !<br \/>\nLes jouets \u00e9ducatifs sont toujours des JOUETS aux yeux d\u2019un enfant. Nos jouets en bois faits \u00e0 la main ne sont pas seulement faits pour \u00eatre une fa\u00e7on amusante d\u2019apprendre, mais aussi tr\u00e8s beaux. Pour cela, ce cadeau personnalis\u00e9 pourrait \u00eatre un d\u00e9cor \u00e9l\u00e9gant de chambre d\u2019enfants &#8211; accroch\u00e9 au mur ou utilis\u00e9 comme plaque signal\u00e9tique de bureau &#8211; utilisez votre imagination ici.<\/p>\n<p>De plus, obtenez un tableau de tra\u00e7age des lettres de l\u2019alphabet, vous pouvez le trouver sur etsy.com\/shop\/woodinout<\/p>\n<p>Le kit contient :<br \/>\nTableau de suivi avec le nom<br \/>\nStylo en bois<\/p>\n<p>Am\u00e9liorera la motricit\u00e9<br \/>\nEssaiera d\u2019\u00e9peler son nom. Bien s\u00fbr, avec votre aide<\/p>\n<p>TAILLE<br \/>\nHauteur &#8211; ~5 pouces<br \/>\n\u00c9paisseur de la carte: ~ 0,6 pouces<br \/>\nLongueur &#8211; d\u00e9pend de la quantit\u00e9 de lettres<\/p>\n<p>COULEURS ET MAT\u00c9RIAUX<br \/>\nFond : brun fonc\u00e9 ou huil\u00e9 naturel.<br \/>\nLe jouet est fait de BOIS MASSIF NATUREL et de peintures \/ huiles respectueuses de l\u2019environnement.<br \/>\nVeuillez noter que les couleurs peuvent varier en raison des param\u00e8tres de l\u2019\u00e9cran de l\u2019ordinateur et de l\u2019\u00e9claircissement.<\/p>\n","protected":false},"excerpt":{"rendered":"<p>Tracer en bois votre tableau de nom est un cadeau personnalis\u00e9 unique. Les jouets Waldorf &amp; Montessori mondialement connus sont un moyen facile et amusant d\u2019apprendre et d\u2019\u00e9duquer les enfants d\u2019\u00e2ge pr\u00e9scolaire. Ce signe de nom en bois avec l\u2019id\u00e9e de tracer des lettres est l\u2019une des fa\u00e7ons mignonnes et amusantes d\u2019apprendre \u00e0 \u00e9crire votre [&hellip;]<\/p>\n","protected":false},"featured_media":16911,"template":"","meta":{"_monsterinsights_skip_tracking":false,"_monsterinsights_sitenote_active":false,"_monsterinsights_sitenote_note":"","_monsterinsights_sitenote_category":0},"product_cat":[1789,1723],"product_tag":[1799,1736,1738,1735,1741,1729,1728,1726,1734,1796,1743,1801,1790],"yoast_head":"<!-- This site is optimized with the Yoast SEO plugin v22.1 - https:\/\/yoast.com\/wordpress\/plugins\/seo\/ -->\n<title>Panneau de nom de panneau de tra\u00e7age en bois - Woodinout \u00a9 d\u2019apprentissage<\/title>\n<meta name=\"description\" content=\"Tra\u00e7age personnalis\u00e9 de votre tableau nominatif - plus de feuilles de papier - Utilisez ce panneau en bois autant de fois que vous le souhaitez.\" \/>\n<meta name=\"robots\" content=\"index, follow, max-snippet:-1, max-image-preview:large, max-video-preview:-1\" \/>\n<link rel=\"canonical\" href=\"https:\/\/woodinout.net\/fr\/product\/bois-trace-panneau-nom-signe\/\" \/>\n<meta property=\"og:locale\" content=\"fr_FR\" \/>\n<meta property=\"og:type\" content=\"article\" \/>\n<meta property=\"og:title\" content=\"Panneau de nom de panneau de tra\u00e7age en bois - Woodinout \u00a9 d\u2019apprentissage\" \/>\n<meta property=\"og:description\" content=\"Tra\u00e7age personnalis\u00e9 de votre tableau nominatif - plus de feuilles de papier - Utilisez ce panneau en bois autant de fois que vous le souhaitez.\" \/>\n<meta property=\"og:url\" content=\"https:\/\/woodinout.net\/fr\/product\/bois-trace-panneau-nom-signe\/\" \/>\n<meta property=\"og:site_name\" content=\"Woodinout \u00a9\" \/>\n<meta property=\"article:modified_time\" content=\"2022-04-28T06:33:33+00:00\" \/>\n<meta property=\"og:image\" content=\"https:\/\/woodinout.net\/wp-content\/uploads\/2020\/06\/Wooden-Tracing-board-name-sign-2.jpg\" \/>\n\t<meta property=\"og:image:width\" content=\"580\" \/>\n\t<meta property=\"og:image:height\" content=\"768\" \/>\n\t<meta property=\"og:image:type\" content=\"image\/jpeg\" \/>\n<meta name=\"twitter:card\" content=\"summary_large_image\" \/>\n<meta name=\"twitter:label1\" content=\"Dur\u00e9e de lecture estim\u00e9e\" \/>\n\t<meta name=\"twitter:data1\" content=\"1 minute\" \/>\n<script type=\"application\/ld+json\" class=\"yoast-schema-graph\">{\"@context\":\"https:\/\/schema.org\",\"@graph\":[{\"@type\":\"WebPage\",\"@id\":\"https:\/\/woodinout.net\/fr\/product\/bois-trace-panneau-nom-signe\/\",\"url\":\"https:\/\/woodinout.net\/fr\/product\/bois-trace-panneau-nom-signe\/\",\"name\":\"Panneau de nom de panneau de tra\u00e7age en bois - Woodinout \u00a9 d\u2019apprentissage\",\"isPartOf\":{\"@id\":\"https:\/\/woodinout.net\/fr\/#website\"},\"datePublished\":\"2020-06-20T19:14:57+00:00\",\"dateModified\":\"2022-04-28T06:33:33+00:00\",\"description\":\"Tra\u00e7age personnalis\u00e9 de votre tableau nominatif - plus de feuilles de papier - Utilisez ce panneau en bois autant de fois que vous le souhaitez.\",\"breadcrumb\":{\"@id\":\"https:\/\/woodinout.net\/fr\/product\/bois-trace-panneau-nom-signe\/#breadcrumb\"},\"inLanguage\":\"fr-FR\",\"potentialAction\":[{\"@type\":\"ReadAction\",\"target\":[\"https:\/\/woodinout.net\/fr\/product\/bois-trace-panneau-nom-signe\/\"]}]},{\"@type\":\"BreadcrumbList\",\"@id\":\"https:\/\/woodinout.net\/fr\/product\/bois-trace-panneau-nom-signe\/#breadcrumb\",\"itemListElement\":[{\"@type\":\"ListItem\",\"position\":1,\"name\":\"Home\",\"item\":\"https:\/\/woodinout.net\/fr\/\"},{\"@type\":\"ListItem\",\"position\":2,\"name\":\"Shop\",\"item\":\"https:\/\/woodinout.net\/shop\/\"},{\"@type\":\"ListItem\",\"position\":3,\"name\":\"Panneau de nom de panneau de tra\u00e7age en bois\"}]},{\"@type\":\"WebSite\",\"@id\":\"https:\/\/woodinout.net\/fr\/#website\",\"url\":\"https:\/\/woodinout.net\/fr\/\",\"name\":\"Woodinout \u00a9\",\"description\":\"Wooden Montessori toys, gifts, home and events decor details\",\"potentialAction\":[{\"@type\":\"SearchAction\",\"target\":{\"@type\":\"EntryPoint\",\"urlTemplate\":\"https:\/\/woodinout.net\/fr\/?s={search_term_string}\"},\"query-input\":\"required name=search_term_string\"}],\"inLanguage\":\"fr-FR\"}]}<\/script>\n<!-- \/ Yoast SEO plugin. -->","yoast_head_json":{"title":"Panneau de nom de panneau de tra\u00e7age en bois - Woodinout \u00a9 d\u2019apprentissage","description":"Tra\u00e7age personnalis\u00e9 de votre tableau nominatif - plus de feuilles de papier - Utilisez ce panneau en bois autant de fois que vous le souhaitez.","robots":{"index":"index","follow":"follow","max-snippet":"max-snippet:-1","max-image-preview":"max-image-preview:large","max-video-preview":"max-video-preview:-1"},"canonical":"https:\/\/woodinout.net\/fr\/product\/bois-trace-panneau-nom-signe\/","og_locale":"fr_FR","og_type":"article","og_title":"Panneau de nom de panneau de tra\u00e7age en bois - Woodinout \u00a9 d\u2019apprentissage","og_description":"Tra\u00e7age personnalis\u00e9 de votre tableau nominatif - plus de feuilles de papier - Utilisez ce panneau en bois autant de fois que vous le souhaitez.","og_url":"https:\/\/woodinout.net\/fr\/product\/bois-trace-panneau-nom-signe\/","og_site_name":"Woodinout \u00a9","article_modified_time":"2022-04-28T06:33:33+00:00","og_image":[{"width":580,"height":768,"url":"https:\/\/woodinout.net\/wp-content\/uploads\/2020\/06\/Wooden-Tracing-board-name-sign-2.jpg","type":"image\/jpeg"}],"twitter_card":"summary_large_image","twitter_misc":{"Dur\u00e9e de lecture estim\u00e9e":"1 minute"},"schema":{"@context":"https:\/\/schema.org","@graph":[{"@type":"WebPage","@id":"https:\/\/woodinout.net\/fr\/product\/bois-trace-panneau-nom-signe\/","url":"https:\/\/woodinout.net\/fr\/product\/bois-trace-panneau-nom-signe\/","name":"Panneau de nom de panneau de tra\u00e7age en bois - Woodinout \u00a9 d\u2019apprentissage","isPartOf":{"@id":"https:\/\/woodinout.net\/fr\/#website"},"datePublished":"2020-06-20T19:14:57+00:00","dateModified":"2022-04-28T06:33:33+00:00","description":"Tra\u00e7age personnalis\u00e9 de votre tableau nominatif - plus de feuilles de papier - Utilisez ce panneau en bois autant de fois que vous le souhaitez.","breadcrumb":{"@id":"https:\/\/woodinout.net\/fr\/product\/bois-trace-panneau-nom-signe\/#breadcrumb"},"inLanguage":"fr-FR","potentialAction":[{"@type":"ReadAction","target":["https:\/\/woodinout.net\/fr\/product\/bois-trace-panneau-nom-signe\/"]}]},{"@type":"BreadcrumbList","@id":"https:\/\/woodinout.net\/fr\/product\/bois-trace-panneau-nom-signe\/#breadcrumb","itemListElement":[{"@type":"ListItem","position":1,"name":"Home","item":"https:\/\/woodinout.net\/fr\/"},{"@type":"ListItem","position":2,"name":"Shop","item":"https:\/\/woodinout.net\/shop\/"},{"@type":"ListItem","position":3,"name":"Panneau de nom de panneau de tra\u00e7age en bois"}]},{"@type":"WebSite","@id":"https:\/\/woodinout.net\/fr\/#website","url":"https:\/\/woodinout.net\/fr\/","name":"Woodinout \u00a9","description":"Wooden Montessori toys, gifts, home and events decor details","potentialAction":[{"@type":"SearchAction","target":{"@type":"EntryPoint","urlTemplate":"https:\/\/woodinout.net\/fr\/?s={search_term_string}"},"query-input":"required name=search_term_string"}],"inLanguage":"fr-FR"}]}},"_links":{"self":[{"href":"https:\/\/woodinout.net\/fr\/wp-json\/wp\/v2\/product\/21013"}],"collection":[{"href":"https:\/\/woodinout.net\/fr\/wp-json\/wp\/v2\/product"}],"about":[{"href":"https:\/\/woodinout.net\/fr\/wp-json\/wp\/v2\/types\/product"}],"wp:featuredmedia":[{"embeddable":true,"href":"https:\/\/woodinout.net\/fr\/wp-json\/wp\/v2\/media\/16911"}],"wp:attachment":[{"href":"https:\/\/woodinout.net\/fr\/wp-json\/wp\/v2\/media?parent=21013"}],"wp:term":[{"taxonomy":"product_cat","embeddable":true,"href":"https:\/\/woodinout.net\/fr\/wp-json\/wp\/v2\/product_cat?post=21013"},{"taxonomy":"product_tag","embeddable":true,"href":"https:\/\/woodinout.net\/fr\/wp-json\/wp\/v2\/product_tag?post=21013"}],"curies":[{"name":"wp","href":"https:\/\/api.w.org\/{rel}","templated":true}]}}