{"id":21002,"date":"2018-07-23T16:01:24","date_gmt":"2018-07-23T13:01:24","guid":{"rendered":"https:\/\/woodinout.net\/product\/puzzle-de-noms-en-bois\/"},"modified":"2022-04-28T11:35:46","modified_gmt":"2022-04-28T08:35:46","slug":"puzzle-de-nom-bois-naturel","status":"publish","type":"product","link":"https:\/\/woodinout.net\/fr\/product\/puzzle-de-nom-bois-naturel\/","title":{"rendered":"Puzzle de noms en bois"},"content":{"rendered":"<p>SI VOUS RECHERCHEZ :<\/p>\n<p>Puzzle de nom en bois naturel? Jouet \u00e9cologique naturel? Cadeau de No\u00ebl b\u00e9b\u00e9 fille ou petit gar\u00e7on ? Cadeau d\u2019anniversaire pour tout-petit? Cadeau personnalis\u00e9 ? D\u00e9cor de p\u00e9pini\u00e8re sur mesure?<\/p>\n<p>VOUS \u00caTES DANS LE BON SENS! \ud83d\ude42<\/p>\n<p>Ce puzzle de nom est un cadeau parfait pour votre b\u00e9b\u00e9 bien-aim\u00e9. Les lettres du nom permettront \u00e0 votre enfant de faire les premiers pas vers l\u2019apprentissage de la lecture. Afin de rendre votre jouet \u00e9ducatif plus personnalis\u00e9, vous \u00eates invit\u00e9s \u00e0 laisser un court message qui pourrait \u00eatre grav\u00e9 au dos du puzzle. Nous sommes s\u00fbrs qu\u2019un tel puzzle de noms en bois durera des ann\u00e9es et apportera beaucoup de bons souvenirs.<br \/>\nAvantages auxquels vous pouvez vous attendre &#8211; votre b\u00e9b\u00e9 am\u00e9liorera sa motricit\u00e9 en saisissant chaque lettre et en la mettant dans un trou appropri\u00e9, en commen\u00e7ant des couleurs s\u00e9par\u00e9es et en essayant d\u2019\u00e9peler son nom.<\/p>\n<p>PLUS D\u2019ARTICLES PERSONNALIS\u00c9S TROUVENT <a href=\"https:\/\/woodinout.net\/product-tag\/kids-presents\/\">ICI.<\/a><\/p>\n<p>Le puzzle en bois est fait de BOIS MASSIF NATUREL!<\/p>\n<p>La taille du puzzle de nom en bois:<br \/>\nHauteur &#8211; 12 cm (~ 4,7 pouces), longueur &#8211; d\u00e9pend de la quantit\u00e9 de lettres, \u00e9paisseur &#8211; ~ 2 cm (0,8 pouces).<br \/>\nProfondeur de la poche: 1 cm (0,4 pouces).<br \/>\nDimensions des lettres (hauteur x \u00e9paisseur): 7 cm (~ 2,7 pouces) x 2 cm (~ 0,8 pouces) &#8211; (la largeur d\u00e9pend de la forme de la lettre).<br \/>\nChaque lettre est soigneusement peinte \u00e0 la main avec de l\u2019encre \u00e9cologique.<\/p>\n<p>Veuillez noter que les couleurs peuvent varier en raison des param\u00e8tres de l\u2019\u00e9cran de l\u2019ordinateur et de l\u2019\u00e9claircissement.<\/p>\n<p>Nous aimons les commandes personnalis\u00e9es, donc si vous ne trouvez pas ce que vous voulez, veuillez nous contacter directement.<\/p>\n<p>Pour plus d\u2019id\u00e9es, suivez-nous sur <a href=\"https:\/\/www.instagram.com\/woodinout\/\">INSTAGRAM<\/a> &amp; <a href=\"https:\/\/www.facebook.com\/Woodinout.net\">FACEBOOK<\/a><\/p>\n","protected":false},"excerpt":{"rendered":"<p>SI VOUS RECHERCHEZ : Puzzle de nom en bois naturel? Jouet \u00e9cologique naturel? Cadeau de No\u00ebl b\u00e9b\u00e9 fille ou petit gar\u00e7on ? Cadeau d\u2019anniversaire pour tout-petit? Cadeau personnalis\u00e9 ? D\u00e9cor de p\u00e9pini\u00e8re sur mesure? VOUS \u00caTES DANS LE BON SENS! \ud83d\ude42 Ce puzzle de nom est un cadeau parfait pour votre b\u00e9b\u00e9 bien-aim\u00e9. Les lettres [&hellip;]<\/p>\n","protected":false},"featured_media":16871,"template":"","meta":{"_monsterinsights_skip_tracking":false,"_monsterinsights_sitenote_active":false,"_monsterinsights_sitenote_note":"","_monsterinsights_sitenote_category":0},"product_cat":[1723,1725,1724],"product_tag":[1727,1731,1736,1738,1751,1735,1741,1729,1730,1732,1728,1726,1734,1749,1743,1733,1745,1747],"yoast_head":"<!-- This site is optimized with the Yoast SEO plugin v22.1 - https:\/\/yoast.com\/wordpress\/plugins\/seo\/ -->\n<title>Puzzle de noms en bois - Woodinout \u00a9 Boutique de jouets Montessori<\/title>\n<meta name=\"description\" content=\"Cadeau parfait pour les enfants - Puzzle de nom personnalis\u00e9 inspir\u00e9 de Montessori. Fait \u00e0 la main, respectueux de l\u2019environnement, s\u00e9curis\u00e9 pour b\u00e9b\u00e9 et tout-petit. Fabriqu\u00e9 \u00e0 partir de bois massif.\" \/>\n<meta name=\"robots\" content=\"index, follow, max-snippet:-1, max-image-preview:large, max-video-preview:-1\" \/>\n<link rel=\"canonical\" href=\"https:\/\/woodinout.net\/fr\/product\/puzzle-de-nom-bois-naturel\/\" \/>\n<meta property=\"og:locale\" content=\"fr_FR\" \/>\n<meta property=\"og:type\" content=\"article\" \/>\n<meta property=\"og:title\" content=\"Puzzle de noms en bois - Woodinout \u00a9 Boutique de jouets Montessori\" \/>\n<meta property=\"og:description\" content=\"Cadeau parfait pour les enfants - Puzzle de nom personnalis\u00e9 inspir\u00e9 de Montessori. Fait \u00e0 la main, respectueux de l\u2019environnement, s\u00e9curis\u00e9 pour b\u00e9b\u00e9 et tout-petit. Fabriqu\u00e9 \u00e0 partir de bois massif.\" \/>\n<meta property=\"og:url\" content=\"https:\/\/woodinout.net\/fr\/product\/puzzle-de-nom-bois-naturel\/\" \/>\n<meta property=\"og:site_name\" content=\"Woodinout \u00a9\" \/>\n<meta property=\"article:modified_time\" content=\"2022-04-28T08:35:46+00:00\" \/>\n<meta property=\"og:image\" content=\"https:\/\/woodinout.net\/wp-content\/uploads\/2018\/07\/MAX-1-NXPowerLite-Copy-scaled.jpg\" \/>\n\t<meta property=\"og:image:width\" content=\"1707\" \/>\n\t<meta property=\"og:image:height\" content=\"2560\" \/>\n\t<meta property=\"og:image:type\" content=\"image\/jpeg\" \/>\n<meta name=\"twitter:card\" content=\"summary_large_image\" \/>\n<meta name=\"twitter:label1\" content=\"Dur\u00e9e de lecture estim\u00e9e\" \/>\n\t<meta name=\"twitter:data1\" content=\"1 minute\" \/>\n<script type=\"application\/ld+json\" class=\"yoast-schema-graph\">{\"@context\":\"https:\/\/schema.org\",\"@graph\":[{\"@type\":\"WebPage\",\"@id\":\"https:\/\/woodinout.net\/fr\/product\/puzzle-de-nom-bois-naturel\/\",\"url\":\"https:\/\/woodinout.net\/fr\/product\/puzzle-de-nom-bois-naturel\/\",\"name\":\"Puzzle de noms en bois - Woodinout \u00a9 Boutique de jouets Montessori\",\"isPartOf\":{\"@id\":\"https:\/\/woodinout.net\/fr\/#website\"},\"datePublished\":\"2018-07-23T13:01:24+00:00\",\"dateModified\":\"2022-04-28T08:35:46+00:00\",\"description\":\"Cadeau parfait pour les enfants - Puzzle de nom personnalis\u00e9 inspir\u00e9 de Montessori. Fait \u00e0 la main, respectueux de l\u2019environnement, s\u00e9curis\u00e9 pour b\u00e9b\u00e9 et tout-petit. Fabriqu\u00e9 \u00e0 partir de bois massif.\",\"breadcrumb\":{\"@id\":\"https:\/\/woodinout.net\/fr\/product\/puzzle-de-nom-bois-naturel\/#breadcrumb\"},\"inLanguage\":\"fr-FR\",\"potentialAction\":[{\"@type\":\"ReadAction\",\"target\":[\"https:\/\/woodinout.net\/fr\/product\/puzzle-de-nom-bois-naturel\/\"]}]},{\"@type\":\"BreadcrumbList\",\"@id\":\"https:\/\/woodinout.net\/fr\/product\/puzzle-de-nom-bois-naturel\/#breadcrumb\",\"itemListElement\":[{\"@type\":\"ListItem\",\"position\":1,\"name\":\"Home\",\"item\":\"https:\/\/woodinout.net\/fr\/\"},{\"@type\":\"ListItem\",\"position\":2,\"name\":\"Shop\",\"item\":\"https:\/\/woodinout.net\/shop\/\"},{\"@type\":\"ListItem\",\"position\":3,\"name\":\"Puzzle de noms en bois\"}]},{\"@type\":\"WebSite\",\"@id\":\"https:\/\/woodinout.net\/fr\/#website\",\"url\":\"https:\/\/woodinout.net\/fr\/\",\"name\":\"Woodinout \u00a9\",\"description\":\"Wooden Montessori toys, gifts, home and events decor details\",\"potentialAction\":[{\"@type\":\"SearchAction\",\"target\":{\"@type\":\"EntryPoint\",\"urlTemplate\":\"https:\/\/woodinout.net\/fr\/?s={search_term_string}\"},\"query-input\":\"required name=search_term_string\"}],\"inLanguage\":\"fr-FR\"}]}<\/script>\n<!-- \/ Yoast SEO plugin. -->","yoast_head_json":{"title":"Puzzle de noms en bois - Woodinout \u00a9 Boutique de jouets Montessori","description":"Cadeau parfait pour les enfants - Puzzle de nom personnalis\u00e9 inspir\u00e9 de Montessori. Fait \u00e0 la main, respectueux de l\u2019environnement, s\u00e9curis\u00e9 pour b\u00e9b\u00e9 et tout-petit. Fabriqu\u00e9 \u00e0 partir de bois massif.","robots":{"index":"index","follow":"follow","max-snippet":"max-snippet:-1","max-image-preview":"max-image-preview:large","max-video-preview":"max-video-preview:-1"},"canonical":"https:\/\/woodinout.net\/fr\/product\/puzzle-de-nom-bois-naturel\/","og_locale":"fr_FR","og_type":"article","og_title":"Puzzle de noms en bois - Woodinout \u00a9 Boutique de jouets Montessori","og_description":"Cadeau parfait pour les enfants - Puzzle de nom personnalis\u00e9 inspir\u00e9 de Montessori. Fait \u00e0 la main, respectueux de l\u2019environnement, s\u00e9curis\u00e9 pour b\u00e9b\u00e9 et tout-petit. Fabriqu\u00e9 \u00e0 partir de bois massif.","og_url":"https:\/\/woodinout.net\/fr\/product\/puzzle-de-nom-bois-naturel\/","og_site_name":"Woodinout \u00a9","article_modified_time":"2022-04-28T08:35:46+00:00","og_image":[{"width":1707,"height":2560,"url":"https:\/\/woodinout.net\/wp-content\/uploads\/2018\/07\/MAX-1-NXPowerLite-Copy-scaled.jpg","type":"image\/jpeg"}],"twitter_card":"summary_large_image","twitter_misc":{"Dur\u00e9e de lecture estim\u00e9e":"1 minute"},"schema":{"@context":"https:\/\/schema.org","@graph":[{"@type":"WebPage","@id":"https:\/\/woodinout.net\/fr\/product\/puzzle-de-nom-bois-naturel\/","url":"https:\/\/woodinout.net\/fr\/product\/puzzle-de-nom-bois-naturel\/","name":"Puzzle de noms en bois - Woodinout \u00a9 Boutique de jouets Montessori","isPartOf":{"@id":"https:\/\/woodinout.net\/fr\/#website"},"datePublished":"2018-07-23T13:01:24+00:00","dateModified":"2022-04-28T08:35:46+00:00","description":"Cadeau parfait pour les enfants - Puzzle de nom personnalis\u00e9 inspir\u00e9 de Montessori. Fait \u00e0 la main, respectueux de l\u2019environnement, s\u00e9curis\u00e9 pour b\u00e9b\u00e9 et tout-petit. Fabriqu\u00e9 \u00e0 partir de bois massif.","breadcrumb":{"@id":"https:\/\/woodinout.net\/fr\/product\/puzzle-de-nom-bois-naturel\/#breadcrumb"},"inLanguage":"fr-FR","potentialAction":[{"@type":"ReadAction","target":["https:\/\/woodinout.net\/fr\/product\/puzzle-de-nom-bois-naturel\/"]}]},{"@type":"BreadcrumbList","@id":"https:\/\/woodinout.net\/fr\/product\/puzzle-de-nom-bois-naturel\/#breadcrumb","itemListElement":[{"@type":"ListItem","position":1,"name":"Home","item":"https:\/\/woodinout.net\/fr\/"},{"@type":"ListItem","position":2,"name":"Shop","item":"https:\/\/woodinout.net\/shop\/"},{"@type":"ListItem","position":3,"name":"Puzzle de noms en bois"}]},{"@type":"WebSite","@id":"https:\/\/woodinout.net\/fr\/#website","url":"https:\/\/woodinout.net\/fr\/","name":"Woodinout \u00a9","description":"Wooden Montessori toys, gifts, home and events decor details","potentialAction":[{"@type":"SearchAction","target":{"@type":"EntryPoint","urlTemplate":"https:\/\/woodinout.net\/fr\/?s={search_term_string}"},"query-input":"required name=search_term_string"}],"inLanguage":"fr-FR"}]}},"_links":{"self":[{"href":"https:\/\/woodinout.net\/fr\/wp-json\/wp\/v2\/product\/21002"}],"collection":[{"href":"https:\/\/woodinout.net\/fr\/wp-json\/wp\/v2\/product"}],"about":[{"href":"https:\/\/woodinout.net\/fr\/wp-json\/wp\/v2\/types\/product"}],"wp:featuredmedia":[{"embeddable":true,"href":"https:\/\/woodinout.net\/fr\/wp-json\/wp\/v2\/media\/16871"}],"wp:attachment":[{"href":"https:\/\/woodinout.net\/fr\/wp-json\/wp\/v2\/media?parent=21002"}],"wp:term":[{"taxonomy":"product_cat","embeddable":true,"href":"https:\/\/woodinout.net\/fr\/wp-json\/wp\/v2\/product_cat?post=21002"},{"taxonomy":"product_tag","embeddable":true,"href":"https:\/\/woodinout.net\/fr\/wp-json\/wp\/v2\/product_tag?post=21002"}],"curies":[{"name":"wp","href":"https:\/\/api.w.org\/{rel}","templated":true}]}}