{"id":20998,"date":"2020-06-20T22:47:08","date_gmt":"2020-06-20T19:47:08","guid":{"rendered":"https:\/\/woodinout.net\/product\/jouet-en-bois-de-phase-de-lune\/"},"modified":"2022-04-28T11:27:47","modified_gmt":"2022-04-28T08:27:47","slug":"phase-de-lune","status":"publish","type":"product","link":"https:\/\/woodinout.net\/fr\/product\/phase-de-lune\/","title":{"rendered":"Jouet en bois de phase de lune"},"content":{"rendered":"<p>Inspir\u00e9 par Montessori, notre jouet en bois en phase de lune est FAIT \u00c0 LA MAIN, respectueux de l\u2019environnement et rend l\u2019apprentissage FACILE ET AMUSANT. Obtenez cette phase de lune comme cadeau de No\u00ebl pour les enfants ou l\u2019un des cadeaux de l\u2019enseignant. Les parents l\u2019appr\u00e9cieront \u00e0 l\u2019\u00e9cole \u00e0 la maison, l\u2019\u00e9l\u00e9gance absolue a l\u2019air bien dans chaque classe. Le puzzle de phase de lune est l\u2019un des plus pr\u00e9f\u00e9r\u00e9s de nos enfants, car ils adorent le comparer \u00e0 la vraie lune \u00e0 l\u2019ext\u00e9rieur de la fen\u00eatre.<\/p>\n<p>Am\u00e9liorera la <a href=\"https:\/\/woodinout.net\/product-tag\/fine-motor-skills-activities\/\">motricit\u00e9<\/a><\/p>\n<p>Longueur: ~ 7 pouces<br \/>\nHauteur: ~ 7,9 pouces<br \/>\n\u00c9paisseur: ~ 0,6 pouces<\/p>\n<p>COULEURS ET MAT\u00c9RIAUX<br \/>\nCouleur: naturel et brun huil\u00e9.<br \/>\nLe jouet est fait de BOIS MASSIF NATUREL et de contreplaqu\u00e9.<br \/>\nVeuillez noter que les couleurs peuvent varier en raison des param\u00e8tres de l\u2019\u00e9cran de l\u2019ordinateur et de l\u2019\u00e9claircissement.<\/p>\n<p>Pour plus d\u2019id\u00e9es, suivez-nous sur <a href=\"https:\/\/www.instagram.com\/woodinout\/\">INSTAGRAM<\/a> &amp; <a href=\"https:\/\/www.facebook.com\/Woodinout.net\">FACEBOOK<\/a><\/p>\n","protected":false},"excerpt":{"rendered":"<p>Inspir\u00e9 par Montessori, notre jouet en bois en phase de lune est FAIT \u00c0 LA MAIN, respectueux de l\u2019environnement et rend l\u2019apprentissage FACILE ET AMUSANT. Obtenez cette phase de lune comme cadeau de No\u00ebl pour les enfants ou l\u2019un des cadeaux de l\u2019enseignant. Les parents l\u2019appr\u00e9cieront \u00e0 l\u2019\u00e9cole \u00e0 la maison, l\u2019\u00e9l\u00e9gance absolue a l\u2019air [&hellip;]<\/p>\n","protected":false},"featured_media":17023,"template":"","meta":{"_monsterinsights_skip_tracking":false,"_monsterinsights_sitenote_active":false,"_monsterinsights_sitenote_note":"","_monsterinsights_sitenote_category":0},"product_cat":[1723,1758],"product_tag":[1736,1738,1780,1735,1729,1728,1726,1734,1791,1786,1775,1767],"yoast_head":"<!-- This site is optimized with the Yoast SEO plugin v22.1 - https:\/\/yoast.com\/wordpress\/plugins\/seo\/ -->\n<title>Jouet en bois de phase de lune - Woodinout \u00a9 d\u2019apprentissage<\/title>\n<meta name=\"description\" content=\"Phases de lune en bois pour les enfants - Jouet \u00e9l\u00e9gant pour l\u2019apprentissage des sciences. Fait \u00e0 la main en bois massif, ce puzzle est un cadeau parfait pour les enfants!\" \/>\n<meta name=\"robots\" content=\"index, follow, max-snippet:-1, max-image-preview:large, max-video-preview:-1\" \/>\n<link rel=\"canonical\" href=\"https:\/\/woodinout.net\/fr\/product\/phase-de-lune\/\" \/>\n<meta property=\"og:locale\" content=\"fr_FR\" \/>\n<meta property=\"og:type\" content=\"article\" \/>\n<meta property=\"og:title\" content=\"Jouet en bois de phase de lune - Woodinout \u00a9 d\u2019apprentissage\" \/>\n<meta property=\"og:description\" content=\"Phases de lune en bois pour les enfants - Jouet \u00e9l\u00e9gant pour l\u2019apprentissage des sciences. Fait \u00e0 la main en bois massif, ce puzzle est un cadeau parfait pour les enfants!\" \/>\n<meta property=\"og:url\" content=\"https:\/\/woodinout.net\/fr\/product\/phase-de-lune\/\" \/>\n<meta property=\"og:site_name\" content=\"Woodinout \u00a9\" \/>\n<meta property=\"article:modified_time\" content=\"2022-04-28T08:27:47+00:00\" \/>\n<meta property=\"og:image\" content=\"https:\/\/woodinout.net\/wp-content\/uploads\/2020\/06\/Moon-phase-1.jpg\" \/>\n\t<meta property=\"og:image:width\" content=\"853\" \/>\n\t<meta property=\"og:image:height\" content=\"1280\" \/>\n\t<meta property=\"og:image:type\" content=\"image\/jpeg\" \/>\n<meta name=\"twitter:card\" content=\"summary_large_image\" \/>\n<meta name=\"twitter:label1\" content=\"Dur\u00e9e de lecture estim\u00e9e\" \/>\n\t<meta name=\"twitter:data1\" content=\"1 minute\" \/>\n<script type=\"application\/ld+json\" class=\"yoast-schema-graph\">{\"@context\":\"https:\/\/schema.org\",\"@graph\":[{\"@type\":\"WebPage\",\"@id\":\"https:\/\/woodinout.net\/fr\/product\/phase-de-lune\/\",\"url\":\"https:\/\/woodinout.net\/fr\/product\/phase-de-lune\/\",\"name\":\"Jouet en bois de phase de lune - Woodinout \u00a9 d\u2019apprentissage\",\"isPartOf\":{\"@id\":\"https:\/\/woodinout.net\/fr\/#website\"},\"datePublished\":\"2020-06-20T19:47:08+00:00\",\"dateModified\":\"2022-04-28T08:27:47+00:00\",\"description\":\"Phases de lune en bois pour les enfants - Jouet \u00e9l\u00e9gant pour l\u2019apprentissage des sciences. Fait \u00e0 la main en bois massif, ce puzzle est un cadeau parfait pour les enfants!\",\"breadcrumb\":{\"@id\":\"https:\/\/woodinout.net\/fr\/product\/phase-de-lune\/#breadcrumb\"},\"inLanguage\":\"fr-FR\",\"potentialAction\":[{\"@type\":\"ReadAction\",\"target\":[\"https:\/\/woodinout.net\/fr\/product\/phase-de-lune\/\"]}]},{\"@type\":\"BreadcrumbList\",\"@id\":\"https:\/\/woodinout.net\/fr\/product\/phase-de-lune\/#breadcrumb\",\"itemListElement\":[{\"@type\":\"ListItem\",\"position\":1,\"name\":\"Home\",\"item\":\"https:\/\/woodinout.net\/fr\/\"},{\"@type\":\"ListItem\",\"position\":2,\"name\":\"Shop\",\"item\":\"https:\/\/woodinout.net\/shop\/\"},{\"@type\":\"ListItem\",\"position\":3,\"name\":\"Jouet en bois de phase de lune\"}]},{\"@type\":\"WebSite\",\"@id\":\"https:\/\/woodinout.net\/fr\/#website\",\"url\":\"https:\/\/woodinout.net\/fr\/\",\"name\":\"Woodinout \u00a9\",\"description\":\"Wooden Montessori toys, gifts, home and events decor details\",\"potentialAction\":[{\"@type\":\"SearchAction\",\"target\":{\"@type\":\"EntryPoint\",\"urlTemplate\":\"https:\/\/woodinout.net\/fr\/?s={search_term_string}\"},\"query-input\":\"required name=search_term_string\"}],\"inLanguage\":\"fr-FR\"}]}<\/script>\n<!-- \/ Yoast SEO plugin. -->","yoast_head_json":{"title":"Jouet en bois de phase de lune - Woodinout \u00a9 d\u2019apprentissage","description":"Phases de lune en bois pour les enfants - Jouet \u00e9l\u00e9gant pour l\u2019apprentissage des sciences. Fait \u00e0 la main en bois massif, ce puzzle est un cadeau parfait pour les enfants!","robots":{"index":"index","follow":"follow","max-snippet":"max-snippet:-1","max-image-preview":"max-image-preview:large","max-video-preview":"max-video-preview:-1"},"canonical":"https:\/\/woodinout.net\/fr\/product\/phase-de-lune\/","og_locale":"fr_FR","og_type":"article","og_title":"Jouet en bois de phase de lune - Woodinout \u00a9 d\u2019apprentissage","og_description":"Phases de lune en bois pour les enfants - Jouet \u00e9l\u00e9gant pour l\u2019apprentissage des sciences. Fait \u00e0 la main en bois massif, ce puzzle est un cadeau parfait pour les enfants!","og_url":"https:\/\/woodinout.net\/fr\/product\/phase-de-lune\/","og_site_name":"Woodinout \u00a9","article_modified_time":"2022-04-28T08:27:47+00:00","og_image":[{"width":853,"height":1280,"url":"https:\/\/woodinout.net\/wp-content\/uploads\/2020\/06\/Moon-phase-1.jpg","type":"image\/jpeg"}],"twitter_card":"summary_large_image","twitter_misc":{"Dur\u00e9e de lecture estim\u00e9e":"1 minute"},"schema":{"@context":"https:\/\/schema.org","@graph":[{"@type":"WebPage","@id":"https:\/\/woodinout.net\/fr\/product\/phase-de-lune\/","url":"https:\/\/woodinout.net\/fr\/product\/phase-de-lune\/","name":"Jouet en bois de phase de lune - Woodinout \u00a9 d\u2019apprentissage","isPartOf":{"@id":"https:\/\/woodinout.net\/fr\/#website"},"datePublished":"2020-06-20T19:47:08+00:00","dateModified":"2022-04-28T08:27:47+00:00","description":"Phases de lune en bois pour les enfants - Jouet \u00e9l\u00e9gant pour l\u2019apprentissage des sciences. Fait \u00e0 la main en bois massif, ce puzzle est un cadeau parfait pour les enfants!","breadcrumb":{"@id":"https:\/\/woodinout.net\/fr\/product\/phase-de-lune\/#breadcrumb"},"inLanguage":"fr-FR","potentialAction":[{"@type":"ReadAction","target":["https:\/\/woodinout.net\/fr\/product\/phase-de-lune\/"]}]},{"@type":"BreadcrumbList","@id":"https:\/\/woodinout.net\/fr\/product\/phase-de-lune\/#breadcrumb","itemListElement":[{"@type":"ListItem","position":1,"name":"Home","item":"https:\/\/woodinout.net\/fr\/"},{"@type":"ListItem","position":2,"name":"Shop","item":"https:\/\/woodinout.net\/shop\/"},{"@type":"ListItem","position":3,"name":"Jouet en bois de phase de lune"}]},{"@type":"WebSite","@id":"https:\/\/woodinout.net\/fr\/#website","url":"https:\/\/woodinout.net\/fr\/","name":"Woodinout \u00a9","description":"Wooden Montessori toys, gifts, home and events decor details","potentialAction":[{"@type":"SearchAction","target":{"@type":"EntryPoint","urlTemplate":"https:\/\/woodinout.net\/fr\/?s={search_term_string}"},"query-input":"required name=search_term_string"}],"inLanguage":"fr-FR"}]}},"_links":{"self":[{"href":"https:\/\/woodinout.net\/fr\/wp-json\/wp\/v2\/product\/20998"}],"collection":[{"href":"https:\/\/woodinout.net\/fr\/wp-json\/wp\/v2\/product"}],"about":[{"href":"https:\/\/woodinout.net\/fr\/wp-json\/wp\/v2\/types\/product"}],"wp:featuredmedia":[{"embeddable":true,"href":"https:\/\/woodinout.net\/fr\/wp-json\/wp\/v2\/media\/17023"}],"wp:attachment":[{"href":"https:\/\/woodinout.net\/fr\/wp-json\/wp\/v2\/media?parent=20998"}],"wp:term":[{"taxonomy":"product_cat","embeddable":true,"href":"https:\/\/woodinout.net\/fr\/wp-json\/wp\/v2\/product_cat?post=20998"},{"taxonomy":"product_tag","embeddable":true,"href":"https:\/\/woodinout.net\/fr\/wp-json\/wp\/v2\/product_tag?post=20998"}],"curies":[{"name":"wp","href":"https:\/\/api.w.org\/{rel}","templated":true}]}}