{"id":22437,"date":"2022-03-19T18:41:32","date_gmt":"2022-03-19T16:41:32","guid":{"rendered":"https:\/\/woodinout.net\/politique-de-remboursement-et-de-retour\/"},"modified":"2022-03-19T18:41:32","modified_gmt":"2022-03-19T16:41:32","slug":"politique-de-remboursement-et-de-retour","status":"publish","type":"page","link":"https:\/\/woodinout.net\/fr\/politique-de-remboursement-et-de-retour\/","title":{"rendered":"Politique de remboursement et de retour"},"content":{"rendered":"\n<p><b>Il s\u2019agit d\u2019un exemple de page.<\/b><\/p>\n\n\n\n<h3>Aper\u00e7u<\/h3>\n\n\n\n<p>Notre politique de remboursement et de retour dure 30 jours. Si 30 jours se sont \u00e9coul\u00e9s depuis votre achat, nous ne pouvons pas vous offrir un remboursement ou un \u00e9change complet.<\/p>\n\n\n\n<p>Pour \u00eatre admissible \u00e0 un retour, votre article doit \u00eatre inutilis\u00e9 et dans le m\u00eame \u00e9tat que vous l\u2019avez re\u00e7u. Il doit \u00e9galement \u00eatre dans l\u2019emballage d\u2019origine.<\/p>\n\n\n\n<p>Plusieurs types de marchandises sont exempt\u00e9s d\u2019\u00eatre retourn\u00e9s. Les denr\u00e9es p\u00e9rissables telles que les aliments, les fleurs, les journaux ou les magazines ne peuvent pas \u00eatre retourn\u00e9es. Nous n\u2019acceptons pas non plus les produits qui sont des marchandises intimes ou sanitaires, des mati\u00e8res dangereuses ou des liquides ou des gaz inflammables.<\/p>\n\n\n\n<p>Articles suppl\u00e9mentaires non retournables :<\/p>\n\n\n\n<ul>\n<li>Cartes-cadeaux<\/li>\n<li>Produits logiciels t\u00e9l\u00e9chargeables<\/li>\n<li>Certains articles de sant\u00e9 et de soins personnels<\/li>\n<\/ul>\n\n\n\n<p>Pour compl\u00e9ter votre retour, nous avons besoin d\u2019un re\u00e7u ou d\u2019une preuve d\u2019achat.<\/p>\n\n\n\n<p>Veuillez ne pas renvoyer votre achat au fabricant.<\/p>\n\n\n\n<p>Il existe certaines situations o\u00f9 seuls des remboursements partiels sont accord\u00e9s:<\/p>\n\n\n\n<ul>\n<li>Livre avec des signes \u00e9vidents d\u2019utilisation<\/li>\n<li>CD, DVD, cassette VHS, logiciel, jeu vid\u00e9o, cassette ou disque vinyle qui a \u00e9t\u00e9 ouvert.<\/li>\n<li>Tout article qui n\u2019est pas dans son \u00e9tat d\u2019origine, est endommag\u00e9 ou des pi\u00e8ces manquantes pour des raisons qui ne sont pas dues \u00e0 notre erreur.<\/li>\n<li>Tout article retourn\u00e9 plus de 30 jours apr\u00e8s la livraison<\/li>\n<\/ul>\n\n\n\n<h2>Restitutions<\/h2>\n\n\n\n<p>Une fois votre retour re\u00e7u et inspect\u00e9, nous vous enverrons un e-mail pour vous informer que nous avons re\u00e7u votre article retourn\u00e9. Nous vous informerons \u00e9galement de l\u2019approbation ou du rejet de votre remboursement.<\/p>\n\n\n\n<p>Si vous \u00eates approuv\u00e9, votre remboursement sera trait\u00e9 et un cr\u00e9dit sera automatiquement appliqu\u00e9 \u00e0 votre carte de cr\u00e9dit ou \u00e0 votre mode de paiement d\u2019origine, dans un certain nombre de jours.<\/p>\n\n\n\n<b>Remboursements en retard ou manquants<\/b>\n\n\n\n<p>Si vous n\u2019avez pas encore re\u00e7u de remboursement, v\u00e9rifiez d\u2019abord votre compte bancaire.<\/p>\n\n\n\n<p>Ensuite, contactez votre soci\u00e9t\u00e9 de carte de cr\u00e9dit, cela peut prendre un certain temps avant que votre remboursement ne soit officiellement affich\u00e9.<\/p>\n\n\n\n<p>Contactez ensuite votre banque. Il y a souvent un certain temps de traitement avant qu\u2019un remboursement ne soit affich\u00e9.<\/p>\n\n\n\n<p>Si vous avez fait tout cela et que vous n\u2019avez toujours pas re\u00e7u votre remboursement, veuillez nous contacter \u00e0 {adresse e-mail}.<\/p>\n\n\n\n<b>Articles en solde<\/b>\n\n\n\n<p>Seuls les articles \u00e0 prix r\u00e9gulier peuvent \u00eatre rembours\u00e9s. Les articles en solde ne peuvent pas \u00eatre rembours\u00e9s.<\/p>\n\n\n\n<h2>\u00c9changes<\/h2>\n\n\n\n<p>Nous ne rempla\u00e7ons les articles que s\u2019ils sont d\u00e9fectueux ou endommag\u00e9s. Si vous devez l\u2019\u00e9changer contre le m\u00eame article, envoyez-nous un e-mail \u00e0 {adresse e-mail} et envoyez votre article \u00e0: {adresse physique}.<\/p>\n\n\n\n<h2>Cadeaux<\/h2>\n\n\n\n<p>Si l\u2019article a \u00e9t\u00e9 marqu\u00e9 comme cadeau lors de son achat et exp\u00e9di\u00e9 directement chez vous, vous recevrez un cr\u00e9dit cadeau pour la valeur de votre retour. Une fois l\u2019article retourn\u00e9 re\u00e7u, un ch\u00e8que-cadeau vous sera envoy\u00e9 par la poste.<\/p>\n\n\n\n<p>Si l\u2019article n\u2019a pas \u00e9t\u00e9 marqu\u00e9 comme cadeau lors de l\u2019achat, ou si le donateur s\u2019est fait exp\u00e9dier la commande pour vous la donner plus tard, nous enverrons un remboursement au donateur et il se renseignera sur votre retour.<\/p>\n\n\n\n<h2>Retours d\u2019exp\u00e9dition<\/h2>\n\n\n\n<p>Pour retourner votre produit, vous devez l\u2019envoyer par la poste \u00e0 : {adresse physique}.<\/p>\n\n\n\n<p>Vous serez responsable du paiement de vos propres frais d\u2019exp\u00e9dition pour le retour de votre article. Les frais d\u2019exp\u00e9dition ne sont pas remboursables. Si vous recevez un remboursement, les frais d\u2019exp\u00e9dition de retour seront d\u00e9duits de votre remboursement.<\/p>\n\n\n\n<p>Selon l\u2019endroit o\u00f9 vous vivez, le temps qu\u2019il peut prendre pour que votre produit \u00e9chang\u00e9 vous parvienne peut varier.<\/p>\n\n\n\n<p>Si vous retournez des articles plus chers, vous pouvez envisager d\u2019utiliser un service d\u2019exp\u00e9dition tra\u00e7able ou de souscrire une assurance d\u2019exp\u00e9dition. Nous ne garantissons pas que nous recevrons votre article retourn\u00e9.<\/p>\n\n\n\n<h2>Besoin d\u2019aide ?<\/h2>\n\n\n\n<p>Contactez-nous \u00e0 {email} pour toute question relative aux remboursements et aux retours.<\/p>\n","protected":false},"excerpt":{"rendered":"<p>Il s\u2019agit d\u2019un exemple de page. Aper\u00e7u Notre politique de remboursement et de retour dure 30 jours. Si 30 jours se sont \u00e9coul\u00e9s depuis votre achat, nous ne pouvons pas vous offrir un remboursement ou un \u00e9change complet. Pour \u00eatre admissible \u00e0 un retour, votre article doit \u00eatre inutilis\u00e9 et dans le m\u00eame \u00e9tat que [&hellip;]<\/p>\n","protected":false},"author":1,"featured_media":0,"parent":0,"menu_order":0,"comment_status":"closed","ping_status":"closed","template":"","meta":{"_monsterinsights_skip_tracking":false,"_monsterinsights_sitenote_active":false,"_monsterinsights_sitenote_note":"","_monsterinsights_sitenote_category":0,"footnotes":""},"yoast_head":"<!-- This site is optimized with the Yoast SEO plugin v22.1 - https:\/\/yoast.com\/wordpress\/plugins\/seo\/ -->\n<title>Politique de remboursement et de retour - Woodinout \u00a9<\/title>\n<meta name=\"robots\" content=\"index, follow, max-snippet:-1, max-image-preview:large, max-video-preview:-1\" \/>\n<link rel=\"canonical\" href=\"https:\/\/woodinout.net\/fr\/politique-de-remboursement-et-de-retour\/\" \/>\n<meta property=\"og:locale\" content=\"fr_FR\" \/>\n<meta property=\"og:type\" content=\"article\" \/>\n<meta property=\"og:title\" content=\"Politique de remboursement et de retour - Woodinout \u00a9\" \/>\n<meta property=\"og:description\" content=\"Il s\u2019agit d\u2019un exemple de page. Aper\u00e7u Notre politique de remboursement et de retour dure 30 jours. Si 30 jours se sont \u00e9coul\u00e9s depuis votre achat, nous ne pouvons pas vous offrir un remboursement ou un \u00e9change complet. Pour \u00eatre admissible \u00e0 un retour, votre article doit \u00eatre inutilis\u00e9 et dans le m\u00eame \u00e9tat que [&hellip;]\" \/>\n<meta property=\"og:url\" content=\"https:\/\/woodinout.net\/fr\/politique-de-remboursement-et-de-retour\/\" \/>\n<meta property=\"og:site_name\" content=\"Woodinout \u00a9\" \/>\n<meta name=\"twitter:card\" content=\"summary_large_image\" \/>\n<meta name=\"twitter:label1\" content=\"Dur\u00e9e de lecture estim\u00e9e\" \/>\n\t<meta name=\"twitter:data1\" content=\"3 minutes\" \/>\n<script type=\"application\/ld+json\" class=\"yoast-schema-graph\">{\"@context\":\"https:\/\/schema.org\",\"@graph\":[{\"@type\":\"WebPage\",\"@id\":\"https:\/\/woodinout.net\/fr\/politique-de-remboursement-et-de-retour\/\",\"url\":\"https:\/\/woodinout.net\/fr\/politique-de-remboursement-et-de-retour\/\",\"name\":\"Politique de remboursement et de retour - Woodinout \u00a9\",\"isPartOf\":{\"@id\":\"https:\/\/woodinout.net\/fr\/#website\"},\"datePublished\":\"2022-03-19T16:41:32+00:00\",\"dateModified\":\"2022-03-19T16:41:32+00:00\",\"breadcrumb\":{\"@id\":\"https:\/\/woodinout.net\/fr\/politique-de-remboursement-et-de-retour\/#breadcrumb\"},\"inLanguage\":\"fr-FR\",\"potentialAction\":[{\"@type\":\"ReadAction\",\"target\":[\"https:\/\/woodinout.net\/fr\/politique-de-remboursement-et-de-retour\/\"]}]},{\"@type\":\"BreadcrumbList\",\"@id\":\"https:\/\/woodinout.net\/fr\/politique-de-remboursement-et-de-retour\/#breadcrumb\",\"itemListElement\":[{\"@type\":\"ListItem\",\"position\":1,\"name\":\"Home\",\"item\":\"https:\/\/woodinout.net\/fr\/\"},{\"@type\":\"ListItem\",\"position\":2,\"name\":\"Politique de remboursement et de retour\"}]},{\"@type\":\"WebSite\",\"@id\":\"https:\/\/woodinout.net\/fr\/#website\",\"url\":\"https:\/\/woodinout.net\/fr\/\",\"name\":\"Woodinout \u00a9\",\"description\":\"Wooden Montessori toys, gifts, home and events decor details\",\"potentialAction\":[{\"@type\":\"SearchAction\",\"target\":{\"@type\":\"EntryPoint\",\"urlTemplate\":\"https:\/\/woodinout.net\/fr\/?s={search_term_string}\"},\"query-input\":\"required name=search_term_string\"}],\"inLanguage\":\"fr-FR\"}]}<\/script>\n<!-- \/ Yoast SEO plugin. -->","yoast_head_json":{"title":"Politique de remboursement et de retour - Woodinout \u00a9","robots":{"index":"index","follow":"follow","max-snippet":"max-snippet:-1","max-image-preview":"max-image-preview:large","max-video-preview":"max-video-preview:-1"},"canonical":"https:\/\/woodinout.net\/fr\/politique-de-remboursement-et-de-retour\/","og_locale":"fr_FR","og_type":"article","og_title":"Politique de remboursement et de retour - Woodinout \u00a9","og_description":"Il s\u2019agit d\u2019un exemple de page. Aper\u00e7u Notre politique de remboursement et de retour dure 30 jours. Si 30 jours se sont \u00e9coul\u00e9s depuis votre achat, nous ne pouvons pas vous offrir un remboursement ou un \u00e9change complet. Pour \u00eatre admissible \u00e0 un retour, votre article doit \u00eatre inutilis\u00e9 et dans le m\u00eame \u00e9tat que [&hellip;]","og_url":"https:\/\/woodinout.net\/fr\/politique-de-remboursement-et-de-retour\/","og_site_name":"Woodinout \u00a9","twitter_card":"summary_large_image","twitter_misc":{"Dur\u00e9e de lecture estim\u00e9e":"3 minutes"},"schema":{"@context":"https:\/\/schema.org","@graph":[{"@type":"WebPage","@id":"https:\/\/woodinout.net\/fr\/politique-de-remboursement-et-de-retour\/","url":"https:\/\/woodinout.net\/fr\/politique-de-remboursement-et-de-retour\/","name":"Politique de remboursement et de retour - Woodinout \u00a9","isPartOf":{"@id":"https:\/\/woodinout.net\/fr\/#website"},"datePublished":"2022-03-19T16:41:32+00:00","dateModified":"2022-03-19T16:41:32+00:00","breadcrumb":{"@id":"https:\/\/woodinout.net\/fr\/politique-de-remboursement-et-de-retour\/#breadcrumb"},"inLanguage":"fr-FR","potentialAction":[{"@type":"ReadAction","target":["https:\/\/woodinout.net\/fr\/politique-de-remboursement-et-de-retour\/"]}]},{"@type":"BreadcrumbList","@id":"https:\/\/woodinout.net\/fr\/politique-de-remboursement-et-de-retour\/#breadcrumb","itemListElement":[{"@type":"ListItem","position":1,"name":"Home","item":"https:\/\/woodinout.net\/fr\/"},{"@type":"ListItem","position":2,"name":"Politique de remboursement et de retour"}]},{"@type":"WebSite","@id":"https:\/\/woodinout.net\/fr\/#website","url":"https:\/\/woodinout.net\/fr\/","name":"Woodinout \u00a9","description":"Wooden Montessori toys, gifts, home and events decor details","potentialAction":[{"@type":"SearchAction","target":{"@type":"EntryPoint","urlTemplate":"https:\/\/woodinout.net\/fr\/?s={search_term_string}"},"query-input":"required name=search_term_string"}],"inLanguage":"fr-FR"}]}},"_links":{"self":[{"href":"https:\/\/woodinout.net\/fr\/wp-json\/wp\/v2\/pages\/22437"}],"collection":[{"href":"https:\/\/woodinout.net\/fr\/wp-json\/wp\/v2\/pages"}],"about":[{"href":"https:\/\/woodinout.net\/fr\/wp-json\/wp\/v2\/types\/page"}],"author":[{"embeddable":true,"href":"https:\/\/woodinout.net\/fr\/wp-json\/wp\/v2\/users\/1"}],"replies":[{"embeddable":true,"href":"https:\/\/woodinout.net\/fr\/wp-json\/wp\/v2\/comments?post=22437"}],"version-history":[{"count":0,"href":"https:\/\/woodinout.net\/fr\/wp-json\/wp\/v2\/pages\/22437\/revisions"}],"wp:attachment":[{"href":"https:\/\/woodinout.net\/fr\/wp-json\/wp\/v2\/media?parent=22437"}],"curies":[{"name":"wp","href":"https:\/\/api.w.org\/{rel}","templated":true}]}}