{"id":20984,"date":"2017-09-22T20:37:19","date_gmt":"2017-09-22T17:37:19","guid":{"rendered":"https:\/\/woodinout.net\/termes-et-conditions\/"},"modified":"2017-09-22T20:37:19","modified_gmt":"2017-09-22T17:37:19","slug":"termes-et-conditions","status":"publish","type":"page","link":"https:\/\/woodinout.net\/fr\/termes-et-conditions\/","title":{"rendered":"Termes et conditions"},"content":{"rendered":"<p><strong>D\u00e9lais d\u2019exp\u00e9dition estim\u00e9s<\/strong><\/p>\n<p>WOODINOUT exp\u00e9die \u00e0 partir d\u2019une Lituanie (Europe).<\/p>\n<p>Exp\u00e9dition dans le monde entier!<\/p>\n<p>Via le service national de courrier recommand\u00e9.<\/p>\n<ul>\n<li>L\u2019exp\u00e9dition prend 10-25 jours ouvrables (d\u00e9pend de votre adresse de livraison)\n<ul>\n<li>\u00c9tats-Unis: 2-4 semaines<\/li>\n<li>Am\u00e9rique du Nord: 2-4 semaines<\/li>\n<li>Europe:&nbsp;1-2 semaines<\/li>\n<li>Australie, Nouvelle-Z\u00e9lande et Oc\u00e9anie: 3-4 semaines<\/li>\n<\/ul>\n<\/li>\n<\/ul>\n<ul>\n<li>Les articles sont envoy\u00e9s en tant que poste a\u00e9rienne enregistr\u00e9e en priorit\u00e9.<\/li>\n<\/ul>\n<p>Via UPS express :<\/p>\n<ul>\n<li>L\u2019exp\u00e9dition prend 2-5 jours ouvrables (d\u00e9pend de votre adresse de livraison)<\/li>\n<\/ul>\n<p>Nous faisons de notre mieux pour respecter ces estimations d\u2019exp\u00e9dition, mais nous ne pouvons pas les garantir. Le d\u00e9lai de livraison r\u00e9el d\u00e9pendra de la m\u00e9thode d\u2019exp\u00e9dition que vous choisissez.<\/p>\n<p><strong>Droits de douane et d\u2019importation<\/strong><\/p>\n<p>Les acheteurs sont responsables de toutes les taxes douani\u00e8res et d\u2019importation qui peuvent s\u2019appliquer. Je ne suis pas responsable des retards dus aux douanes.<\/p>\n<p><em>Nous acceptons volontiers les retours et les \u00e9changes<\/em><\/p>\n<p>Contactez-nous dans les&nbsp; 14 jours suivant la livraison<\/p>\n<p>Renvoyer les articles dans les&nbsp; 45 jours suivant la livraison<\/p>\n<p><em>Nous n\u2019acceptons pas les annulations<\/em><\/p>\n<p>Mais s\u2019il vous pla\u00eet contactez-moi si vous avez des probl\u00e8mes avec votre commande.<\/p>\n<p><em><strong>Les articles suivants ne peuvent pas \u00eatre retourn\u00e9s ou \u00e9chang\u00e9s<\/strong><\/em><\/p>\n<p>En raison de la nature de ces articles, \u00e0 moins qu\u2019ils n\u2019arrivent endommag\u00e9s ou d\u00e9fectueux, je ne peux pas accepter les retours pour:<\/p>\n<ul>\n<li>Commandes personnalis\u00e9es ou personnalis\u00e9es<\/li>\n<li><strong>ARTICLES EN SOLDE &#8211;&nbsp;<\/strong> Les articles en solde ne peuvent pas \u00eatre rembours\u00e9s.<\/li>\n<\/ul>\n<p><strong>Conditions de retour<\/strong><\/p>\n<p>Les acheteurs sont responsables des frais d\u2019exp\u00e9dition de retour. Si l\u2019article n\u2019est pas retourn\u00e9 dans son \u00e9tat d\u2019origine, l\u2019acheteur est responsable de toute perte de valeur.<\/p>\n<p><strong>PRODUITS PERSONNALIS\u00c9S<\/strong><\/p>\n<p>Nous ne remboursons pas les commandes personnalis\u00e9es ou personnalis\u00e9es: longueurs sp\u00e9ciales, tailles et couleurs personnalis\u00e9es.<\/p>\n<p>Si la couleur que vous choisissez n\u2019est pas en option dans notre bo\u00eete de d\u00e9p\u00f4t, elle ne pourrait pas \u00eatre rembours\u00e9e, retourn\u00e9e ou \u00e9chang\u00e9e.<\/p>\n<p><strong>Woodinout &#8211; une marque de commerce appartenant \u00e0 SISTEMIS, LLC<\/strong><\/p>\n<p>Sistemis, UAB<br \/>\ncorp. id. 303003620<br \/>\nCode TVA LT100007986218<br \/>\nRaudondvario pl. 76-2A, 201 kab., Kaunas, Lituanie, LT47182<\/p>\n<p>Banque Luminor<br \/>\nA\/S LT30 4010 0510 0420 7813<\/p>\n","protected":false},"excerpt":{"rendered":"<p>D\u00e9lais d\u2019exp\u00e9dition estim\u00e9s WOODINOUT exp\u00e9die \u00e0 partir d\u2019une Lituanie (Europe). Exp\u00e9dition dans le monde entier! Via le service national de courrier recommand\u00e9. L\u2019exp\u00e9dition prend 10-25 jours ouvrables (d\u00e9pend de votre adresse de livraison) \u00c9tats-Unis: 2-4 semaines Am\u00e9rique du Nord: 2-4 semaines Europe:&nbsp;1-2 semaines Australie, Nouvelle-Z\u00e9lande et Oc\u00e9anie: 3-4 semaines Les articles sont envoy\u00e9s en tant [&hellip;]<\/p>\n","protected":false},"author":1,"featured_media":0,"parent":0,"menu_order":0,"comment_status":"closed","ping_status":"closed","template":"","meta":{"_monsterinsights_skip_tracking":false,"_monsterinsights_sitenote_active":false,"_monsterinsights_sitenote_note":"","_monsterinsights_sitenote_category":0,"footnotes":""},"yoast_head":"<!-- This site is optimized with the Yoast SEO plugin v22.1 - https:\/\/yoast.com\/wordpress\/plugins\/seo\/ -->\n<title>Termes et conditions - Jouets en bois Nom Woodinout \u00a9 de la boutique<\/title>\n<meta name=\"description\" content=\"Jouets en bois inspir\u00e9s de Montessori pour le d\u00e9veloppement pr\u00e9coce tout au long du pr\u00e9cieux temps pass\u00e9 en famille. Fabriqu\u00e9 \u00e0 la main \u00e0 partir de bois massif de haute qualit\u00e9.\" \/>\n<meta name=\"robots\" content=\"index, follow, max-snippet:-1, max-image-preview:large, max-video-preview:-1\" \/>\n<link rel=\"canonical\" href=\"https:\/\/woodinout.net\/fr\/termes-et-conditions\/\" \/>\n<meta property=\"og:locale\" content=\"fr_FR\" \/>\n<meta property=\"og:type\" content=\"article\" \/>\n<meta property=\"og:title\" content=\"Termes et conditions - Jouets en bois Nom Woodinout \u00a9 de la boutique\" \/>\n<meta property=\"og:description\" content=\"Jouets en bois inspir\u00e9s de Montessori pour le d\u00e9veloppement pr\u00e9coce tout au long du pr\u00e9cieux temps pass\u00e9 en famille. Fabriqu\u00e9 \u00e0 la main \u00e0 partir de bois massif de haute qualit\u00e9.\" \/>\n<meta property=\"og:url\" content=\"https:\/\/woodinout.net\/fr\/termes-et-conditions\/\" \/>\n<meta property=\"og:site_name\" content=\"Woodinout \u00a9\" \/>\n<meta name=\"twitter:card\" content=\"summary_large_image\" \/>\n<meta name=\"twitter:label1\" content=\"Dur\u00e9e de lecture estim\u00e9e\" \/>\n\t<meta name=\"twitter:data1\" content=\"2 minutes\" \/>\n<script type=\"application\/ld+json\" class=\"yoast-schema-graph\">{\"@context\":\"https:\/\/schema.org\",\"@graph\":[{\"@type\":\"WebPage\",\"@id\":\"https:\/\/woodinout.net\/fr\/termes-et-conditions\/\",\"url\":\"https:\/\/woodinout.net\/fr\/termes-et-conditions\/\",\"name\":\"Termes et conditions - Jouets en bois Nom Woodinout \u00a9 de la boutique\",\"isPartOf\":{\"@id\":\"https:\/\/woodinout.net\/fr\/#website\"},\"datePublished\":\"2017-09-22T17:37:19+00:00\",\"dateModified\":\"2017-09-22T17:37:19+00:00\",\"description\":\"Jouets en bois inspir\u00e9s de Montessori pour le d\u00e9veloppement pr\u00e9coce tout au long du pr\u00e9cieux temps pass\u00e9 en famille. Fabriqu\u00e9 \u00e0 la main \u00e0 partir de bois massif de haute qualit\u00e9.\",\"breadcrumb\":{\"@id\":\"https:\/\/woodinout.net\/fr\/termes-et-conditions\/#breadcrumb\"},\"inLanguage\":\"fr-FR\",\"potentialAction\":[{\"@type\":\"ReadAction\",\"target\":[\"https:\/\/woodinout.net\/fr\/termes-et-conditions\/\"]}]},{\"@type\":\"BreadcrumbList\",\"@id\":\"https:\/\/woodinout.net\/fr\/termes-et-conditions\/#breadcrumb\",\"itemListElement\":[{\"@type\":\"ListItem\",\"position\":1,\"name\":\"Home\",\"item\":\"https:\/\/woodinout.net\/fr\/\"},{\"@type\":\"ListItem\",\"position\":2,\"name\":\"Termes et conditions\"}]},{\"@type\":\"WebSite\",\"@id\":\"https:\/\/woodinout.net\/fr\/#website\",\"url\":\"https:\/\/woodinout.net\/fr\/\",\"name\":\"Woodinout \u00a9\",\"description\":\"Wooden Montessori toys, gifts, home and events decor details\",\"potentialAction\":[{\"@type\":\"SearchAction\",\"target\":{\"@type\":\"EntryPoint\",\"urlTemplate\":\"https:\/\/woodinout.net\/fr\/?s={search_term_string}\"},\"query-input\":\"required name=search_term_string\"}],\"inLanguage\":\"fr-FR\"}]}<\/script>\n<!-- \/ Yoast SEO plugin. -->","yoast_head_json":{"title":"Termes et conditions - Jouets en bois Nom Woodinout \u00a9 de la boutique","description":"Jouets en bois inspir\u00e9s de Montessori pour le d\u00e9veloppement pr\u00e9coce tout au long du pr\u00e9cieux temps pass\u00e9 en famille. Fabriqu\u00e9 \u00e0 la main \u00e0 partir de bois massif de haute qualit\u00e9.","robots":{"index":"index","follow":"follow","max-snippet":"max-snippet:-1","max-image-preview":"max-image-preview:large","max-video-preview":"max-video-preview:-1"},"canonical":"https:\/\/woodinout.net\/fr\/termes-et-conditions\/","og_locale":"fr_FR","og_type":"article","og_title":"Termes et conditions - Jouets en bois Nom Woodinout \u00a9 de la boutique","og_description":"Jouets en bois inspir\u00e9s de Montessori pour le d\u00e9veloppement pr\u00e9coce tout au long du pr\u00e9cieux temps pass\u00e9 en famille. Fabriqu\u00e9 \u00e0 la main \u00e0 partir de bois massif de haute qualit\u00e9.","og_url":"https:\/\/woodinout.net\/fr\/termes-et-conditions\/","og_site_name":"Woodinout \u00a9","twitter_card":"summary_large_image","twitter_misc":{"Dur\u00e9e de lecture estim\u00e9e":"2 minutes"},"schema":{"@context":"https:\/\/schema.org","@graph":[{"@type":"WebPage","@id":"https:\/\/woodinout.net\/fr\/termes-et-conditions\/","url":"https:\/\/woodinout.net\/fr\/termes-et-conditions\/","name":"Termes et conditions - Jouets en bois Nom Woodinout \u00a9 de la boutique","isPartOf":{"@id":"https:\/\/woodinout.net\/fr\/#website"},"datePublished":"2017-09-22T17:37:19+00:00","dateModified":"2017-09-22T17:37:19+00:00","description":"Jouets en bois inspir\u00e9s de Montessori pour le d\u00e9veloppement pr\u00e9coce tout au long du pr\u00e9cieux temps pass\u00e9 en famille. Fabriqu\u00e9 \u00e0 la main \u00e0 partir de bois massif de haute qualit\u00e9.","breadcrumb":{"@id":"https:\/\/woodinout.net\/fr\/termes-et-conditions\/#breadcrumb"},"inLanguage":"fr-FR","potentialAction":[{"@type":"ReadAction","target":["https:\/\/woodinout.net\/fr\/termes-et-conditions\/"]}]},{"@type":"BreadcrumbList","@id":"https:\/\/woodinout.net\/fr\/termes-et-conditions\/#breadcrumb","itemListElement":[{"@type":"ListItem","position":1,"name":"Home","item":"https:\/\/woodinout.net\/fr\/"},{"@type":"ListItem","position":2,"name":"Termes et conditions"}]},{"@type":"WebSite","@id":"https:\/\/woodinout.net\/fr\/#website","url":"https:\/\/woodinout.net\/fr\/","name":"Woodinout \u00a9","description":"Wooden Montessori toys, gifts, home and events decor details","potentialAction":[{"@type":"SearchAction","target":{"@type":"EntryPoint","urlTemplate":"https:\/\/woodinout.net\/fr\/?s={search_term_string}"},"query-input":"required name=search_term_string"}],"inLanguage":"fr-FR"}]}},"_links":{"self":[{"href":"https:\/\/woodinout.net\/fr\/wp-json\/wp\/v2\/pages\/20984"}],"collection":[{"href":"https:\/\/woodinout.net\/fr\/wp-json\/wp\/v2\/pages"}],"about":[{"href":"https:\/\/woodinout.net\/fr\/wp-json\/wp\/v2\/types\/page"}],"author":[{"embeddable":true,"href":"https:\/\/woodinout.net\/fr\/wp-json\/wp\/v2\/users\/1"}],"replies":[{"embeddable":true,"href":"https:\/\/woodinout.net\/fr\/wp-json\/wp\/v2\/comments?post=20984"}],"version-history":[{"count":0,"href":"https:\/\/woodinout.net\/fr\/wp-json\/wp\/v2\/pages\/20984\/revisions"}],"wp:attachment":[{"href":"https:\/\/woodinout.net\/fr\/wp-json\/wp\/v2\/media?parent=20984"}],"curies":[{"name":"wp","href":"https:\/\/api.w.org\/{rel}","templated":true}]}}