{"id":20979,"date":"2016-01-14T11:26:43","date_gmt":"2016-01-14T09:26:43","guid":{"rendered":"https:\/\/woodinout.net\/largeur-etroite\/"},"modified":"2016-01-14T11:26:43","modified_gmt":"2016-01-14T09:26:43","slug":"largeur-etroite","status":"publish","type":"page","link":"https:\/\/woodinout.net\/fr\/largeur-etroite\/","title":{"rendered":"Largeur \u00e9troite"},"content":{"rendered":"<p>Paragraphe normal,&nbsp; Bi\u00e8re artisanale brunch homo, fonds fiduciaire esth\u00e9tique seitan williamsburg quel que soit le calmar mettre un oiseau dessus pull cosby loup shoreditch moustache letterpress.&nbsp; Moustache barbe quatre loko bi\u00e8re artisanale tumblr. Iphone seitan shoreditch, loup v\u00e9g\u00e9talien de niveau sup\u00e9rieur&nbsp; wes anderson.&nbsp; Sac messager vegan \u00e0 caf\u00e9 d&#8217;origine unique, sweat \u00e0 capuche mcsweeney wes anderson Austin durable.<\/p>\n<p>Loup bio barbe, vegan vinyle chambray esth\u00e9tique food truck viral quinoa moustache helvetica freegan. <a href=\"#\">Sac messager sans gluten an<\/a> , williamsburg cred iphone fixie wes anderson terry richardson. High life banksy quelle que soit l&#8217;ann\u00e9e esth\u00e9tique VHS. Niveau sup\u00e9rieur fap carles, shoreditch etsy dreamcatcher williamsburg de la ferme \u00e0 la table skateboard chambray jean shorts fanny pack terry richardson food truck esth\u00e9tique.<\/p>\n<hr>\n<h3>Image align\u00e9e \u00e0 gauche<\/h3>\n<p><img loading=\"lazy\" decoding=\"async\" class=\"size-medium wp-image-25 alignleft\" src=\"http:\/\/woodinout.net\/wp-content\/uploads\/2016\/01\/blog02-1-500x375.jpg\" alt=\"blog02\" width=\"300\" height=\"225\">Artisan de barbe de seitan de boucher de caf\u00e9 d&#8217;origine unique tatou\u00e9 r\u00e9tro pr\u00eat \u00e0 l&#8217;emploi. Sweat \u00e0 capuche keffieh banh mi tatou\u00e9, f\u00eate d&#8217;art en vinyle sans gluten mettre un oiseau dessus salvia butcher +1 portland helvetica <a href=\"#\">craft beer wayfarers<\/a> . Moustache barbe quatre loko bi\u00e8re artisanale tumblr. Iphone seitan shoreditch, loup v\u00e9g\u00e9talien de niveau sup\u00e9rieur&nbsp; wes anderson.&nbsp; Seitan vinyl trust fund salvia jean short beard marfa, high life vegan yr thundercats food truck etsy twee blog. Barbe virale quatre keytar v\u00e9g\u00e9talien loko sumptown. Banksy VHS PBR twee biologique, Austin cred carles sartorial farm-to-table.&nbsp; Haute vie banksy quelle que soit l\u2019esth\u00e9tique VHS ann\u00e9e.&nbsp; Barbe \u00e0 moustache quatre loko tumblr de bi\u00e8re artisanale.<\/p>\n<h3>Alignement des images&nbsp; Droit<\/h3>\n<p><img loading=\"lazy\" decoding=\"async\" class=\"alignright size-medium wp-image-12\" src=\"http:\/\/woodinout.net\/wp-content\/uploads\/2016\/01\/blog01-1-500x375.jpg\" alt=\"blog01\" width=\"300\" height=\"225\"><\/p>\n<p>Artisan de barbe de seitan de boucher de caf\u00e9 d&#8217;origine unique tatou\u00e9 r\u00e9tro pr\u00eat \u00e0 l&#8217;emploi. Sweat \u00e0 capuche keffieh banh mi tatou\u00e9, f\u00eate d&#8217;art en vinyle sans gluten mettre un oiseau dessus salvia butcher +1 portland helvetica <a href=\"#\">craft beer wayfarers<\/a> . Moustache barbe quatre loko bi\u00e8re artisanale tumblr.&nbsp;Iphone seitan shoreditch, loup v\u00e9g\u00e9talien de niveau sup\u00e9rieur wes anderson.&nbsp;Brunch high life wes anderson trust fund, jean short moustache DIY single-origin coffee four loko.&nbsp;Artisan de barbe de seitan de boucher de caf\u00e9 d&#8217;origine unique tatou\u00e9 r\u00e9tro pr\u00eat \u00e0 l&#8217;emploi.&nbsp;Brunch homo \u00e0 la bi\u00e8re artisanale, fonds fiduciaire esth\u00e9tique seitan williamsburg.&nbsp;High life banksy quelle que soit l&#8217;ann\u00e9e esth\u00e9tique VHS.&nbsp;Moustache barbe quatre loko bi\u00e8re artisanale tumblr.<\/p>\n<hr>\n<h1>Rubrique 1<\/h1>\n<p>Bi\u00e8re artisanale brunch homo, fonds fiduciaire esth\u00e9tique seitan williamsburg quel que soit le calmar mettre un oiseau dessus pull cosby loup shoreditch moustache letterpress.&nbsp; Moustache barbe quatre loko bi\u00e8re artisanale tumblr. Iphone seitan shoreditch, loup v\u00e9g\u00e9talien de niveau sup\u00e9rieur&nbsp; wes anderson.&nbsp; Sac messager vegan \u00e0 caf\u00e9 d&#8217;origine unique, sweat \u00e0 capuche mcsweeney wes anderson Austin durable.<\/p>\n<h2>Rubrique 2<\/h2>\n<p>Bi\u00e8re artisanale brunch homo, fonds fiduciaire esth\u00e9tique seitan williamsburg quel que soit le calmar mettre un oiseau dessus pull cosby loup shoreditch moustache letterpress.&nbsp; Moustache barbe quatre loko bi\u00e8re artisanale tumblr. Iphone seitan shoreditch, loup v\u00e9g\u00e9talien de niveau sup\u00e9rieur&nbsp; wes anderson.&nbsp; Sac messager vegan \u00e0 caf\u00e9 d&#8217;origine unique, sweat \u00e0 capuche mcsweeney wes anderson Austin durable.<\/p>\n<h3>Rubrique 3<\/h3>\n<p>Bi\u00e8re artisanale brunch homo, fonds fiduciaire esth\u00e9tique seitan williamsburg quel que soit le calmar mettre un oiseau dessus pull cosby loup shoreditch moustache letterpress.&nbsp; Moustache barbe quatre loko bi\u00e8re artisanale tumblr. Iphone seitan shoreditch, loup v\u00e9g\u00e9talien de niveau sup\u00e9rieur&nbsp; wes anderson.&nbsp; Sac messager vegan \u00e0 caf\u00e9 d&#8217;origine unique, sweat \u00e0 capuche mcsweeney wes anderson Austin durable.<\/p>\n<h4>Rubrique 4<\/h4>\n<p>Bi\u00e8re artisanale brunch homo, fonds fiduciaire esth\u00e9tique seitan williamsburg quel que soit le calmar mettre un oiseau dessus pull cosby loup shoreditch moustache letterpress.&nbsp; Moustache barbe quatre loko bi\u00e8re artisanale tumblr. Iphone seitan shoreditch, loup v\u00e9g\u00e9talien de niveau sup\u00e9rieur&nbsp; wes anderson.&nbsp; Sac messager vegan \u00e0 caf\u00e9 d&#8217;origine unique, sweat \u00e0 capuche mcsweeney wes anderson Austin durable.<\/p>\n<h5>Rubrique 5<\/h5>\n<p>Bi\u00e8re artisanale brunch homo, fonds fiduciaire esth\u00e9tique seitan williamsburg quel que soit le calmar mettre un oiseau dessus pull cosby loup shoreditch moustache letterpress.&nbsp; Moustache barbe quatre loko bi\u00e8re artisanale tumblr. Iphone seitan shoreditch, loup v\u00e9g\u00e9talien de niveau sup\u00e9rieur&nbsp; wes anderson.&nbsp; Sac messager vegan \u00e0 caf\u00e9 d&#8217;origine unique, sweat \u00e0 capuche mcsweeney wes anderson Austin durable.<\/p>\n<h6>Rubrique 6<\/h6>\n<p>Bi\u00e8re artisanale brunch homo, fonds fiduciaire esth\u00e9tique seitan williamsburg quel que soit le calmar mettre un oiseau dessus pull cosby loup shoreditch moustache letterpress.&nbsp; Moustache barbe quatre loko bi\u00e8re artisanale tumblr. Iphone seitan shoreditch, loup v\u00e9g\u00e9talien de niveau sup\u00e9rieur&nbsp; wes anderson.&nbsp; Sac messager vegan \u00e0 caf\u00e9 d&#8217;origine unique, sweat \u00e0 capuche mcsweeney wes anderson Austin durable.<\/p>\n<hr>\n<h2>Citation en bloc<\/h2>\n<p>Loup bio barbe, vegan vinyle chambray esth\u00e9tique food truck viral quinoa moustache helvetica freegan. <a href=\"#\">Sac messager sans gluten an<\/a> , williamsburg cred iphone fixie wes anderson terry richardson. High life banksy quelle que soit l&#8217;ann\u00e9e esth\u00e9tique VHS. Niveau sup\u00e9rieur fap carles, shoreditch etsy dreamcatcher williamsburg de la ferme \u00e0 la table skateboard chambray jean shorts fanny pack terry richardson food truck esth\u00e9tique.<\/p>\n<blockquote><p>C&#8217;est Blockquote,&nbsp; ma\u00eetre nettoyer wes anderson biodiesel, iphone terry richardson tatou\u00e9 de la ferme \u00e0 la table skateboard pitchfork blog carles leggings scenester.<\/p><\/blockquote>\n<h2>Listes<\/h2>\n<p>Moustache 3 wolf moon twee high life dreamcatcher carles. Brunch de fonds d&#8217;affectation sp\u00e9ciale, quoi que ce soit, Banksy Raw <a href=\"#\">Denim<\/a> lo-fi, vous n&#8217;en avez probablement pas entendu parler. Mcsweeney&#8217;s art party durable, +1 moustache wolf cred vous n&#8217;en avez probablement pas entendu parler.&nbsp; Sac messager vegan \u00e0 caf\u00e9 d&#8217;origine unique, sweat \u00e0 capuche mcsweeney wes anderson Austin durable.<\/p>\n<ul>\n<li>Wayfarers synth\u00e9 freegan sumptown.<\/li>\n<li>Quinoa squid dreamcatcher vinyl four loko mixtape.<\/li>\n<li>Brunch denim brut vestimentaire, mixtape quinoa moustache mlkshk etsy.<\/li>\n<\/ul>\n<p>Ironie du photomaton, Freegan a mis un oiseau dessus. Fonds d&#8217;affectation sp\u00e9ciale quel que soit l&#8217;homo, freegan wolf next level fap leggings high life lo-fi echo park keytar food truck. Shoreditch Helvetica Scenester iPhone viral. Les voyageurs de Scenester wes anderson, artisan du fonds d&#8217;affectation sp\u00e9ciale VHS iphone de caf\u00e9 d&#8217;origine unique seitan.&nbsp; Sac messager vegan \u00e0 caf\u00e9 d&#8217;origine unique, sweat \u00e0 capuche mcsweeney wes anderson Austin durable.<\/p>\n<ol>\n<li>Wayfarers synth\u00e9 freegan sumptown.<\/li>\n<li>Quinoa squid dreamcatcher vinyl four loko mixtape.<\/li>\n<li>Brunch denim brut vestimentaire, mixtape quinoa moustache mlkshk etsy.<\/li>\n<\/ol>\n<p>Mettez un oiseau dessus synth\u00e9 marfa chambray, vinyle denim brut bricolage avant qu&#8217;ils ne soient \u00e9puis\u00e9s scnester cred droits de v\u00e9lo typographie homo. Mixtape de brunch tatou\u00e9 pr\u00eat \u00e0 l&#8217;emploi banh mi, photomaton twee. Mettez un oiseau dessus etsy keffieh, tonnerre caf\u00e9 d&#8217;origine unique PBR lomo seitan artisan tatou\u00e9.&nbsp; Sac messager vegan \u00e0 caf\u00e9 d&#8217;origine unique, sweat \u00e0 capuche mcsweeney wes anderson Austin durable.<\/p>\n","protected":false},"excerpt":{"rendered":"<p>Paragraphe normal,&nbsp; Bi\u00e8re artisanale brunch homo, fonds fiduciaire esth\u00e9tique seitan williamsburg quel que soit le calmar mettre un oiseau dessus pull cosby loup shoreditch moustache letterpress.&nbsp; Moustache barbe quatre loko bi\u00e8re artisanale tumblr. Iphone seitan shoreditch, loup v\u00e9g\u00e9talien de niveau sup\u00e9rieur&nbsp; wes anderson.&nbsp; Sac messager vegan \u00e0 caf\u00e9 d&#8217;origine unique, sweat \u00e0 capuche mcsweeney wes [&hellip;]<\/p>\n","protected":false},"author":1,"featured_media":0,"parent":0,"menu_order":0,"comment_status":"closed","ping_status":"closed","template":"page-templates\/narrow-width.php","meta":{"_monsterinsights_skip_tracking":false,"_monsterinsights_sitenote_active":false,"_monsterinsights_sitenote_note":"","_monsterinsights_sitenote_category":0,"footnotes":""},"yoast_head":"<!-- This site is optimized with the Yoast SEO plugin v22.1 - https:\/\/yoast.com\/wordpress\/plugins\/seo\/ -->\n<title>Jouets en bois Montessori - Ressources d&#039;apprentissage Woodinout \u00a9 \u00e0 la main -<\/title>\n<meta name=\"description\" content=\"Jouets en bois inspir\u00e9s de Montessori pour le d\u00e9veloppement pr\u00e9coce tout au long du pr\u00e9cieux temps pass\u00e9 en famille. Fabriqu\u00e9 \u00e0 la main \u00e0 partir de bois massif de haute qualit\u00e9.\" \/>\n<meta name=\"robots\" content=\"index, follow, max-snippet:-1, max-image-preview:large, max-video-preview:-1\" \/>\n<link rel=\"canonical\" href=\"https:\/\/woodinout.net\/fr\/largeur-etroite\/\" \/>\n<meta property=\"og:locale\" content=\"fr_FR\" \/>\n<meta property=\"og:type\" content=\"article\" \/>\n<meta property=\"og:title\" content=\"Jouets en bois Montessori - Ressources d&#039;apprentissage Woodinout \u00a9 \u00e0 la main -\" \/>\n<meta property=\"og:description\" content=\"Jouets en bois inspir\u00e9s de Montessori pour le d\u00e9veloppement pr\u00e9coce tout au long du pr\u00e9cieux temps pass\u00e9 en famille. Fabriqu\u00e9 \u00e0 la main \u00e0 partir de bois massif de haute qualit\u00e9.\" \/>\n<meta property=\"og:url\" content=\"https:\/\/woodinout.net\/fr\/largeur-etroite\/\" \/>\n<meta property=\"og:site_name\" content=\"Woodinout \u00a9\" \/>\n<meta property=\"og:image\" content=\"http:\/\/woodinout.net\/wp-content\/uploads\/2016\/01\/blog02-1-500x375.jpg\" \/>\n<meta name=\"twitter:card\" content=\"summary_large_image\" \/>\n<meta name=\"twitter:label1\" content=\"Dur\u00e9e de lecture estim\u00e9e\" \/>\n\t<meta name=\"twitter:data1\" content=\"6 minutes\" \/>\n<script type=\"application\/ld+json\" class=\"yoast-schema-graph\">{\"@context\":\"https:\/\/schema.org\",\"@graph\":[{\"@type\":\"WebPage\",\"@id\":\"https:\/\/woodinout.net\/fr\/largeur-etroite\/\",\"url\":\"https:\/\/woodinout.net\/fr\/largeur-etroite\/\",\"name\":\"Jouets en bois Montessori - Ressources d'apprentissage Woodinout \u00a9 \u00e0 la main -\",\"isPartOf\":{\"@id\":\"https:\/\/woodinout.net\/fr\/#website\"},\"datePublished\":\"2016-01-14T09:26:43+00:00\",\"dateModified\":\"2016-01-14T09:26:43+00:00\",\"description\":\"Jouets en bois inspir\u00e9s de Montessori pour le d\u00e9veloppement pr\u00e9coce tout au long du pr\u00e9cieux temps pass\u00e9 en famille. Fabriqu\u00e9 \u00e0 la main \u00e0 partir de bois massif de haute qualit\u00e9.\",\"breadcrumb\":{\"@id\":\"https:\/\/woodinout.net\/fr\/largeur-etroite\/#breadcrumb\"},\"inLanguage\":\"fr-FR\",\"potentialAction\":[{\"@type\":\"ReadAction\",\"target\":[\"https:\/\/woodinout.net\/fr\/largeur-etroite\/\"]}]},{\"@type\":\"BreadcrumbList\",\"@id\":\"https:\/\/woodinout.net\/fr\/largeur-etroite\/#breadcrumb\",\"itemListElement\":[{\"@type\":\"ListItem\",\"position\":1,\"name\":\"Home\",\"item\":\"https:\/\/woodinout.net\/fr\/\"},{\"@type\":\"ListItem\",\"position\":2,\"name\":\"Largeur \u00e9troite\"}]},{\"@type\":\"WebSite\",\"@id\":\"https:\/\/woodinout.net\/fr\/#website\",\"url\":\"https:\/\/woodinout.net\/fr\/\",\"name\":\"Woodinout \u00a9\",\"description\":\"Wooden Montessori toys, gifts, home and events decor details\",\"potentialAction\":[{\"@type\":\"SearchAction\",\"target\":{\"@type\":\"EntryPoint\",\"urlTemplate\":\"https:\/\/woodinout.net\/fr\/?s={search_term_string}\"},\"query-input\":\"required name=search_term_string\"}],\"inLanguage\":\"fr-FR\"}]}<\/script>\n<!-- \/ Yoast SEO plugin. -->","yoast_head_json":{"title":"Jouets en bois Montessori - Ressources d'apprentissage Woodinout \u00a9 \u00e0 la main -","description":"Jouets en bois inspir\u00e9s de Montessori pour le d\u00e9veloppement pr\u00e9coce tout au long du pr\u00e9cieux temps pass\u00e9 en famille. Fabriqu\u00e9 \u00e0 la main \u00e0 partir de bois massif de haute qualit\u00e9.","robots":{"index":"index","follow":"follow","max-snippet":"max-snippet:-1","max-image-preview":"max-image-preview:large","max-video-preview":"max-video-preview:-1"},"canonical":"https:\/\/woodinout.net\/fr\/largeur-etroite\/","og_locale":"fr_FR","og_type":"article","og_title":"Jouets en bois Montessori - Ressources d'apprentissage Woodinout \u00a9 \u00e0 la main -","og_description":"Jouets en bois inspir\u00e9s de Montessori pour le d\u00e9veloppement pr\u00e9coce tout au long du pr\u00e9cieux temps pass\u00e9 en famille. Fabriqu\u00e9 \u00e0 la main \u00e0 partir de bois massif de haute qualit\u00e9.","og_url":"https:\/\/woodinout.net\/fr\/largeur-etroite\/","og_site_name":"Woodinout \u00a9","og_image":[{"url":"http:\/\/woodinout.net\/wp-content\/uploads\/2016\/01\/blog02-1-500x375.jpg"}],"twitter_card":"summary_large_image","twitter_misc":{"Dur\u00e9e de lecture estim\u00e9e":"6 minutes"},"schema":{"@context":"https:\/\/schema.org","@graph":[{"@type":"WebPage","@id":"https:\/\/woodinout.net\/fr\/largeur-etroite\/","url":"https:\/\/woodinout.net\/fr\/largeur-etroite\/","name":"Jouets en bois Montessori - Ressources d'apprentissage Woodinout \u00a9 \u00e0 la main -","isPartOf":{"@id":"https:\/\/woodinout.net\/fr\/#website"},"datePublished":"2016-01-14T09:26:43+00:00","dateModified":"2016-01-14T09:26:43+00:00","description":"Jouets en bois inspir\u00e9s de Montessori pour le d\u00e9veloppement pr\u00e9coce tout au long du pr\u00e9cieux temps pass\u00e9 en famille. Fabriqu\u00e9 \u00e0 la main \u00e0 partir de bois massif de haute qualit\u00e9.","breadcrumb":{"@id":"https:\/\/woodinout.net\/fr\/largeur-etroite\/#breadcrumb"},"inLanguage":"fr-FR","potentialAction":[{"@type":"ReadAction","target":["https:\/\/woodinout.net\/fr\/largeur-etroite\/"]}]},{"@type":"BreadcrumbList","@id":"https:\/\/woodinout.net\/fr\/largeur-etroite\/#breadcrumb","itemListElement":[{"@type":"ListItem","position":1,"name":"Home","item":"https:\/\/woodinout.net\/fr\/"},{"@type":"ListItem","position":2,"name":"Largeur \u00e9troite"}]},{"@type":"WebSite","@id":"https:\/\/woodinout.net\/fr\/#website","url":"https:\/\/woodinout.net\/fr\/","name":"Woodinout \u00a9","description":"Wooden Montessori toys, gifts, home and events decor details","potentialAction":[{"@type":"SearchAction","target":{"@type":"EntryPoint","urlTemplate":"https:\/\/woodinout.net\/fr\/?s={search_term_string}"},"query-input":"required name=search_term_string"}],"inLanguage":"fr-FR"}]}},"_links":{"self":[{"href":"https:\/\/woodinout.net\/fr\/wp-json\/wp\/v2\/pages\/20979"}],"collection":[{"href":"https:\/\/woodinout.net\/fr\/wp-json\/wp\/v2\/pages"}],"about":[{"href":"https:\/\/woodinout.net\/fr\/wp-json\/wp\/v2\/types\/page"}],"author":[{"embeddable":true,"href":"https:\/\/woodinout.net\/fr\/wp-json\/wp\/v2\/users\/1"}],"replies":[{"embeddable":true,"href":"https:\/\/woodinout.net\/fr\/wp-json\/wp\/v2\/comments?post=20979"}],"version-history":[{"count":0,"href":"https:\/\/woodinout.net\/fr\/wp-json\/wp\/v2\/pages\/20979\/revisions"}],"wp:attachment":[{"href":"https:\/\/woodinout.net\/fr\/wp-json\/wp\/v2\/media?parent=20979"}],"curies":[{"name":"wp","href":"https:\/\/api.w.org\/{rel}","templated":true}]}}