{"id":20965,"date":"2017-09-22T20:55:50","date_gmt":"2017-09-22T17:55:50","guid":{"rendered":"https:\/\/woodinout.net\/faq\/"},"modified":"2017-09-22T20:55:50","modified_gmt":"2017-09-22T17:55:50","slug":"faq","status":"publish","type":"page","link":"https:\/\/woodinout.net\/fr\/faq\/","title":{"rendered":"FAQ"},"content":{"rendered":"<p>Vous trouverez ici les questions les plus populaires qui nous sont pos\u00e9es. Si vous n\u2019avez pas trouv\u00e9 la r\u00e9ponse que vous vouliez, veuillez nous contacter. Nous vous aiderons.<\/p>\n<p><strong>Combien de temps fabriquez-vous des produits?<\/strong><\/p>\n<p>Habituellement, les produits command\u00e9s sont fabriqu\u00e9s dans les 5-10 jours ouvrables apr\u00e8s le paiement. S\u2019il s\u2019agit d\u2019une commande individuelle, la production peut durer plus longtemps &#8211; 7-10 jours ouvrables. Si vous avez besoin d\u2019obtenir le produit plus rapidement, contactez les contacts indiqu\u00e9s. Nous sommes flexibles et, si n\u00e9cessaire, nous pouvons fabriquer le produit dans un d\u00e9lai de 1 jour.<\/p>\n<p><b>Informations de livraison  <\/b><\/p>\n<p>WOODINOUT exp\u00e9die \u00e0 partir d\u2019une Lituanie (Europe).<\/p>\n<p>Exp\u00e9dition dans le monde entier!<\/p>\n<p>Via le service national de courrier recommand\u00e9.<\/p>\n<ul>\n<li>L\u2019exp\u00e9dition prend 10-25 jours ouvrables (d\u00e9pend de votre adresse de livraison)\n<ul>\n<li>\u00c9tats-Unis: 2-4 semaines<\/li>\n<li>Am\u00e9rique du Nord: 2-4 semaines<\/li>\n<li>Europe: 1-2 semaines<\/li>\n<li>Australie, Nouvelle-Z\u00e9lande et Oc\u00e9anie: 3-4 semaines<\/li>\n<\/ul>\n<\/li>\n<\/ul>\n<ul>\n<li>Les articles sont envoy\u00e9s en tant que poste a\u00e9rienne enregistr\u00e9e en priorit\u00e9.<\/li>\n<\/ul>\n<p>Via Fedex express :<\/p>\n<ul>\n<li>L\u2019exp\u00e9dition prend 2-5 jours ouvrables (d\u00e9pend de votre adresse de livraison)<\/li>\n<\/ul>\n<p>Nous faisons de notre mieux pour respecter ces estimations d\u2019exp\u00e9dition, mais nous ne pouvons pas les garantir. Le d\u00e9lai de livraison r\u00e9el d\u00e9pendra de la m\u00e9thode d\u2019exp\u00e9dition que vous choisissez.<\/p>\n<p><strong>Modes de paiement?<\/strong><\/p>\n<ul>\n<li>Cartes de d\u00e9bit ou de cr\u00e9dit<\/li>\n<li>PayPal paiements<\/li>\n<\/ul>\n<p><strong>Modes de paiement que nous acceptons<\/strong><\/p>\n<p>\u2022 Cartes de d\u00e9bit ou de cr\u00e9dit<br \/>\n\u2022 Paiements PayPal<\/p>\n<p><strong>Puis-je retourner les produits?<\/strong><\/p>\n<p>Les retours sont accept\u00e9s selon les pr\u00e9sentes conditions :<\/p>\n<ul>\n<li>L\u2019Acheteur peut retourner les marchandises dans un d\u00e9lai de 14 (quatorze) jours \u00e0 compter du jour de la livraison en informant le Vendeur par e-mail<\/li>\n<li>Un formulaire de retour sp\u00e9cial doit \u00eatre rempli et envoy\u00e9 avec le colis. Le formulaire doit contenir le num\u00e9ro de commande et d\u2019autres informations de contact indiqu\u00e9es lors du paiement.<\/li>\n<li>Les articles retourn\u00e9s doivent \u00eatre dans leur \u00e9tat d\u2019origine, inutilis\u00e9s et non endommag\u00e9s<\/li>\n<li>Les articles doivent contenir toutes les parties de l\u2019ensemble\/emballage d\u2019origine<\/li>\n<li>Les articles doivent \u00eatre dans leur forme et leurs dimensions d\u2019origine \u2013 aucune personnalisation<\/li>\n<\/ul>\n<p><strong>EXCLUSIONS IMPORTANTES :<\/strong><\/p>\n<ul>\n<li>Les retours ne sont pas accept\u00e9s pour les articles personnalis\u00e9s et personnalis\u00e9s<\/li>\n<li>Les frais d\u2019exp\u00e9dition \/ retour et les frais sont couverts par l\u2019acheteur. Cette partie n\u2019est pas remboursable<\/li>\n<\/ul>\n<p><strong>REMBOURSEMENT<\/strong><\/p>\n<ul>\n<li>Le remboursement est effectu\u00e9 dans les 14 jours suivant le retour du colis<\/li>\n<\/ul>\n<p><strong>\u00c9CHANGES<\/strong><\/p>\n<ul>\n<li>Les \u00e9changes sont accept\u00e9s. Dans ce cas, vous devez passer une nouvelle commande<\/li>\n<\/ul>\n<p>L\u2019argent pour les articles retourn\u00e9s est transf\u00e9r\u00e9 uniquement sur le compte bancaire du payeur.<\/p>\n<p><strong>Je veux un produit individuel, le faites-vous?<\/strong><\/p>\n<p>Oui, la plupart du temps, nous produisons des commandes individuelles selon votre souhait. Si vous avez une id\u00e9e, contactez-nous.<\/p>\n","protected":false},"excerpt":{"rendered":"<p>Vous trouverez ici les questions les plus populaires qui nous sont pos\u00e9es. Si vous n\u2019avez pas trouv\u00e9 la r\u00e9ponse que vous vouliez, veuillez nous contacter. Nous vous aiderons. Combien de temps fabriquez-vous des produits? Habituellement, les produits command\u00e9s sont fabriqu\u00e9s dans les 5-10 jours ouvrables apr\u00e8s le paiement. S\u2019il s\u2019agit d\u2019une commande individuelle, la production [&hellip;]<\/p>\n","protected":false},"author":1,"featured_media":0,"parent":0,"menu_order":0,"comment_status":"closed","ping_status":"closed","template":"","meta":{"_monsterinsights_skip_tracking":false,"_monsterinsights_sitenote_active":false,"_monsterinsights_sitenote_note":"","_monsterinsights_sitenote_category":0,"footnotes":""},"yoast_head":"<!-- This site is optimized with the Yoast SEO plugin v22.1 - https:\/\/yoast.com\/wordpress\/plugins\/seo\/ -->\n<title>FAQ - Jouets en bois Montessori Shop Woodinout \u00a9<\/title>\n<meta name=\"description\" content=\"Respectueux de l&#039;environnement, fabriqu\u00e9 \u00e0 la main \u00e0 partir de jouets d&#039;apprentissage en bois massif de haute qualit\u00e9. Procurez-vous-les et rejoignez la grande famille des clients heureux ici \u00e0 la boutique Woodinout.\" \/>\n<meta name=\"robots\" content=\"index, follow, max-snippet:-1, max-image-preview:large, max-video-preview:-1\" \/>\n<link rel=\"canonical\" href=\"https:\/\/woodinout.net\/fr\/faq\/\" \/>\n<meta property=\"og:locale\" content=\"fr_FR\" \/>\n<meta property=\"og:type\" content=\"article\" \/>\n<meta property=\"og:title\" content=\"FAQ - Jouets en bois Montessori Shop Woodinout \u00a9\" \/>\n<meta property=\"og:description\" content=\"Respectueux de l&#039;environnement, fabriqu\u00e9 \u00e0 la main \u00e0 partir de jouets d&#039;apprentissage en bois massif de haute qualit\u00e9. Procurez-vous-les et rejoignez la grande famille des clients heureux ici \u00e0 la boutique Woodinout.\" \/>\n<meta property=\"og:url\" content=\"https:\/\/woodinout.net\/fr\/faq\/\" \/>\n<meta property=\"og:site_name\" content=\"Woodinout \u00a9\" \/>\n<meta name=\"twitter:card\" content=\"summary_large_image\" \/>\n<meta name=\"twitter:label1\" content=\"Dur\u00e9e de lecture estim\u00e9e\" \/>\n\t<meta name=\"twitter:data1\" content=\"2 minutes\" \/>\n<script type=\"application\/ld+json\" class=\"yoast-schema-graph\">{\"@context\":\"https:\/\/schema.org\",\"@graph\":[{\"@type\":\"WebPage\",\"@id\":\"https:\/\/woodinout.net\/fr\/faq\/\",\"url\":\"https:\/\/woodinout.net\/fr\/faq\/\",\"name\":\"FAQ - Jouets en bois Montessori Shop Woodinout \u00a9\",\"isPartOf\":{\"@id\":\"https:\/\/woodinout.net\/fr\/#website\"},\"datePublished\":\"2017-09-22T17:55:50+00:00\",\"dateModified\":\"2017-09-22T17:55:50+00:00\",\"description\":\"Respectueux de l'environnement, fabriqu\u00e9 \u00e0 la main \u00e0 partir de jouets d'apprentissage en bois massif de haute qualit\u00e9. Procurez-vous-les et rejoignez la grande famille des clients heureux ici \u00e0 la boutique Woodinout.\",\"breadcrumb\":{\"@id\":\"https:\/\/woodinout.net\/fr\/faq\/#breadcrumb\"},\"inLanguage\":\"fr-FR\",\"potentialAction\":[{\"@type\":\"ReadAction\",\"target\":[\"https:\/\/woodinout.net\/fr\/faq\/\"]}]},{\"@type\":\"BreadcrumbList\",\"@id\":\"https:\/\/woodinout.net\/fr\/faq\/#breadcrumb\",\"itemListElement\":[{\"@type\":\"ListItem\",\"position\":1,\"name\":\"Home\",\"item\":\"https:\/\/woodinout.net\/fr\/\"},{\"@type\":\"ListItem\",\"position\":2,\"name\":\"FAQ\"}]},{\"@type\":\"WebSite\",\"@id\":\"https:\/\/woodinout.net\/fr\/#website\",\"url\":\"https:\/\/woodinout.net\/fr\/\",\"name\":\"Woodinout \u00a9\",\"description\":\"Wooden Montessori toys, gifts, home and events decor details\",\"potentialAction\":[{\"@type\":\"SearchAction\",\"target\":{\"@type\":\"EntryPoint\",\"urlTemplate\":\"https:\/\/woodinout.net\/fr\/?s={search_term_string}\"},\"query-input\":\"required name=search_term_string\"}],\"inLanguage\":\"fr-FR\"}]}<\/script>\n<!-- \/ Yoast SEO plugin. -->","yoast_head_json":{"title":"FAQ - Jouets en bois Montessori Shop Woodinout \u00a9","description":"Respectueux de l'environnement, fabriqu\u00e9 \u00e0 la main \u00e0 partir de jouets d'apprentissage en bois massif de haute qualit\u00e9. Procurez-vous-les et rejoignez la grande famille des clients heureux ici \u00e0 la boutique Woodinout.","robots":{"index":"index","follow":"follow","max-snippet":"max-snippet:-1","max-image-preview":"max-image-preview:large","max-video-preview":"max-video-preview:-1"},"canonical":"https:\/\/woodinout.net\/fr\/faq\/","og_locale":"fr_FR","og_type":"article","og_title":"FAQ - Jouets en bois Montessori Shop Woodinout \u00a9","og_description":"Respectueux de l'environnement, fabriqu\u00e9 \u00e0 la main \u00e0 partir de jouets d'apprentissage en bois massif de haute qualit\u00e9. Procurez-vous-les et rejoignez la grande famille des clients heureux ici \u00e0 la boutique Woodinout.","og_url":"https:\/\/woodinout.net\/fr\/faq\/","og_site_name":"Woodinout \u00a9","twitter_card":"summary_large_image","twitter_misc":{"Dur\u00e9e de lecture estim\u00e9e":"2 minutes"},"schema":{"@context":"https:\/\/schema.org","@graph":[{"@type":"WebPage","@id":"https:\/\/woodinout.net\/fr\/faq\/","url":"https:\/\/woodinout.net\/fr\/faq\/","name":"FAQ - Jouets en bois Montessori Shop Woodinout \u00a9","isPartOf":{"@id":"https:\/\/woodinout.net\/fr\/#website"},"datePublished":"2017-09-22T17:55:50+00:00","dateModified":"2017-09-22T17:55:50+00:00","description":"Respectueux de l'environnement, fabriqu\u00e9 \u00e0 la main \u00e0 partir de jouets d'apprentissage en bois massif de haute qualit\u00e9. Procurez-vous-les et rejoignez la grande famille des clients heureux ici \u00e0 la boutique Woodinout.","breadcrumb":{"@id":"https:\/\/woodinout.net\/fr\/faq\/#breadcrumb"},"inLanguage":"fr-FR","potentialAction":[{"@type":"ReadAction","target":["https:\/\/woodinout.net\/fr\/faq\/"]}]},{"@type":"BreadcrumbList","@id":"https:\/\/woodinout.net\/fr\/faq\/#breadcrumb","itemListElement":[{"@type":"ListItem","position":1,"name":"Home","item":"https:\/\/woodinout.net\/fr\/"},{"@type":"ListItem","position":2,"name":"FAQ"}]},{"@type":"WebSite","@id":"https:\/\/woodinout.net\/fr\/#website","url":"https:\/\/woodinout.net\/fr\/","name":"Woodinout \u00a9","description":"Wooden Montessori toys, gifts, home and events decor details","potentialAction":[{"@type":"SearchAction","target":{"@type":"EntryPoint","urlTemplate":"https:\/\/woodinout.net\/fr\/?s={search_term_string}"},"query-input":"required name=search_term_string"}],"inLanguage":"fr-FR"}]}},"_links":{"self":[{"href":"https:\/\/woodinout.net\/fr\/wp-json\/wp\/v2\/pages\/20965"}],"collection":[{"href":"https:\/\/woodinout.net\/fr\/wp-json\/wp\/v2\/pages"}],"about":[{"href":"https:\/\/woodinout.net\/fr\/wp-json\/wp\/v2\/types\/page"}],"author":[{"embeddable":true,"href":"https:\/\/woodinout.net\/fr\/wp-json\/wp\/v2\/users\/1"}],"replies":[{"embeddable":true,"href":"https:\/\/woodinout.net\/fr\/wp-json\/wp\/v2\/comments?post=20965"}],"version-history":[{"count":0,"href":"https:\/\/woodinout.net\/fr\/wp-json\/wp\/v2\/pages\/20965\/revisions"}],"wp:attachment":[{"href":"https:\/\/woodinout.net\/fr\/wp-json\/wp\/v2\/media?parent=20965"}],"curies":[{"name":"wp","href":"https:\/\/api.w.org\/{rel}","templated":true}]}}