{"id":20963,"date":"2016-08-02T08:53:51","date_gmt":"2016-08-02T05:53:51","guid":{"rendered":"https:\/\/woodinout.net\/domicile\/"},"modified":"2016-08-02T08:53:51","modified_gmt":"2016-08-02T05:53:51","slug":"domicile","status":"publish","type":"page","link":"https:\/\/woodinout.net\/fr\/domicile\/","title":{"rendered":"Domicile"},"content":{"rendered":"<p>[vc_row][vc_column][rev_slider_vc alias=&#8221;handy-main&#8221;][\/vc_column][\/vc_row][vc_row][vc_column][handy_banner main_caption=&#8221;JTNDcCUyMHN0eWxlJTNEJTIyY29sb3IlM0ElMjNmZmYlM0Jmb250LWZhbWlseSUzQSUyN1JvYm90byUyNyUyQ3NhbnMtc2VyaWYlM0Jmb250LXNpemUlM0EzZW0lM0Jmb250LXdlaWdodCUzQWxpZ2h0ZXIlM0J3aGl0ZS1zcGFjZSUzQSUyMG5vd3JhcCUzQiUyMiUzRUdldCUyMDIwJTI1JTIwZGlzY291bnQlMjBvbiUyMG9yZGVycyUyMG92ZXIlMjAlMjQzMDAlM0MlMkZwJTNF&#8221; main_caption_pos_left=&#8221;8&#8243; main_caption_pos_top=&#8221;30&#8243; secondary_caption_pos_left=&#8221;0&#8243; secondary_caption_pos_top=&#8221;0&#8243; hover_effect=&#8221;milo&#8221; banner_img=&#8221;2237&#8243;][\/vc_column][\/vc_row][vc_row][vc_column width=&#8221;1\/2&#8243;][handy_banner main_caption=&#8221;JTNDcCUyMHN0eWxlJTNEJTIyY29sb3IlM0ElMjNmZmYlM0Jmb250LWZhbWlseSUzQSUyN1JvYm90byUyNyUyQ3NhbnMtc2VyaWYlM0Jmb250LXNpemUlM0EyZW0lM0Jmb250LXdlaWdodCUzQWxpZ2h0ZXIlM0IlMjIlM0VDYWtlJTIwdG9wcGVycyUzQyUyRnAlM0U=&#8221; main_caption_pos_left=&#8221;30&#8243; main_caption_pos_top=&#8221;75&#8243; secondary_caption=&#8221;JTNDc3BhbiUyMGNsYXNzJTNEJTIyYnV0dG9uJTIyJTNFVklFVyUyMEFMTCUzQyUyRnNwYW4lM0U=&#8221; secondary_caption_pos_left=&#8221;33&#8243; secondary_caption_pos_top=&#8221;20&#8243; hover_effect=&#8221;honey&#8221; banner_link=&#8221;url:http%3A%2F%2Fwoodinout.com%2Fproduct-category%2Fcake-toppers%2F|||&#8221; banner_img=&#8221;3656&#8243;][\/vc_column][vc_column width=&#8221;1\/2&#8243;][handy_banner main_caption=&#8221;JTNDcCUyMHN0eWxlJTNEJTIyY29sb3IlM0ElMjMxNTE1MTUlM0Jmb250LWZhbWlseSUzQSUyN1JvYm90byUyNyUyQ3NhbnMtc2VyaWYlM0Jmb250LXNpemUlM0EyLjhlbSUzQmZvbnQtd2VpZ2h0JTNBbGlnaHRlciUzQiUyMiUzRVdvb2RlbiUyMGRlY29yJTNDJTJGcCUzRQ==&#8221; main_caption_pos_left=&#8221;19&#8243; secondary_caption=&#8221;JTNDc3BhbiUyMGNsYXNzJTNEJTIyYnV0dG9uJTIyJTNFVklFVyUzQyUyRnNwYW4lM0U=&#8221; secondary_caption_pos_left=&#8221;33&#8243; secondary_caption_pos_top=&#8221;20&#8243; hover_effect=&#8221;honey&#8221; banner_link=&#8221;url:http%3A%2F%2Fwoodinout.com%2Fproduct-category%2Fwooden-words-symbols%2F|||&#8221; banner_img=&#8221;3658&#8243;][\/vc_column][\/vc_row][vc_row][vc_column][handy_woo_codes columns_number=&#8221;3&#8243; title=&#8221;New Products&#8221;][\/vc_column][\/vc_row][vc_row][vc_column][handy_woo_codes codeswoo=&#8221;best_selling_products&#8221; columns_number=&#8221;3&#8243; title=&#8221;Top Sellers&#8221;][\/vc_column][\/vc_row]<\/p>\n","protected":false},"excerpt":{"rendered":"<p>[vc_row][vc_column][rev_slider_vc alias=&#8221;handy-main&#8221;][\/vc_column][\/vc_row][vc_row][vc_column][handy_banner main_caption=&#8221;JTNDcCUyMHN0eWxlJTNEJTIyY29sb3IlM0ElMjNmZmYlM0Jmb250LWZhbWlseSUzQSUyN1JvYm90byUyNyUyQ3NhbnMtc2VyaWYlM0Jmb250LXNpemUlM0EzZW0lM0Jmb250LXdlaWdodCUzQWxpZ2h0ZXIlM0J3aGl0ZS1zcGFjZSUzQSUyMG5vd3JhcCUzQiUyMiUzRUdldCUyMDIwJTI1JTIwZGlzY291bnQlMjBvbiUyMG9yZGVycyUyMG92ZXIlMjAlMjQzMDAlM0MlMkZwJTNF&#8221; main_caption_pos_left=&#8221;8&#8243; main_caption_pos_top=&#8221;30&#8243; secondary_caption_pos_left=&#8221;0&#8243; secondary_caption_pos_top=&#8221;0&#8243; hover_effect=&#8221;milo&#8221; banner_img=&#8221;2237&#8243;][\/vc_column][\/vc_row][vc_row][vc_column width=&#8221;1\/2&#8243;][handy_banner main_caption=&#8221;JTNDcCUyMHN0eWxlJTNEJTIyY29sb3IlM0ElMjNmZmYlM0Jmb250LWZhbWlseSUzQSUyN1JvYm90byUyNyUyQ3NhbnMtc2VyaWYlM0Jmb250LXNpemUlM0EyZW0lM0Jmb250LXdlaWdodCUzQWxpZ2h0ZXIlM0IlMjIlM0VDYWtlJTIwdG9wcGVycyUzQyUyRnAlM0U=&#8221; main_caption_pos_left=&#8221;30&#8243; main_caption_pos_top=&#8221;75&#8243; secondary_caption=&#8221;JTNDc3BhbiUyMGNsYXNzJTNEJTIyYnV0dG9uJTIyJTNFVklFVyUyMEFMTCUzQyUyRnNwYW4lM0U=&#8221; secondary_caption_pos_left=&#8221;33&#8243; secondary_caption_pos_top=&#8221;20&#8243; hover_effect=&#8221;honey&#8221; banner_link=&#8221;url:http%3A%2F%2Fwoodinout.com%2Fproduct-category%2Fcake-toppers%2F|||&#8221; banner_img=&#8221;3656&#8243;][\/vc_column][vc_column width=&#8221;1\/2&#8243;][handy_banner main_caption=&#8221;JTNDcCUyMHN0eWxlJTNEJTIyY29sb3IlM0ElMjMxNTE1MTUlM0Jmb250LWZhbWlseSUzQSUyN1JvYm90byUyNyUyQ3NhbnMtc2VyaWYlM0Jmb250LXNpemUlM0EyLjhlbSUzQmZvbnQtd2VpZ2h0JTNBbGlnaHRlciUzQiUyMiUzRVdvb2RlbiUyMGRlY29yJTNDJTJGcCUzRQ==&#8221; main_caption_pos_left=&#8221;19&#8243; secondary_caption=&#8221;JTNDc3BhbiUyMGNsYXNzJTNEJTIyYnV0dG9uJTIyJTNFVklFVyUzQyUyRnNwYW4lM0U=&#8221; secondary_caption_pos_left=&#8221;33&#8243; secondary_caption_pos_top=&#8221;20&#8243; hover_effect=&#8221;honey&#8221; banner_link=&#8221;url:http%3A%2F%2Fwoodinout.com%2Fproduct-category%2Fwooden-words-symbols%2F|||&#8221; banner_img=&#8221;3658&#8243;][\/vc_column][\/vc_row][vc_row][vc_column][handy_woo_codes columns_number=&#8221;3&#8243; title=&#8221;New Products&#8221;][\/vc_column][\/vc_row][vc_row][vc_column][handy_woo_codes codeswoo=&#8221;best_selling_products&#8221; columns_number=&#8221;3&#8243; title=&#8221;Top Sellers&#8221;][\/vc_column][\/vc_row]<\/p>\n","protected":false},"author":1,"featured_media":0,"parent":0,"menu_order":0,"comment_status":"closed","ping_status":"closed","template":"","meta":{"_monsterinsights_skip_tracking":false,"_monsterinsights_sitenote_active":false,"_monsterinsights_sitenote_note":"","_monsterinsights_sitenote_category":0,"footnotes":""},"yoast_head":"<!-- This site is optimized with the Yoast SEO plugin v22.1 - https:\/\/yoast.com\/wordpress\/plugins\/seo\/ -->\n<title>Jouets en bois Montessori - Ressources d&#039;apprentissage Woodinout \u00a9 \u00e0 la main -<\/title>\n<meta name=\"description\" content=\"Jouets en bois inspir\u00e9s de Montessori pour le d\u00e9veloppement pr\u00e9coce tout au long du pr\u00e9cieux temps pass\u00e9 en famille. Fabriqu\u00e9 \u00e0 la main \u00e0 partir de bois massif de haute qualit\u00e9.\" \/>\n<meta name=\"robots\" content=\"index, follow, max-snippet:-1, max-image-preview:large, max-video-preview:-1\" \/>\n<link rel=\"canonical\" href=\"https:\/\/woodinout.net\/fr\/domicile\/\" \/>\n<meta property=\"og:locale\" content=\"fr_FR\" \/>\n<meta property=\"og:type\" content=\"article\" \/>\n<meta property=\"og:title\" content=\"Jouets en bois Montessori - Ressources d&#039;apprentissage Woodinout \u00a9 \u00e0 la main -\" \/>\n<meta property=\"og:description\" content=\"Jouets en bois inspir\u00e9s de Montessori pour le d\u00e9veloppement pr\u00e9coce tout au long du pr\u00e9cieux temps pass\u00e9 en famille. Fabriqu\u00e9 \u00e0 la main \u00e0 partir de bois massif de haute qualit\u00e9.\" \/>\n<meta property=\"og:url\" content=\"https:\/\/woodinout.net\/fr\/domicile\/\" \/>\n<meta property=\"og:site_name\" content=\"Woodinout \u00a9\" \/>\n<meta name=\"twitter:card\" content=\"summary_large_image\" \/>\n<meta name=\"twitter:label1\" content=\"Dur\u00e9e de lecture estim\u00e9e\" \/>\n\t<meta name=\"twitter:data1\" content=\"1 minute\" \/>\n<script type=\"application\/ld+json\" class=\"yoast-schema-graph\">{\"@context\":\"https:\/\/schema.org\",\"@graph\":[{\"@type\":\"WebPage\",\"@id\":\"https:\/\/woodinout.net\/fr\/domicile\/\",\"url\":\"https:\/\/woodinout.net\/fr\/domicile\/\",\"name\":\"Jouets en bois Montessori - Ressources d'apprentissage Woodinout \u00a9 \u00e0 la main -\",\"isPartOf\":{\"@id\":\"https:\/\/woodinout.net\/fr\/#website\"},\"datePublished\":\"2016-08-02T05:53:51+00:00\",\"dateModified\":\"2016-08-02T05:53:51+00:00\",\"description\":\"Jouets en bois inspir\u00e9s de Montessori pour le d\u00e9veloppement pr\u00e9coce tout au long du pr\u00e9cieux temps pass\u00e9 en famille. Fabriqu\u00e9 \u00e0 la main \u00e0 partir de bois massif de haute qualit\u00e9.\",\"breadcrumb\":{\"@id\":\"https:\/\/woodinout.net\/fr\/domicile\/#breadcrumb\"},\"inLanguage\":\"fr-FR\",\"potentialAction\":[{\"@type\":\"ReadAction\",\"target\":[\"https:\/\/woodinout.net\/fr\/domicile\/\"]}]},{\"@type\":\"BreadcrumbList\",\"@id\":\"https:\/\/woodinout.net\/fr\/domicile\/#breadcrumb\",\"itemListElement\":[{\"@type\":\"ListItem\",\"position\":1,\"name\":\"Home\",\"item\":\"https:\/\/woodinout.net\/fr\/\"},{\"@type\":\"ListItem\",\"position\":2,\"name\":\"Domicile\"}]},{\"@type\":\"WebSite\",\"@id\":\"https:\/\/woodinout.net\/fr\/#website\",\"url\":\"https:\/\/woodinout.net\/fr\/\",\"name\":\"Woodinout \u00a9\",\"description\":\"Wooden Montessori toys, gifts, home and events decor details\",\"potentialAction\":[{\"@type\":\"SearchAction\",\"target\":{\"@type\":\"EntryPoint\",\"urlTemplate\":\"https:\/\/woodinout.net\/fr\/?s={search_term_string}\"},\"query-input\":\"required name=search_term_string\"}],\"inLanguage\":\"fr-FR\"}]}<\/script>\n<!-- \/ Yoast SEO plugin. -->","yoast_head_json":{"title":"Jouets en bois Montessori - Ressources d'apprentissage Woodinout \u00a9 \u00e0 la main -","description":"Jouets en bois inspir\u00e9s de Montessori pour le d\u00e9veloppement pr\u00e9coce tout au long du pr\u00e9cieux temps pass\u00e9 en famille. Fabriqu\u00e9 \u00e0 la main \u00e0 partir de bois massif de haute qualit\u00e9.","robots":{"index":"index","follow":"follow","max-snippet":"max-snippet:-1","max-image-preview":"max-image-preview:large","max-video-preview":"max-video-preview:-1"},"canonical":"https:\/\/woodinout.net\/fr\/domicile\/","og_locale":"fr_FR","og_type":"article","og_title":"Jouets en bois Montessori - Ressources d'apprentissage Woodinout \u00a9 \u00e0 la main -","og_description":"Jouets en bois inspir\u00e9s de Montessori pour le d\u00e9veloppement pr\u00e9coce tout au long du pr\u00e9cieux temps pass\u00e9 en famille. Fabriqu\u00e9 \u00e0 la main \u00e0 partir de bois massif de haute qualit\u00e9.","og_url":"https:\/\/woodinout.net\/fr\/domicile\/","og_site_name":"Woodinout \u00a9","twitter_card":"summary_large_image","twitter_misc":{"Dur\u00e9e de lecture estim\u00e9e":"1 minute"},"schema":{"@context":"https:\/\/schema.org","@graph":[{"@type":"WebPage","@id":"https:\/\/woodinout.net\/fr\/domicile\/","url":"https:\/\/woodinout.net\/fr\/domicile\/","name":"Jouets en bois Montessori - Ressources d'apprentissage Woodinout \u00a9 \u00e0 la main -","isPartOf":{"@id":"https:\/\/woodinout.net\/fr\/#website"},"datePublished":"2016-08-02T05:53:51+00:00","dateModified":"2016-08-02T05:53:51+00:00","description":"Jouets en bois inspir\u00e9s de Montessori pour le d\u00e9veloppement pr\u00e9coce tout au long du pr\u00e9cieux temps pass\u00e9 en famille. Fabriqu\u00e9 \u00e0 la main \u00e0 partir de bois massif de haute qualit\u00e9.","breadcrumb":{"@id":"https:\/\/woodinout.net\/fr\/domicile\/#breadcrumb"},"inLanguage":"fr-FR","potentialAction":[{"@type":"ReadAction","target":["https:\/\/woodinout.net\/fr\/domicile\/"]}]},{"@type":"BreadcrumbList","@id":"https:\/\/woodinout.net\/fr\/domicile\/#breadcrumb","itemListElement":[{"@type":"ListItem","position":1,"name":"Home","item":"https:\/\/woodinout.net\/fr\/"},{"@type":"ListItem","position":2,"name":"Domicile"}]},{"@type":"WebSite","@id":"https:\/\/woodinout.net\/fr\/#website","url":"https:\/\/woodinout.net\/fr\/","name":"Woodinout \u00a9","description":"Wooden Montessori toys, gifts, home and events decor details","potentialAction":[{"@type":"SearchAction","target":{"@type":"EntryPoint","urlTemplate":"https:\/\/woodinout.net\/fr\/?s={search_term_string}"},"query-input":"required name=search_term_string"}],"inLanguage":"fr-FR"}]}},"_links":{"self":[{"href":"https:\/\/woodinout.net\/fr\/wp-json\/wp\/v2\/pages\/20963"}],"collection":[{"href":"https:\/\/woodinout.net\/fr\/wp-json\/wp\/v2\/pages"}],"about":[{"href":"https:\/\/woodinout.net\/fr\/wp-json\/wp\/v2\/types\/page"}],"author":[{"embeddable":true,"href":"https:\/\/woodinout.net\/fr\/wp-json\/wp\/v2\/users\/1"}],"replies":[{"embeddable":true,"href":"https:\/\/woodinout.net\/fr\/wp-json\/wp\/v2\/comments?post=20963"}],"version-history":[{"count":0,"href":"https:\/\/woodinout.net\/fr\/wp-json\/wp\/v2\/pages\/20963\/revisions"}],"wp:attachment":[{"href":"https:\/\/woodinout.net\/fr\/wp-json\/wp\/v2\/media?parent=20963"}],"curies":[{"name":"wp","href":"https:\/\/api.w.org\/{rel}","templated":true}]}}