{"id":20957,"date":"2016-08-04T09:36:11","date_gmt":"2016-08-04T06:36:11","guid":{"rendered":"https:\/\/woodinout.net\/services\/"},"modified":"2016-08-04T09:36:11","modified_gmt":"2016-08-04T06:36:11","slug":"services","status":"publish","type":"page","link":"https:\/\/woodinout.net\/fr\/services\/","title":{"rendered":"Services"},"content":{"rendered":"<p><strong>Gravure laser<\/strong><\/p>\n<p>La gravure au laser sur bois, contreplaqu\u00e9, verre acrylique \/ organique, cuir, est r\u00e9alis\u00e9e \u00e0 l\u2019aide d\u2019un \u00e9quipement de haute qualit\u00e9 avec source laser CO2. Les objets grav\u00e9s peuvent \u00eatre de diff\u00e9rentes tailles: du plus petit \u00e0 600mm * 900mm. La hauteur d\u2019un objet peut aller jusqu\u2019\u00e0 300 mm.<\/p>\n<p><strong>D\u00e9coupe laser<\/strong><\/p>\n<p>La d\u00e9coupe au laser du bois, du contreplaqu\u00e9, du verre acrylique, du cuir, du papier, du carton, est effectu\u00e9e \u00e0 l\u2019aide d\u2019un \u00e9quipement de haute qualit\u00e9 avec source laser CO2. Diff\u00e9rentes profondeurs de coupe sont possibles.<\/p>\n<p>&nbsp;<\/p>\n<p><strong>Fraisage CNC<\/strong><\/p>\n<p>Nous offrons le fraisage CNC de bois franc, contreplaqu\u00e9, MDF, acrylique \/ verre organique. La zone de travail est de 1500mm * 3000mm, une broche HSD de 6kW refroidie par air (Italie) est install\u00e9e dans cette machine. Le remplissage est \u00e9galement possible. Nous concevons des reliefs 3D qui pourraient \u00eatre frais\u00e9s par machine CNC plus tard.<\/p>\n<p>&nbsp;<\/p>\n<p>&nbsp;<\/p>\n<p><strong>Transformation du bois franc<\/strong><\/p>\n<p>Nous sommes en mesure de traiter les panneaux de bois franc. Nos services offerts couvrent la coupe transversale, le fraisage, le meulage, le rabotage, etc. Veuillez nous contacter par e-mail ou par t\u00e9l\u00e9phone pour plus d\u2019informations d\u00e9taill\u00e9es.<\/p>\n<p><strong>&nbsp;<\/strong><\/p>\n<p><strong>Commandes sp\u00e9ciales\/personnalis\u00e9es<\/strong><\/p>\n<p>Si vous avez une id\u00e9e que vous voulez r\u00e9aliser \u2013 s\u2019il vous pla\u00eet contactez-nous et nous la produirons. Nous concevons et produisons des cadeaux personnalis\u00e9s, des cadeaux d\u2019affaires, des d\u00e9corations d\u2019int\u00e9rieur, des meubles, etc. Nous vous offrons un ensemble complet \u2013 de la conception \u00e0 la production finale.<\/p>\n","protected":false},"excerpt":{"rendered":"<p>Gravure laser La gravure au laser sur bois, contreplaqu\u00e9, verre acrylique \/ organique, cuir, est r\u00e9alis\u00e9e \u00e0 l\u2019aide d\u2019un \u00e9quipement de haute qualit\u00e9 avec source laser CO2. Les objets grav\u00e9s peuvent \u00eatre de diff\u00e9rentes tailles: du plus petit \u00e0 600mm * 900mm. La hauteur d\u2019un objet peut aller jusqu\u2019\u00e0 300 mm. D\u00e9coupe laser La d\u00e9coupe [&hellip;]<\/p>\n","protected":false},"author":1,"featured_media":0,"parent":0,"menu_order":0,"comment_status":"closed","ping_status":"closed","template":"","meta":{"_monsterinsights_skip_tracking":false,"_monsterinsights_sitenote_active":false,"_monsterinsights_sitenote_note":"","_monsterinsights_sitenote_category":0,"footnotes":""},"yoast_head":"<!-- This site is optimized with the Yoast SEO plugin v22.1 - https:\/\/yoast.com\/wordpress\/plugins\/seo\/ -->\n<title>Services - Jouets en bois Montessori - Boutique Woodinout \u00a9<\/title>\n<meta name=\"description\" content=\"Respectueux de l&#039;environnement, fabriqu\u00e9 \u00e0 la main \u00e0 partir de jouets d&#039;apprentissage en bois massif de haute qualit\u00e9. Procurez-vous-les et rejoignez la grande famille des clients heureux ici \u00e0 la boutique Woodinout.\" \/>\n<meta name=\"robots\" content=\"index, follow, max-snippet:-1, max-image-preview:large, max-video-preview:-1\" \/>\n<link rel=\"canonical\" href=\"https:\/\/woodinout.net\/fr\/services\/\" \/>\n<meta property=\"og:locale\" content=\"fr_FR\" \/>\n<meta property=\"og:type\" content=\"article\" \/>\n<meta property=\"og:title\" content=\"Services - Jouets en bois Montessori - Boutique Woodinout \u00a9\" \/>\n<meta property=\"og:description\" content=\"Respectueux de l&#039;environnement, fabriqu\u00e9 \u00e0 la main \u00e0 partir de jouets d&#039;apprentissage en bois massif de haute qualit\u00e9. Procurez-vous-les et rejoignez la grande famille des clients heureux ici \u00e0 la boutique Woodinout.\" \/>\n<meta property=\"og:url\" content=\"https:\/\/woodinout.net\/fr\/services\/\" \/>\n<meta property=\"og:site_name\" content=\"Woodinout \u00a9\" \/>\n<meta name=\"twitter:card\" content=\"summary_large_image\" \/>\n<meta name=\"twitter:label1\" content=\"Dur\u00e9e de lecture estim\u00e9e\" \/>\n\t<meta name=\"twitter:data1\" content=\"1 minute\" \/>\n<script type=\"application\/ld+json\" class=\"yoast-schema-graph\">{\"@context\":\"https:\/\/schema.org\",\"@graph\":[{\"@type\":\"WebPage\",\"@id\":\"https:\/\/woodinout.net\/fr\/services\/\",\"url\":\"https:\/\/woodinout.net\/fr\/services\/\",\"name\":\"Services - Jouets en bois Montessori - Boutique Woodinout \u00a9\",\"isPartOf\":{\"@id\":\"https:\/\/woodinout.net\/fr\/#website\"},\"datePublished\":\"2016-08-04T06:36:11+00:00\",\"dateModified\":\"2016-08-04T06:36:11+00:00\",\"description\":\"Respectueux de l'environnement, fabriqu\u00e9 \u00e0 la main \u00e0 partir de jouets d'apprentissage en bois massif de haute qualit\u00e9. Procurez-vous-les et rejoignez la grande famille des clients heureux ici \u00e0 la boutique Woodinout.\",\"breadcrumb\":{\"@id\":\"https:\/\/woodinout.net\/fr\/services\/#breadcrumb\"},\"inLanguage\":\"fr-FR\",\"potentialAction\":[{\"@type\":\"ReadAction\",\"target\":[\"https:\/\/woodinout.net\/fr\/services\/\"]}]},{\"@type\":\"BreadcrumbList\",\"@id\":\"https:\/\/woodinout.net\/fr\/services\/#breadcrumb\",\"itemListElement\":[{\"@type\":\"ListItem\",\"position\":1,\"name\":\"Home\",\"item\":\"https:\/\/woodinout.net\/fr\/\"},{\"@type\":\"ListItem\",\"position\":2,\"name\":\"Services\"}]},{\"@type\":\"WebSite\",\"@id\":\"https:\/\/woodinout.net\/fr\/#website\",\"url\":\"https:\/\/woodinout.net\/fr\/\",\"name\":\"Woodinout \u00a9\",\"description\":\"Wooden Montessori toys, gifts, home and events decor details\",\"potentialAction\":[{\"@type\":\"SearchAction\",\"target\":{\"@type\":\"EntryPoint\",\"urlTemplate\":\"https:\/\/woodinout.net\/fr\/?s={search_term_string}\"},\"query-input\":\"required name=search_term_string\"}],\"inLanguage\":\"fr-FR\"}]}<\/script>\n<!-- \/ Yoast SEO plugin. -->","yoast_head_json":{"title":"Services - Jouets en bois Montessori - Boutique Woodinout \u00a9","description":"Respectueux de l'environnement, fabriqu\u00e9 \u00e0 la main \u00e0 partir de jouets d'apprentissage en bois massif de haute qualit\u00e9. Procurez-vous-les et rejoignez la grande famille des clients heureux ici \u00e0 la boutique Woodinout.","robots":{"index":"index","follow":"follow","max-snippet":"max-snippet:-1","max-image-preview":"max-image-preview:large","max-video-preview":"max-video-preview:-1"},"canonical":"https:\/\/woodinout.net\/fr\/services\/","og_locale":"fr_FR","og_type":"article","og_title":"Services - Jouets en bois Montessori - Boutique Woodinout \u00a9","og_description":"Respectueux de l'environnement, fabriqu\u00e9 \u00e0 la main \u00e0 partir de jouets d'apprentissage en bois massif de haute qualit\u00e9. Procurez-vous-les et rejoignez la grande famille des clients heureux ici \u00e0 la boutique Woodinout.","og_url":"https:\/\/woodinout.net\/fr\/services\/","og_site_name":"Woodinout \u00a9","twitter_card":"summary_large_image","twitter_misc":{"Dur\u00e9e de lecture estim\u00e9e":"1 minute"},"schema":{"@context":"https:\/\/schema.org","@graph":[{"@type":"WebPage","@id":"https:\/\/woodinout.net\/fr\/services\/","url":"https:\/\/woodinout.net\/fr\/services\/","name":"Services - Jouets en bois Montessori - Boutique Woodinout \u00a9","isPartOf":{"@id":"https:\/\/woodinout.net\/fr\/#website"},"datePublished":"2016-08-04T06:36:11+00:00","dateModified":"2016-08-04T06:36:11+00:00","description":"Respectueux de l'environnement, fabriqu\u00e9 \u00e0 la main \u00e0 partir de jouets d'apprentissage en bois massif de haute qualit\u00e9. Procurez-vous-les et rejoignez la grande famille des clients heureux ici \u00e0 la boutique Woodinout.","breadcrumb":{"@id":"https:\/\/woodinout.net\/fr\/services\/#breadcrumb"},"inLanguage":"fr-FR","potentialAction":[{"@type":"ReadAction","target":["https:\/\/woodinout.net\/fr\/services\/"]}]},{"@type":"BreadcrumbList","@id":"https:\/\/woodinout.net\/fr\/services\/#breadcrumb","itemListElement":[{"@type":"ListItem","position":1,"name":"Home","item":"https:\/\/woodinout.net\/fr\/"},{"@type":"ListItem","position":2,"name":"Services"}]},{"@type":"WebSite","@id":"https:\/\/woodinout.net\/fr\/#website","url":"https:\/\/woodinout.net\/fr\/","name":"Woodinout \u00a9","description":"Wooden Montessori toys, gifts, home and events decor details","potentialAction":[{"@type":"SearchAction","target":{"@type":"EntryPoint","urlTemplate":"https:\/\/woodinout.net\/fr\/?s={search_term_string}"},"query-input":"required name=search_term_string"}],"inLanguage":"fr-FR"}]}},"_links":{"self":[{"href":"https:\/\/woodinout.net\/fr\/wp-json\/wp\/v2\/pages\/20957"}],"collection":[{"href":"https:\/\/woodinout.net\/fr\/wp-json\/wp\/v2\/pages"}],"about":[{"href":"https:\/\/woodinout.net\/fr\/wp-json\/wp\/v2\/types\/page"}],"author":[{"embeddable":true,"href":"https:\/\/woodinout.net\/fr\/wp-json\/wp\/v2\/users\/1"}],"replies":[{"embeddable":true,"href":"https:\/\/woodinout.net\/fr\/wp-json\/wp\/v2\/comments?post=20957"}],"version-history":[{"count":0,"href":"https:\/\/woodinout.net\/fr\/wp-json\/wp\/v2\/pages\/20957\/revisions"}],"wp:attachment":[{"href":"https:\/\/woodinout.net\/fr\/wp-json\/wp\/v2\/media?parent=20957"}],"curies":[{"name":"wp","href":"https:\/\/api.w.org\/{rel}","templated":true}]}}