{"id":20948,"date":"2020-02-06T11:53:49","date_gmt":"2020-02-06T09:53:49","guid":{"rendered":"https:\/\/woodinout.net\/paiements-retours\/"},"modified":"2020-02-06T11:53:49","modified_gmt":"2020-02-06T09:53:49","slug":"paiements-retours","status":"publish","type":"page","link":"https:\/\/woodinout.net\/fr\/paiements-retours\/","title":{"rendered":"PAIEMENTS &amp; RETOURS"},"content":{"rendered":"<p><strong>Modes de paiement que nous acceptons<\/strong><\/p>\n<p>\u2022 Cartes de d\u00e9bit ou de cr\u00e9dit<br \/>\n\u2022 Paiements PayPal<\/p>\n<p><strong>Puis-je retourner les produits?<\/strong><\/p>\n<p>Les retours sont accept\u00e9s selon les pr\u00e9sentes conditions :<\/p>\n<ul>\n<li>L\u2019Acheteur peut retourner les marchandises dans un d\u00e9lai de 14 (quatorze) jours \u00e0 compter du jour de la livraison en informant le Vendeur par e-mail<\/li>\n<li>Un formulaire de retour sp\u00e9cial doit \u00eatre rempli et envoy\u00e9 avec le colis. Le formulaire doit contenir le num\u00e9ro de commande et d\u2019autres informations de contact indiqu\u00e9es lors du paiement.<\/li>\n<li>Les articles retourn\u00e9s doivent \u00eatre dans leur \u00e9tat d\u2019origine, inutilis\u00e9s et non endommag\u00e9s<\/li>\n<li>Les articles doivent contenir toutes les parties de l\u2019ensemble\/emballage d\u2019origine<\/li>\n<li>Les articles doivent \u00eatre dans leur forme et leurs dimensions d\u2019origine \u2013 aucune personnalisation<\/li>\n<\/ul>\n<p><strong>EXCLUSIONS IMPORTANTES :<\/strong><\/p>\n<ul>\n<li>Les retours ne sont pas accept\u00e9s pour les articles personnalis\u00e9s et personnalis\u00e9s<\/li>\n<li>Les frais d\u2019exp\u00e9dition \/ retour et les frais sont couverts par l\u2019acheteur. Cette partie n\u2019est pas remboursable<\/li>\n<\/ul>\n<p><strong>REMBOURSEMENT<\/strong><\/p>\n<ul>\n<li>Le remboursement est effectu\u00e9 dans les 14 jours suivant le retour du colis<\/li>\n<\/ul>\n<p><strong>\u00c9CHANGES<\/strong><\/p>\n<ul>\n<li>Les \u00e9changes sont accept\u00e9s. Dans ce cas, vous devez passer une nouvelle commande<\/li>\n<\/ul>\n<p>L\u2019argent pour les articles retourn\u00e9s est transf\u00e9r\u00e9 uniquement sur le compte bancaire du payeur.<\/p>\n","protected":false},"excerpt":{"rendered":"<p>Modes de paiement que nous acceptons \u2022 Cartes de d\u00e9bit ou de cr\u00e9dit \u2022 Paiements PayPal Puis-je retourner les produits? Les retours sont accept\u00e9s selon les pr\u00e9sentes conditions : L\u2019Acheteur peut retourner les marchandises dans un d\u00e9lai de 14 (quatorze) jours \u00e0 compter du jour de la livraison en informant le Vendeur par e-mail Un [&hellip;]<\/p>\n","protected":false},"author":1,"featured_media":0,"parent":0,"menu_order":0,"comment_status":"closed","ping_status":"closed","template":"","meta":{"_monsterinsights_skip_tracking":false,"_monsterinsights_sitenote_active":false,"_monsterinsights_sitenote_note":"","_monsterinsights_sitenote_category":0,"footnotes":""},"yoast_head":"<!-- This site is optimized with the Yoast SEO plugin v22.1 - https:\/\/yoast.com\/wordpress\/plugins\/seo\/ -->\n<title>PAIEMENTS &amp; RETOURS - Jouets en bois Nom Woodinout \u00a9 de la boutique<\/title>\n<meta name=\"description\" content=\"Jouets en bois inspir\u00e9s de Montessori pour le d\u00e9veloppement pr\u00e9coce tout au long du pr\u00e9cieux temps pass\u00e9 en famille. Fabriqu\u00e9 \u00e0 la main \u00e0 partir de bois massif de haute qualit\u00e9.\" \/>\n<meta name=\"robots\" content=\"index, follow, max-snippet:-1, max-image-preview:large, max-video-preview:-1\" \/>\n<link rel=\"canonical\" href=\"https:\/\/woodinout.net\/fr\/paiements-retours\/\" \/>\n<meta property=\"og:locale\" content=\"fr_FR\" \/>\n<meta property=\"og:type\" content=\"article\" \/>\n<meta property=\"og:title\" content=\"PAIEMENTS &amp; RETOURS - Jouets en bois Nom Woodinout \u00a9 de la boutique\" \/>\n<meta property=\"og:description\" content=\"Jouets en bois inspir\u00e9s de Montessori pour le d\u00e9veloppement pr\u00e9coce tout au long du pr\u00e9cieux temps pass\u00e9 en famille. Fabriqu\u00e9 \u00e0 la main \u00e0 partir de bois massif de haute qualit\u00e9.\" \/>\n<meta property=\"og:url\" content=\"https:\/\/woodinout.net\/fr\/paiements-retours\/\" \/>\n<meta property=\"og:site_name\" content=\"Woodinout \u00a9\" \/>\n<meta name=\"twitter:card\" content=\"summary_large_image\" \/>\n<meta name=\"twitter:label1\" content=\"Dur\u00e9e de lecture estim\u00e9e\" \/>\n\t<meta name=\"twitter:data1\" content=\"1 minute\" \/>\n<script type=\"application\/ld+json\" class=\"yoast-schema-graph\">{\"@context\":\"https:\/\/schema.org\",\"@graph\":[{\"@type\":\"WebPage\",\"@id\":\"https:\/\/woodinout.net\/fr\/paiements-retours\/\",\"url\":\"https:\/\/woodinout.net\/fr\/paiements-retours\/\",\"name\":\"PAIEMENTS &amp; RETOURS - Jouets en bois Nom Woodinout \u00a9 de la boutique\",\"isPartOf\":{\"@id\":\"https:\/\/woodinout.net\/fr\/#website\"},\"datePublished\":\"2020-02-06T09:53:49+00:00\",\"dateModified\":\"2020-02-06T09:53:49+00:00\",\"description\":\"Jouets en bois inspir\u00e9s de Montessori pour le d\u00e9veloppement pr\u00e9coce tout au long du pr\u00e9cieux temps pass\u00e9 en famille. Fabriqu\u00e9 \u00e0 la main \u00e0 partir de bois massif de haute qualit\u00e9.\",\"breadcrumb\":{\"@id\":\"https:\/\/woodinout.net\/fr\/paiements-retours\/#breadcrumb\"},\"inLanguage\":\"fr-FR\",\"potentialAction\":[{\"@type\":\"ReadAction\",\"target\":[\"https:\/\/woodinout.net\/fr\/paiements-retours\/\"]}]},{\"@type\":\"BreadcrumbList\",\"@id\":\"https:\/\/woodinout.net\/fr\/paiements-retours\/#breadcrumb\",\"itemListElement\":[{\"@type\":\"ListItem\",\"position\":1,\"name\":\"Home\",\"item\":\"https:\/\/woodinout.net\/fr\/\"},{\"@type\":\"ListItem\",\"position\":2,\"name\":\"PAIEMENTS &amp; RETOURS\"}]},{\"@type\":\"WebSite\",\"@id\":\"https:\/\/woodinout.net\/fr\/#website\",\"url\":\"https:\/\/woodinout.net\/fr\/\",\"name\":\"Woodinout \u00a9\",\"description\":\"Wooden Montessori toys, gifts, home and events decor details\",\"potentialAction\":[{\"@type\":\"SearchAction\",\"target\":{\"@type\":\"EntryPoint\",\"urlTemplate\":\"https:\/\/woodinout.net\/fr\/?s={search_term_string}\"},\"query-input\":\"required name=search_term_string\"}],\"inLanguage\":\"fr-FR\"}]}<\/script>\n<!-- \/ Yoast SEO plugin. -->","yoast_head_json":{"title":"PAIEMENTS &amp; RETOURS - Jouets en bois Nom Woodinout \u00a9 de la boutique","description":"Jouets en bois inspir\u00e9s de Montessori pour le d\u00e9veloppement pr\u00e9coce tout au long du pr\u00e9cieux temps pass\u00e9 en famille. Fabriqu\u00e9 \u00e0 la main \u00e0 partir de bois massif de haute qualit\u00e9.","robots":{"index":"index","follow":"follow","max-snippet":"max-snippet:-1","max-image-preview":"max-image-preview:large","max-video-preview":"max-video-preview:-1"},"canonical":"https:\/\/woodinout.net\/fr\/paiements-retours\/","og_locale":"fr_FR","og_type":"article","og_title":"PAIEMENTS &amp; RETOURS - Jouets en bois Nom Woodinout \u00a9 de la boutique","og_description":"Jouets en bois inspir\u00e9s de Montessori pour le d\u00e9veloppement pr\u00e9coce tout au long du pr\u00e9cieux temps pass\u00e9 en famille. Fabriqu\u00e9 \u00e0 la main \u00e0 partir de bois massif de haute qualit\u00e9.","og_url":"https:\/\/woodinout.net\/fr\/paiements-retours\/","og_site_name":"Woodinout \u00a9","twitter_card":"summary_large_image","twitter_misc":{"Dur\u00e9e de lecture estim\u00e9e":"1 minute"},"schema":{"@context":"https:\/\/schema.org","@graph":[{"@type":"WebPage","@id":"https:\/\/woodinout.net\/fr\/paiements-retours\/","url":"https:\/\/woodinout.net\/fr\/paiements-retours\/","name":"PAIEMENTS &amp; RETOURS - Jouets en bois Nom Woodinout \u00a9 de la boutique","isPartOf":{"@id":"https:\/\/woodinout.net\/fr\/#website"},"datePublished":"2020-02-06T09:53:49+00:00","dateModified":"2020-02-06T09:53:49+00:00","description":"Jouets en bois inspir\u00e9s de Montessori pour le d\u00e9veloppement pr\u00e9coce tout au long du pr\u00e9cieux temps pass\u00e9 en famille. Fabriqu\u00e9 \u00e0 la main \u00e0 partir de bois massif de haute qualit\u00e9.","breadcrumb":{"@id":"https:\/\/woodinout.net\/fr\/paiements-retours\/#breadcrumb"},"inLanguage":"fr-FR","potentialAction":[{"@type":"ReadAction","target":["https:\/\/woodinout.net\/fr\/paiements-retours\/"]}]},{"@type":"BreadcrumbList","@id":"https:\/\/woodinout.net\/fr\/paiements-retours\/#breadcrumb","itemListElement":[{"@type":"ListItem","position":1,"name":"Home","item":"https:\/\/woodinout.net\/fr\/"},{"@type":"ListItem","position":2,"name":"PAIEMENTS &amp; RETOURS"}]},{"@type":"WebSite","@id":"https:\/\/woodinout.net\/fr\/#website","url":"https:\/\/woodinout.net\/fr\/","name":"Woodinout \u00a9","description":"Wooden Montessori toys, gifts, home and events decor details","potentialAction":[{"@type":"SearchAction","target":{"@type":"EntryPoint","urlTemplate":"https:\/\/woodinout.net\/fr\/?s={search_term_string}"},"query-input":"required name=search_term_string"}],"inLanguage":"fr-FR"}]}},"_links":{"self":[{"href":"https:\/\/woodinout.net\/fr\/wp-json\/wp\/v2\/pages\/20948"}],"collection":[{"href":"https:\/\/woodinout.net\/fr\/wp-json\/wp\/v2\/pages"}],"about":[{"href":"https:\/\/woodinout.net\/fr\/wp-json\/wp\/v2\/types\/page"}],"author":[{"embeddable":true,"href":"https:\/\/woodinout.net\/fr\/wp-json\/wp\/v2\/users\/1"}],"replies":[{"embeddable":true,"href":"https:\/\/woodinout.net\/fr\/wp-json\/wp\/v2\/comments?post=20948"}],"version-history":[{"count":0,"href":"https:\/\/woodinout.net\/fr\/wp-json\/wp\/v2\/pages\/20948\/revisions"}],"wp:attachment":[{"href":"https:\/\/woodinout.net\/fr\/wp-json\/wp\/v2\/media?parent=20948"}],"curies":[{"name":"wp","href":"https:\/\/api.w.org\/{rel}","templated":true}]}}