{"id":20942,"date":"2016-08-02T09:02:50","date_gmt":"2016-08-02T06:02:50","guid":{"rendered":"https:\/\/woodinout.net\/qui-sommes-nous\/"},"modified":"2016-08-02T09:02:50","modified_gmt":"2016-08-02T06:02:50","slug":"qui-sommes-nous","status":"publish","type":"page","link":"https:\/\/woodinout.net\/fr\/qui-sommes-nous\/","title":{"rendered":"Qui sommes-nous"},"content":{"rendered":"<p>[vc_row][vc_column][vc_raw_html]JTNDZGl2JTIwc3R5bGUlM0QlMjJ0ZXh0LWFsaWduJTNBJTIwY2VudGVyJTNCJTIyJTNFJTBBJTNDaDQlMjBzdHlsZSUzRCUyMmZvbnQtZmFtaWx5JTNBJTI3Um9ib3RvJTI3JTNCJTIwZm9udC13ZWlnaHQlM0ElMjBsaWdodGVyJTNCJTIyJTNFSGV5JTIxJTIwV2VsY29tZSUyMHRvJTIwV29vZGlub3V0JTIxJTIwJTNDYnIlMjAlMkYlM0UlMEFIZXJlJTIweW91JTIwY2FuJTIwZmluZCUyMGFsbCUyMHRoZSUyMG5lY2Vzc2FyeSUyMGluZm9ybWF0aW9uJTIwYWJvdXQlMjB1cyUyMGFuZCUyMG91ciUyMHByb2R1Y3RzJTNDJTJGaDQlM0UlMEElM0NwJTIwc3R5bGUlM0QlMjJwYWRkaW5nLWJvdHRvbSUzQSUyMDMwcHglM0IlMjIlM0UlM0MlMkZwJTNFJTBBJTNDc3BhbiUyMGNsYXNzJTNEJTIyYnRuJTIwYnRuLWRlZmF1bHQlMjByb3VuZGVkJTIyJTNFJTNDJTJGc3BhbiUzRSUzQyUyRmRpdiUzRSUwQSUwQVdvb2RlbiUyMHdlZGRpbmclMjBkZWNvciUyQyUyMHRveXMlMkMlMjBiaXJ0aGRheSUyMHBhcnR5JTIwZGVjb3IuJTIwTGV0JTI3cyUyMGNyZWF0ZSUyMHNvbWV0aGluZyUyMGJlYXV0aWZ1bCUyMHRvZ2V0aGVyLiUyMFdvb2RlbiUyMHRveXMlMjB3aWxsJTIwYmUlMjBhJTIwZ3JlYXQlMjBnaWZ0JTIwZm9yJTIweW91JTIwa2lkcy4lMjBEbyUyMHlvdSUyMGRlY29yYXRlJTIweW91ciUyMGhvbWUlM0YlMjBUaGVuJTIwd29vZGVuJTIwd29yZHMlMjBsaWtlJTIwJTIyZmFtaWx5JTIyJTJDJTIwJTIybG92ZSUyMiUyQyUyMCUyMmhvbWUlMjIlMjBhcmUlMjBqdXMlMjBmb3IlMjB5b3UlMjElMjBVbmlndWUlMjB3b29kZW4lMjBwaG90byUyMGZyYW1lcyUyMG1ha2UlMjB5b3VyJTIwbGl2aW5nJTIwcm9vbSUyMG1vcmUlMjBjb3p5LiUyMEFuZCUyMHJ1c3RpYyUyMHdvb2RlbiUyMGNha2UlMjB0b3BwZXIlMjB3aWxsJTIwYmUlMjBhJTIwbmljZSUyMGNha2UlMjBkZXRhaWwuJTIwV2UlMjBndWFyYW50ZWUlMjB5b3UlMjB3aWxsJTIwZmFsbCUyMGluJTIwbG92ZSUyMHdpdGglMjBvdXIlMjBwcm9kdWN0cyUyMQ==[\/vc_raw_html][vc_row_inner][vc_column_inner width=&#8221;1\/4&#8243;][vc_raw_html]JTNDZGl2JTIwY2xhc3MlM0QlMjJwdC1zcGVjaWFsLTMlMjIlM0UlMEElM0NkaXYlMjBjbGFzcyUzRCUyMmljb24lMjIlM0UlM0NpJTIwY2xhc3MlM0QlMjJmYSUyMGZhLXVzZXJzJTIyJTNFJTNDJTJGaSUzRSUzQyUyRmRpdiUzRSUwQSUzQ2g0JTNFRGlkJUM1JUJFaWF1c2lhJTIwZ2VyYiVDNCU5N2olQzUlQjMlMjBiZW5kcnVvbWVuJUM0JTk3JTNDJTJGaDQlM0UlMEElM0NwJTNFTXVzJTIwZmFjZWJvb2slMjBzZWthJTIwZGF1Z2lhdSUyMG5laSUyMDM3MDAwJTIwJUM1JUJFbW9uaSVDNSVCMyUyQyUyMHR1cmltZSUyMHRpayUyMGdlcmlhdXNpdXMlMjBhdHNpbGllcGltdXMuJTIwRXNhbWUlMjBkaWQlQzUlQkVpYXVzaSUyMHRva2lvJTIwdGlwbyUyMGdhbWluaSVDNSVCMyUyMGJlbmRydW9tZW4lQzQlOTclMjBCYWx0aWpvcyUyMCVDNSVBMWFseXNlJTIxJTNDJTJGcCUzRSUwQSUwQSUzQ3NwYW4lMjBjbGFzcyUzRCUyMmJ0biUyMGJ0bi1kZWZhdWx0JTIwcm91bmRlZCUyMiUzRUxlYXJuJTIwbW9yZSUzQyUyRnNwYW4lM0UlM0MlMkZkaXYlM0U=[\/vc_raw_html][\/vc_column_inner][vc_column_inner width=&#8221;1\/4&#8243;][vc_raw_html]JTNDZGl2JTIwY2xhc3MlM0QlMjJwdC1zcGVjaWFsLTMlMjIlM0UlMEElM0NkaXYlMjBjbGFzcyUzRCUyMmljb24lMjIlM0UlM0NpJTIwY2xhc3MlM0QlMjJmYSUyMGZhLWZpbGUtdGV4dC1vJTIyJTNFJTNDJTJGaSUzRSUzQyUyRmRpdiUzRSUwQSUzQ2g0JTNFVmFkeWJvcyUyMHByb2Nlc2FpJTNDJTJGaDQlM0UlMEElM0NwJTNFRGllZ2lhbSVDNCU5N3MlMjBrbGllbnQlQzUlQjMlMkMlMjBnYW15Ym9zJTIwcHJvY2VzJUM1JUIzJTIwdmFsZHltbyUyMHNpc3RlbWFzJTJDJTIwdGFtJTIwa2FkJTIwdSVDNSVCRXRpa3JpbnR1bWUlMjBkYXIlMjBnZXJlc24lQzQlOTklMjBrb211bmlrYWNpaiVDNCU4NSUyQyUyMGdyZWl0dXMlMjBnYW15Ym9zJTIwdGVybWludXMlMjBiZWklMjBhdWslQzUlQTF0JUM0JTg1JTIwZ2FtaW5pJUM1JUIzJTIwa29reWIlQzQlOTkuJTIwJTNDJTJGcCUzRSUwQSUwQSUzQ3NwYW4lMjBjbGFzcyUzRCUyMmJ0biUyMGJ0bi1kZWZhdWx0JTIwcm91bmRlZCUyMiUzRUxlYXJuJTIwbW9yZSUzQyUyRnNwYW4lM0UlM0MlMkZkaXYlM0U=[\/vc_raw_html][\/vc_column_inner][vc_column_inner width=&#8221;1\/4&#8243;][vc_raw_html]JTNDZGl2JTIwY2xhc3MlM0QlMjJwdC1zcGVjaWFsLTMlMjIlM0UlMEElM0NkaXYlMjBjbGFzcyUzRCUyMmljb24lMjIlM0UlM0NpJTIwY2xhc3MlM0QlMjJmYSUyMGZhLXRodW1icy1vLXVwJTIyJTNFJTNDJTJGaSUzRSUzQyUyRmRpdiUzRSUwQSUzQ2g0JTNFSGlnaCUyMHByb2R1Y3QlMjBxdWFsaXR5JTNDJTJGaDQlM0UlMEElM0NwJTNFTmF1ZG9qYW1lJTIwdGlrJTIwYXVrJUM1JUExJUM0JThEaWF1c2lvcyUyMGtva3liJUM0JTk3cyUyMG1lZCVDNSVCRWlhZ2FzJTJDJTIwcmlua3RpbiVDNCU5OSUyMG1lZGllbiVDNCU4NSUyQyUyMGRpcmJhbWUlMjBzdSUyMG5hdWphdXNpb21pcyUyMHRlY2hub2xvZ2lqb21pcyUyQyUyMHRvZCVDNCU5N2wlMjBtJUM1JUFCcyVDNSVCMyUyMGdhbWluaWFpJTIweXJhJTIwaXRpbiUyMGtva3liaSVDNSVBMWtpJTJDJTIwbW9kZXJuJUM1JUFCcy4lM0MlMkZwJTNFJTBBJTBBJTNDc3BhbiUyMGNsYXNzJTNEJTIyYnRuJTIwYnRuLWRlZmF1bHQlMjByb3VuZGVkJTIyJTNFTGVhcm4lMjBtb3JlJTNDJTJGc3BhbiUzRSUzQyUyRmRpdiUzRQ==[\/vc_raw_html][\/vc_column_inner][vc_column_inner width=&#8221;1\/4&#8243;][vc_raw_html]JTNDZGl2JTIwY2xhc3MlM0QlMjJwdC1zcGVjaWFsLTMlMjIlM0UlMEElM0NkaXYlMjBjbGFzcyUzRCUyMmljb24lMjIlM0UlM0NpJTIwY2xhc3MlM0QlMjJmYSUyMGZhLWNvZ3MlMjIlM0UlM0MlMkZpJTNFJTNDJTJGZGl2JTNFJTBBJTNDaDQlM0VHYW1pbmFtZSUyMHBhZ2FsJTIwaW5kaXZpZHVhbGl1cyUyMHUlQzUlQkVzYWt5bXVzJTNDJTJGaDQlM0UlMEElM0NwJTNFRXNhbWUlMjBzdGlwciVDNSVBQnMlMjBpbmRpdmlkdWFsaSVDNSVCMyUyMGdhbWluaSVDNSVCMyUyMGslQzUlQUJyaW1lJTJDJTIwZ2FteWJvamUlMkMlMjBqJUM1JUIzJTIwaSVDNSVBMXBpbGR5bWUuJTIwR2FtaW5hbWUlMjBudW8lMjAxJTIwdmllbmV0byUyMGlraSUyMGRpZGVsaSVDNSVCMyUyMHUlQzUlQkVzYWtvbSVDNSVCM2olQzUlQjMlMjBraWVraSVDNSVCMy4lM0MlMkZwJTNFJTBBJTBBJTNDc3BhbiUyMGNsYXNzJTNEJTIyYnRuJTIwYnRuLWRlZmF1bHQlMjByb3VuZGVkJTIyJTNFTGVhcm4lMjBtb3JlJTNDJTJGc3BhbiUzRSUzQyUyRmRpdiUzRQ==[\/vc_raw_html][\/vc_column_inner][\/vc_row_inner][\/vc_column][\/vc_row]<\/p>\n","protected":false},"excerpt":{"rendered":"<p>[vc_row][vc_column][vc_raw_html]JTNDZGl2JTIwc3R5bGUlM0QlMjJ0ZXh0LWFsaWduJTNBJTIwY2VudGVyJTNCJTIyJTNFJTBBJTNDaDQlMjBzdHlsZSUzRCUyMmZvbnQtZmFtaWx5JTNBJTI3Um9ib3RvJTI3JTNCJTIwZm9udC13ZWlnaHQlM0ElMjBsaWdodGVyJTNCJTIyJTNFSGV5JTIxJTIwV2VsY29tZSUyMHRvJTIwV29vZGlub3V0JTIxJTIwJTNDYnIlMjAlMkYlM0UlMEFIZXJlJTIweW91JTIwY2FuJTIwZmluZCUyMGFsbCUyMHRoZSUyMG5lY2Vzc2FyeSUyMGluZm9ybWF0aW9uJTIwYWJvdXQlMjB1cyUyMGFuZCUyMG91ciUyMHByb2R1Y3RzJTNDJTJGaDQlM0UlMEElM0NwJTIwc3R5bGUlM0QlMjJwYWRkaW5nLWJvdHRvbSUzQSUyMDMwcHglM0IlMjIlM0UlM0MlMkZwJTNFJTBBJTNDc3BhbiUyMGNsYXNzJTNEJTIyYnRuJTIwYnRuLWRlZmF1bHQlMjByb3VuZGVkJTIyJTNFJTNDJTJGc3BhbiUzRSUzQyUyRmRpdiUzRSUwQSUwQVdvb2RlbiUyMHdlZGRpbmclMjBkZWNvciUyQyUyMHRveXMlMkMlMjBiaXJ0aGRheSUyMHBhcnR5JTIwZGVjb3IuJTIwTGV0JTI3cyUyMGNyZWF0ZSUyMHNvbWV0aGluZyUyMGJlYXV0aWZ1bCUyMHRvZ2V0aGVyLiUyMFdvb2RlbiUyMHRveXMlMjB3aWxsJTIwYmUlMjBhJTIwZ3JlYXQlMjBnaWZ0JTIwZm9yJTIweW91JTIwa2lkcy4lMjBEbyUyMHlvdSUyMGRlY29yYXRlJTIweW91ciUyMGhvbWUlM0YlMjBUaGVuJTIwd29vZGVuJTIwd29yZHMlMjBsaWtlJTIwJTIyZmFtaWx5JTIyJTJDJTIwJTIybG92ZSUyMiUyQyUyMCUyMmhvbWUlMjIlMjBhcmUlMjBqdXMlMjBmb3IlMjB5b3UlMjElMjBVbmlndWUlMjB3b29kZW4lMjBwaG90byUyMGZyYW1lcyUyMG1ha2UlMjB5b3VyJTIwbGl2aW5nJTIwcm9vbSUyMG1vcmUlMjBjb3p5LiUyMEFuZCUyMHJ1c3RpYyUyMHdvb2RlbiUyMGNha2UlMjB0b3BwZXIlMjB3aWxsJTIwYmUlMjBhJTIwbmljZSUyMGNha2UlMjBkZXRhaWwuJTIwV2UlMjBndWFyYW50ZWUlMjB5b3UlMjB3aWxsJTIwZmFsbCUyMGluJTIwbG92ZSUyMHdpdGglMjBvdXIlMjBwcm9kdWN0cyUyMQ==[\/vc_raw_html][vc_row_inner][vc_column_inner width=&#8221;1\/4&#8243;][vc_raw_html]JTNDZGl2JTIwY2xhc3MlM0QlMjJwdC1zcGVjaWFsLTMlMjIlM0UlMEElM0NkaXYlMjBjbGFzcyUzRCUyMmljb24lMjIlM0UlM0NpJTIwY2xhc3MlM0QlMjJmYSUyMGZhLXVzZXJzJTIyJTNFJTNDJTJGaSUzRSUzQyUyRmRpdiUzRSUwQSUzQ2g0JTNFRGlkJUM1JUJFaWF1c2lhJTIwZ2VyYiVDNCU5N2olQzUlQjMlMjBiZW5kcnVvbWVuJUM0JTk3JTNDJTJGaDQlM0UlMEElM0NwJTNFTXVzJTIwZmFjZWJvb2slMjBzZWthJTIwZGF1Z2lhdSUyMG5laSUyMDM3MDAwJTIwJUM1JUJFbW9uaSVDNSVCMyUyQyUyMHR1cmltZSUyMHRpayUyMGdlcmlhdXNpdXMlMjBhdHNpbGllcGltdXMuJTIwRXNhbWUlMjBkaWQlQzUlQkVpYXVzaSUyMHRva2lvJTIwdGlwbyUyMGdhbWluaSVDNSVCMyUyMGJlbmRydW9tZW4lQzQlOTclMjBCYWx0aWpvcyUyMCVDNSVBMWFseXNlJTIxJTNDJTJGcCUzRSUwQSUwQSUzQ3NwYW4lMjBjbGFzcyUzRCUyMmJ0biUyMGJ0bi1kZWZhdWx0JTIwcm91bmRlZCUyMiUzRUxlYXJuJTIwbW9yZSUzQyUyRnNwYW4lM0UlM0MlMkZkaXYlM0U=[\/vc_raw_html][\/vc_column_inner][vc_column_inner width=&#8221;1\/4&#8243;][vc_raw_html]JTNDZGl2JTIwY2xhc3MlM0QlMjJwdC1zcGVjaWFsLTMlMjIlM0UlMEElM0NkaXYlMjBjbGFzcyUzRCUyMmljb24lMjIlM0UlM0NpJTIwY2xhc3MlM0QlMjJmYSUyMGZhLWZpbGUtdGV4dC1vJTIyJTNFJTNDJTJGaSUzRSUzQyUyRmRpdiUzRSUwQSUzQ2g0JTNFVmFkeWJvcyUyMHByb2Nlc2FpJTNDJTJGaDQlM0UlMEElM0NwJTNFRGllZ2lhbSVDNCU5N3MlMjBrbGllbnQlQzUlQjMlMkMlMjBnYW15Ym9zJTIwcHJvY2VzJUM1JUIzJTIwdmFsZHltbyUyMHNpc3RlbWFzJTJDJTIwdGFtJTIwa2FkJTIwdSVDNSVCRXRpa3JpbnR1bWUlMjBkYXIlMjBnZXJlc24lQzQlOTklMjBrb211bmlrYWNpaiVDNCU4NSUyQyUyMGdyZWl0dXMlMjBnYW15Ym9zJTIwdGVybWludXMlMjBiZWklMjBhdWslQzUlQTF0JUM0JTg1JTIwZ2FtaW5pJUM1JUIzJTIwa29reWIlQzQlOTkuJTIwJTNDJTJGcCUzRSUwQSUwQSUzQ3NwYW4lMjBjbGFzcyUzRCUyMmJ0biUyMGJ0bi1kZWZhdWx0JTIwcm91bmRlZCUyMiUzRUxlYXJuJTIwbW9yZSUzQyUyRnNwYW4lM0UlM0MlMkZkaXYlM0U=[\/vc_raw_html][\/vc_column_inner][vc_column_inner width=&#8221;1\/4&#8243;][vc_raw_html]JTNDZGl2JTIwY2xhc3MlM0QlMjJwdC1zcGVjaWFsLTMlMjIlM0UlMEElM0NkaXYlMjBjbGFzcyUzRCUyMmljb24lMjIlM0UlM0NpJTIwY2xhc3MlM0QlMjJmYSUyMGZhLXRodW1icy1vLXVwJTIyJTNFJTNDJTJGaSUzRSUzQyUyRmRpdiUzRSUwQSUzQ2g0JTNFSGlnaCUyMHByb2R1Y3QlMjBxdWFsaXR5JTNDJTJGaDQlM0UlMEElM0NwJTNFTmF1ZG9qYW1lJTIwdGlrJTIwYXVrJUM1JUExJUM0JThEaWF1c2lvcyUyMGtva3liJUM0JTk3cyUyMG1lZCVDNSVCRWlhZ2FzJTJDJTIwcmlua3RpbiVDNCU5OSUyMG1lZGllbiVDNCU4NSUyQyUyMGRpcmJhbWUlMjBzdSUyMG5hdWphdXNpb21pcyUyMHRlY2hub2xvZ2lqb21pcyUyQyUyMHRvZCVDNCU5N2wlMjBtJUM1JUFCcyVDNSVCMyUyMGdhbWluaWFpJTIweXJhJTIwaXRpbiUyMGtva3liaSVDNSVBMWtpJTJDJTIwbW9kZXJuJUM1JUFCcy4lM0MlMkZwJTNFJTBBJTBBJTNDc3BhbiUyMGNsYXNzJTNEJTIyYnRuJTIwYnRuLWRlZmF1bHQlMjByb3VuZGVkJTIyJTNFTGVhcm4lMjBtb3JlJTNDJTJGc3BhbiUzRSUzQyUyRmRpdiUzRQ==[\/vc_raw_html][\/vc_column_inner][vc_column_inner width=&#8221;1\/4&#8243;][vc_raw_html]JTNDZGl2JTIwY2xhc3MlM0QlMjJwdC1zcGVjaWFsLTMlMjIlM0UlMEElM0NkaXYlMjBjbGFzcyUzRCUyMmljb24lMjIlM0UlM0NpJTIwY2xhc3MlM0QlMjJmYSUyMGZhLWNvZ3MlMjIlM0UlM0MlMkZpJTNFJTNDJTJGZGl2JTNFJTBBJTNDaDQlM0VHYW1pbmFtZSUyMHBhZ2FsJTIwaW5kaXZpZHVhbGl1cyUyMHUlQzUlQkVzYWt5bXVzJTNDJTJGaDQlM0UlMEElM0NwJTNFRXNhbWUlMjBzdGlwciVDNSVBQnMlMjBpbmRpdmlkdWFsaSVDNSVCMyUyMGdhbWluaSVDNSVCMyUyMGslQzUlQUJyaW1lJTJDJTIwZ2FteWJvamUlMkMlMjBqJUM1JUIzJTIwaSVDNSVBMXBpbGR5bWUuJTIwR2FtaW5hbWUlMjBudW8lMjAxJTIwdmllbmV0byUyMGlraSUyMGRpZGVsaSVDNSVCMyUyMHUlQzUlQkVzYWtvbSVDNSVCM2olQzUlQjMlMjBraWVraSVDNSVCMy4lM0MlMkZwJTNFJTBBJTBBJTNDc3BhbiUyMGNsYXNzJTNEJTIyYnRuJTIwYnRuLWRlZmF1bHQlMjByb3VuZGVkJTIyJTNFTGVhcm4lMjBtb3JlJTNDJTJGc3BhbiUzRSUzQyUyRmRpdiUzRQ==[\/vc_raw_html][\/vc_column_inner][\/vc_row_inner][\/vc_column][\/vc_row]<\/p>\n","protected":false},"author":1,"featured_media":0,"parent":0,"menu_order":0,"comment_status":"closed","ping_status":"closed","template":"","meta":{"_monsterinsights_skip_tracking":false,"_monsterinsights_sitenote_active":false,"_monsterinsights_sitenote_note":"","_monsterinsights_sitenote_category":0,"footnotes":""},"yoast_head":"<!-- This site is optimized with the Yoast SEO plugin v22.1 - https:\/\/yoast.com\/wordpress\/plugins\/seo\/ -->\n<title>Qui sommes-nous - Jouets en bois Montessori Shop Woodinout \u00a9<\/title>\n<meta name=\"description\" content=\"Respectueux de l&#039;environnement, fabriqu\u00e9 \u00e0 la main \u00e0 partir de jouets d&#039;apprentissage en bois massif de haute qualit\u00e9. Procurez-vous-les et rejoignez la grande famille des clients heureux ici \u00e0 la boutique Woodinout.\" \/>\n<meta name=\"robots\" content=\"index, follow, max-snippet:-1, max-image-preview:large, max-video-preview:-1\" \/>\n<link rel=\"canonical\" href=\"https:\/\/woodinout.net\/fr\/qui-sommes-nous\/\" \/>\n<meta property=\"og:locale\" content=\"fr_FR\" \/>\n<meta property=\"og:type\" content=\"article\" \/>\n<meta property=\"og:title\" content=\"Qui sommes-nous - Jouets en bois Montessori Shop Woodinout \u00a9\" \/>\n<meta property=\"og:description\" content=\"Respectueux de l&#039;environnement, fabriqu\u00e9 \u00e0 la main \u00e0 partir de jouets d&#039;apprentissage en bois massif de haute qualit\u00e9. Procurez-vous-les et rejoignez la grande famille des clients heureux ici \u00e0 la boutique Woodinout.\" \/>\n<meta property=\"og:url\" content=\"https:\/\/woodinout.net\/fr\/qui-sommes-nous\/\" \/>\n<meta property=\"og:site_name\" content=\"Woodinout \u00a9\" \/>\n<meta name=\"twitter:card\" content=\"summary_large_image\" \/>\n<meta name=\"twitter:label1\" content=\"Dur\u00e9e de lecture estim\u00e9e\" \/>\n\t<meta name=\"twitter:data1\" content=\"2 minutes\" \/>\n<script type=\"application\/ld+json\" class=\"yoast-schema-graph\">{\"@context\":\"https:\/\/schema.org\",\"@graph\":[{\"@type\":\"WebPage\",\"@id\":\"https:\/\/woodinout.net\/fr\/qui-sommes-nous\/\",\"url\":\"https:\/\/woodinout.net\/fr\/qui-sommes-nous\/\",\"name\":\"Qui sommes-nous - Jouets en bois Montessori Shop Woodinout \u00a9\",\"isPartOf\":{\"@id\":\"https:\/\/woodinout.net\/fr\/#website\"},\"datePublished\":\"2016-08-02T06:02:50+00:00\",\"dateModified\":\"2016-08-02T06:02:50+00:00\",\"description\":\"Respectueux de l'environnement, fabriqu\u00e9 \u00e0 la main \u00e0 partir de jouets d'apprentissage en bois massif de haute qualit\u00e9. Procurez-vous-les et rejoignez la grande famille des clients heureux ici \u00e0 la boutique Woodinout.\",\"breadcrumb\":{\"@id\":\"https:\/\/woodinout.net\/fr\/qui-sommes-nous\/#breadcrumb\"},\"inLanguage\":\"fr-FR\",\"potentialAction\":[{\"@type\":\"ReadAction\",\"target\":[\"https:\/\/woodinout.net\/fr\/qui-sommes-nous\/\"]}]},{\"@type\":\"BreadcrumbList\",\"@id\":\"https:\/\/woodinout.net\/fr\/qui-sommes-nous\/#breadcrumb\",\"itemListElement\":[{\"@type\":\"ListItem\",\"position\":1,\"name\":\"Home\",\"item\":\"https:\/\/woodinout.net\/fr\/\"},{\"@type\":\"ListItem\",\"position\":2,\"name\":\"Qui sommes-nous\"}]},{\"@type\":\"WebSite\",\"@id\":\"https:\/\/woodinout.net\/fr\/#website\",\"url\":\"https:\/\/woodinout.net\/fr\/\",\"name\":\"Woodinout \u00a9\",\"description\":\"Wooden Montessori toys, gifts, home and events decor details\",\"potentialAction\":[{\"@type\":\"SearchAction\",\"target\":{\"@type\":\"EntryPoint\",\"urlTemplate\":\"https:\/\/woodinout.net\/fr\/?s={search_term_string}\"},\"query-input\":\"required name=search_term_string\"}],\"inLanguage\":\"fr-FR\"}]}<\/script>\n<!-- \/ Yoast SEO plugin. -->","yoast_head_json":{"title":"Qui sommes-nous - Jouets en bois Montessori Shop Woodinout \u00a9","description":"Respectueux de l'environnement, fabriqu\u00e9 \u00e0 la main \u00e0 partir de jouets d'apprentissage en bois massif de haute qualit\u00e9. Procurez-vous-les et rejoignez la grande famille des clients heureux ici \u00e0 la boutique Woodinout.","robots":{"index":"index","follow":"follow","max-snippet":"max-snippet:-1","max-image-preview":"max-image-preview:large","max-video-preview":"max-video-preview:-1"},"canonical":"https:\/\/woodinout.net\/fr\/qui-sommes-nous\/","og_locale":"fr_FR","og_type":"article","og_title":"Qui sommes-nous - Jouets en bois Montessori Shop Woodinout \u00a9","og_description":"Respectueux de l'environnement, fabriqu\u00e9 \u00e0 la main \u00e0 partir de jouets d'apprentissage en bois massif de haute qualit\u00e9. Procurez-vous-les et rejoignez la grande famille des clients heureux ici \u00e0 la boutique Woodinout.","og_url":"https:\/\/woodinout.net\/fr\/qui-sommes-nous\/","og_site_name":"Woodinout \u00a9","twitter_card":"summary_large_image","twitter_misc":{"Dur\u00e9e de lecture estim\u00e9e":"2 minutes"},"schema":{"@context":"https:\/\/schema.org","@graph":[{"@type":"WebPage","@id":"https:\/\/woodinout.net\/fr\/qui-sommes-nous\/","url":"https:\/\/woodinout.net\/fr\/qui-sommes-nous\/","name":"Qui sommes-nous - Jouets en bois Montessori Shop Woodinout \u00a9","isPartOf":{"@id":"https:\/\/woodinout.net\/fr\/#website"},"datePublished":"2016-08-02T06:02:50+00:00","dateModified":"2016-08-02T06:02:50+00:00","description":"Respectueux de l'environnement, fabriqu\u00e9 \u00e0 la main \u00e0 partir de jouets d'apprentissage en bois massif de haute qualit\u00e9. Procurez-vous-les et rejoignez la grande famille des clients heureux ici \u00e0 la boutique Woodinout.","breadcrumb":{"@id":"https:\/\/woodinout.net\/fr\/qui-sommes-nous\/#breadcrumb"},"inLanguage":"fr-FR","potentialAction":[{"@type":"ReadAction","target":["https:\/\/woodinout.net\/fr\/qui-sommes-nous\/"]}]},{"@type":"BreadcrumbList","@id":"https:\/\/woodinout.net\/fr\/qui-sommes-nous\/#breadcrumb","itemListElement":[{"@type":"ListItem","position":1,"name":"Home","item":"https:\/\/woodinout.net\/fr\/"},{"@type":"ListItem","position":2,"name":"Qui sommes-nous"}]},{"@type":"WebSite","@id":"https:\/\/woodinout.net\/fr\/#website","url":"https:\/\/woodinout.net\/fr\/","name":"Woodinout \u00a9","description":"Wooden Montessori toys, gifts, home and events decor details","potentialAction":[{"@type":"SearchAction","target":{"@type":"EntryPoint","urlTemplate":"https:\/\/woodinout.net\/fr\/?s={search_term_string}"},"query-input":"required name=search_term_string"}],"inLanguage":"fr-FR"}]}},"_links":{"self":[{"href":"https:\/\/woodinout.net\/fr\/wp-json\/wp\/v2\/pages\/20942"}],"collection":[{"href":"https:\/\/woodinout.net\/fr\/wp-json\/wp\/v2\/pages"}],"about":[{"href":"https:\/\/woodinout.net\/fr\/wp-json\/wp\/v2\/types\/page"}],"author":[{"embeddable":true,"href":"https:\/\/woodinout.net\/fr\/wp-json\/wp\/v2\/users\/1"}],"replies":[{"embeddable":true,"href":"https:\/\/woodinout.net\/fr\/wp-json\/wp\/v2\/comments?post=20942"}],"version-history":[{"count":0,"href":"https:\/\/woodinout.net\/fr\/wp-json\/wp\/v2\/pages\/20942\/revisions"}],"wp:attachment":[{"href":"https:\/\/woodinout.net\/fr\/wp-json\/wp\/v2\/media?parent=20942"}],"curies":[{"name":"wp","href":"https:\/\/api.w.org\/{rel}","templated":true}]}}