{"id":20921,"date":"2013-03-15T17:59:55","date_gmt":"2013-03-15T15:59:55","guid":{"rendered":"https:\/\/woodinout.net\/les-articles\/"},"modified":"2013-03-15T17:59:55","modified_gmt":"2013-03-15T15:59:55","slug":"les-articles","status":"publish","type":"page","link":"https:\/\/woodinout.net\/fr\/les-articles\/","title":{"rendered":"Les articles"},"content":{"rendered":"","protected":false},"excerpt":{"rendered":"","protected":false},"author":1,"featured_media":0,"parent":0,"menu_order":0,"comment_status":"closed","ping_status":"closed","template":"","meta":{"_monsterinsights_skip_tracking":false,"_monsterinsights_sitenote_active":false,"_monsterinsights_sitenote_note":"","_monsterinsights_sitenote_category":0,"footnotes":""},"yoast_head":"<!-- This site is optimized with the Yoast SEO plugin v22.1 - https:\/\/yoast.com\/wordpress\/plugins\/seo\/ -->\n<title>Les articles - Montessori jouets en bois - Boutique Woodinout \u00a9<\/title>\n<meta name=\"description\" content=\"Jouets en bois inspir\u00e9s de Montessori pour le d\u00e9veloppement pr\u00e9coce tout au long du pr\u00e9cieux temps pass\u00e9 en famille. Fabriqu\u00e9 \u00e0 la main \u00e0 partir de bois massif de haute qualit\u00e9.\" \/>\n<meta name=\"robots\" content=\"index, follow, max-snippet:-1, max-image-preview:large, max-video-preview:-1\" \/>\n<link rel=\"canonical\" href=\"https:\/\/woodinout.net\/fr\/les-articles\/\" \/>\n<meta property=\"og:locale\" content=\"fr_FR\" \/>\n<meta property=\"og:type\" content=\"article\" \/>\n<meta property=\"og:title\" content=\"Les articles - Montessori jouets en bois - Boutique Woodinout \u00a9\" \/>\n<meta property=\"og:description\" content=\"Jouets en bois inspir\u00e9s de Montessori pour le d\u00e9veloppement pr\u00e9coce tout au long du pr\u00e9cieux temps pass\u00e9 en famille. Fabriqu\u00e9 \u00e0 la main \u00e0 partir de bois massif de haute qualit\u00e9.\" \/>\n<meta property=\"og:url\" content=\"https:\/\/woodinout.net\/fr\/les-articles\/\" \/>\n<meta property=\"og:site_name\" content=\"Woodinout \u00a9\" \/>\n<meta name=\"twitter:card\" content=\"summary_large_image\" \/>\n<script type=\"application\/ld+json\" class=\"yoast-schema-graph\">{\"@context\":\"https:\/\/schema.org\",\"@graph\":[{\"@type\":\"WebPage\",\"@id\":\"https:\/\/woodinout.net\/fr\/les-articles\/\",\"url\":\"https:\/\/woodinout.net\/fr\/les-articles\/\",\"name\":\"Les articles - Montessori jouets en bois - Boutique Woodinout \u00a9\",\"isPartOf\":{\"@id\":\"https:\/\/woodinout.net\/fr\/#website\"},\"datePublished\":\"2013-03-15T15:59:55+00:00\",\"dateModified\":\"2013-03-15T15:59:55+00:00\",\"description\":\"Jouets en bois inspir\u00e9s de Montessori pour le d\u00e9veloppement pr\u00e9coce tout au long du pr\u00e9cieux temps pass\u00e9 en famille. Fabriqu\u00e9 \u00e0 la main \u00e0 partir de bois massif de haute qualit\u00e9.\",\"breadcrumb\":{\"@id\":\"https:\/\/woodinout.net\/fr\/les-articles\/#breadcrumb\"},\"inLanguage\":\"fr-FR\",\"potentialAction\":[{\"@type\":\"ReadAction\",\"target\":[\"https:\/\/woodinout.net\/fr\/les-articles\/\"]}]},{\"@type\":\"BreadcrumbList\",\"@id\":\"https:\/\/woodinout.net\/fr\/les-articles\/#breadcrumb\",\"itemListElement\":[{\"@type\":\"ListItem\",\"position\":1,\"name\":\"Home\",\"item\":\"https:\/\/woodinout.net\/fr\/\"},{\"@type\":\"ListItem\",\"position\":2,\"name\":\"Les articles\"}]},{\"@type\":\"WebSite\",\"@id\":\"https:\/\/woodinout.net\/fr\/#website\",\"url\":\"https:\/\/woodinout.net\/fr\/\",\"name\":\"Woodinout \u00a9\",\"description\":\"Wooden Montessori toys, gifts, home and events decor details\",\"potentialAction\":[{\"@type\":\"SearchAction\",\"target\":{\"@type\":\"EntryPoint\",\"urlTemplate\":\"https:\/\/woodinout.net\/fr\/?s={search_term_string}\"},\"query-input\":\"required name=search_term_string\"}],\"inLanguage\":\"fr-FR\"}]}<\/script>\n<!-- \/ Yoast SEO plugin. -->","yoast_head_json":{"title":"Les articles - Montessori jouets en bois - Boutique Woodinout \u00a9","description":"Jouets en bois inspir\u00e9s de Montessori pour le d\u00e9veloppement pr\u00e9coce tout au long du pr\u00e9cieux temps pass\u00e9 en famille. Fabriqu\u00e9 \u00e0 la main \u00e0 partir de bois massif de haute qualit\u00e9.","robots":{"index":"index","follow":"follow","max-snippet":"max-snippet:-1","max-image-preview":"max-image-preview:large","max-video-preview":"max-video-preview:-1"},"canonical":"https:\/\/woodinout.net\/fr\/les-articles\/","og_locale":"fr_FR","og_type":"article","og_title":"Les articles - Montessori jouets en bois - Boutique Woodinout \u00a9","og_description":"Jouets en bois inspir\u00e9s de Montessori pour le d\u00e9veloppement pr\u00e9coce tout au long du pr\u00e9cieux temps pass\u00e9 en famille. Fabriqu\u00e9 \u00e0 la main \u00e0 partir de bois massif de haute qualit\u00e9.","og_url":"https:\/\/woodinout.net\/fr\/les-articles\/","og_site_name":"Woodinout \u00a9","twitter_card":"summary_large_image","schema":{"@context":"https:\/\/schema.org","@graph":[{"@type":"WebPage","@id":"https:\/\/woodinout.net\/fr\/les-articles\/","url":"https:\/\/woodinout.net\/fr\/les-articles\/","name":"Les articles - Montessori jouets en bois - Boutique Woodinout \u00a9","isPartOf":{"@id":"https:\/\/woodinout.net\/fr\/#website"},"datePublished":"2013-03-15T15:59:55+00:00","dateModified":"2013-03-15T15:59:55+00:00","description":"Jouets en bois inspir\u00e9s de Montessori pour le d\u00e9veloppement pr\u00e9coce tout au long du pr\u00e9cieux temps pass\u00e9 en famille. Fabriqu\u00e9 \u00e0 la main \u00e0 partir de bois massif de haute qualit\u00e9.","breadcrumb":{"@id":"https:\/\/woodinout.net\/fr\/les-articles\/#breadcrumb"},"inLanguage":"fr-FR","potentialAction":[{"@type":"ReadAction","target":["https:\/\/woodinout.net\/fr\/les-articles\/"]}]},{"@type":"BreadcrumbList","@id":"https:\/\/woodinout.net\/fr\/les-articles\/#breadcrumb","itemListElement":[{"@type":"ListItem","position":1,"name":"Home","item":"https:\/\/woodinout.net\/fr\/"},{"@type":"ListItem","position":2,"name":"Les articles"}]},{"@type":"WebSite","@id":"https:\/\/woodinout.net\/fr\/#website","url":"https:\/\/woodinout.net\/fr\/","name":"Woodinout \u00a9","description":"Wooden Montessori toys, gifts, home and events decor details","potentialAction":[{"@type":"SearchAction","target":{"@type":"EntryPoint","urlTemplate":"https:\/\/woodinout.net\/fr\/?s={search_term_string}"},"query-input":"required name=search_term_string"}],"inLanguage":"fr-FR"}]}},"_links":{"self":[{"href":"https:\/\/woodinout.net\/fr\/wp-json\/wp\/v2\/pages\/20921"}],"collection":[{"href":"https:\/\/woodinout.net\/fr\/wp-json\/wp\/v2\/pages"}],"about":[{"href":"https:\/\/woodinout.net\/fr\/wp-json\/wp\/v2\/types\/page"}],"author":[{"embeddable":true,"href":"https:\/\/woodinout.net\/fr\/wp-json\/wp\/v2\/users\/1"}],"replies":[{"embeddable":true,"href":"https:\/\/woodinout.net\/fr\/wp-json\/wp\/v2\/comments?post=20921"}],"version-history":[{"count":0,"href":"https:\/\/woodinout.net\/fr\/wp-json\/wp\/v2\/pages\/20921\/revisions"}],"wp:attachment":[{"href":"https:\/\/woodinout.net\/fr\/wp-json\/wp\/v2\/media?parent=20921"}],"curies":[{"name":"wp","href":"https:\/\/api.w.org\/{rel}","templated":true}]}}