{"id":20625,"date":"2016-01-25T02:37:12","date_gmt":"2016-01-25T00:37:12","guid":{"rendered":"https:\/\/woodinout.net\/questions-frequemment-posees\/"},"modified":"2022-03-12T17:15:53","modified_gmt":"2022-03-12T15:15:53","slug":"questions-frequemment-posees","status":"publish","type":"page","link":"https:\/\/woodinout.net\/fr\/questions-frequemment-posees\/","title":{"rendered":"Questions fr\u00e9quemment pos\u00e9es"},"content":{"rendered":"<div id=\"pl-20625\"  class=\"panel-layout\" ><div id=\"pg-20625-0\"  class=\"panel-grid panel-no-style\" ><div id=\"pgc-20625-0-0\"  class=\"panel-grid-cell\" ><div id=\"panel-20625-0-0-0\" class=\"so-panel widget widget_sow-editor panel-first-child\" data-index=\"0\" ><div\n\t\t\t\n\t\t\tclass=\"so-widget-sow-editor so-widget-sow-editor-base\"\n\t\t\t\n\t\t>\n<div class=\"siteorigin-widget-tinymce textwidget\">\n\t<p>Donec vitae sapien ut libero venenatis faucibus. Nullam quis ante. Etiam sit amet orci eget eros faucibus tincidunt. Duis leo. Sed fringilla mauris sit amet nibh. Donec sodales sagittis magna. Sed consequat, leo eget bibendum sodales, augue velit cursus nunc.<\/p>\n<\/div>\n<\/div><\/div><div id=\"panel-20625-0-0-1\" class=\"so-panel widget widget_primrose-sow-divider\" data-index=\"1\" ><div\n\t\t\t\n\t\t\tclass=\"so-widget-primrose-sow-divider so-widget-primrose-sow-divider-default-d75171398898-20625\"\n\t\t\t\n\t\t><hr class=\"primrose-sow-divider\"><\/hr><\/div><\/div><div id=\"panel-20625-0-0-2\" class=\"so-panel widget widget_primrose-sow-accordion panel-last-child\" data-index=\"2\" ><div\n\t\t\t\n\t\t\tclass=\"so-widget-primrose-sow-accordion so-widget-primrose-sow-accordion-default-d75171398898-20625\"\n\t\t\t\n\t\t>\t<div class=\"primrose-sow-accordion\" data-multiple_active=\"\">\r\n\t\t\t\t\t<div class=\"primrose-sow-accordion-item active\">\r\n\t\t\t\t<div class=\"primrose-sow-accordion-item-title\">Can I pay with using my credit or debit card?<\/div>\r\n\t\t\t\t<div class=\"primrose-sow-accordion-item-description\"><p>Lorem ipsum dolor sit amet, consectetuer adipiscing elit. Aenean commodo ligula eget dolor. Aenean massa. Cum sociis natoque penatibus et magnis dis parturient montes, nascetur ridiculus mus. Donec quam felis, ultricies nec, pellentesque eu, pretium quis, sem. Nulla consequat massa quis enim. Donec pede justo, fringilla vel, aliquet nec, vulputate eget, arcu. In enim justo, rhoncus ut, imperdiet a, venenatis vitae, justo. Nullam dictum felis eu pede mollis pretium.<\/p><\/div>\r\n\t\t\t<\/div><!-- .primrose-sow-accordion-item -->\r\n\t\t\t\t\t<div class=\"primrose-sow-accordion-item \">\r\n\t\t\t\t<div class=\"primrose-sow-accordion-item-title\">I'd like to send my order as a gift, can you do gift wrapping?<\/div>\r\n\t\t\t\t<div class=\"primrose-sow-accordion-item-description\"><p>Lorem ipsum dolor sit amet, consectetuer adipiscing elit. Aenean commodo ligula eget dolor. Aenean massa. Cum sociis natoque penatibus et magnis dis parturient montes, nascetur ridiculus mus. Donec quam felis, ultricies nec, pellentesque eu, pretium quis, sem. Nulla consequat massa quis enim. Donec pede justo, fringilla vel, aliquet nec, vulputate eget, arcu. In enim justo, rhoncus ut, imperdiet a, venenatis vitae, justo. Nullam dictum felis eu pede mollis pretium.<\/p><\/div>\r\n\t\t\t<\/div><!-- .primrose-sow-accordion-item -->\r\n\t\t\t\t\t<div class=\"primrose-sow-accordion-item \">\r\n\t\t\t\t<div class=\"primrose-sow-accordion-item-title\">Are your products safe for human health?<\/div>\r\n\t\t\t\t<div class=\"primrose-sow-accordion-item-description\"><p>Lorem ipsum dolor sit amet, consectetuer adipiscing elit. Aenean commodo ligula eget dolor. Aenean massa. Cum sociis natoque penatibus et magnis dis parturient montes, nascetur ridiculus mus. Donec quam felis, ultricies nec, pellentesque eu, pretium quis, sem. Nulla consequat massa quis enim. Donec pede justo, fringilla vel, aliquet nec, vulputate eget, arcu. In enim justo, rhoncus ut, imperdiet a, venenatis vitae, justo. Nullam dictum felis eu pede mollis pretium.<\/p><\/div>\r\n\t\t\t<\/div><!-- .primrose-sow-accordion-item -->\r\n\t\t\t\t\t<div class=\"primrose-sow-accordion-item \">\r\n\t\t\t\t<div class=\"primrose-sow-accordion-item-title\">Are your products waterproof?<\/div>\r\n\t\t\t\t<div class=\"primrose-sow-accordion-item-description\"><p>Lorem ipsum dolor sit amet, consectetuer adipiscing elit. Aenean commodo ligula eget dolor. Aenean massa. Cum sociis natoque penatibus et magnis dis parturient montes, nascetur ridiculus mus. Donec quam felis, ultricies nec, pellentesque eu, pretium quis, sem. Nulla consequat massa quis enim. Donec pede justo, fringilla vel, aliquet nec, vulputate eget, arcu. In enim justo, rhoncus ut, imperdiet a, venenatis vitae, justo. Nullam dictum felis eu pede mollis pretium.<\/p><\/div>\r\n\t\t\t<\/div><!-- .primrose-sow-accordion-item -->\r\n\t\t\t\t\t<div class=\"primrose-sow-accordion-item \">\r\n\t\t\t\t<div class=\"primrose-sow-accordion-item-title\">Are your products food-friendly?<\/div>\r\n\t\t\t\t<div class=\"primrose-sow-accordion-item-description\"><p>Lorem ipsum dolor sit amet, consectetuer adipiscing elit. Aenean commodo ligula eget dolor. Aenean massa. Cum sociis natoque penatibus et magnis dis parturient montes, nascetur ridiculus mus. Donec quam felis, ultricies nec, pellentesque eu, pretium quis, sem. Nulla consequat massa quis enim. Donec pede justo, fringilla vel, aliquet nec, vulputate eget, arcu. In enim justo, rhoncus ut, imperdiet a, venenatis vitae, justo. Nullam dictum felis eu pede mollis pretium.<\/p><\/div>\r\n\t\t\t<\/div><!-- .primrose-sow-accordion-item -->\r\n\t\t\t\t\t<div class=\"primrose-sow-accordion-item \">\r\n\t\t\t\t<div class=\"primrose-sow-accordion-item-title\">Why bright copper items are more expensive than the others?<\/div>\r\n\t\t\t\t<div class=\"primrose-sow-accordion-item-description\"><p>Lorem ipsum dolor sit amet, consectetuer adipiscing elit. Aenean commodo ligula eget dolor. Aenean massa. Cum sociis natoque penatibus et magnis dis parturient montes, nascetur ridiculus mus. Donec quam felis, ultricies nec, pellentesque eu, pretium quis, sem. Nulla consequat massa quis enim. Donec pede justo, fringilla vel, aliquet nec, vulputate eget, arcu. In enim justo, rhoncus ut, imperdiet a, venenatis vitae, justo. Nullam dictum felis eu pede mollis pretium.<\/p><\/div>\r\n\t\t\t<\/div><!-- .primrose-sow-accordion-item -->\r\n\t\t\t\t\t<div class=\"primrose-sow-accordion-item \">\r\n\t\t\t\t<div class=\"primrose-sow-accordion-item-title\">Do you ship internationally?<\/div>\r\n\t\t\t\t<div class=\"primrose-sow-accordion-item-description\"><p>Lorem ipsum dolor sit amet, consectetuer adipiscing elit. Aenean commodo ligula eget dolor. Aenean massa. Cum sociis natoque penatibus et magnis dis parturient montes, nascetur ridiculus mus. Donec quam felis, ultricies nec, pellentesque eu, pretium quis, sem. Nulla consequat massa quis enim. Donec pede justo, fringilla vel, aliquet nec, vulputate eget, arcu. In enim justo, rhoncus ut, imperdiet a, venenatis vitae, justo. Nullam dictum felis eu pede mollis pretium.<\/p><\/div>\r\n\t\t\t<\/div><!-- .primrose-sow-accordion-item -->\r\n\t\t\t<\/div><!-- .primrose-sow-accordion -->\r\n<\/div><\/div><\/div><\/div><\/div>","protected":false},"excerpt":{"rendered":"<p>Donec vitae sapien ut libero venenatis faucibus. Nullam quis ante. Etiam sit amet orci eget eros faucibus tincidunt. Duis leo. Sed fringilla mauris sit amet nibh. Donec sodales sagittis magna. Sed consequat, leo eget bibendum sodales, augue velit cursus nunc.<\/p>\n","protected":false},"author":1,"featured_media":0,"parent":0,"menu_order":0,"comment_status":"closed","ping_status":"closed","template":"page-templates\/narrow-width.php","meta":{"_monsterinsights_skip_tracking":false,"_monsterinsights_sitenote_active":false,"_monsterinsights_sitenote_note":"","_monsterinsights_sitenote_category":0,"footnotes":""},"yoast_head":"<!-- This site is optimized with the Yoast SEO plugin v22.1 - https:\/\/yoast.com\/wordpress\/plugins\/seo\/ -->\n<title>Questions fr\u00e9quemment pos\u00e9es - Jouets en bois Montessori Shop Woodinout \u00a9<\/title>\n<meta name=\"description\" content=\"Respectueux de l&#039;environnement, fabriqu\u00e9 \u00e0 la main \u00e0 partir de jouets d&#039;apprentissage en bois massif de haute qualit\u00e9. Procurez-vous-les et rejoignez la grande famille des clients heureux ici \u00e0 la boutique Woodinout.\" \/>\n<meta name=\"robots\" content=\"index, follow, max-snippet:-1, max-image-preview:large, max-video-preview:-1\" \/>\n<link rel=\"canonical\" href=\"https:\/\/woodinout.net\/fr\/questions-frequemment-posees\/\" \/>\n<meta property=\"og:locale\" content=\"fr_FR\" \/>\n<meta property=\"og:type\" content=\"article\" \/>\n<meta property=\"og:title\" content=\"Questions fr\u00e9quemment pos\u00e9es - Jouets en bois Montessori Shop Woodinout \u00a9\" \/>\n<meta property=\"og:description\" content=\"Respectueux de l&#039;environnement, fabriqu\u00e9 \u00e0 la main \u00e0 partir de jouets d&#039;apprentissage en bois massif de haute qualit\u00e9. Procurez-vous-les et rejoignez la grande famille des clients heureux ici \u00e0 la boutique Woodinout.\" \/>\n<meta property=\"og:url\" content=\"https:\/\/woodinout.net\/fr\/questions-frequemment-posees\/\" \/>\n<meta property=\"og:site_name\" content=\"Woodinout \u00a9\" \/>\n<meta property=\"article:modified_time\" content=\"2022-03-12T15:15:53+00:00\" \/>\n<meta name=\"twitter:card\" content=\"summary_large_image\" \/>\n<script type=\"application\/ld+json\" class=\"yoast-schema-graph\">{\"@context\":\"https:\/\/schema.org\",\"@graph\":[{\"@type\":\"WebPage\",\"@id\":\"https:\/\/woodinout.net\/fr\/questions-frequemment-posees\/\",\"url\":\"https:\/\/woodinout.net\/fr\/questions-frequemment-posees\/\",\"name\":\"Questions fr\u00e9quemment pos\u00e9es - Jouets en bois Montessori Shop Woodinout \u00a9\",\"isPartOf\":{\"@id\":\"https:\/\/woodinout.net\/fr\/#website\"},\"datePublished\":\"2016-01-25T00:37:12+00:00\",\"dateModified\":\"2022-03-12T15:15:53+00:00\",\"description\":\"Respectueux de l'environnement, fabriqu\u00e9 \u00e0 la main \u00e0 partir de jouets d'apprentissage en bois massif de haute qualit\u00e9. Procurez-vous-les et rejoignez la grande famille des clients heureux ici \u00e0 la boutique Woodinout.\",\"breadcrumb\":{\"@id\":\"https:\/\/woodinout.net\/fr\/questions-frequemment-posees\/#breadcrumb\"},\"inLanguage\":\"fr-FR\",\"potentialAction\":[{\"@type\":\"ReadAction\",\"target\":[\"https:\/\/woodinout.net\/fr\/questions-frequemment-posees\/\"]}]},{\"@type\":\"BreadcrumbList\",\"@id\":\"https:\/\/woodinout.net\/fr\/questions-frequemment-posees\/#breadcrumb\",\"itemListElement\":[{\"@type\":\"ListItem\",\"position\":1,\"name\":\"Home\",\"item\":\"https:\/\/woodinout.net\/fr\/\"},{\"@type\":\"ListItem\",\"position\":2,\"name\":\"Questions fr\u00e9quemment pos\u00e9es\"}]},{\"@type\":\"WebSite\",\"@id\":\"https:\/\/woodinout.net\/fr\/#website\",\"url\":\"https:\/\/woodinout.net\/fr\/\",\"name\":\"Woodinout \u00a9\",\"description\":\"Wooden Montessori toys, gifts, home and events decor details\",\"potentialAction\":[{\"@type\":\"SearchAction\",\"target\":{\"@type\":\"EntryPoint\",\"urlTemplate\":\"https:\/\/woodinout.net\/fr\/?s={search_term_string}\"},\"query-input\":\"required name=search_term_string\"}],\"inLanguage\":\"fr-FR\"}]}<\/script>\n<!-- \/ Yoast SEO plugin. -->","yoast_head_json":{"title":"Questions fr\u00e9quemment pos\u00e9es - Jouets en bois Montessori Shop Woodinout \u00a9","description":"Respectueux de l'environnement, fabriqu\u00e9 \u00e0 la main \u00e0 partir de jouets d'apprentissage en bois massif de haute qualit\u00e9. Procurez-vous-les et rejoignez la grande famille des clients heureux ici \u00e0 la boutique Woodinout.","robots":{"index":"index","follow":"follow","max-snippet":"max-snippet:-1","max-image-preview":"max-image-preview:large","max-video-preview":"max-video-preview:-1"},"canonical":"https:\/\/woodinout.net\/fr\/questions-frequemment-posees\/","og_locale":"fr_FR","og_type":"article","og_title":"Questions fr\u00e9quemment pos\u00e9es - Jouets en bois Montessori Shop Woodinout \u00a9","og_description":"Respectueux de l'environnement, fabriqu\u00e9 \u00e0 la main \u00e0 partir de jouets d'apprentissage en bois massif de haute qualit\u00e9. Procurez-vous-les et rejoignez la grande famille des clients heureux ici \u00e0 la boutique Woodinout.","og_url":"https:\/\/woodinout.net\/fr\/questions-frequemment-posees\/","og_site_name":"Woodinout \u00a9","article_modified_time":"2022-03-12T15:15:53+00:00","twitter_card":"summary_large_image","schema":{"@context":"https:\/\/schema.org","@graph":[{"@type":"WebPage","@id":"https:\/\/woodinout.net\/fr\/questions-frequemment-posees\/","url":"https:\/\/woodinout.net\/fr\/questions-frequemment-posees\/","name":"Questions fr\u00e9quemment pos\u00e9es - Jouets en bois Montessori Shop Woodinout \u00a9","isPartOf":{"@id":"https:\/\/woodinout.net\/fr\/#website"},"datePublished":"2016-01-25T00:37:12+00:00","dateModified":"2022-03-12T15:15:53+00:00","description":"Respectueux de l'environnement, fabriqu\u00e9 \u00e0 la main \u00e0 partir de jouets d'apprentissage en bois massif de haute qualit\u00e9. Procurez-vous-les et rejoignez la grande famille des clients heureux ici \u00e0 la boutique Woodinout.","breadcrumb":{"@id":"https:\/\/woodinout.net\/fr\/questions-frequemment-posees\/#breadcrumb"},"inLanguage":"fr-FR","potentialAction":[{"@type":"ReadAction","target":["https:\/\/woodinout.net\/fr\/questions-frequemment-posees\/"]}]},{"@type":"BreadcrumbList","@id":"https:\/\/woodinout.net\/fr\/questions-frequemment-posees\/#breadcrumb","itemListElement":[{"@type":"ListItem","position":1,"name":"Home","item":"https:\/\/woodinout.net\/fr\/"},{"@type":"ListItem","position":2,"name":"Questions fr\u00e9quemment pos\u00e9es"}]},{"@type":"WebSite","@id":"https:\/\/woodinout.net\/fr\/#website","url":"https:\/\/woodinout.net\/fr\/","name":"Woodinout \u00a9","description":"Wooden Montessori toys, gifts, home and events decor details","potentialAction":[{"@type":"SearchAction","target":{"@type":"EntryPoint","urlTemplate":"https:\/\/woodinout.net\/fr\/?s={search_term_string}"},"query-input":"required name=search_term_string"}],"inLanguage":"fr-FR"}]}},"_links":{"self":[{"href":"https:\/\/woodinout.net\/fr\/wp-json\/wp\/v2\/pages\/20625"}],"collection":[{"href":"https:\/\/woodinout.net\/fr\/wp-json\/wp\/v2\/pages"}],"about":[{"href":"https:\/\/woodinout.net\/fr\/wp-json\/wp\/v2\/types\/page"}],"author":[{"embeddable":true,"href":"https:\/\/woodinout.net\/fr\/wp-json\/wp\/v2\/users\/1"}],"replies":[{"embeddable":true,"href":"https:\/\/woodinout.net\/fr\/wp-json\/wp\/v2\/comments?post=20625"}],"version-history":[{"count":1,"href":"https:\/\/woodinout.net\/fr\/wp-json\/wp\/v2\/pages\/20625\/revisions"}],"predecessor-version":[{"id":20627,"href":"https:\/\/woodinout.net\/fr\/wp-json\/wp\/v2\/pages\/20625\/revisions\/20627"}],"wp:attachment":[{"href":"https:\/\/woodinout.net\/fr\/wp-json\/wp\/v2\/media?parent=20625"}],"curies":[{"name":"wp","href":"https:\/\/api.w.org\/{rel}","templated":true}]}}