{"id":20590,"date":"2016-01-25T02:53:27","date_gmt":"2016-01-25T00:53:27","guid":{"rendered":"https:\/\/woodinout.net\/a-propos-de-nous\/"},"modified":"2022-03-12T17:15:51","modified_gmt":"2022-03-12T15:15:51","slug":"a-propos-de-nous","status":"publish","type":"page","link":"https:\/\/woodinout.net\/fr\/a-propos-de-nous\/","title":{"rendered":"\u00c0 propos de nous"},"content":{"rendered":"<div id=\"pl-20590\"  class=\"panel-layout\" ><div id=\"pg-20590-0\"  class=\"panel-grid panel-has-style\" ><div class=\"panel-row-style panel-row-style-for-20590-0\" ><div id=\"pgc-20590-0-0\"  class=\"panel-grid-cell\" ><div id=\"panel-20590-0-0-0\" class=\"so-panel widget widget_primrose-sow-heading panel-first-child\" data-index=\"0\" ><div\n\t\t\t\n\t\t\tclass=\"so-widget-primrose-sow-heading so-widget-primrose-sow-heading-default-d75171398898-20590\"\n\t\t\t\n\t\t><h2 class=\"primrose-sow-heading primrose-sow-alignment-left\">Hi, We are Woodinout<\/h2><\/div><\/div><div id=\"panel-20590-0-0-1\" class=\"so-panel widget widget_sow-editor panel-last-child\" data-index=\"1\" ><div\n\t\t\t\n\t\t\tclass=\"so-widget-sow-editor so-widget-sow-editor-base\"\n\t\t\t\n\t\t>\n<div class=\"siteorigin-widget-tinymce textwidget\">\n\t<p>Votre sourire nous inspire pour cr\u00e9er quelque chose de g\u00e9nial, quelque chose que vous aimeriez toucher et jouer.<br \/>\nC'est une histoire sans introduction, car toutes les grandes choses n'ont pas de ligne de d\u00e9part pr\u00e9cise. Il n'y a que passion et amiti\u00e9. Et c'est la cl\u00e9 de notre histoire.<br \/>\nAu tout d\u00e9but, nous \u00e9tions deux familles avec quatre enfants en bas \u00e2ge. Lorsque vous devenez parent, vous commencez \u00e0 comprendre combien de jouets entourent l'enfant. La quantit\u00e9 n'est pas mal en g\u00e9n\u00e9ral. Cependant, nous \u00e9tions pr\u00e9occup\u00e9s par le but de chaque jouet. Beaucoup d'objets semblaient sans valeur. C'\u00e9tait le moment o\u00f9 nous avons r\u00e9alis\u00e9 que nous devions faire quelque chose.<br \/>\nUne id\u00e9e avec laquelle nous avons commenc\u00e9 \u00e9tait des jouets en bois personnalis\u00e9s \u00e0 des fins d'apprentissage. Passionn\u00e9s de jouets \u00e9cologiques, nous avons essay\u00e9 d'am\u00e9liorer chaque processus dans notre atelier pour obtenir le meilleur r\u00e9sultat.<br \/>\nEnfin, nous avons eu de la chance ! Nos puzzles de noms sont devenus tr\u00e8s populaires dans le monde entier.<br \/>\nC'\u00e9tait la premi\u00e8re \u00e9tape. Maintenant, nous avons \u00e9largi notre portefeuille avec les jouets bas\u00e9s sur les m\u00e9thodologies Montessori et Waldorf. Les enfants peuvent am\u00e9liorer leur motricit\u00e9 fine, apprendre \u00e0 compter, lire, trier et tracer.<br \/>\nComme mentionn\u00e9 ci-dessus, il n'y a pas d'introduction - toutes nos histoires sont les jouets que nous produisons avec amour et passion.<br \/>\nBienvenue!<\/p>\n<\/div>\n<\/div><\/div><\/div><div id=\"pgc-20590-0-1\"  class=\"panel-grid-cell\" ><div id=\"panel-20590-0-1-0\" class=\"so-panel widget widget_sow-image panel-first-child\" data-index=\"2\" ><div\n\t\t\t\n\t\t\tclass=\"so-widget-sow-image so-widget-sow-image-default-dbf295114b96-20590\"\n\t\t\t\n\t\t>\n\n<div class=\"sow-image-container\">\n\t\t<img decoding=\"async\" src=\"https:\/\/woodinout.net\/wp-content\/uploads\/2020\/06\/MG_6204-NXPowerLite-Copy.jpg\" width=\"1706\" height=\"2560\" srcset=\"https:\/\/woodinout.net\/wp-content\/uploads\/2020\/06\/MG_6204-NXPowerLite-Copy.jpg 1706w, https:\/\/woodinout.net\/wp-content\/uploads\/2020\/06\/MG_6204-NXPowerLite-Copy-480x720.jpg 480w, https:\/\/woodinout.net\/wp-content\/uploads\/2020\/06\/MG_6204-NXPowerLite-Copy-1080x1621.jpg 1080w, https:\/\/woodinout.net\/wp-content\/uploads\/2020\/06\/MG_6204-NXPowerLite-Copy-333x500.jpg 333w, https:\/\/woodinout.net\/wp-content\/uploads\/2020\/06\/MG_6204-NXPowerLite-Copy-533x800.jpg 533w, https:\/\/woodinout.net\/wp-content\/uploads\/2020\/06\/MG_6204-NXPowerLite-Copy-1024x1536.jpg 1024w, https:\/\/woodinout.net\/wp-content\/uploads\/2020\/06\/MG_6204-NXPowerLite-Copy-1365x2048.jpg 1365w\" sizes=\"(max-width: 1706px) 100vw, 1706px\" title=\"_MG_6204 (NXPowerLite Copy)\" alt=\"Wooden Rainbow toy - sorting colors game\" loading=\"lazy\" \t\tclass=\"so-widget-image\"\/>\n\t<\/div>\n\n<\/div><\/div><div id=\"panel-20590-0-1-1\" class=\"so-panel widget widget_sow-image\" data-index=\"3\" ><div\n\t\t\t\n\t\t\tclass=\"so-widget-sow-image so-widget-sow-image-default-dbf295114b96-20590\"\n\t\t\t\n\t\t>\n\n<div class=\"sow-image-container\">\n\t\t<img decoding=\"async\" src=\"https:\/\/woodinout.net\/wp-content\/uploads\/2020\/06\/MG_6565-NXPowerLite-Copy.jpg\" width=\"853\" height=\"1280\" srcset=\"https:\/\/woodinout.net\/wp-content\/uploads\/2020\/06\/MG_6565-NXPowerLite-Copy.jpg 853w, https:\/\/woodinout.net\/wp-content\/uploads\/2020\/06\/MG_6565-NXPowerLite-Copy-480x720.jpg 480w, https:\/\/woodinout.net\/wp-content\/uploads\/2020\/06\/MG_6565-NXPowerLite-Copy-800x1200.jpg 800w, https:\/\/woodinout.net\/wp-content\/uploads\/2020\/06\/MG_6565-NXPowerLite-Copy-333x500.jpg 333w, https:\/\/woodinout.net\/wp-content\/uploads\/2020\/06\/MG_6565-NXPowerLite-Copy-533x800.jpg 533w\" sizes=\"(max-width: 853px) 100vw, 853px\" title=\"_MG_6565 (NXPowerLite Copy)\" alt=\"Woodinout Montessori toys team\" loading=\"lazy\" \t\tclass=\"so-widget-image\"\/>\n\t<\/div>\n\n<\/div><\/div><\/div><\/div><\/div><div id=\"pg-20590-1\"  class=\"panel-grid panel-no-style\" ><div id=\"pgc-20590-1-0\"  class=\"panel-grid-cell\" ><div id=\"panel-20590-1-0-0\" class=\"so-panel widget widget_primrose-sow-divider panel-first-child panel-last-child\" data-index=\"5\" ><div\n\t\t\t\n\t\t\tclass=\"so-widget-primrose-sow-divider so-widget-primrose-sow-divider-default-d75171398898-20590\"\n\t\t\t\n\t\t><hr class=\"primrose-sow-divider\"><\/hr><\/div><\/div><\/div><\/div><div id=\"pg-20590-2\"  class=\"panel-grid panel-no-style\" ><div id=\"pgc-20590-2-0\"  class=\"panel-grid-cell\" ><div id=\"panel-20590-2-0-0\" class=\"so-panel widget widget_primrose-sow-counter panel-first-child panel-last-child\" data-index=\"6\" ><div\n\t\t\t\n\t\t\tclass=\"so-widget-primrose-sow-counter so-widget-primrose-sow-counter-default-d75171398898-20590\"\n\t\t\t\n\t\t>\t<div class=\"primrose-sow-counter primrose-sow-alignment-center\" data-duration=\"1000\">\r\n\t\t<div class=\"primrose-sow-counter-number\" style=\"color: #666666\">\r\n\t\t\t<span class=\"counter-up\">24000<\/span>\t\t<\/div><!-- .primrose-sow-counter-number -->\r\n\t\t<div class=\"primrose-sow-counter-caption\">produced more then<\/div>\r\n\t<\/div><!-- .primrose-sow-counter -->\r\n<\/div><\/div><\/div><div id=\"pgc-20590-2-1\"  class=\"panel-grid-cell\" ><div id=\"panel-20590-2-1-0\" class=\"so-panel widget widget_primrose-sow-counter panel-first-child panel-last-child\" data-index=\"7\" ><div\n\t\t\t\n\t\t\tclass=\"so-widget-primrose-sow-counter so-widget-primrose-sow-counter-default-d75171398898-20590\"\n\t\t\t\n\t\t>\t<div class=\"primrose-sow-counter primrose-sow-alignment-center\" data-duration=\"1000\">\r\n\t\t<div class=\"primrose-sow-counter-number\" style=\"color: #666666\">\r\n\t\t\t<span class=\"counter-up\">46.5<\/span>k\t\t<\/div><!-- .primrose-sow-counter-number -->\r\n\t\t<div class=\"primrose-sow-counter-caption\">Facebook followers<\/div>\r\n\t<\/div><!-- .primrose-sow-counter -->\r\n<\/div><\/div><\/div><div id=\"pgc-20590-2-2\"  class=\"panel-grid-cell\" ><div id=\"panel-20590-2-2-0\" class=\"so-panel widget widget_primrose-sow-counter panel-first-child panel-last-child\" data-index=\"8\" ><div\n\t\t\t\n\t\t\tclass=\"so-widget-primrose-sow-counter so-widget-primrose-sow-counter-default-d75171398898-20590\"\n\t\t\t\n\t\t>\t<div class=\"primrose-sow-counter primrose-sow-alignment-center\" data-duration=\"1000\">\r\n\t\t<div class=\"primrose-sow-counter-number\" style=\"color: #666666\">\r\n\t\t\t<span class=\"counter-up\">11000<\/span>\t\t<\/div><!-- .primrose-sow-counter-number -->\r\n\t\t<div class=\"primrose-sow-counter-caption\">subscribers<\/div>\r\n\t<\/div><!-- .primrose-sow-counter -->\r\n<\/div><\/div><\/div><\/div><div id=\"pg-20590-3\"  class=\"panel-grid panel-no-style\" ><div id=\"pgc-20590-3-0\"  class=\"panel-grid-cell\" ><div id=\"panel-20590-3-0-0\" class=\"so-panel widget widget_primrose-sow-divider panel-first-child panel-last-child\" data-index=\"9\" ><div\n\t\t\t\n\t\t\tclass=\"so-widget-primrose-sow-divider so-widget-primrose-sow-divider-default-d75171398898-20590\"\n\t\t\t\n\t\t><hr class=\"primrose-sow-divider\"><\/hr><\/div><\/div><\/div><\/div><div id=\"pg-20590-4\"  class=\"panel-grid panel-no-style\" ><div id=\"pgc-20590-4-0\"  class=\"panel-grid-cell\" ><div id=\"panel-20590-4-0-0\" class=\"so-panel widget widget_primrose-sow-heading panel-first-child panel-last-child\" data-index=\"10\" ><div\n\t\t\t\n\t\t\tclass=\"so-widget-primrose-sow-heading so-widget-primrose-sow-heading-default-d75171398898-20590\"\n\t\t\t\n\t\t><h2 class=\"primrose-sow-heading primrose-sow-alignment-left\">Our Story<\/h2><\/div><\/div><\/div><div id=\"pgc-20590-4-1\"  class=\"panel-grid-cell\" ><div id=\"panel-20590-4-1-0\" class=\"so-panel widget widget_sow-editor panel-first-child panel-last-child\" data-index=\"11\" ><div\n\t\t\t\n\t\t\tclass=\"so-widget-sow-editor so-widget-sow-editor-base\"\n\t\t\t\n\t\t>\n<div class=\"siteorigin-widget-tinymce textwidget\">\n\t<p><strong>Le d\u00e9but (2013)<\/strong><\/p>\n<p>L'entreprise a d\u00e9but\u00e9 en 2013. Nous nous sp\u00e9cialisons dans la production de divers jouets en bois, souvenirs, cadeaux d'affaires, meubles et autres produits \u00e0 la demande. Plus de 60% de nos produits sont export\u00e9s vers les pays scandinaves et les \u00c9tats-Unis.<br \/>\nNous sommes forts dans le d\u00e9veloppement et la r\u00e9alisation de petits produits en bois. Nous sommes en mesure de cr\u00e9er de nouveaux mod\u00e8les conceptuels \u00e0 partir d'une id\u00e9e jusqu'au produit final final.<\/p>\n<\/div>\n<\/div><\/div><\/div><div id=\"pgc-20590-4-2\"  class=\"panel-grid-cell\" ><div id=\"panel-20590-4-2-0\" class=\"so-panel widget widget_sow-editor panel-first-child\" data-index=\"12\" ><div class=\"panel-widget-style panel-widget-style-for-20590-4-2-0\" ><div\n\t\t\t\n\t\t\tclass=\"so-widget-sow-editor so-widget-sow-editor-base\"\n\t\t\t\n\t\t>\n<div class=\"siteorigin-widget-tinymce textwidget\">\n\t<p><strong>De 2013 \u00e0 aujourd'hui<\/strong><\/p>\n<p>Notre entreprise grandit chaque ann\u00e9e de plus de 25%.<\/p>\n<\/div>\n<\/div><\/div><\/div><div id=\"panel-20590-4-2-1\" class=\"so-panel widget widget_primrose-sow-progress-bars panel-last-child\" data-index=\"13\" ><div\n\t\t\t\n\t\t\tclass=\"so-widget-primrose-sow-progress-bars so-widget-primrose-sow-progress-bars-default-d75171398898-20590\"\n\t\t\t\n\t\t>\t<div class=\"primrose-sow-progress-bars \">\r\n\t\t\t\t\t<div class=\"primrose-sow-progress-bar\" data-progress-value=\"100\">\r\n\r\n\t\t\t\t\t\t\t\t\t<div class=\"primrose-sow-progress-bar-title\">2019<\/div>\r\n\t\t\t\t\r\n\t\t\t\t<div class=\"primrose-sow-progress-bar-track\" style=\"background-color: ;\">\r\n\t\t\t\t\t<div class=\"primrose-sow-progress-bar-block\" style=\"width: 0%; background-color: #d2bea0;\">\r\n\t\t\t\t\t\t<div class=\"primrose-sow-progress-bar-percentage\">100<\/div>\r\n\t\t\t\t\t<\/div>\r\n\t\t\t\t<\/div>\r\n\t\t\t<\/div>\r\n\t\t\t\t\t<div class=\"primrose-sow-progress-bar\" data-progress-value=\"67\">\r\n\r\n\t\t\t\t\t\t\t\t\t<div class=\"primrose-sow-progress-bar-title\">2018<\/div>\r\n\t\t\t\t\r\n\t\t\t\t<div class=\"primrose-sow-progress-bar-track\" style=\"background-color: ;\">\r\n\t\t\t\t\t<div class=\"primrose-sow-progress-bar-block\" style=\"width: 0%; background-color: #e5e5e5;\">\r\n\t\t\t\t\t\t<div class=\"primrose-sow-progress-bar-percentage\">67<\/div>\r\n\t\t\t\t\t<\/div>\r\n\t\t\t\t<\/div>\r\n\t\t\t<\/div>\r\n\t\t\t\t\t<div class=\"primrose-sow-progress-bar\" data-progress-value=\"40\">\r\n\r\n\t\t\t\t\t\t\t\t\t<div class=\"primrose-sow-progress-bar-title\">2017<\/div>\r\n\t\t\t\t\r\n\t\t\t\t<div class=\"primrose-sow-progress-bar-track\" style=\"background-color: ;\">\r\n\t\t\t\t\t<div class=\"primrose-sow-progress-bar-block\" style=\"width: 0%; background-color: #e5e5e5;\">\r\n\t\t\t\t\t\t<div class=\"primrose-sow-progress-bar-percentage\">40<\/div>\r\n\t\t\t\t\t<\/div>\r\n\t\t\t\t<\/div>\r\n\t\t\t<\/div>\r\n\t\t\t<\/div>\r\n<\/div><\/div><\/div><\/div><div id=\"pg-20590-5\"  class=\"panel-grid panel-no-style\" ><div id=\"pgc-20590-5-0\"  class=\"panel-grid-cell\" ><div id=\"panel-20590-5-0-0\" class=\"so-panel widget widget_primrose-sow-divider panel-first-child panel-last-child\" data-index=\"14\" ><div\n\t\t\t\n\t\t\tclass=\"so-widget-primrose-sow-divider so-widget-primrose-sow-divider-default-d75171398898-20590\"\n\t\t\t\n\t\t><hr class=\"primrose-sow-divider\"><\/hr><\/div><\/div><\/div><\/div><div id=\"pg-20590-6\"  class=\"panel-grid panel-has-style\" ><div class=\"panel-row-style panel-row-style-for-20590-6\" ><div id=\"pgc-20590-6-0\"  class=\"panel-grid-cell panel-grid-cell-empty\" ><\/div><div id=\"pgc-20590-6-1\"  class=\"panel-grid-cell panel-grid-cell-mobile-last\" ><div id=\"panel-20590-6-1-0\" class=\"so-panel widget widget_primrose-sow-quotes panel-first-child panel-last-child\" data-index=\"15\" ><div\n\t\t\t\n\t\t\tclass=\"so-widget-primrose-sow-quotes so-widget-primrose-sow-quotes-default-d75171398898-20590\"\n\t\t\t\n\t\t>\t<div class=\"primrose-sow-quotes align-center slick\">\r\n\t\t\t\t\t<div class=\"primrose-sow-quote\">\r\n\t\t\t\t<div class=\"primrose-sow-quote-text\">I'm so pleased with how my name puzzles turned out! They are exactly as pictured, and they were so helpful when I asked questions before I placed my order. They're worth more than five stars, can't recommend them as much as they deserve.<\/div>\r\n\t\t\t\t\t\t\t\t\t<div class=\"primrose-sow-quote-name\">Jeanette <\/div>\r\n\t\t\t\t\t\t\t<\/div><!-- .primrose-sow-quotes-item -->\r\n\t\t\t\t\t<div class=\"primrose-sow-quote\">\r\n\t\t\t\t<div class=\"primrose-sow-quote-text\">Beyond my imagination! I absolutely love it. Great communication, beautifully crafted, careful and fast shipping (even internationally). Every detail is flawless. Thank you so so much!!<\/div>\r\n\t\t\t\t\t\t\t\t\t<div class=\"primrose-sow-quote-name\">Meagan<\/div>\r\n\t\t\t\t\t\t\t<\/div><!-- .primrose-sow-quotes-item -->\r\n\t\t\t\t\t<div class=\"primrose-sow-quote\">\r\n\t\t\t\t<div class=\"primrose-sow-quote-text\">Beautifully made! Absolutely gorgeous! The international shipping took a while but that was as expected and we weren't in a hurry to receive it. Would definitely recommend!<\/div>\r\n\t\t\t\t\t\t\t\t\t<div class=\"primrose-sow-quote-name\">Kimberly <\/div>\r\n\t\t\t\t\t\t\t<\/div><!-- .primrose-sow-quotes-item -->\r\n\t\t\t<\/div><!-- .primrose-sow-quotes -->\r\n<\/div><\/div><\/div><div id=\"pgc-20590-6-2\"  class=\"panel-grid-cell panel-grid-cell-empty\" ><\/div><\/div><\/div><\/div>","protected":false},"excerpt":{"rendered":"<p>Votre sourire nous inspire pour cr\u00e9er quelque chose de g\u00e9nial, quelque chose que vous aimeriez toucher et jouer. C&#8217;est une histoire sans introduction, car toutes les grandes choses n&#8217;ont pas de ligne de d\u00e9part pr\u00e9cise. Il n&#8217;y a que passion et amiti\u00e9. Et c&#8217;est la cl\u00e9 de notre histoire. Au tout d\u00e9but, nous \u00e9tions deux [&hellip;]<\/p>\n","protected":false},"author":1,"featured_media":0,"parent":0,"menu_order":0,"comment_status":"closed","ping_status":"closed","template":"page-templates\/blank.php","meta":{"_monsterinsights_skip_tracking":false,"_monsterinsights_sitenote_active":false,"_monsterinsights_sitenote_note":"","_monsterinsights_sitenote_category":0,"footnotes":""},"yoast_head":"<!-- This site is optimized with the Yoast SEO plugin v22.1 - https:\/\/yoast.com\/wordpress\/plugins\/seo\/ -->\n<title>\u00c0 propos de nous - Jouets en bois Montessori Shop Woodinout \u00a9<\/title>\n<meta name=\"description\" content=\"Respectueux de l&#039;environnement, fabriqu\u00e9 \u00e0 la main \u00e0 partir de jouets d&#039;apprentissage en bois massif de haute qualit\u00e9. Procurez-vous-les et rejoignez la grande famille des clients heureux ici \u00e0 la boutique Woodinout.\" \/>\n<meta name=\"robots\" content=\"index, follow, max-snippet:-1, max-image-preview:large, max-video-preview:-1\" \/>\n<link rel=\"canonical\" href=\"https:\/\/woodinout.net\/fr\/a-propos-de-nous\/\" \/>\n<meta property=\"og:locale\" content=\"fr_FR\" \/>\n<meta property=\"og:type\" content=\"article\" \/>\n<meta property=\"og:title\" content=\"\u00c0 propos de nous - Jouets en bois Montessori Shop Woodinout \u00a9\" \/>\n<meta property=\"og:description\" content=\"Respectueux de l&#039;environnement, fabriqu\u00e9 \u00e0 la main \u00e0 partir de jouets d&#039;apprentissage en bois massif de haute qualit\u00e9. Procurez-vous-les et rejoignez la grande famille des clients heureux ici \u00e0 la boutique Woodinout.\" \/>\n<meta property=\"og:url\" content=\"https:\/\/woodinout.net\/fr\/a-propos-de-nous\/\" \/>\n<meta property=\"og:site_name\" content=\"Woodinout \u00a9\" \/>\n<meta property=\"article:modified_time\" content=\"2022-03-12T15:15:51+00:00\" \/>\n<meta name=\"twitter:card\" content=\"summary_large_image\" \/>\n<script type=\"application\/ld+json\" class=\"yoast-schema-graph\">{\"@context\":\"https:\/\/schema.org\",\"@graph\":[{\"@type\":\"WebPage\",\"@id\":\"https:\/\/woodinout.net\/fr\/a-propos-de-nous\/\",\"url\":\"https:\/\/woodinout.net\/fr\/a-propos-de-nous\/\",\"name\":\"\u00c0 propos de nous - Jouets en bois Montessori Shop Woodinout \u00a9\",\"isPartOf\":{\"@id\":\"https:\/\/woodinout.net\/fr\/#website\"},\"datePublished\":\"2016-01-25T00:53:27+00:00\",\"dateModified\":\"2022-03-12T15:15:51+00:00\",\"description\":\"Respectueux de l'environnement, fabriqu\u00e9 \u00e0 la main \u00e0 partir de jouets d'apprentissage en bois massif de haute qualit\u00e9. Procurez-vous-les et rejoignez la grande famille des clients heureux ici \u00e0 la boutique Woodinout.\",\"breadcrumb\":{\"@id\":\"https:\/\/woodinout.net\/fr\/a-propos-de-nous\/#breadcrumb\"},\"inLanguage\":\"fr-FR\",\"potentialAction\":[{\"@type\":\"ReadAction\",\"target\":[\"https:\/\/woodinout.net\/fr\/a-propos-de-nous\/\"]}]},{\"@type\":\"BreadcrumbList\",\"@id\":\"https:\/\/woodinout.net\/fr\/a-propos-de-nous\/#breadcrumb\",\"itemListElement\":[{\"@type\":\"ListItem\",\"position\":1,\"name\":\"Home\",\"item\":\"https:\/\/woodinout.net\/fr\/\"},{\"@type\":\"ListItem\",\"position\":2,\"name\":\"\u00c0 propos de nous\"}]},{\"@type\":\"WebSite\",\"@id\":\"https:\/\/woodinout.net\/fr\/#website\",\"url\":\"https:\/\/woodinout.net\/fr\/\",\"name\":\"Woodinout \u00a9\",\"description\":\"Wooden Montessori toys, gifts, home and events decor details\",\"potentialAction\":[{\"@type\":\"SearchAction\",\"target\":{\"@type\":\"EntryPoint\",\"urlTemplate\":\"https:\/\/woodinout.net\/fr\/?s={search_term_string}\"},\"query-input\":\"required name=search_term_string\"}],\"inLanguage\":\"fr-FR\"}]}<\/script>\n<!-- \/ Yoast SEO plugin. -->","yoast_head_json":{"title":"\u00c0 propos de nous - Jouets en bois Montessori Shop Woodinout \u00a9","description":"Respectueux de l'environnement, fabriqu\u00e9 \u00e0 la main \u00e0 partir de jouets d'apprentissage en bois massif de haute qualit\u00e9. Procurez-vous-les et rejoignez la grande famille des clients heureux ici \u00e0 la boutique Woodinout.","robots":{"index":"index","follow":"follow","max-snippet":"max-snippet:-1","max-image-preview":"max-image-preview:large","max-video-preview":"max-video-preview:-1"},"canonical":"https:\/\/woodinout.net\/fr\/a-propos-de-nous\/","og_locale":"fr_FR","og_type":"article","og_title":"\u00c0 propos de nous - Jouets en bois Montessori Shop Woodinout \u00a9","og_description":"Respectueux de l'environnement, fabriqu\u00e9 \u00e0 la main \u00e0 partir de jouets d'apprentissage en bois massif de haute qualit\u00e9. Procurez-vous-les et rejoignez la grande famille des clients heureux ici \u00e0 la boutique Woodinout.","og_url":"https:\/\/woodinout.net\/fr\/a-propos-de-nous\/","og_site_name":"Woodinout \u00a9","article_modified_time":"2022-03-12T15:15:51+00:00","twitter_card":"summary_large_image","schema":{"@context":"https:\/\/schema.org","@graph":[{"@type":"WebPage","@id":"https:\/\/woodinout.net\/fr\/a-propos-de-nous\/","url":"https:\/\/woodinout.net\/fr\/a-propos-de-nous\/","name":"\u00c0 propos de nous - Jouets en bois Montessori Shop Woodinout \u00a9","isPartOf":{"@id":"https:\/\/woodinout.net\/fr\/#website"},"datePublished":"2016-01-25T00:53:27+00:00","dateModified":"2022-03-12T15:15:51+00:00","description":"Respectueux de l'environnement, fabriqu\u00e9 \u00e0 la main \u00e0 partir de jouets d'apprentissage en bois massif de haute qualit\u00e9. Procurez-vous-les et rejoignez la grande famille des clients heureux ici \u00e0 la boutique Woodinout.","breadcrumb":{"@id":"https:\/\/woodinout.net\/fr\/a-propos-de-nous\/#breadcrumb"},"inLanguage":"fr-FR","potentialAction":[{"@type":"ReadAction","target":["https:\/\/woodinout.net\/fr\/a-propos-de-nous\/"]}]},{"@type":"BreadcrumbList","@id":"https:\/\/woodinout.net\/fr\/a-propos-de-nous\/#breadcrumb","itemListElement":[{"@type":"ListItem","position":1,"name":"Home","item":"https:\/\/woodinout.net\/fr\/"},{"@type":"ListItem","position":2,"name":"\u00c0 propos de nous"}]},{"@type":"WebSite","@id":"https:\/\/woodinout.net\/fr\/#website","url":"https:\/\/woodinout.net\/fr\/","name":"Woodinout \u00a9","description":"Wooden Montessori toys, gifts, home and events decor details","potentialAction":[{"@type":"SearchAction","target":{"@type":"EntryPoint","urlTemplate":"https:\/\/woodinout.net\/fr\/?s={search_term_string}"},"query-input":"required name=search_term_string"}],"inLanguage":"fr-FR"}]}},"_links":{"self":[{"href":"https:\/\/woodinout.net\/fr\/wp-json\/wp\/v2\/pages\/20590"}],"collection":[{"href":"https:\/\/woodinout.net\/fr\/wp-json\/wp\/v2\/pages"}],"about":[{"href":"https:\/\/woodinout.net\/fr\/wp-json\/wp\/v2\/types\/page"}],"author":[{"embeddable":true,"href":"https:\/\/woodinout.net\/fr\/wp-json\/wp\/v2\/users\/1"}],"replies":[{"embeddable":true,"href":"https:\/\/woodinout.net\/fr\/wp-json\/wp\/v2\/comments?post=20590"}],"version-history":[{"count":1,"href":"https:\/\/woodinout.net\/fr\/wp-json\/wp\/v2\/pages\/20590\/revisions"}],"predecessor-version":[{"id":20596,"href":"https:\/\/woodinout.net\/fr\/wp-json\/wp\/v2\/pages\/20590\/revisions\/20596"}],"wp:attachment":[{"href":"https:\/\/woodinout.net\/fr\/wp-json\/wp\/v2\/media?parent=20590"}],"curies":[{"name":"wp","href":"https:\/\/api.w.org\/{rel}","templated":true}]}}