{"id":20493,"date":"2016-01-14T11:28:42","date_gmt":"2016-01-14T09:28:42","guid":{"rendered":"https:\/\/woodinout.net\/nous-contacter\/"},"modified":"2022-03-12T17:15:38","modified_gmt":"2022-03-12T15:15:38","slug":"nous-contacter","status":"publish","type":"page","link":"https:\/\/woodinout.net\/fr\/nous-contacter\/","title":{"rendered":"Nous contacter"},"content":{"rendered":"<div id=\"pl-20493\"  class=\"panel-layout\" ><div id=\"pg-20493-0\"  class=\"panel-grid panel-has-style\" ><div class=\"panel-row-style panel-row-style-for-20493-0\" ><div id=\"pgc-20493-0-0\"  class=\"panel-grid-cell\" ><div id=\"panel-20493-0-0-0\" class=\"so-panel widget widget_primrose-sow-heading panel-first-child\" data-index=\"0\" ><div\n\t\t\t\n\t\t\tclass=\"so-widget-primrose-sow-heading so-widget-primrose-sow-heading-default-d75171398898-20493\"\n\t\t\t\n\t\t><h2 class=\"primrose-sow-heading primrose-sow-alignment-left\">Contact Us<\/h2><\/div><\/div><div id=\"panel-20493-0-0-1\" class=\"so-panel widget widget_sow-editor panel-last-child\" data-index=\"1\" ><div\n\t\t\t\n\t\t\tclass=\"so-widget-sow-editor so-widget-sow-editor-base\"\n\t\t\t\n\t\t>\n<div class=\"siteorigin-widget-tinymce textwidget\">\n\t<p><b>Adresse de l'<\/b> <strong>atelier<\/strong><br \/>\nRaudondvario str. 76-1A,<br \/>\nKaunas, LT-47182,<br \/>\nLituanie.<\/p>\n<p>+370 618 63018<br \/>\ndalius@sistemis.lt<\/p>\n<\/div>\n<\/div><\/div><\/div><div id=\"pgc-20493-0-1\"  class=\"panel-grid-cell\" ><div id=\"panel-20493-0-1-0\" class=\"so-panel widget widget_sow-editor panel-first-child panel-last-child\" data-index=\"2\" ><div\n\t\t\t\n\t\t\tclass=\"so-widget-sow-editor so-widget-sow-editor-base\"\n\t\t\t\n\t\t>\n<div class=\"siteorigin-widget-tinymce textwidget\">\n\t\n<div class=\"wpcf7 no-js\" id=\"wpcf7-f22808-o1\" lang=\"fr-FR\" dir=\"ltr\">\n<div class=\"screen-reader-response\"><p role=\"status\" aria-live=\"polite\" aria-atomic=\"true\"><\/p> <ul><\/ul><\/div>\n<form action=\"\/fr\/wp-json\/wp\/v2\/pages\/20493#wpcf7-f22808-o1\" method=\"post\" class=\"wpcf7-form init\" aria-label=\"Formulaire de contact\" novalidate=\"novalidate\" data-status=\"init\">\n<div style=\"display: none;\">\n<input type=\"hidden\" name=\"_wpcf7\" value=\"22808\" \/>\n<input type=\"hidden\" name=\"_wpcf7_version\" value=\"5.8.7\" \/>\n<input type=\"hidden\" name=\"_wpcf7_locale\" value=\"fr_FR\" \/>\n<input type=\"hidden\" name=\"_wpcf7_unit_tag\" value=\"wpcf7-f22808-o1\" \/>\n<input type=\"hidden\" name=\"_wpcf7_container_post\" value=\"0\" \/>\n<input type=\"hidden\" name=\"_wpcf7_posted_data_hash\" value=\"\" \/>\n<\/div>\n<p>Votre nom (obligatoire)\n<\/p>\n<p><span class=\"wpcf7-form-control-wrap\" data-name=\"your-name\"><input size=\"40\" class=\"wpcf7-form-control wpcf7-text wpcf7-validates-as-required\" aria-required=\"true\" aria-invalid=\"false\" value=\"\" type=\"text\" name=\"your-name\" \/><\/span>\n<\/p>\n<p>Votre adresse e-mail (obligatoire)\n<\/p>\n<p><span class=\"wpcf7-form-control-wrap\" data-name=\"your-email\"><input size=\"40\" class=\"wpcf7-form-control wpcf7-email wpcf7-validates-as-required wpcf7-text wpcf7-validates-as-email\" aria-required=\"true\" aria-invalid=\"false\" value=\"\" type=\"email\" name=\"your-email\" \/><\/span>\n<\/p>\n<p>Objet\n<\/p>\n<p><span class=\"wpcf7-form-control-wrap\" data-name=\"your-subject\"><input size=\"40\" class=\"wpcf7-form-control wpcf7-text\" aria-invalid=\"false\" value=\"\" type=\"text\" name=\"your-subject\" \/><\/span>\n<\/p>\n<p>Votre message\n<\/p>\n<p><span class=\"wpcf7-form-control-wrap\" data-name=\"your-message\"><textarea cols=\"40\" rows=\"4\" class=\"wpcf7-form-control wpcf7-textarea\" aria-invalid=\"false\" name=\"your-message\"><\/textarea><\/span>\n<\/p>\n<p><input class=\"wpcf7-form-control wpcf7-submit has-spinner\" type=\"submit\" value=\"Send Message\" \/>\n<\/p><div class=\"wpcf7-response-output\" aria-hidden=\"true\"><\/div>\n<\/form>\n<\/div>\n\n<\/div>\n<\/div><\/div><\/div><\/div><\/div><\/div>","protected":false},"excerpt":{"rendered":"<p>Adresse de l&#8217; atelier Raudondvario str. 76-1A, Kaunas, LT-47182, Lituanie. +370 618 63018 dalius@sistemis.lt<\/p>\n","protected":false},"author":1,"featured_media":0,"parent":0,"menu_order":0,"comment_status":"closed","ping_status":"closed","template":"page-templates\/blank.php","meta":{"_monsterinsights_skip_tracking":false,"_monsterinsights_sitenote_active":false,"_monsterinsights_sitenote_note":"","_monsterinsights_sitenote_category":0,"footnotes":""},"yoast_head":"<!-- This site is optimized with the Yoast SEO plugin v22.1 - https:\/\/yoast.com\/wordpress\/plugins\/seo\/ -->\n<title>Nous contacter - Jouets en bois Montessori Shop Woodinout \u00a9<\/title>\n<meta name=\"description\" content=\"Respectueux de l&#039;environnement, fabriqu\u00e9 \u00e0 la main \u00e0 partir de jouets d&#039;apprentissage en bois massif de haute qualit\u00e9. Procurez-vous-les et rejoignez la grande famille des clients heureux ici \u00e0 la boutique Woodinout.\" \/>\n<meta name=\"robots\" content=\"index, follow, max-snippet:-1, max-image-preview:large, max-video-preview:-1\" \/>\n<link rel=\"canonical\" href=\"https:\/\/woodinout.net\/fr\/nous-contacter\/\" \/>\n<meta property=\"og:locale\" content=\"fr_FR\" \/>\n<meta property=\"og:type\" content=\"article\" \/>\n<meta property=\"og:title\" content=\"Nous contacter - Jouets en bois Montessori Shop Woodinout \u00a9\" \/>\n<meta property=\"og:description\" content=\"Respectueux de l&#039;environnement, fabriqu\u00e9 \u00e0 la main \u00e0 partir de jouets d&#039;apprentissage en bois massif de haute qualit\u00e9. Procurez-vous-les et rejoignez la grande famille des clients heureux ici \u00e0 la boutique Woodinout.\" \/>\n<meta property=\"og:url\" content=\"https:\/\/woodinout.net\/fr\/nous-contacter\/\" \/>\n<meta property=\"og:site_name\" content=\"Woodinout \u00a9\" \/>\n<meta property=\"article:modified_time\" content=\"2022-03-12T15:15:38+00:00\" \/>\n<meta name=\"twitter:card\" content=\"summary_large_image\" \/>\n<script type=\"application\/ld+json\" class=\"yoast-schema-graph\">{\"@context\":\"https:\/\/schema.org\",\"@graph\":[{\"@type\":\"WebPage\",\"@id\":\"https:\/\/woodinout.net\/fr\/nous-contacter\/\",\"url\":\"https:\/\/woodinout.net\/fr\/nous-contacter\/\",\"name\":\"Nous contacter - Jouets en bois Montessori Shop Woodinout \u00a9\",\"isPartOf\":{\"@id\":\"https:\/\/woodinout.net\/fr\/#website\"},\"datePublished\":\"2016-01-14T09:28:42+00:00\",\"dateModified\":\"2022-03-12T15:15:38+00:00\",\"description\":\"Respectueux de l'environnement, fabriqu\u00e9 \u00e0 la main \u00e0 partir de jouets d'apprentissage en bois massif de haute qualit\u00e9. Procurez-vous-les et rejoignez la grande famille des clients heureux ici \u00e0 la boutique Woodinout.\",\"breadcrumb\":{\"@id\":\"https:\/\/woodinout.net\/fr\/nous-contacter\/#breadcrumb\"},\"inLanguage\":\"fr-FR\",\"potentialAction\":[{\"@type\":\"ReadAction\",\"target\":[\"https:\/\/woodinout.net\/fr\/nous-contacter\/\"]}]},{\"@type\":\"BreadcrumbList\",\"@id\":\"https:\/\/woodinout.net\/fr\/nous-contacter\/#breadcrumb\",\"itemListElement\":[{\"@type\":\"ListItem\",\"position\":1,\"name\":\"Home\",\"item\":\"https:\/\/woodinout.net\/fr\/\"},{\"@type\":\"ListItem\",\"position\":2,\"name\":\"Nous contacter\"}]},{\"@type\":\"WebSite\",\"@id\":\"https:\/\/woodinout.net\/fr\/#website\",\"url\":\"https:\/\/woodinout.net\/fr\/\",\"name\":\"Woodinout \u00a9\",\"description\":\"Wooden Montessori toys, gifts, home and events decor details\",\"potentialAction\":[{\"@type\":\"SearchAction\",\"target\":{\"@type\":\"EntryPoint\",\"urlTemplate\":\"https:\/\/woodinout.net\/fr\/?s={search_term_string}\"},\"query-input\":\"required name=search_term_string\"}],\"inLanguage\":\"fr-FR\"}]}<\/script>\n<!-- \/ Yoast SEO plugin. -->","yoast_head_json":{"title":"Nous contacter - Jouets en bois Montessori Shop Woodinout \u00a9","description":"Respectueux de l'environnement, fabriqu\u00e9 \u00e0 la main \u00e0 partir de jouets d'apprentissage en bois massif de haute qualit\u00e9. Procurez-vous-les et rejoignez la grande famille des clients heureux ici \u00e0 la boutique Woodinout.","robots":{"index":"index","follow":"follow","max-snippet":"max-snippet:-1","max-image-preview":"max-image-preview:large","max-video-preview":"max-video-preview:-1"},"canonical":"https:\/\/woodinout.net\/fr\/nous-contacter\/","og_locale":"fr_FR","og_type":"article","og_title":"Nous contacter - Jouets en bois Montessori Shop Woodinout \u00a9","og_description":"Respectueux de l'environnement, fabriqu\u00e9 \u00e0 la main \u00e0 partir de jouets d'apprentissage en bois massif de haute qualit\u00e9. Procurez-vous-les et rejoignez la grande famille des clients heureux ici \u00e0 la boutique Woodinout.","og_url":"https:\/\/woodinout.net\/fr\/nous-contacter\/","og_site_name":"Woodinout \u00a9","article_modified_time":"2022-03-12T15:15:38+00:00","twitter_card":"summary_large_image","schema":{"@context":"https:\/\/schema.org","@graph":[{"@type":"WebPage","@id":"https:\/\/woodinout.net\/fr\/nous-contacter\/","url":"https:\/\/woodinout.net\/fr\/nous-contacter\/","name":"Nous contacter - Jouets en bois Montessori Shop Woodinout \u00a9","isPartOf":{"@id":"https:\/\/woodinout.net\/fr\/#website"},"datePublished":"2016-01-14T09:28:42+00:00","dateModified":"2022-03-12T15:15:38+00:00","description":"Respectueux de l'environnement, fabriqu\u00e9 \u00e0 la main \u00e0 partir de jouets d'apprentissage en bois massif de haute qualit\u00e9. Procurez-vous-les et rejoignez la grande famille des clients heureux ici \u00e0 la boutique Woodinout.","breadcrumb":{"@id":"https:\/\/woodinout.net\/fr\/nous-contacter\/#breadcrumb"},"inLanguage":"fr-FR","potentialAction":[{"@type":"ReadAction","target":["https:\/\/woodinout.net\/fr\/nous-contacter\/"]}]},{"@type":"BreadcrumbList","@id":"https:\/\/woodinout.net\/fr\/nous-contacter\/#breadcrumb","itemListElement":[{"@type":"ListItem","position":1,"name":"Home","item":"https:\/\/woodinout.net\/fr\/"},{"@type":"ListItem","position":2,"name":"Nous contacter"}]},{"@type":"WebSite","@id":"https:\/\/woodinout.net\/fr\/#website","url":"https:\/\/woodinout.net\/fr\/","name":"Woodinout \u00a9","description":"Wooden Montessori toys, gifts, home and events decor details","potentialAction":[{"@type":"SearchAction","target":{"@type":"EntryPoint","urlTemplate":"https:\/\/woodinout.net\/fr\/?s={search_term_string}"},"query-input":"required name=search_term_string"}],"inLanguage":"fr-FR"}]}},"_links":{"self":[{"href":"https:\/\/woodinout.net\/fr\/wp-json\/wp\/v2\/pages\/20493"}],"collection":[{"href":"https:\/\/woodinout.net\/fr\/wp-json\/wp\/v2\/pages"}],"about":[{"href":"https:\/\/woodinout.net\/fr\/wp-json\/wp\/v2\/types\/page"}],"author":[{"embeddable":true,"href":"https:\/\/woodinout.net\/fr\/wp-json\/wp\/v2\/users\/1"}],"replies":[{"embeddable":true,"href":"https:\/\/woodinout.net\/fr\/wp-json\/wp\/v2\/comments?post=20493"}],"version-history":[{"count":1,"href":"https:\/\/woodinout.net\/fr\/wp-json\/wp\/v2\/pages\/20493\/revisions"}],"predecessor-version":[{"id":20503,"href":"https:\/\/woodinout.net\/fr\/wp-json\/wp\/v2\/pages\/20493\/revisions\/20503"}],"wp:attachment":[{"href":"https:\/\/woodinout.net\/fr\/wp-json\/wp\/v2\/media?parent=20493"}],"curies":[{"name":"wp","href":"https:\/\/api.w.org\/{rel}","templated":true}]}}