{"id":21442,"date":"2020-06-23T23:45:12","date_gmt":"2020-06-23T20:45:12","guid":{"rendered":"https:\/\/woodinout.net\/product\/hoelzernes-namenspuzzle\/"},"modified":"2022-04-28T11:36:10","modified_gmt":"2022-04-28T08:36:10","slug":"holz-name-puzzle","status":"publish","type":"product","link":"https:\/\/woodinout.net\/de\/product\/holz-name-puzzle\/","title":{"rendered":"H\u00f6lzernes Namenspuzzle"},"content":{"rendered":"<p>Benutzerdefiniertes Namenspuzzle ist ein perfektes Geschenk f\u00fcr Ihr Baby oder Kleinkind. Dieser Artikel wird NUR AUS NAT\u00dcRLICHEM HARTHOLZ hergestellt. Personalisiertes Puzzle erm\u00f6glicht es Ihrem Kind, erste Schritte zum Lesenlernen zu machen. Montessori-inspirierte Spielzeuge halten jahrelang und bringen viele gute Erinnerungen.<br \/>\nDieses h\u00f6lzerne Babygeschenk k\u00f6nnte ein sch\u00f6nes Kinderzimmer-Dekorelement sein.<\/p>\n<p>Verbessert die motorischen F\u00e4higkeiten, indem man jeden Buchstaben greift und in ein geeignetes Loch steckt.<br \/>\nWird versuchen, seinen Namen zu lesen und zu buchstabieren. Nat\u00fcrlich mit Ihrer Hilfe.<\/p>\n<p>WEITERE PERSONALISIERTE ARTIKEL FINDEN SIE <a href=\"https:\/\/woodinout.net\/product-tag\/kids-presents\/\">HIER.<\/a><\/p>\n<p>DIMENSIONEN<\/p>\n<p>Brett:<br \/>\nH\u00f6he &#8211; ~ 4 Zoll<br \/>\nL\u00e4nge &#8211; abh\u00e4ngig von der Menge der Buchstaben, Dicke ~ 0,6 Zoll<br \/>\nTiefe einer Tasche &#8211; ~ 0,4 Zoll<\/p>\n<p>Briefe:<br \/>\nH\u00f6he: ~ 2,7 Zoll (Wenn das Puzzle nicht auf 21,6 Zoll passt, werden alle Buchstaben proportional reduziert)<br \/>\nDicke: ~ 0,6 Zoll<br \/>\nDie Breite h\u00e4ngt von der Form des Buchstabens ab<\/p>\n<p>FARBEN UND MATERIAL<\/p>\n<p>&#x1f3a8; Hintergrund: nat\u00fcrlich<br \/>\n&#x1f3a8; Buchstaben: braun ge\u00f6lt<br \/>\n&#x1f331; Das Holzpuzzle besteht aus NAT\u00dcRLICHEM MASSIVHOLZ und umweltfreundlicher Farbe.<br \/>\n&#x1f3a8; Bitte beachten Sie, dass die Farben aufgrund der Einstellungen und der Beleuchtung des Computermonitors variieren k\u00f6nnen.<\/p>\n<p>F\u00fcr weitere Ideen folgen Sie uns auf <a href=\"https:\/\/www.instagram.com\/woodinout\/\">INSTAGRAM<\/a> &amp; <a href=\"https:\/\/www.facebook.com\/Woodinout.net\">FACEBOOK<\/a><\/p>\n<div style=\"width: 1080px;\" class=\"wp-video\"><!--[if lt IE 9]><script>document.createElement('video');<\/script><![endif]-->\n<video class=\"wp-video-shortcode\" id=\"video-21442-1\" width=\"1080\" height=\"810\" preload=\"metadata\" controls=\"controls\"><source type=\"video\/mp4\" src=\"http:\/\/woodinout.net\/wp-content\/uploads\/2020\/06\/MEDINIS_7-1.mp4?_=1\" \/><a href=\"http:\/\/woodinout.net\/wp-content\/uploads\/2020\/06\/MEDINIS_7-1.mp4\">http:\/\/woodinout.net\/wp-content\/uploads\/2020\/06\/MEDINIS_7-1.mp4<\/a><\/video><\/div>\n","protected":false},"excerpt":{"rendered":"<p>Benutzerdefiniertes Namenspuzzle ist ein perfektes Geschenk f\u00fcr Ihr Baby oder Kleinkind. Dieser Artikel wird NUR AUS NAT\u00dcRLICHEM HARTHOLZ hergestellt. Personalisiertes Puzzle erm\u00f6glicht es Ihrem Kind, erste Schritte zum Lesenlernen zu machen. Montessori-inspirierte Spielzeuge halten jahrelang und bringen viele gute Erinnerungen. Dieses h\u00f6lzerne Babygeschenk k\u00f6nnte ein sch\u00f6nes Kinderzimmer-Dekorelement sein. Verbessert die motorischen F\u00e4higkeiten, indem man jeden [&hellip;]<\/p>\n","protected":false},"featured_media":18096,"template":"","meta":{"_monsterinsights_skip_tracking":false,"_monsterinsights_sitenote_active":false,"_monsterinsights_sitenote_note":"","_monsterinsights_sitenote_category":0},"product_cat":[1407,1355,1406],"product_tag":[1415,1410,1358,1367,1368,1366,1361,1360,1363,1409,1414,1411,1412,1408,1413],"yoast_head":"<!-- This site is optimized with the Yoast SEO plugin v22.1 - https:\/\/yoast.com\/wordpress\/plugins\/seo\/ -->\n<title>H\u00f6lzernes Namenspuzzle - Montessori Woodinout \u00a9 Spielzeugladen<\/title>\n<meta name=\"description\" content=\"Perfektes Kindergeschenk - Montessori inspiriertes Custom Name Puzzle. Handgefertigt, umweltfreundlich, sicher f\u00fcr Baby und Kleinkind. Aus Massivholz.\" \/>\n<meta name=\"robots\" content=\"index, follow, max-snippet:-1, max-image-preview:large, max-video-preview:-1\" \/>\n<link rel=\"canonical\" href=\"https:\/\/woodinout.net\/de\/product\/holz-name-puzzle\/\" \/>\n<meta property=\"og:locale\" content=\"de_DE\" \/>\n<meta property=\"og:type\" content=\"article\" \/>\n<meta property=\"og:title\" content=\"H\u00f6lzernes Namenspuzzle - Montessori Woodinout \u00a9 Spielzeugladen\" \/>\n<meta property=\"og:description\" content=\"Perfektes Kindergeschenk - Montessori inspiriertes Custom Name Puzzle. Handgefertigt, umweltfreundlich, sicher f\u00fcr Baby und Kleinkind. Aus Massivholz.\" \/>\n<meta property=\"og:url\" content=\"https:\/\/woodinout.net\/de\/product\/holz-name-puzzle\/\" \/>\n<meta property=\"og:site_name\" content=\"Woodinout \u00a9\" \/>\n<meta property=\"article:modified_time\" content=\"2022-04-28T08:36:10+00:00\" \/>\n<meta property=\"og:image\" content=\"https:\/\/woodinout.net\/wp-content\/uploads\/2020\/06\/wooden-puzzle-1.jpg\" \/>\n\t<meta property=\"og:image:width\" content=\"853\" \/>\n\t<meta property=\"og:image:height\" content=\"1280\" \/>\n\t<meta property=\"og:image:type\" content=\"image\/jpeg\" \/>\n<meta name=\"twitter:card\" content=\"summary_large_image\" \/>\n<meta name=\"twitter:label1\" content=\"Gesch\u00e4tzte Lesezeit\" \/>\n\t<meta name=\"twitter:data1\" content=\"1\u00a0Minute\" \/>\n<script type=\"application\/ld+json\" class=\"yoast-schema-graph\">{\"@context\":\"https:\/\/schema.org\",\"@graph\":[{\"@type\":\"WebPage\",\"@id\":\"https:\/\/woodinout.net\/de\/product\/holz-name-puzzle\/\",\"url\":\"https:\/\/woodinout.net\/de\/product\/holz-name-puzzle\/\",\"name\":\"H\u00f6lzernes Namenspuzzle - Montessori Woodinout \u00a9 Spielzeugladen\",\"isPartOf\":{\"@id\":\"https:\/\/woodinout.net\/de\/#website\"},\"datePublished\":\"2020-06-23T20:45:12+00:00\",\"dateModified\":\"2022-04-28T08:36:10+00:00\",\"description\":\"Perfektes Kindergeschenk - Montessori inspiriertes Custom Name Puzzle. Handgefertigt, umweltfreundlich, sicher f\u00fcr Baby und Kleinkind. Aus Massivholz.\",\"breadcrumb\":{\"@id\":\"https:\/\/woodinout.net\/de\/product\/holz-name-puzzle\/#breadcrumb\"},\"inLanguage\":\"de\",\"potentialAction\":[{\"@type\":\"ReadAction\",\"target\":[\"https:\/\/woodinout.net\/de\/product\/holz-name-puzzle\/\"]}]},{\"@type\":\"BreadcrumbList\",\"@id\":\"https:\/\/woodinout.net\/de\/product\/holz-name-puzzle\/#breadcrumb\",\"itemListElement\":[{\"@type\":\"ListItem\",\"position\":1,\"name\":\"Home\",\"item\":\"https:\/\/woodinout.net\/de\/\"},{\"@type\":\"ListItem\",\"position\":2,\"name\":\"Shop\",\"item\":\"https:\/\/woodinout.net\/shop\/\"},{\"@type\":\"ListItem\",\"position\":3,\"name\":\"H\u00f6lzernes Namenspuzzle\"}]},{\"@type\":\"WebSite\",\"@id\":\"https:\/\/woodinout.net\/de\/#website\",\"url\":\"https:\/\/woodinout.net\/de\/\",\"name\":\"Woodinout \u00a9\",\"description\":\"Wooden Montessori toys, gifts, home and events decor details\",\"potentialAction\":[{\"@type\":\"SearchAction\",\"target\":{\"@type\":\"EntryPoint\",\"urlTemplate\":\"https:\/\/woodinout.net\/de\/?s={search_term_string}\"},\"query-input\":\"required name=search_term_string\"}],\"inLanguage\":\"de\"}]}<\/script>\n<!-- \/ Yoast SEO plugin. -->","yoast_head_json":{"title":"H\u00f6lzernes Namenspuzzle - Montessori Woodinout \u00a9 Spielzeugladen","description":"Perfektes Kindergeschenk - Montessori inspiriertes Custom Name Puzzle. Handgefertigt, umweltfreundlich, sicher f\u00fcr Baby und Kleinkind. Aus Massivholz.","robots":{"index":"index","follow":"follow","max-snippet":"max-snippet:-1","max-image-preview":"max-image-preview:large","max-video-preview":"max-video-preview:-1"},"canonical":"https:\/\/woodinout.net\/de\/product\/holz-name-puzzle\/","og_locale":"de_DE","og_type":"article","og_title":"H\u00f6lzernes Namenspuzzle - Montessori Woodinout \u00a9 Spielzeugladen","og_description":"Perfektes Kindergeschenk - Montessori inspiriertes Custom Name Puzzle. Handgefertigt, umweltfreundlich, sicher f\u00fcr Baby und Kleinkind. Aus Massivholz.","og_url":"https:\/\/woodinout.net\/de\/product\/holz-name-puzzle\/","og_site_name":"Woodinout \u00a9","article_modified_time":"2022-04-28T08:36:10+00:00","og_image":[{"width":853,"height":1280,"url":"https:\/\/woodinout.net\/wp-content\/uploads\/2020\/06\/wooden-puzzle-1.jpg","type":"image\/jpeg"}],"twitter_card":"summary_large_image","twitter_misc":{"Gesch\u00e4tzte Lesezeit":"1\u00a0Minute"},"schema":{"@context":"https:\/\/schema.org","@graph":[{"@type":"WebPage","@id":"https:\/\/woodinout.net\/de\/product\/holz-name-puzzle\/","url":"https:\/\/woodinout.net\/de\/product\/holz-name-puzzle\/","name":"H\u00f6lzernes Namenspuzzle - Montessori Woodinout \u00a9 Spielzeugladen","isPartOf":{"@id":"https:\/\/woodinout.net\/de\/#website"},"datePublished":"2020-06-23T20:45:12+00:00","dateModified":"2022-04-28T08:36:10+00:00","description":"Perfektes Kindergeschenk - Montessori inspiriertes Custom Name Puzzle. Handgefertigt, umweltfreundlich, sicher f\u00fcr Baby und Kleinkind. Aus Massivholz.","breadcrumb":{"@id":"https:\/\/woodinout.net\/de\/product\/holz-name-puzzle\/#breadcrumb"},"inLanguage":"de","potentialAction":[{"@type":"ReadAction","target":["https:\/\/woodinout.net\/de\/product\/holz-name-puzzle\/"]}]},{"@type":"BreadcrumbList","@id":"https:\/\/woodinout.net\/de\/product\/holz-name-puzzle\/#breadcrumb","itemListElement":[{"@type":"ListItem","position":1,"name":"Home","item":"https:\/\/woodinout.net\/de\/"},{"@type":"ListItem","position":2,"name":"Shop","item":"https:\/\/woodinout.net\/shop\/"},{"@type":"ListItem","position":3,"name":"H\u00f6lzernes Namenspuzzle"}]},{"@type":"WebSite","@id":"https:\/\/woodinout.net\/de\/#website","url":"https:\/\/woodinout.net\/de\/","name":"Woodinout \u00a9","description":"Wooden Montessori toys, gifts, home and events decor details","potentialAction":[{"@type":"SearchAction","target":{"@type":"EntryPoint","urlTemplate":"https:\/\/woodinout.net\/de\/?s={search_term_string}"},"query-input":"required name=search_term_string"}],"inLanguage":"de"}]}},"_links":{"self":[{"href":"https:\/\/woodinout.net\/de\/wp-json\/wp\/v2\/product\/21442"}],"collection":[{"href":"https:\/\/woodinout.net\/de\/wp-json\/wp\/v2\/product"}],"about":[{"href":"https:\/\/woodinout.net\/de\/wp-json\/wp\/v2\/types\/product"}],"wp:featuredmedia":[{"embeddable":true,"href":"https:\/\/woodinout.net\/de\/wp-json\/wp\/v2\/media\/18096"}],"wp:attachment":[{"href":"https:\/\/woodinout.net\/de\/wp-json\/wp\/v2\/media?parent=21442"}],"wp:term":[{"taxonomy":"product_cat","embeddable":true,"href":"https:\/\/woodinout.net\/de\/wp-json\/wp\/v2\/product_cat?post=21442"},{"taxonomy":"product_tag","embeddable":true,"href":"https:\/\/woodinout.net\/de\/wp-json\/wp\/v2\/product_tag?post=21442"}],"curies":[{"name":"wp","href":"https:\/\/api.w.org\/{rel}","templated":true}]}}