{"id":21431,"date":"2020-06-23T21:12:55","date_gmt":"2020-06-23T18:12:55","guid":{"rendered":"https:\/\/woodinout.net\/product\/montessori-100-rahmen-hundert-brett\/"},"modified":"2022-04-28T11:09:05","modified_gmt":"2022-04-28T08:09:05","slug":"personalisiertes-geschenk-montessori-100-rahmen-holz-zahlen-und-zahlen","status":"publish","type":"product","link":"https:\/\/woodinout.net\/de\/product\/personalisiertes-geschenk-montessori-100-rahmen-holz-zahlen-und-zahlen\/","title":{"rendered":"Montessori 100 Rahmen \/ Hundert Brett"},"content":{"rendered":"<p>Personalisiertes Geschenk Montessori 100 Rahmen &#8211; Ich kann mir keinen besseren Weg vorstellen, Zahlen und Z\u00e4hlen zu lernen. WARUM? 1. Montessori-Mathe-Manipulative sind weltweit bekannt und gesch\u00e4tzt. 2. Diese h\u00f6lzerne Zahlentafel hat viele Verwendungsm\u00f6glichkeiten &#8211; Multiplikationsperlen mit winzigen Zahlen graviert lehren Mathematik; Bunte Holznummernperlen sind auch perfekte Holzsortierspielzeuge; und man kann nicht \u00fcber das gute Aussehen dieses Montessori 100 Boards streiten &#8211; tolle Kinderzimmereinrichtung.<\/p>\n<p>Kit enth\u00e4lt aus:<br \/>\nhundert Z\u00e4hltafel<\/p>\n<p>Sie k\u00f6nnen aus 7 OPTIONEN w\u00e4hlen:<br \/>\nA: Nur Board<br \/>\nB: Board + 120 Stk. aus nat\u00fcrlichen Holzkugeln (0,05 Zoll Durchmesser)<br \/>\nC: Board + 120 Stk. aus bunten Holzkugeln (0,05 Zoll Durchmesser)<br \/>\nD: Board + 100 Stk. nat\u00fcrliche M\u00fcnzen mit Zahlen von 1 bis 100<br \/>\nE: Board + 100 Stk. bunte M\u00fcnzen mit Zahlen von 1 bis 100<br \/>\nF: Board + 100 Stk. nat\u00fcrliche M\u00fcnzen mit Zahlen von 1 bis 100 + 120 St\u00fcck aus nat\u00fcrlichen Holzkugeln (0,05 Zoll Durchmesser)<br \/>\nG: Board + 100 Stk. bunte M\u00fcnzen mit Zahlen von 1 bis 100 + 120 Stk. aus bunten Holzkugeln (0,05 Zoll Durchmesser)<\/p>\n<p>ABMESSUNGEN DER PLATINE<br \/>\nL\u00e4nge: ~ 10 Zoll<br \/>\nH\u00f6he: ~ 10 Zoll<br \/>\nDicke: ~ 0,6 Zoll<\/p>\n<p>FARBEN UND MATERIAL<br \/>\nFarbe: natur oder braun ge\u00f6lt.<br \/>\nBoard ist aus NAT\u00dcRLICHEM MASSIVHOLZ gefertigt.<br \/>\nBitte beachten Sie, dass die Farben aufgrund der Einstellungen und der Beleuchtung des Computermonitors variieren k\u00f6nnen.<\/p>\n","protected":false},"excerpt":{"rendered":"<p>Personalisiertes Geschenk Montessori 100 Rahmen &#8211; Ich kann mir keinen besseren Weg vorstellen, Zahlen und Z\u00e4hlen zu lernen. WARUM? 1. Montessori-Mathe-Manipulative sind weltweit bekannt und gesch\u00e4tzt. 2. Diese h\u00f6lzerne Zahlentafel hat viele Verwendungsm\u00f6glichkeiten &#8211; Multiplikationsperlen mit winzigen Zahlen graviert lehren Mathematik; Bunte Holznummernperlen sind auch perfekte Holzsortierspielzeuge; und man kann nicht \u00fcber das gute Aussehen [&hellip;]<\/p>\n","protected":false},"featured_media":17816,"template":"","meta":{"_monsterinsights_skip_tracking":false,"_monsterinsights_sitenote_active":false,"_monsterinsights_sitenote_note":"","_monsterinsights_sitenote_category":0},"product_cat":[1355,1362],"product_tag":[2145,2146,1358,2144,1367,1368,1366,1361,1360,1386,1387,1371,1388,1363,1981],"yoast_head":"<!-- This site is optimized with the Yoast SEO plugin v22.1 - https:\/\/yoast.com\/wordpress\/plugins\/seo\/ -->\n<title>Montessori 100 Rahmen \/ Hundert Brett - Woodinout \u00a9 Holzspielzeug<\/title>\n<meta name=\"description\" content=\"Montessori Mathematerial 100 Rahmen f\u00fcr FUN Lernspiele. Z\u00e4hlen - Sortieren - Lernen - Spielen - Nat\u00fcrliches handgefertigtes Holzspielzeug.\" \/>\n<meta name=\"robots\" content=\"index, follow, max-snippet:-1, max-image-preview:large, max-video-preview:-1\" \/>\n<link rel=\"canonical\" href=\"https:\/\/woodinout.net\/de\/product\/personalisiertes-geschenk-montessori-100-rahmen-holz-zahlen-und-zahlen\/\" \/>\n<meta property=\"og:locale\" content=\"de_DE\" \/>\n<meta property=\"og:type\" content=\"article\" \/>\n<meta property=\"og:title\" content=\"Montessori 100 Rahmen \/ Hundert Brett - Woodinout \u00a9 Holzspielzeug\" \/>\n<meta property=\"og:description\" content=\"Montessori Mathematerial 100 Rahmen f\u00fcr FUN Lernspiele. Z\u00e4hlen - Sortieren - Lernen - Spielen - Nat\u00fcrliches handgefertigtes Holzspielzeug.\" \/>\n<meta property=\"og:url\" content=\"https:\/\/woodinout.net\/de\/product\/personalisiertes-geschenk-montessori-100-rahmen-holz-zahlen-und-zahlen\/\" \/>\n<meta property=\"og:site_name\" content=\"Woodinout \u00a9\" \/>\n<meta property=\"article:modified_time\" content=\"2022-04-28T08:09:05+00:00\" \/>\n<meta property=\"og:image\" content=\"https:\/\/woodinout.net\/wp-content\/uploads\/2020\/06\/Montessori-100-frame-5.jpg\" \/>\n\t<meta property=\"og:image:width\" content=\"853\" \/>\n\t<meta property=\"og:image:height\" content=\"1280\" \/>\n\t<meta property=\"og:image:type\" content=\"image\/jpeg\" \/>\n<meta name=\"twitter:card\" content=\"summary_large_image\" \/>\n<meta name=\"twitter:label1\" content=\"Gesch\u00e4tzte Lesezeit\" \/>\n\t<meta name=\"twitter:data1\" content=\"1\u00a0Minute\" \/>\n<script type=\"application\/ld+json\" class=\"yoast-schema-graph\">{\"@context\":\"https:\/\/schema.org\",\"@graph\":[{\"@type\":\"WebPage\",\"@id\":\"https:\/\/woodinout.net\/de\/product\/personalisiertes-geschenk-montessori-100-rahmen-holz-zahlen-und-zahlen\/\",\"url\":\"https:\/\/woodinout.net\/de\/product\/personalisiertes-geschenk-montessori-100-rahmen-holz-zahlen-und-zahlen\/\",\"name\":\"Montessori 100 Rahmen \/ Hundert Brett - Woodinout \u00a9 Holzspielzeug\",\"isPartOf\":{\"@id\":\"https:\/\/woodinout.net\/de\/#website\"},\"datePublished\":\"2020-06-23T18:12:55+00:00\",\"dateModified\":\"2022-04-28T08:09:05+00:00\",\"description\":\"Montessori Mathematerial 100 Rahmen f\u00fcr FUN Lernspiele. Z\u00e4hlen - Sortieren - Lernen - Spielen - Nat\u00fcrliches handgefertigtes Holzspielzeug.\",\"breadcrumb\":{\"@id\":\"https:\/\/woodinout.net\/de\/product\/personalisiertes-geschenk-montessori-100-rahmen-holz-zahlen-und-zahlen\/#breadcrumb\"},\"inLanguage\":\"de\",\"potentialAction\":[{\"@type\":\"ReadAction\",\"target\":[\"https:\/\/woodinout.net\/de\/product\/personalisiertes-geschenk-montessori-100-rahmen-holz-zahlen-und-zahlen\/\"]}]},{\"@type\":\"BreadcrumbList\",\"@id\":\"https:\/\/woodinout.net\/de\/product\/personalisiertes-geschenk-montessori-100-rahmen-holz-zahlen-und-zahlen\/#breadcrumb\",\"itemListElement\":[{\"@type\":\"ListItem\",\"position\":1,\"name\":\"Home\",\"item\":\"https:\/\/woodinout.net\/de\/\"},{\"@type\":\"ListItem\",\"position\":2,\"name\":\"Shop\",\"item\":\"https:\/\/woodinout.net\/shop\/\"},{\"@type\":\"ListItem\",\"position\":3,\"name\":\"Montessori 100 Rahmen \/ Hundert Brett\"}]},{\"@type\":\"WebSite\",\"@id\":\"https:\/\/woodinout.net\/de\/#website\",\"url\":\"https:\/\/woodinout.net\/de\/\",\"name\":\"Woodinout \u00a9\",\"description\":\"Wooden Montessori toys, gifts, home and events decor details\",\"potentialAction\":[{\"@type\":\"SearchAction\",\"target\":{\"@type\":\"EntryPoint\",\"urlTemplate\":\"https:\/\/woodinout.net\/de\/?s={search_term_string}\"},\"query-input\":\"required name=search_term_string\"}],\"inLanguage\":\"de\"}]}<\/script>\n<!-- \/ Yoast SEO plugin. -->","yoast_head_json":{"title":"Montessori 100 Rahmen \/ Hundert Brett - Woodinout \u00a9 Holzspielzeug","description":"Montessori Mathematerial 100 Rahmen f\u00fcr FUN Lernspiele. Z\u00e4hlen - Sortieren - Lernen - Spielen - Nat\u00fcrliches handgefertigtes Holzspielzeug.","robots":{"index":"index","follow":"follow","max-snippet":"max-snippet:-1","max-image-preview":"max-image-preview:large","max-video-preview":"max-video-preview:-1"},"canonical":"https:\/\/woodinout.net\/de\/product\/personalisiertes-geschenk-montessori-100-rahmen-holz-zahlen-und-zahlen\/","og_locale":"de_DE","og_type":"article","og_title":"Montessori 100 Rahmen \/ Hundert Brett - Woodinout \u00a9 Holzspielzeug","og_description":"Montessori Mathematerial 100 Rahmen f\u00fcr FUN Lernspiele. Z\u00e4hlen - Sortieren - Lernen - Spielen - Nat\u00fcrliches handgefertigtes Holzspielzeug.","og_url":"https:\/\/woodinout.net\/de\/product\/personalisiertes-geschenk-montessori-100-rahmen-holz-zahlen-und-zahlen\/","og_site_name":"Woodinout \u00a9","article_modified_time":"2022-04-28T08:09:05+00:00","og_image":[{"width":853,"height":1280,"url":"https:\/\/woodinout.net\/wp-content\/uploads\/2020\/06\/Montessori-100-frame-5.jpg","type":"image\/jpeg"}],"twitter_card":"summary_large_image","twitter_misc":{"Gesch\u00e4tzte Lesezeit":"1\u00a0Minute"},"schema":{"@context":"https:\/\/schema.org","@graph":[{"@type":"WebPage","@id":"https:\/\/woodinout.net\/de\/product\/personalisiertes-geschenk-montessori-100-rahmen-holz-zahlen-und-zahlen\/","url":"https:\/\/woodinout.net\/de\/product\/personalisiertes-geschenk-montessori-100-rahmen-holz-zahlen-und-zahlen\/","name":"Montessori 100 Rahmen \/ Hundert Brett - Woodinout \u00a9 Holzspielzeug","isPartOf":{"@id":"https:\/\/woodinout.net\/de\/#website"},"datePublished":"2020-06-23T18:12:55+00:00","dateModified":"2022-04-28T08:09:05+00:00","description":"Montessori Mathematerial 100 Rahmen f\u00fcr FUN Lernspiele. Z\u00e4hlen - Sortieren - Lernen - Spielen - Nat\u00fcrliches handgefertigtes Holzspielzeug.","breadcrumb":{"@id":"https:\/\/woodinout.net\/de\/product\/personalisiertes-geschenk-montessori-100-rahmen-holz-zahlen-und-zahlen\/#breadcrumb"},"inLanguage":"de","potentialAction":[{"@type":"ReadAction","target":["https:\/\/woodinout.net\/de\/product\/personalisiertes-geschenk-montessori-100-rahmen-holz-zahlen-und-zahlen\/"]}]},{"@type":"BreadcrumbList","@id":"https:\/\/woodinout.net\/de\/product\/personalisiertes-geschenk-montessori-100-rahmen-holz-zahlen-und-zahlen\/#breadcrumb","itemListElement":[{"@type":"ListItem","position":1,"name":"Home","item":"https:\/\/woodinout.net\/de\/"},{"@type":"ListItem","position":2,"name":"Shop","item":"https:\/\/woodinout.net\/shop\/"},{"@type":"ListItem","position":3,"name":"Montessori 100 Rahmen \/ Hundert Brett"}]},{"@type":"WebSite","@id":"https:\/\/woodinout.net\/de\/#website","url":"https:\/\/woodinout.net\/de\/","name":"Woodinout \u00a9","description":"Wooden Montessori toys, gifts, home and events decor details","potentialAction":[{"@type":"SearchAction","target":{"@type":"EntryPoint","urlTemplate":"https:\/\/woodinout.net\/de\/?s={search_term_string}"},"query-input":"required name=search_term_string"}],"inLanguage":"de"}]}},"_links":{"self":[{"href":"https:\/\/woodinout.net\/de\/wp-json\/wp\/v2\/product\/21431"}],"collection":[{"href":"https:\/\/woodinout.net\/de\/wp-json\/wp\/v2\/product"}],"about":[{"href":"https:\/\/woodinout.net\/de\/wp-json\/wp\/v2\/types\/product"}],"wp:featuredmedia":[{"embeddable":true,"href":"https:\/\/woodinout.net\/de\/wp-json\/wp\/v2\/media\/17816"}],"wp:attachment":[{"href":"https:\/\/woodinout.net\/de\/wp-json\/wp\/v2\/media?parent=21431"}],"wp:term":[{"taxonomy":"product_cat","embeddable":true,"href":"https:\/\/woodinout.net\/de\/wp-json\/wp\/v2\/product_cat?post=21431"},{"taxonomy":"product_tag","embeddable":true,"href":"https:\/\/woodinout.net\/de\/wp-json\/wp\/v2\/product_tag?post=21431"}],"curies":[{"name":"wp","href":"https:\/\/api.w.org\/{rel}","templated":true}]}}