{"id":21418,"date":"2020-06-29T23:08:33","date_gmt":"2020-06-29T20:08:33","guid":{"rendered":"https:\/\/woodinout.net\/product\/ten-frame-montessori-mathematikmaterial\/"},"modified":"2022-04-28T11:11:12","modified_gmt":"2022-04-28T08:11:12","slug":"zehn-rahmen-montessori-zahlen-und-zahlen-spielzeug","status":"publish","type":"product","link":"https:\/\/woodinout.net\/de\/product\/zehn-rahmen-montessori-zahlen-und-zahlen-spielzeug\/","title":{"rendered":"Ten Frame &#8211; Montessori-Mathematikmaterial"},"content":{"rendered":"<p>Zehn Rahmen &#8211; handgefertigt aus Massivholz, sicheres und umweltfreundliches Montessori-Mathematerial.<\/p>\n<p>Unsere Montessori-Zahlen und Z\u00e4hlspielzeuge werden von HAND erstellt und mit sicherer, ungiftiger Farbe bemalt. TEN Count Holztablett mit winzigen Zahlen sind hier, um das t\u00e4gliche Lernen EINFACH zu machen. Holzspielzeug f\u00fcr Jungen und M\u00e4dchen ist eine nat\u00fcrliche Art der Bildung. Wir k\u00fcmmern uns nicht nur um die Natur, sondern denken auch daran, umweltfreundliche Holzlernspielzeuge f\u00fcr unsere und IHRE Kinder zu schaffen.<\/p>\n<p>Kit enth\u00e4lt aus:<br \/>\nZ\u00e4hlen 10 zehn Rahmen<br \/>\n12 Holzz\u00e4hlkugeln<\/p>\n<p>Sie k\u00f6nnen aus 3 OPTIONEN w\u00e4hlen:<br \/>\nA: Brett + 12 Holzkugeln<br \/>\nB: Board + 10 Stk. nat\u00fcrliche M\u00fcnzen mit winzigen Zahlen von 1 bis 10<br \/>\nC: Brett + 12 Holzkugeln + 10 Stk. nat\u00fcrliche M\u00fcnzen mit Zahlen von 1 bis 10<\/p>\n<p>ABMESSUNGEN DER PLATINE<br \/>\nL\u00e4nge: ~ 5 Zoll<br \/>\nH\u00f6he: ~ 2,4 Zoll<br \/>\nDicke: ~ 0,6 Zoll<\/p>\n<p>FARBEN UND MATERIAL<br \/>\nFarbe: natur oder braun ge\u00f6lt.<br \/>\nBoard ist aus NAT\u00dcRLICHEM MASSIVHOLZ gefertigt.<br \/>\nBitte beachten Sie, dass die Farben aufgrund der Einstellungen und der Beleuchtung des Computermonitors variieren k\u00f6nnen.<\/p>\n<div style=\"width: 1080px;\" class=\"wp-video\"><!--[if lt IE 9]><script>document.createElement('video');<\/script><![endif]-->\n<video class=\"wp-video-shortcode\" id=\"video-21418-1\" width=\"1080\" height=\"810\" preload=\"metadata\" controls=\"controls\"><source type=\"video\/mp4\" src=\"http:\/\/woodinout.net\/wp-content\/uploads\/2020\/06\/MEDINIS_14.mp4?_=1\" \/><a href=\"http:\/\/woodinout.net\/wp-content\/uploads\/2020\/06\/MEDINIS_14.mp4\">http:\/\/woodinout.net\/wp-content\/uploads\/2020\/06\/MEDINIS_14.mp4<\/a><\/video><\/div>\n","protected":false},"excerpt":{"rendered":"<p>Zehn Rahmen &#8211; handgefertigt aus Massivholz, sicheres und umweltfreundliches Montessori-Mathematerial. Unsere Montessori-Zahlen und Z\u00e4hlspielzeuge werden von HAND erstellt und mit sicherer, ungiftiger Farbe bemalt. TEN Count Holztablett mit winzigen Zahlen sind hier, um das t\u00e4gliche Lernen EINFACH zu machen. Holzspielzeug f\u00fcr Jungen und M\u00e4dchen ist eine nat\u00fcrliche Art der Bildung. Wir k\u00fcmmern uns nicht nur [&hellip;]<\/p>\n","protected":false},"featured_media":18232,"template":"","meta":{"_monsterinsights_skip_tracking":false,"_monsterinsights_sitenote_active":false,"_monsterinsights_sitenote_note":"","_monsterinsights_sitenote_category":0},"product_cat":[1355,1362],"product_tag":[1358,1367,1368,1366,1361,1360,1386,1387,1371,1388,1363,1981,1980],"yoast_head":"<!-- This site is optimized with the Yoast SEO plugin v22.1 - https:\/\/yoast.com\/wordpress\/plugins\/seo\/ -->\n<title>Ten Frame - Montessori-Mathematikmaterial - Woodinout \u00a9<\/title>\n<meta name=\"description\" content=\"Zehn Rahmen, handgefertigt aus Massivholz, ist eine Antwort auf unterhaltsames Mathelernen. Montessori-Mathematerial, das als Spielzeug f\u00fcr die unterhaltsame Bildung von Kindern erstellt wurde.\" \/>\n<meta name=\"robots\" content=\"index, follow, max-snippet:-1, max-image-preview:large, max-video-preview:-1\" \/>\n<link rel=\"canonical\" href=\"https:\/\/woodinout.net\/de\/product\/zehn-rahmen-montessori-zahlen-und-zahlen-spielzeug\/\" \/>\n<meta property=\"og:locale\" content=\"de_DE\" \/>\n<meta property=\"og:type\" content=\"article\" \/>\n<meta property=\"og:title\" content=\"Ten Frame - Montessori-Mathematikmaterial - Woodinout \u00a9\" \/>\n<meta property=\"og:description\" content=\"Zehn Rahmen, handgefertigt aus Massivholz, ist eine Antwort auf unterhaltsames Mathelernen. Montessori-Mathematerial, das als Spielzeug f\u00fcr die unterhaltsame Bildung von Kindern erstellt wurde.\" \/>\n<meta property=\"og:url\" content=\"https:\/\/woodinout.net\/de\/product\/zehn-rahmen-montessori-zahlen-und-zahlen-spielzeug\/\" \/>\n<meta property=\"og:site_name\" content=\"Woodinout \u00a9\" \/>\n<meta property=\"article:modified_time\" content=\"2022-04-28T08:11:12+00:00\" \/>\n<meta property=\"og:image\" content=\"https:\/\/woodinout.net\/wp-content\/uploads\/2020\/06\/Ten-Frame-5.jpg\" \/>\n\t<meta property=\"og:image:width\" content=\"853\" \/>\n\t<meta property=\"og:image:height\" content=\"1280\" \/>\n\t<meta property=\"og:image:type\" content=\"image\/jpeg\" \/>\n<meta name=\"twitter:card\" content=\"summary_large_image\" \/>\n<meta name=\"twitter:label1\" content=\"Gesch\u00e4tzte Lesezeit\" \/>\n\t<meta name=\"twitter:data1\" content=\"1\u00a0Minute\" \/>\n<script type=\"application\/ld+json\" class=\"yoast-schema-graph\">{\"@context\":\"https:\/\/schema.org\",\"@graph\":[{\"@type\":\"WebPage\",\"@id\":\"https:\/\/woodinout.net\/de\/product\/zehn-rahmen-montessori-zahlen-und-zahlen-spielzeug\/\",\"url\":\"https:\/\/woodinout.net\/de\/product\/zehn-rahmen-montessori-zahlen-und-zahlen-spielzeug\/\",\"name\":\"Ten Frame - Montessori-Mathematikmaterial - Woodinout \u00a9\",\"isPartOf\":{\"@id\":\"https:\/\/woodinout.net\/de\/#website\"},\"datePublished\":\"2020-06-29T20:08:33+00:00\",\"dateModified\":\"2022-04-28T08:11:12+00:00\",\"description\":\"Zehn Rahmen, handgefertigt aus Massivholz, ist eine Antwort auf unterhaltsames Mathelernen. Montessori-Mathematerial, das als Spielzeug f\u00fcr die unterhaltsame Bildung von Kindern erstellt wurde.\",\"breadcrumb\":{\"@id\":\"https:\/\/woodinout.net\/de\/product\/zehn-rahmen-montessori-zahlen-und-zahlen-spielzeug\/#breadcrumb\"},\"inLanguage\":\"de\",\"potentialAction\":[{\"@type\":\"ReadAction\",\"target\":[\"https:\/\/woodinout.net\/de\/product\/zehn-rahmen-montessori-zahlen-und-zahlen-spielzeug\/\"]}]},{\"@type\":\"BreadcrumbList\",\"@id\":\"https:\/\/woodinout.net\/de\/product\/zehn-rahmen-montessori-zahlen-und-zahlen-spielzeug\/#breadcrumb\",\"itemListElement\":[{\"@type\":\"ListItem\",\"position\":1,\"name\":\"Home\",\"item\":\"https:\/\/woodinout.net\/de\/\"},{\"@type\":\"ListItem\",\"position\":2,\"name\":\"Shop\",\"item\":\"https:\/\/woodinout.net\/shop\/\"},{\"@type\":\"ListItem\",\"position\":3,\"name\":\"Ten Frame &#8211; Montessori-Mathematikmaterial\"}]},{\"@type\":\"WebSite\",\"@id\":\"https:\/\/woodinout.net\/de\/#website\",\"url\":\"https:\/\/woodinout.net\/de\/\",\"name\":\"Woodinout \u00a9\",\"description\":\"Wooden Montessori toys, gifts, home and events decor details\",\"potentialAction\":[{\"@type\":\"SearchAction\",\"target\":{\"@type\":\"EntryPoint\",\"urlTemplate\":\"https:\/\/woodinout.net\/de\/?s={search_term_string}\"},\"query-input\":\"required name=search_term_string\"}],\"inLanguage\":\"de\"}]}<\/script>\n<!-- \/ Yoast SEO plugin. -->","yoast_head_json":{"title":"Ten Frame - Montessori-Mathematikmaterial - Woodinout \u00a9","description":"Zehn Rahmen, handgefertigt aus Massivholz, ist eine Antwort auf unterhaltsames Mathelernen. Montessori-Mathematerial, das als Spielzeug f\u00fcr die unterhaltsame Bildung von Kindern erstellt wurde.","robots":{"index":"index","follow":"follow","max-snippet":"max-snippet:-1","max-image-preview":"max-image-preview:large","max-video-preview":"max-video-preview:-1"},"canonical":"https:\/\/woodinout.net\/de\/product\/zehn-rahmen-montessori-zahlen-und-zahlen-spielzeug\/","og_locale":"de_DE","og_type":"article","og_title":"Ten Frame - Montessori-Mathematikmaterial - Woodinout \u00a9","og_description":"Zehn Rahmen, handgefertigt aus Massivholz, ist eine Antwort auf unterhaltsames Mathelernen. Montessori-Mathematerial, das als Spielzeug f\u00fcr die unterhaltsame Bildung von Kindern erstellt wurde.","og_url":"https:\/\/woodinout.net\/de\/product\/zehn-rahmen-montessori-zahlen-und-zahlen-spielzeug\/","og_site_name":"Woodinout \u00a9","article_modified_time":"2022-04-28T08:11:12+00:00","og_image":[{"width":853,"height":1280,"url":"https:\/\/woodinout.net\/wp-content\/uploads\/2020\/06\/Ten-Frame-5.jpg","type":"image\/jpeg"}],"twitter_card":"summary_large_image","twitter_misc":{"Gesch\u00e4tzte Lesezeit":"1\u00a0Minute"},"schema":{"@context":"https:\/\/schema.org","@graph":[{"@type":"WebPage","@id":"https:\/\/woodinout.net\/de\/product\/zehn-rahmen-montessori-zahlen-und-zahlen-spielzeug\/","url":"https:\/\/woodinout.net\/de\/product\/zehn-rahmen-montessori-zahlen-und-zahlen-spielzeug\/","name":"Ten Frame - Montessori-Mathematikmaterial - Woodinout \u00a9","isPartOf":{"@id":"https:\/\/woodinout.net\/de\/#website"},"datePublished":"2020-06-29T20:08:33+00:00","dateModified":"2022-04-28T08:11:12+00:00","description":"Zehn Rahmen, handgefertigt aus Massivholz, ist eine Antwort auf unterhaltsames Mathelernen. Montessori-Mathematerial, das als Spielzeug f\u00fcr die unterhaltsame Bildung von Kindern erstellt wurde.","breadcrumb":{"@id":"https:\/\/woodinout.net\/de\/product\/zehn-rahmen-montessori-zahlen-und-zahlen-spielzeug\/#breadcrumb"},"inLanguage":"de","potentialAction":[{"@type":"ReadAction","target":["https:\/\/woodinout.net\/de\/product\/zehn-rahmen-montessori-zahlen-und-zahlen-spielzeug\/"]}]},{"@type":"BreadcrumbList","@id":"https:\/\/woodinout.net\/de\/product\/zehn-rahmen-montessori-zahlen-und-zahlen-spielzeug\/#breadcrumb","itemListElement":[{"@type":"ListItem","position":1,"name":"Home","item":"https:\/\/woodinout.net\/de\/"},{"@type":"ListItem","position":2,"name":"Shop","item":"https:\/\/woodinout.net\/shop\/"},{"@type":"ListItem","position":3,"name":"Ten Frame &#8211; Montessori-Mathematikmaterial"}]},{"@type":"WebSite","@id":"https:\/\/woodinout.net\/de\/#website","url":"https:\/\/woodinout.net\/de\/","name":"Woodinout \u00a9","description":"Wooden Montessori toys, gifts, home and events decor details","potentialAction":[{"@type":"SearchAction","target":{"@type":"EntryPoint","urlTemplate":"https:\/\/woodinout.net\/de\/?s={search_term_string}"},"query-input":"required name=search_term_string"}],"inLanguage":"de"}]}},"_links":{"self":[{"href":"https:\/\/woodinout.net\/de\/wp-json\/wp\/v2\/product\/21418"}],"collection":[{"href":"https:\/\/woodinout.net\/de\/wp-json\/wp\/v2\/product"}],"about":[{"href":"https:\/\/woodinout.net\/de\/wp-json\/wp\/v2\/types\/product"}],"wp:featuredmedia":[{"embeddable":true,"href":"https:\/\/woodinout.net\/de\/wp-json\/wp\/v2\/media\/18232"}],"wp:attachment":[{"href":"https:\/\/woodinout.net\/de\/wp-json\/wp\/v2\/media?parent=21418"}],"wp:term":[{"taxonomy":"product_cat","embeddable":true,"href":"https:\/\/woodinout.net\/de\/wp-json\/wp\/v2\/product_cat?post=21418"},{"taxonomy":"product_tag","embeddable":true,"href":"https:\/\/woodinout.net\/de\/wp-json\/wp\/v2\/product_tag?post=21418"}],"curies":[{"name":"wp","href":"https:\/\/api.w.org\/{rel}","templated":true}]}}