{"id":21417,"date":"2020-06-30T23:23:12","date_gmt":"2020-06-30T20:23:12","guid":{"rendered":"https:\/\/woodinout.net\/product\/hoelzerne-objektzaehlkarten\/"},"modified":"2022-04-22T12:26:59","modified_gmt":"2022-04-22T09:26:59","slug":"holz-zahl-objekt-blocke","status":"publish","type":"product","link":"https:\/\/woodinout.net\/de\/product\/holz-zahl-objekt-blocke\/","title":{"rendered":"H\u00f6lzerne Objektz\u00e4hlkarten"},"content":{"rendered":"<h1>H\u00f6lzerne Objektz\u00e4hlkarten<\/h1>\n<p>ist eine unterhaltsame und einfache Art, Mathematik, Zahlen und Z\u00e4hlen zu unterrichten. Objektmengenbilder auf Montessori-inspirierten Holzbl\u00f6cken helfen, Zahlen und Z\u00e4hlen zu visualisieren. Ein Marienk\u00e4fer.. Drei B\u00e4lle .. ZEHN&#8230;??? Objektz\u00e4hlkarten werden auch dazu beitragen, das Vokabular Ihres Kleinkindes auf die interessanteste Weise zu entwickeln. Das Z\u00e4hlen mit 10 verschiedenen Bildern ist viel spannender. Kompatibel mit unseren Lernspielen, die wir lieber als  <a href=\"http:\/\/woodinout.net\/product-tag\/math-manipulatives\/\">mathematische Manipulative<\/a> wie zehn Frame 2&#215;5 oder 3&#215;5.<\/p>\n<p>Eines der wertvollsten Mathe-Geschenke f\u00fcr Kinder, die Sie bekommen k\u00f6nnen &#8211; unsere h\u00f6lzernen Lernspielzeuge werden mit Liebe und Leidenschaft hergestellt. HANDGEFERTIGT aus hochwertigen Materialien sind unsere Holzspielzeuge sicher zu ber\u00fchren, zu spielen, zu f\u00fchlen, sogar zu schmecken!<\/p>\n<p>Kit enth\u00e4lt aus:<br \/>\n10 Stk. Sperrholzkarten mit unterschiedlicher Anzahl von Symbolen<\/p>\n<p>DIMENSIONEN<\/p>\n<p>H\u00f6he: ~ 1,8 Zoll<br \/>\nL\u00e4nge: ~ 1,8 Zoll<br \/>\nDicke: ~ 0,12 Zoll<\/p>\n<p>FARBEN UND MATERIAL<br \/>\nFarbe: nat\u00fcrlich.<br \/>\nSpielzeug ist aus Sperrholz.<br \/>\nBitte beachten Sie, dass die Farben aufgrund der Einstellungen und der Beleuchtung des Computermonitors variieren k\u00f6nnen.<\/p>\n<div style=\"width: 1080px;\" class=\"wp-video\"><!--[if lt IE 9]><script>document.createElement('video');<\/script><![endif]-->\n<video class=\"wp-video-shortcode\" id=\"video-21417-1\" width=\"1080\" height=\"810\" preload=\"metadata\" controls=\"controls\"><source type=\"video\/mp4\" src=\"http:\/\/woodinout.net\/wp-content\/uploads\/2020\/06\/MEDINIS_5.mp4?_=1\" \/><a href=\"http:\/\/woodinout.net\/wp-content\/uploads\/2020\/06\/MEDINIS_5.mp4\">http:\/\/woodinout.net\/wp-content\/uploads\/2020\/06\/MEDINIS_5.mp4<\/a><\/video><\/div>\n","protected":false},"excerpt":{"rendered":"<p>H\u00f6lzerne Objektz\u00e4hlkarten ist eine unterhaltsame und einfache Art, Mathematik, Zahlen und Z\u00e4hlen zu unterrichten. Objektmengenbilder auf Montessori-inspirierten Holzbl\u00f6cken helfen, Zahlen und Z\u00e4hlen zu visualisieren. Ein Marienk\u00e4fer.. Drei B\u00e4lle .. ZEHN&#8230;??? Objektz\u00e4hlkarten werden auch dazu beitragen, das Vokabular Ihres Kleinkindes auf die interessanteste Weise zu entwickeln. Das Z\u00e4hlen mit 10 verschiedenen Bildern ist viel spannender. Kompatibel [&hellip;]<\/p>\n","protected":false},"featured_media":18352,"template":"","meta":{"_monsterinsights_skip_tracking":false,"_monsterinsights_sitenote_active":false,"_monsterinsights_sitenote_note":"","_monsterinsights_sitenote_category":0},"product_cat":[1355,1362],"product_tag":[1381,1358,1367,1368,1366,1361,1360,1371,1363,1372],"yoast_head":"<!-- This site is optimized with the Yoast SEO plugin v22.1 - https:\/\/yoast.com\/wordpress\/plugins\/seo\/ -->\n<title>H\u00f6lzerne Objektz\u00e4hlkarten - Woodinout \u00a9 Montessori Spielzeug<\/title>\n<meta name=\"description\" content=\"Bringen Sie Kindern Mathematik, Zahlen und Z\u00e4hlen auf unterhaltsame Weise bei. Entwickeln Sie auch kleinkindliches Vokabular und spielen Sie mit stilvollen handgefertigten Holzbl\u00f6cken.\" \/>\n<meta name=\"robots\" content=\"index, follow, max-snippet:-1, max-image-preview:large, max-video-preview:-1\" \/>\n<link rel=\"canonical\" href=\"https:\/\/woodinout.net\/de\/product\/holz-zahl-objekt-blocke\/\" \/>\n<meta property=\"og:locale\" content=\"de_DE\" \/>\n<meta property=\"og:type\" content=\"article\" \/>\n<meta property=\"og:title\" content=\"H\u00f6lzerne Objektz\u00e4hlkarten - Woodinout \u00a9 Montessori Spielzeug\" \/>\n<meta property=\"og:description\" content=\"Bringen Sie Kindern Mathematik, Zahlen und Z\u00e4hlen auf unterhaltsame Weise bei. Entwickeln Sie auch kleinkindliches Vokabular und spielen Sie mit stilvollen handgefertigten Holzbl\u00f6cken.\" \/>\n<meta property=\"og:url\" content=\"https:\/\/woodinout.net\/de\/product\/holz-zahl-objekt-blocke\/\" \/>\n<meta property=\"og:site_name\" content=\"Woodinout \u00a9\" \/>\n<meta property=\"article:modified_time\" content=\"2022-04-22T09:26:59+00:00\" \/>\n<meta property=\"og:image\" content=\"https:\/\/woodinout.net\/wp-content\/uploads\/2020\/06\/Montessori-math-gifts-Numbers-and-Counting-1.jpg\" \/>\n\t<meta property=\"og:image:width\" content=\"853\" \/>\n\t<meta property=\"og:image:height\" content=\"1280\" \/>\n\t<meta property=\"og:image:type\" content=\"image\/jpeg\" \/>\n<meta name=\"twitter:card\" content=\"summary_large_image\" \/>\n<meta name=\"twitter:label1\" content=\"Gesch\u00e4tzte Lesezeit\" \/>\n\t<meta name=\"twitter:data1\" content=\"1\u00a0Minute\" \/>\n<script type=\"application\/ld+json\" class=\"yoast-schema-graph\">{\"@context\":\"https:\/\/schema.org\",\"@graph\":[{\"@type\":\"WebPage\",\"@id\":\"https:\/\/woodinout.net\/de\/product\/holz-zahl-objekt-blocke\/\",\"url\":\"https:\/\/woodinout.net\/de\/product\/holz-zahl-objekt-blocke\/\",\"name\":\"H\u00f6lzerne Objektz\u00e4hlkarten - Woodinout \u00a9 Montessori Spielzeug\",\"isPartOf\":{\"@id\":\"https:\/\/woodinout.net\/de\/#website\"},\"datePublished\":\"2020-06-30T20:23:12+00:00\",\"dateModified\":\"2022-04-22T09:26:59+00:00\",\"description\":\"Bringen Sie Kindern Mathematik, Zahlen und Z\u00e4hlen auf unterhaltsame Weise bei. Entwickeln Sie auch kleinkindliches Vokabular und spielen Sie mit stilvollen handgefertigten Holzbl\u00f6cken.\",\"breadcrumb\":{\"@id\":\"https:\/\/woodinout.net\/de\/product\/holz-zahl-objekt-blocke\/#breadcrumb\"},\"inLanguage\":\"de\",\"potentialAction\":[{\"@type\":\"ReadAction\",\"target\":[\"https:\/\/woodinout.net\/de\/product\/holz-zahl-objekt-blocke\/\"]}]},{\"@type\":\"BreadcrumbList\",\"@id\":\"https:\/\/woodinout.net\/de\/product\/holz-zahl-objekt-blocke\/#breadcrumb\",\"itemListElement\":[{\"@type\":\"ListItem\",\"position\":1,\"name\":\"Home\",\"item\":\"https:\/\/woodinout.net\/de\/\"},{\"@type\":\"ListItem\",\"position\":2,\"name\":\"Shop\",\"item\":\"https:\/\/woodinout.net\/shop\/\"},{\"@type\":\"ListItem\",\"position\":3,\"name\":\"H\u00f6lzerne Objektz\u00e4hlkarten\"}]},{\"@type\":\"WebSite\",\"@id\":\"https:\/\/woodinout.net\/de\/#website\",\"url\":\"https:\/\/woodinout.net\/de\/\",\"name\":\"Woodinout \u00a9\",\"description\":\"Wooden Montessori toys, gifts, home and events decor details\",\"potentialAction\":[{\"@type\":\"SearchAction\",\"target\":{\"@type\":\"EntryPoint\",\"urlTemplate\":\"https:\/\/woodinout.net\/de\/?s={search_term_string}\"},\"query-input\":\"required name=search_term_string\"}],\"inLanguage\":\"de\"}]}<\/script>\n<!-- \/ Yoast SEO plugin. -->","yoast_head_json":{"title":"H\u00f6lzerne Objektz\u00e4hlkarten - Woodinout \u00a9 Montessori Spielzeug","description":"Bringen Sie Kindern Mathematik, Zahlen und Z\u00e4hlen auf unterhaltsame Weise bei. Entwickeln Sie auch kleinkindliches Vokabular und spielen Sie mit stilvollen handgefertigten Holzbl\u00f6cken.","robots":{"index":"index","follow":"follow","max-snippet":"max-snippet:-1","max-image-preview":"max-image-preview:large","max-video-preview":"max-video-preview:-1"},"canonical":"https:\/\/woodinout.net\/de\/product\/holz-zahl-objekt-blocke\/","og_locale":"de_DE","og_type":"article","og_title":"H\u00f6lzerne Objektz\u00e4hlkarten - Woodinout \u00a9 Montessori Spielzeug","og_description":"Bringen Sie Kindern Mathematik, Zahlen und Z\u00e4hlen auf unterhaltsame Weise bei. Entwickeln Sie auch kleinkindliches Vokabular und spielen Sie mit stilvollen handgefertigten Holzbl\u00f6cken.","og_url":"https:\/\/woodinout.net\/de\/product\/holz-zahl-objekt-blocke\/","og_site_name":"Woodinout \u00a9","article_modified_time":"2022-04-22T09:26:59+00:00","og_image":[{"width":853,"height":1280,"url":"https:\/\/woodinout.net\/wp-content\/uploads\/2020\/06\/Montessori-math-gifts-Numbers-and-Counting-1.jpg","type":"image\/jpeg"}],"twitter_card":"summary_large_image","twitter_misc":{"Gesch\u00e4tzte Lesezeit":"1\u00a0Minute"},"schema":{"@context":"https:\/\/schema.org","@graph":[{"@type":"WebPage","@id":"https:\/\/woodinout.net\/de\/product\/holz-zahl-objekt-blocke\/","url":"https:\/\/woodinout.net\/de\/product\/holz-zahl-objekt-blocke\/","name":"H\u00f6lzerne Objektz\u00e4hlkarten - Woodinout \u00a9 Montessori Spielzeug","isPartOf":{"@id":"https:\/\/woodinout.net\/de\/#website"},"datePublished":"2020-06-30T20:23:12+00:00","dateModified":"2022-04-22T09:26:59+00:00","description":"Bringen Sie Kindern Mathematik, Zahlen und Z\u00e4hlen auf unterhaltsame Weise bei. Entwickeln Sie auch kleinkindliches Vokabular und spielen Sie mit stilvollen handgefertigten Holzbl\u00f6cken.","breadcrumb":{"@id":"https:\/\/woodinout.net\/de\/product\/holz-zahl-objekt-blocke\/#breadcrumb"},"inLanguage":"de","potentialAction":[{"@type":"ReadAction","target":["https:\/\/woodinout.net\/de\/product\/holz-zahl-objekt-blocke\/"]}]},{"@type":"BreadcrumbList","@id":"https:\/\/woodinout.net\/de\/product\/holz-zahl-objekt-blocke\/#breadcrumb","itemListElement":[{"@type":"ListItem","position":1,"name":"Home","item":"https:\/\/woodinout.net\/de\/"},{"@type":"ListItem","position":2,"name":"Shop","item":"https:\/\/woodinout.net\/shop\/"},{"@type":"ListItem","position":3,"name":"H\u00f6lzerne Objektz\u00e4hlkarten"}]},{"@type":"WebSite","@id":"https:\/\/woodinout.net\/de\/#website","url":"https:\/\/woodinout.net\/de\/","name":"Woodinout \u00a9","description":"Wooden Montessori toys, gifts, home and events decor details","potentialAction":[{"@type":"SearchAction","target":{"@type":"EntryPoint","urlTemplate":"https:\/\/woodinout.net\/de\/?s={search_term_string}"},"query-input":"required name=search_term_string"}],"inLanguage":"de"}]}},"_links":{"self":[{"href":"https:\/\/woodinout.net\/de\/wp-json\/wp\/v2\/product\/21417"}],"collection":[{"href":"https:\/\/woodinout.net\/de\/wp-json\/wp\/v2\/product"}],"about":[{"href":"https:\/\/woodinout.net\/de\/wp-json\/wp\/v2\/types\/product"}],"wp:featuredmedia":[{"embeddable":true,"href":"https:\/\/woodinout.net\/de\/wp-json\/wp\/v2\/media\/18352"}],"wp:attachment":[{"href":"https:\/\/woodinout.net\/de\/wp-json\/wp\/v2\/media?parent=21417"}],"wp:term":[{"taxonomy":"product_cat","embeddable":true,"href":"https:\/\/woodinout.net\/de\/wp-json\/wp\/v2\/product_cat?post=21417"},{"taxonomy":"product_tag","embeddable":true,"href":"https:\/\/woodinout.net\/de\/wp-json\/wp\/v2\/product_tag?post=21417"}],"curies":[{"name":"wp","href":"https:\/\/api.w.org\/{rel}","templated":true}]}}