{"id":21407,"date":"2020-06-23T21:39:46","date_gmt":"2020-06-23T18:39:46","guid":{"rendered":"https:\/\/woodinout.net\/product\/junior-scrabble-boards-kit\/"},"modified":"2022-04-28T09:49:42","modified_gmt":"2022-04-28T06:49:42","slug":"scrabble-board-mit-alphabet-kacheln","status":"publish","type":"product","link":"https:\/\/woodinout.net\/de\/product\/scrabble-board-mit-alphabet-kacheln\/","title":{"rendered":"Junior Scrabble Boards Kit"},"content":{"rendered":"<p>Wir pr\u00e4sentieren Ihnen ein Scrabble-Board mit Alphabet-Kacheln. Dieses Scrabble-Spiel ist das perfekte Familiengeschenk f\u00fcr wertvolle Familienzeit zusammen. F\u00fcgen Sie benutzerdefinierten Text auf der R\u00fcckseite hinzu und los geht&#8217;s Ein personalisiertes Geschenk. Scrabble Tiles Spiel ist eines der beliebtesten Wort lernspielzeug in der Welt. Werden Sie kreativ auf dem Scrabble-Board und verbinden Sie Alphabetbl\u00f6cke zu Holzw\u00f6rtern. Holzbuchstaben abc Holzblock bringt Sie in die Welt der W\u00f6rter, lass uns JETZT zusammen gehen! Schlie\u00dfen Sie sich der Familie der gl\u00fccklichen Kunden bei Woodinout an! Holzspielzeug ist das, was wir tun!<\/p>\n<p>Kit enth\u00e4lt aus:<br \/>\n3 Scrabble-Boards: 3 \/ 4 \/ 5 Brieff\u00e4cher<\/p>\n<p>Sie k\u00f6nnen aus 5 OPTIONEN w\u00e4hlen:<br \/>\nA: Nur 3 verschiedene Gr\u00f6\u00dfenf\u00e4cher<br \/>\nB: 26 Stk. Holzsperrholz Briefkarten, Abmessung: ~ 1,8 x 1,8 Zoll, Dicke ~ 0,12 Zoll<br \/>\nC: 2&#215;26 Stk. Holzsperrholz Briefkarten, Abmessung: ~ 1,8 x 1,8 Zoll, Dicke ~ 0,12 Zoll<br \/>\nT: 26 Stk. NATURAL WOOD Buchstabenbl\u00f6cke, Abmessung: ~ 1,8 x 1,8 Zoll, Dicke ~ 0,6 Zoll<br \/>\nE: 2&#215;26 Stk. NATURAL WOOD Buchstabenbl\u00f6cke, Abmessung: ~ 1,8 x 1,8 Zoll, Dicke ~ 0,6 Zoll<\/p>\n<p>ABMESSUNGEN DER PLATINEN<br \/>\n2.75&#215;7.5 \/ 2.75&#215;9.8 \/2.75&#215;12 Zoll<br \/>\nDicke: ~ 0,6 Zoll<\/p>\n<p>FARBEN UND MATERIAL<br \/>\nBOARD Farbe: natur oder braun ge\u00f6lt. Karten\/Bl\u00f6cke nur nat\u00fcrliche Farbe.<br \/>\nBoard ist aus NAT\u00dcRLICHEM MASSIVHOLZ gefertigt.<br \/>\nBitte beachten Sie, dass die Farben aufgrund der Einstellungen und der Beleuchtung des Computermonitors variieren k\u00f6nnen.<\/p>\n","protected":false},"excerpt":{"rendered":"<p>Wir pr\u00e4sentieren Ihnen ein Scrabble-Board mit Alphabet-Kacheln. Dieses Scrabble-Spiel ist das perfekte Familiengeschenk f\u00fcr wertvolle Familienzeit zusammen. F\u00fcgen Sie benutzerdefinierten Text auf der R\u00fcckseite hinzu und los geht&#8217;s Ein personalisiertes Geschenk. Scrabble Tiles Spiel ist eines der beliebtesten Wort lernspielzeug in der Welt. Werden Sie kreativ auf dem Scrabble-Board und verbinden Sie Alphabetbl\u00f6cke zu Holzw\u00f6rtern. [&hellip;]<\/p>\n","protected":false},"featured_media":17960,"template":"","meta":{"_monsterinsights_skip_tracking":false,"_monsterinsights_sitenote_active":false,"_monsterinsights_sitenote_note":"","_monsterinsights_sitenote_category":0},"product_cat":[1355,1405],"product_tag":[1358,2129,1367,1368,1366,1361,1360,1363,1412,1413,2128],"yoast_head":"<!-- This site is optimized with the Yoast SEO plugin v22.1 - https:\/\/yoast.com\/wordpress\/plugins\/seo\/ -->\n<title>Junior Scrabble Boards Kit - Woodinout \u00a9 Rechtschreibspiele<\/title>\n<meta name=\"description\" content=\"Junior Scrabble BrettSchreibspiel - f\u00fcr wertvolle Familienzeit mit Ihren Kindern. Handgefertigtes und umweltfreundliches Lernspielzeug von Woodinout.\" \/>\n<meta name=\"robots\" content=\"index, follow, max-snippet:-1, max-image-preview:large, max-video-preview:-1\" \/>\n<link rel=\"canonical\" href=\"https:\/\/woodinout.net\/de\/product\/scrabble-board-mit-alphabet-kacheln\/\" \/>\n<meta property=\"og:locale\" content=\"de_DE\" \/>\n<meta property=\"og:type\" content=\"article\" \/>\n<meta property=\"og:title\" content=\"Junior Scrabble Boards Kit - Woodinout \u00a9 Rechtschreibspiele\" \/>\n<meta property=\"og:description\" content=\"Junior Scrabble BrettSchreibspiel - f\u00fcr wertvolle Familienzeit mit Ihren Kindern. Handgefertigtes und umweltfreundliches Lernspielzeug von Woodinout.\" \/>\n<meta property=\"og:url\" content=\"https:\/\/woodinout.net\/de\/product\/scrabble-board-mit-alphabet-kacheln\/\" \/>\n<meta property=\"og:site_name\" content=\"Woodinout \u00a9\" \/>\n<meta property=\"article:modified_time\" content=\"2022-04-28T06:49:42+00:00\" \/>\n<meta property=\"og:image\" content=\"https:\/\/woodinout.net\/wp-content\/uploads\/2020\/06\/Scrabble-board-with-alphabet-tiles-3.jpg\" \/>\n\t<meta property=\"og:image:width\" content=\"853\" \/>\n\t<meta property=\"og:image:height\" content=\"1280\" \/>\n\t<meta property=\"og:image:type\" content=\"image\/jpeg\" \/>\n<meta name=\"twitter:card\" content=\"summary_large_image\" \/>\n<meta name=\"twitter:label1\" content=\"Gesch\u00e4tzte Lesezeit\" \/>\n\t<meta name=\"twitter:data1\" content=\"1\u00a0Minute\" \/>\n<script type=\"application\/ld+json\" class=\"yoast-schema-graph\">{\"@context\":\"https:\/\/schema.org\",\"@graph\":[{\"@type\":\"WebPage\",\"@id\":\"https:\/\/woodinout.net\/de\/product\/scrabble-board-mit-alphabet-kacheln\/\",\"url\":\"https:\/\/woodinout.net\/de\/product\/scrabble-board-mit-alphabet-kacheln\/\",\"name\":\"Junior Scrabble Boards Kit - Woodinout \u00a9 Rechtschreibspiele\",\"isPartOf\":{\"@id\":\"https:\/\/woodinout.net\/de\/#website\"},\"datePublished\":\"2020-06-23T18:39:46+00:00\",\"dateModified\":\"2022-04-28T06:49:42+00:00\",\"description\":\"Junior Scrabble BrettSchreibspiel - f\u00fcr wertvolle Familienzeit mit Ihren Kindern. Handgefertigtes und umweltfreundliches Lernspielzeug von Woodinout.\",\"breadcrumb\":{\"@id\":\"https:\/\/woodinout.net\/de\/product\/scrabble-board-mit-alphabet-kacheln\/#breadcrumb\"},\"inLanguage\":\"de\",\"potentialAction\":[{\"@type\":\"ReadAction\",\"target\":[\"https:\/\/woodinout.net\/de\/product\/scrabble-board-mit-alphabet-kacheln\/\"]}]},{\"@type\":\"BreadcrumbList\",\"@id\":\"https:\/\/woodinout.net\/de\/product\/scrabble-board-mit-alphabet-kacheln\/#breadcrumb\",\"itemListElement\":[{\"@type\":\"ListItem\",\"position\":1,\"name\":\"Home\",\"item\":\"https:\/\/woodinout.net\/de\/\"},{\"@type\":\"ListItem\",\"position\":2,\"name\":\"Shop\",\"item\":\"https:\/\/woodinout.net\/shop\/\"},{\"@type\":\"ListItem\",\"position\":3,\"name\":\"Junior Scrabble Boards Kit\"}]},{\"@type\":\"WebSite\",\"@id\":\"https:\/\/woodinout.net\/de\/#website\",\"url\":\"https:\/\/woodinout.net\/de\/\",\"name\":\"Woodinout \u00a9\",\"description\":\"Wooden Montessori toys, gifts, home and events decor details\",\"potentialAction\":[{\"@type\":\"SearchAction\",\"target\":{\"@type\":\"EntryPoint\",\"urlTemplate\":\"https:\/\/woodinout.net\/de\/?s={search_term_string}\"},\"query-input\":\"required name=search_term_string\"}],\"inLanguage\":\"de\"}]}<\/script>\n<!-- \/ Yoast SEO plugin. -->","yoast_head_json":{"title":"Junior Scrabble Boards Kit - Woodinout \u00a9 Rechtschreibspiele","description":"Junior Scrabble BrettSchreibspiel - f\u00fcr wertvolle Familienzeit mit Ihren Kindern. Handgefertigtes und umweltfreundliches Lernspielzeug von Woodinout.","robots":{"index":"index","follow":"follow","max-snippet":"max-snippet:-1","max-image-preview":"max-image-preview:large","max-video-preview":"max-video-preview:-1"},"canonical":"https:\/\/woodinout.net\/de\/product\/scrabble-board-mit-alphabet-kacheln\/","og_locale":"de_DE","og_type":"article","og_title":"Junior Scrabble Boards Kit - Woodinout \u00a9 Rechtschreibspiele","og_description":"Junior Scrabble BrettSchreibspiel - f\u00fcr wertvolle Familienzeit mit Ihren Kindern. Handgefertigtes und umweltfreundliches Lernspielzeug von Woodinout.","og_url":"https:\/\/woodinout.net\/de\/product\/scrabble-board-mit-alphabet-kacheln\/","og_site_name":"Woodinout \u00a9","article_modified_time":"2022-04-28T06:49:42+00:00","og_image":[{"width":853,"height":1280,"url":"https:\/\/woodinout.net\/wp-content\/uploads\/2020\/06\/Scrabble-board-with-alphabet-tiles-3.jpg","type":"image\/jpeg"}],"twitter_card":"summary_large_image","twitter_misc":{"Gesch\u00e4tzte Lesezeit":"1\u00a0Minute"},"schema":{"@context":"https:\/\/schema.org","@graph":[{"@type":"WebPage","@id":"https:\/\/woodinout.net\/de\/product\/scrabble-board-mit-alphabet-kacheln\/","url":"https:\/\/woodinout.net\/de\/product\/scrabble-board-mit-alphabet-kacheln\/","name":"Junior Scrabble Boards Kit - Woodinout \u00a9 Rechtschreibspiele","isPartOf":{"@id":"https:\/\/woodinout.net\/de\/#website"},"datePublished":"2020-06-23T18:39:46+00:00","dateModified":"2022-04-28T06:49:42+00:00","description":"Junior Scrabble BrettSchreibspiel - f\u00fcr wertvolle Familienzeit mit Ihren Kindern. Handgefertigtes und umweltfreundliches Lernspielzeug von Woodinout.","breadcrumb":{"@id":"https:\/\/woodinout.net\/de\/product\/scrabble-board-mit-alphabet-kacheln\/#breadcrumb"},"inLanguage":"de","potentialAction":[{"@type":"ReadAction","target":["https:\/\/woodinout.net\/de\/product\/scrabble-board-mit-alphabet-kacheln\/"]}]},{"@type":"BreadcrumbList","@id":"https:\/\/woodinout.net\/de\/product\/scrabble-board-mit-alphabet-kacheln\/#breadcrumb","itemListElement":[{"@type":"ListItem","position":1,"name":"Home","item":"https:\/\/woodinout.net\/de\/"},{"@type":"ListItem","position":2,"name":"Shop","item":"https:\/\/woodinout.net\/shop\/"},{"@type":"ListItem","position":3,"name":"Junior Scrabble Boards Kit"}]},{"@type":"WebSite","@id":"https:\/\/woodinout.net\/de\/#website","url":"https:\/\/woodinout.net\/de\/","name":"Woodinout \u00a9","description":"Wooden Montessori toys, gifts, home and events decor details","potentialAction":[{"@type":"SearchAction","target":{"@type":"EntryPoint","urlTemplate":"https:\/\/woodinout.net\/de\/?s={search_term_string}"},"query-input":"required name=search_term_string"}],"inLanguage":"de"}]}},"_links":{"self":[{"href":"https:\/\/woodinout.net\/de\/wp-json\/wp\/v2\/product\/21407"}],"collection":[{"href":"https:\/\/woodinout.net\/de\/wp-json\/wp\/v2\/product"}],"about":[{"href":"https:\/\/woodinout.net\/de\/wp-json\/wp\/v2\/types\/product"}],"wp:featuredmedia":[{"embeddable":true,"href":"https:\/\/woodinout.net\/de\/wp-json\/wp\/v2\/media\/17960"}],"wp:attachment":[{"href":"https:\/\/woodinout.net\/de\/wp-json\/wp\/v2\/media?parent=21407"}],"wp:term":[{"taxonomy":"product_cat","embeddable":true,"href":"https:\/\/woodinout.net\/de\/wp-json\/wp\/v2\/product_cat?post=21407"},{"taxonomy":"product_tag","embeddable":true,"href":"https:\/\/woodinout.net\/de\/wp-json\/wp\/v2\/product_tag?post=21407"}],"curies":[{"name":"wp","href":"https:\/\/api.w.org\/{rel}","templated":true}]}}