{"id":21404,"date":"2020-06-30T23:26:21","date_gmt":"2020-06-30T20:26:21","guid":{"rendered":"https:\/\/woodinout.net\/product\/holzheringe-fuer-montessori-spielzeug\/"},"modified":"2020-06-30T23:26:21","modified_gmt":"2020-06-30T20:26:21","slug":"holz-stecker-pegboard-heringe","status":"publish","type":"product","link":"https:\/\/woodinout.net\/de\/product\/holz-stecker-pegboard-heringe\/","title":{"rendered":"Holzheringe f\u00fcr Montessori-Spielzeug"},"content":{"rendered":"<p>Nat\u00fcrliche Holzheringe, die von Kindern geliebt werden. Holzstecker oder einfach Holzstifte sind eines der beliebtesten Montessori-Spielzeuge. Verwenden Sie es in <a href=\"http:\/\/woodinout.net\/product\/unique-sand-tray-by-montessori-waldorf-toys\/\">Sandtablett<\/a>, Spielteig, Holz- oder Steinperlen &#8211; Kinder werden definitiv finden, wo sie sie stecken k\u00f6nnen, lassen Sie einfach ihrer Fantasie freien Lauf! UNSERE p\u00e4dagogischen Sinnesspielzeuge sind HANDGEFERTIGT, umweltfreundlich und sicher zum Spielen. Spielheringe so einfach, dass sie so wertvoll aussehen, wie sie sind! Z\u00e4hlen Sie sie, stecken Sie sie ein, sortieren Sie sie, f\u00e4rben Sie sie! Werden Sie kreativ und bleiben Sie nat\u00fcrlich mit Holzspielzeug.<\/p>\n<p>Kit &#8211; 10 Holzheringe<\/p>\n<p>DIMENSIONEN<\/p>\n<p>Kleine Stifte L\u00e4nge 0,35 Zoll<br \/>\nGro\u00dfe Stifte L\u00e4nge 1,2 Zoll<\/p>\n<p>FARBEN UND MATERIAL<br \/>\nFarbe: natur<br \/>\nSpielzeug ist aus nat\u00fcrlichem HOLZ gefertigt.<br \/>\nBitte beachten Sie, dass die Farben aufgrund der Einstellungen und der Beleuchtung des Computermonitors variieren k\u00f6nnen.<\/p>\n","protected":false},"excerpt":{"rendered":"<p>Nat\u00fcrliche Holzheringe, die von Kindern geliebt werden. Holzstecker oder einfach Holzstifte sind eines der beliebtesten Montessori-Spielzeuge. Verwenden Sie es in Sandtablett, Spielteig, Holz- oder Steinperlen &#8211; Kinder werden definitiv finden, wo sie sie stecken k\u00f6nnen, lassen Sie einfach ihrer Fantasie freien Lauf! UNSERE p\u00e4dagogischen Sinnesspielzeuge sind HANDGEFERTIGT, umweltfreundlich und sicher zum Spielen. Spielheringe so einfach, [&hellip;]<\/p>\n","protected":false},"featured_media":18368,"template":"","meta":{"_monsterinsights_skip_tracking":false,"_monsterinsights_sitenote_active":false,"_monsterinsights_sitenote_note":"","_monsterinsights_sitenote_category":0},"product_cat":[1355,1362],"product_tag":[2136,1358,2134,1367,1368,1366,1361,1360,1363,2137],"yoast_head":"<!-- This site is optimized with the Yoast SEO plugin v22.1 - https:\/\/yoast.com\/wordpress\/plugins\/seo\/ -->\n<title>Holzheringe f\u00fcr Montessori-Spielzeug - Woodinout \u00a9 Holzspielzeug<\/title>\n<meta name=\"description\" content=\"Holzstifte so einfach wie wertvoll sind sie! Z\u00e4hlen Sie sie, stecken Sie sie ein, sortieren Sie sie, f\u00e4rben Sie sie! Werden Sie kreativ und bleiben Sie nat\u00fcrlich mit Holzspielzeug.\" \/>\n<meta name=\"robots\" content=\"index, follow, max-snippet:-1, max-image-preview:large, max-video-preview:-1\" \/>\n<link rel=\"canonical\" href=\"https:\/\/woodinout.net\/de\/product\/holz-stecker-pegboard-heringe\/\" \/>\n<meta property=\"og:locale\" content=\"de_DE\" \/>\n<meta property=\"og:type\" content=\"article\" \/>\n<meta property=\"og:title\" content=\"Holzheringe f\u00fcr Montessori-Spielzeug - Woodinout \u00a9 Holzspielzeug\" \/>\n<meta property=\"og:description\" content=\"Holzstifte so einfach wie wertvoll sind sie! Z\u00e4hlen Sie sie, stecken Sie sie ein, sortieren Sie sie, f\u00e4rben Sie sie! Werden Sie kreativ und bleiben Sie nat\u00fcrlich mit Holzspielzeug.\" \/>\n<meta property=\"og:url\" content=\"https:\/\/woodinout.net\/de\/product\/holz-stecker-pegboard-heringe\/\" \/>\n<meta property=\"og:site_name\" content=\"Woodinout \u00a9\" \/>\n<meta property=\"og:image\" content=\"https:\/\/woodinout.net\/wp-content\/uploads\/2020\/06\/Pegboard-pegs-1.jpg\" \/>\n\t<meta property=\"og:image:width\" content=\"853\" \/>\n\t<meta property=\"og:image:height\" content=\"1280\" \/>\n\t<meta property=\"og:image:type\" content=\"image\/jpeg\" \/>\n<meta name=\"twitter:card\" content=\"summary_large_image\" \/>\n<meta name=\"twitter:label1\" content=\"Gesch\u00e4tzte Lesezeit\" \/>\n\t<meta name=\"twitter:data1\" content=\"1\u00a0Minute\" \/>\n<script type=\"application\/ld+json\" class=\"yoast-schema-graph\">{\"@context\":\"https:\/\/schema.org\",\"@graph\":[{\"@type\":\"WebPage\",\"@id\":\"https:\/\/woodinout.net\/de\/product\/holz-stecker-pegboard-heringe\/\",\"url\":\"https:\/\/woodinout.net\/de\/product\/holz-stecker-pegboard-heringe\/\",\"name\":\"Holzheringe f\u00fcr Montessori-Spielzeug - Woodinout \u00a9 Holzspielzeug\",\"isPartOf\":{\"@id\":\"https:\/\/woodinout.net\/de\/#website\"},\"datePublished\":\"2020-06-30T20:26:21+00:00\",\"dateModified\":\"2020-06-30T20:26:21+00:00\",\"description\":\"Holzstifte so einfach wie wertvoll sind sie! Z\u00e4hlen Sie sie, stecken Sie sie ein, sortieren Sie sie, f\u00e4rben Sie sie! Werden Sie kreativ und bleiben Sie nat\u00fcrlich mit Holzspielzeug.\",\"breadcrumb\":{\"@id\":\"https:\/\/woodinout.net\/de\/product\/holz-stecker-pegboard-heringe\/#breadcrumb\"},\"inLanguage\":\"de\",\"potentialAction\":[{\"@type\":\"ReadAction\",\"target\":[\"https:\/\/woodinout.net\/de\/product\/holz-stecker-pegboard-heringe\/\"]}]},{\"@type\":\"BreadcrumbList\",\"@id\":\"https:\/\/woodinout.net\/de\/product\/holz-stecker-pegboard-heringe\/#breadcrumb\",\"itemListElement\":[{\"@type\":\"ListItem\",\"position\":1,\"name\":\"Home\",\"item\":\"https:\/\/woodinout.net\/de\/\"},{\"@type\":\"ListItem\",\"position\":2,\"name\":\"Shop\",\"item\":\"https:\/\/woodinout.net\/shop\/\"},{\"@type\":\"ListItem\",\"position\":3,\"name\":\"Holzheringe f\u00fcr Montessori-Spielzeug\"}]},{\"@type\":\"WebSite\",\"@id\":\"https:\/\/woodinout.net\/de\/#website\",\"url\":\"https:\/\/woodinout.net\/de\/\",\"name\":\"Woodinout \u00a9\",\"description\":\"Wooden Montessori toys, gifts, home and events decor details\",\"potentialAction\":[{\"@type\":\"SearchAction\",\"target\":{\"@type\":\"EntryPoint\",\"urlTemplate\":\"https:\/\/woodinout.net\/de\/?s={search_term_string}\"},\"query-input\":\"required name=search_term_string\"}],\"inLanguage\":\"de\"}]}<\/script>\n<!-- \/ Yoast SEO plugin. -->","yoast_head_json":{"title":"Holzheringe f\u00fcr Montessori-Spielzeug - Woodinout \u00a9 Holzspielzeug","description":"Holzstifte so einfach wie wertvoll sind sie! Z\u00e4hlen Sie sie, stecken Sie sie ein, sortieren Sie sie, f\u00e4rben Sie sie! Werden Sie kreativ und bleiben Sie nat\u00fcrlich mit Holzspielzeug.","robots":{"index":"index","follow":"follow","max-snippet":"max-snippet:-1","max-image-preview":"max-image-preview:large","max-video-preview":"max-video-preview:-1"},"canonical":"https:\/\/woodinout.net\/de\/product\/holz-stecker-pegboard-heringe\/","og_locale":"de_DE","og_type":"article","og_title":"Holzheringe f\u00fcr Montessori-Spielzeug - Woodinout \u00a9 Holzspielzeug","og_description":"Holzstifte so einfach wie wertvoll sind sie! Z\u00e4hlen Sie sie, stecken Sie sie ein, sortieren Sie sie, f\u00e4rben Sie sie! Werden Sie kreativ und bleiben Sie nat\u00fcrlich mit Holzspielzeug.","og_url":"https:\/\/woodinout.net\/de\/product\/holz-stecker-pegboard-heringe\/","og_site_name":"Woodinout \u00a9","og_image":[{"width":853,"height":1280,"url":"https:\/\/woodinout.net\/wp-content\/uploads\/2020\/06\/Pegboard-pegs-1.jpg","type":"image\/jpeg"}],"twitter_card":"summary_large_image","twitter_misc":{"Gesch\u00e4tzte Lesezeit":"1\u00a0Minute"},"schema":{"@context":"https:\/\/schema.org","@graph":[{"@type":"WebPage","@id":"https:\/\/woodinout.net\/de\/product\/holz-stecker-pegboard-heringe\/","url":"https:\/\/woodinout.net\/de\/product\/holz-stecker-pegboard-heringe\/","name":"Holzheringe f\u00fcr Montessori-Spielzeug - Woodinout \u00a9 Holzspielzeug","isPartOf":{"@id":"https:\/\/woodinout.net\/de\/#website"},"datePublished":"2020-06-30T20:26:21+00:00","dateModified":"2020-06-30T20:26:21+00:00","description":"Holzstifte so einfach wie wertvoll sind sie! Z\u00e4hlen Sie sie, stecken Sie sie ein, sortieren Sie sie, f\u00e4rben Sie sie! Werden Sie kreativ und bleiben Sie nat\u00fcrlich mit Holzspielzeug.","breadcrumb":{"@id":"https:\/\/woodinout.net\/de\/product\/holz-stecker-pegboard-heringe\/#breadcrumb"},"inLanguage":"de","potentialAction":[{"@type":"ReadAction","target":["https:\/\/woodinout.net\/de\/product\/holz-stecker-pegboard-heringe\/"]}]},{"@type":"BreadcrumbList","@id":"https:\/\/woodinout.net\/de\/product\/holz-stecker-pegboard-heringe\/#breadcrumb","itemListElement":[{"@type":"ListItem","position":1,"name":"Home","item":"https:\/\/woodinout.net\/de\/"},{"@type":"ListItem","position":2,"name":"Shop","item":"https:\/\/woodinout.net\/shop\/"},{"@type":"ListItem","position":3,"name":"Holzheringe f\u00fcr Montessori-Spielzeug"}]},{"@type":"WebSite","@id":"https:\/\/woodinout.net\/de\/#website","url":"https:\/\/woodinout.net\/de\/","name":"Woodinout \u00a9","description":"Wooden Montessori toys, gifts, home and events decor details","potentialAction":[{"@type":"SearchAction","target":{"@type":"EntryPoint","urlTemplate":"https:\/\/woodinout.net\/de\/?s={search_term_string}"},"query-input":"required name=search_term_string"}],"inLanguage":"de"}]}},"_links":{"self":[{"href":"https:\/\/woodinout.net\/de\/wp-json\/wp\/v2\/product\/21404"}],"collection":[{"href":"https:\/\/woodinout.net\/de\/wp-json\/wp\/v2\/product"}],"about":[{"href":"https:\/\/woodinout.net\/de\/wp-json\/wp\/v2\/types\/product"}],"wp:featuredmedia":[{"embeddable":true,"href":"https:\/\/woodinout.net\/de\/wp-json\/wp\/v2\/media\/18368"}],"wp:attachment":[{"href":"https:\/\/woodinout.net\/de\/wp-json\/wp\/v2\/media?parent=21404"}],"wp:term":[{"taxonomy":"product_cat","embeddable":true,"href":"https:\/\/woodinout.net\/de\/wp-json\/wp\/v2\/product_cat?post=21404"},{"taxonomy":"product_tag","embeddable":true,"href":"https:\/\/woodinout.net\/de\/wp-json\/wp\/v2\/product_tag?post=21404"}],"curies":[{"name":"wp","href":"https:\/\/api.w.org\/{rel}","templated":true}]}}