{"id":21403,"date":"2021-03-14T22:09:04","date_gmt":"2021-03-14T20:09:04","guid":{"rendered":"https:\/\/woodinout.net\/product\/kreis-der-emotionen\/"},"modified":"2022-04-28T11:47:18","modified_gmt":"2022-04-28T08:47:18","slug":"emotions-kreis","status":"publish","type":"product","link":"https:\/\/woodinout.net\/de\/product\/emotions-kreis\/","title":{"rendered":"Kreis der Emotionen"},"content":{"rendered":"<p>Kindergef\u00fchle Diagramm handgefertigt aus Holz &#8211; geschaffen f\u00fcr diejenigen, die sich k\u00fcmmern und verstehen, wie Kinder Psychische Gesundheit ist heutzutage wichtig. Nehmen Sie einfach das Emotions-Gef\u00fchls-Rad und lassen Sie das Kind den Pfeil auf sein Gef\u00fchl einstellen. Es ist einfach, da das Rad visuell ist. Diskutieren Sie und gehen Sie zum n\u00e4chsten \u00fcber oder finden Sie das Gegenteil oder zeigen Sie es auf Ihrem Gesicht oder zeichnen Sie es&#8230; Die M\u00f6glichkeiten sind endlos. Unsere Montessori Spielzeuge sind nachhaltig, aus nat\u00fcrlichen Materialien gefertigt &#8211; sicher f\u00fcr Kinder jeden Alters.<\/p>\n<p>DIMENSIONEN<br \/>\nDurchmesser: ~ 6,9 Zoll (17,5 cm)<br \/>\nDicke: ~0,6 Zoll (1,5 cm)<\/p>\n<p>FARBEN UND MATERIAL<br \/>\nFarbe: nat\u00fcrlich und braun ge\u00f6lt.<br \/>\nSpielzeug ist aus NAT\u00dcRLICHEM MASSIVHOLZ gefertigt.<br \/>\nBitte beachten Sie, dass die Farben aufgrund der Einstellungen und der Beleuchtung des Computermonitors variieren k\u00f6nnen.<\/p>\n<p>F\u00fcr weitere Ideen folgen Sie uns auf <a href=\"https:\/\/www.instagram.com\/woodinout\/\">INSTAGRAM<\/a> &amp; <a href=\"https:\/\/www.facebook.com\/Woodinout.net\">FACEBOOK<\/a><\/p>\n","protected":false},"excerpt":{"rendered":"<p>Kindergef\u00fchle Diagramm handgefertigt aus Holz &#8211; geschaffen f\u00fcr diejenigen, die sich k\u00fcmmern und verstehen, wie Kinder Psychische Gesundheit ist heutzutage wichtig. Nehmen Sie einfach das Emotions-Gef\u00fchls-Rad und lassen Sie das Kind den Pfeil auf sein Gef\u00fchl einstellen. Es ist einfach, da das Rad visuell ist. Diskutieren Sie und gehen Sie zum n\u00e4chsten \u00fcber oder finden [&hellip;]<\/p>\n","protected":false},"featured_media":18976,"template":"","meta":{"_monsterinsights_skip_tracking":false,"_monsterinsights_sitenote_active":false,"_monsterinsights_sitenote_note":"","_monsterinsights_sitenote_category":0},"product_cat":[1355,1356],"product_tag":[2138,1358,2105,1367,1368,1366,1361,1360,1363],"yoast_head":"<!-- This site is optimized with the Yoast SEO plugin v22.1 - https:\/\/yoast.com\/wordpress\/plugins\/seo\/ -->\n<title>Kreis der Emotionen - Woodinout \u00a9 Montessori Lernspielzeug<\/title>\n<meta name=\"description\" content=\"Lernen Sie, Emotionen f\u00fcr Kinder mit dieser super coolen h\u00f6lzernen Emotionsuhr zu erz\u00e4hlen. Nat\u00fcrliche Materialien, handgefertigt und lehrreich. Weltweiter Versand.\" \/>\n<meta name=\"robots\" content=\"index, follow, max-snippet:-1, max-image-preview:large, max-video-preview:-1\" \/>\n<link rel=\"canonical\" href=\"https:\/\/woodinout.net\/de\/product\/emotions-kreis\/\" \/>\n<meta property=\"og:locale\" content=\"de_DE\" \/>\n<meta property=\"og:type\" content=\"article\" \/>\n<meta property=\"og:title\" content=\"Kreis der Emotionen - Woodinout \u00a9 Montessori Lernspielzeug\" \/>\n<meta property=\"og:description\" content=\"Lernen Sie, Emotionen f\u00fcr Kinder mit dieser super coolen h\u00f6lzernen Emotionsuhr zu erz\u00e4hlen. Nat\u00fcrliche Materialien, handgefertigt und lehrreich. Weltweiter Versand.\" \/>\n<meta property=\"og:url\" content=\"https:\/\/woodinout.net\/de\/product\/emotions-kreis\/\" \/>\n<meta property=\"og:site_name\" content=\"Woodinout \u00a9\" \/>\n<meta property=\"article:modified_time\" content=\"2022-04-28T08:47:18+00:00\" \/>\n<meta property=\"og:image\" content=\"https:\/\/woodinout.net\/wp-content\/uploads\/2021\/03\/Emotions_circle_2.jpg\" \/>\n\t<meta property=\"og:image:width\" content=\"1706\" \/>\n\t<meta property=\"og:image:height\" content=\"2560\" \/>\n\t<meta property=\"og:image:type\" content=\"image\/jpeg\" \/>\n<meta name=\"twitter:card\" content=\"summary_large_image\" \/>\n<meta name=\"twitter:label1\" content=\"Gesch\u00e4tzte Lesezeit\" \/>\n\t<meta name=\"twitter:data1\" content=\"1\u00a0Minute\" \/>\n<script type=\"application\/ld+json\" class=\"yoast-schema-graph\">{\"@context\":\"https:\/\/schema.org\",\"@graph\":[{\"@type\":\"WebPage\",\"@id\":\"https:\/\/woodinout.net\/de\/product\/emotions-kreis\/\",\"url\":\"https:\/\/woodinout.net\/de\/product\/emotions-kreis\/\",\"name\":\"Kreis der Emotionen - Woodinout \u00a9 Montessori Lernspielzeug\",\"isPartOf\":{\"@id\":\"https:\/\/woodinout.net\/de\/#website\"},\"datePublished\":\"2021-03-14T20:09:04+00:00\",\"dateModified\":\"2022-04-28T08:47:18+00:00\",\"description\":\"Lernen Sie, Emotionen f\u00fcr Kinder mit dieser super coolen h\u00f6lzernen Emotionsuhr zu erz\u00e4hlen. Nat\u00fcrliche Materialien, handgefertigt und lehrreich. Weltweiter Versand.\",\"breadcrumb\":{\"@id\":\"https:\/\/woodinout.net\/de\/product\/emotions-kreis\/#breadcrumb\"},\"inLanguage\":\"de\",\"potentialAction\":[{\"@type\":\"ReadAction\",\"target\":[\"https:\/\/woodinout.net\/de\/product\/emotions-kreis\/\"]}]},{\"@type\":\"BreadcrumbList\",\"@id\":\"https:\/\/woodinout.net\/de\/product\/emotions-kreis\/#breadcrumb\",\"itemListElement\":[{\"@type\":\"ListItem\",\"position\":1,\"name\":\"Home\",\"item\":\"https:\/\/woodinout.net\/de\/\"},{\"@type\":\"ListItem\",\"position\":2,\"name\":\"Shop\",\"item\":\"https:\/\/woodinout.net\/shop\/\"},{\"@type\":\"ListItem\",\"position\":3,\"name\":\"Kreis der Emotionen\"}]},{\"@type\":\"WebSite\",\"@id\":\"https:\/\/woodinout.net\/de\/#website\",\"url\":\"https:\/\/woodinout.net\/de\/\",\"name\":\"Woodinout \u00a9\",\"description\":\"Wooden Montessori toys, gifts, home and events decor details\",\"potentialAction\":[{\"@type\":\"SearchAction\",\"target\":{\"@type\":\"EntryPoint\",\"urlTemplate\":\"https:\/\/woodinout.net\/de\/?s={search_term_string}\"},\"query-input\":\"required name=search_term_string\"}],\"inLanguage\":\"de\"}]}<\/script>\n<!-- \/ Yoast SEO plugin. -->","yoast_head_json":{"title":"Kreis der Emotionen - Woodinout \u00a9 Montessori Lernspielzeug","description":"Lernen Sie, Emotionen f\u00fcr Kinder mit dieser super coolen h\u00f6lzernen Emotionsuhr zu erz\u00e4hlen. Nat\u00fcrliche Materialien, handgefertigt und lehrreich. Weltweiter Versand.","robots":{"index":"index","follow":"follow","max-snippet":"max-snippet:-1","max-image-preview":"max-image-preview:large","max-video-preview":"max-video-preview:-1"},"canonical":"https:\/\/woodinout.net\/de\/product\/emotions-kreis\/","og_locale":"de_DE","og_type":"article","og_title":"Kreis der Emotionen - Woodinout \u00a9 Montessori Lernspielzeug","og_description":"Lernen Sie, Emotionen f\u00fcr Kinder mit dieser super coolen h\u00f6lzernen Emotionsuhr zu erz\u00e4hlen. Nat\u00fcrliche Materialien, handgefertigt und lehrreich. Weltweiter Versand.","og_url":"https:\/\/woodinout.net\/de\/product\/emotions-kreis\/","og_site_name":"Woodinout \u00a9","article_modified_time":"2022-04-28T08:47:18+00:00","og_image":[{"width":1706,"height":2560,"url":"https:\/\/woodinout.net\/wp-content\/uploads\/2021\/03\/Emotions_circle_2.jpg","type":"image\/jpeg"}],"twitter_card":"summary_large_image","twitter_misc":{"Gesch\u00e4tzte Lesezeit":"1\u00a0Minute"},"schema":{"@context":"https:\/\/schema.org","@graph":[{"@type":"WebPage","@id":"https:\/\/woodinout.net\/de\/product\/emotions-kreis\/","url":"https:\/\/woodinout.net\/de\/product\/emotions-kreis\/","name":"Kreis der Emotionen - Woodinout \u00a9 Montessori Lernspielzeug","isPartOf":{"@id":"https:\/\/woodinout.net\/de\/#website"},"datePublished":"2021-03-14T20:09:04+00:00","dateModified":"2022-04-28T08:47:18+00:00","description":"Lernen Sie, Emotionen f\u00fcr Kinder mit dieser super coolen h\u00f6lzernen Emotionsuhr zu erz\u00e4hlen. Nat\u00fcrliche Materialien, handgefertigt und lehrreich. Weltweiter Versand.","breadcrumb":{"@id":"https:\/\/woodinout.net\/de\/product\/emotions-kreis\/#breadcrumb"},"inLanguage":"de","potentialAction":[{"@type":"ReadAction","target":["https:\/\/woodinout.net\/de\/product\/emotions-kreis\/"]}]},{"@type":"BreadcrumbList","@id":"https:\/\/woodinout.net\/de\/product\/emotions-kreis\/#breadcrumb","itemListElement":[{"@type":"ListItem","position":1,"name":"Home","item":"https:\/\/woodinout.net\/de\/"},{"@type":"ListItem","position":2,"name":"Shop","item":"https:\/\/woodinout.net\/shop\/"},{"@type":"ListItem","position":3,"name":"Kreis der Emotionen"}]},{"@type":"WebSite","@id":"https:\/\/woodinout.net\/de\/#website","url":"https:\/\/woodinout.net\/de\/","name":"Woodinout \u00a9","description":"Wooden Montessori toys, gifts, home and events decor details","potentialAction":[{"@type":"SearchAction","target":{"@type":"EntryPoint","urlTemplate":"https:\/\/woodinout.net\/de\/?s={search_term_string}"},"query-input":"required name=search_term_string"}],"inLanguage":"de"}]}},"_links":{"self":[{"href":"https:\/\/woodinout.net\/de\/wp-json\/wp\/v2\/product\/21403"}],"collection":[{"href":"https:\/\/woodinout.net\/de\/wp-json\/wp\/v2\/product"}],"about":[{"href":"https:\/\/woodinout.net\/de\/wp-json\/wp\/v2\/types\/product"}],"wp:featuredmedia":[{"embeddable":true,"href":"https:\/\/woodinout.net\/de\/wp-json\/wp\/v2\/media\/18976"}],"wp:attachment":[{"href":"https:\/\/woodinout.net\/de\/wp-json\/wp\/v2\/media?parent=21403"}],"wp:term":[{"taxonomy":"product_cat","embeddable":true,"href":"https:\/\/woodinout.net\/de\/wp-json\/wp\/v2\/product_cat?post=21403"},{"taxonomy":"product_tag","embeddable":true,"href":"https:\/\/woodinout.net\/de\/wp-json\/wp\/v2\/product_tag?post=21403"}],"curies":[{"name":"wp","href":"https:\/\/api.w.org\/{rel}","templated":true}]}}