{"id":21396,"date":"2020-06-29T23:14:46","date_gmt":"2020-06-29T20:14:46","guid":{"rendered":"https:\/\/woodinout.net\/product\/montessori-sandtablett\/"},"modified":"2022-04-28T09:46:03","modified_gmt":"2022-04-28T06:46:03","slug":"einzigartiges-sandtablett-von-montessori-waldorfspielzeug","status":"publish","type":"product","link":"https:\/\/woodinout.net\/de\/product\/einzigartiges-sandtablett-von-montessori-waldorfspielzeug\/","title":{"rendered":"Montessori Sandtablett"},"content":{"rendered":"<p>Originelle und einzigartige Montessori-Sandschale hat viele Zwecke:<\/p>\n<p>1. Sand hineinlegen &#8211; Holzbuchstaben im Voraus hinzuf\u00fcgen und Fingerspur Alphabet Montessori-Methode.<br \/>\n2. F\u00fcllen Sie verschiedene Steinperlen box, f\u00fcgen Sie Holznummernkarten im Voraus hinzu &#8211; Sie k\u00f6nnen Steine sortieren oder in Form von Zahlen legen.<br \/>\n3. Benutzte es als Perlentablett mit Z\u00e4hlperlen. F\u00fcgen Sie 10 kleine Fingerkarten im Voraus hinzu und lassen Sie kinder w\u00e4hlen, wie viele Perlen in das Fach gegeben werden.<\/p>\n<p>Inspiriert von Montessori Babygeschenke werden von Eltern sehr gesch\u00e4tzt, wenn Sie m\u00f6chten, k\u00f6nnen wir PERSONALISIERUNG hinzuf\u00fcgen \ud83d\ude42 Alle unsere Holzspielzeuge sind handgefertigt und umweltfreundlich f\u00fcr sicheres Spielen und Lernen.<\/p>\n<p>Kit enth\u00e4lt aus:<br \/>\n1 Stk. Tablett<\/p>\n<p>Sie k\u00f6nnen aus 5 OPTIONEN w\u00e4hlen:<br \/>\nA: Nur Fach<br \/>\nB: 26 Stk. Holzsperrholz Briefkarten, Abmessung: ~ 1,8 x 1,8 Zoll, Dicke ~ 0,12 Zoll<br \/>\nC: 2&#215;26 Stk. Holzsperrholz Briefkarten, Abmessung: ~ 1,8 x 1,8 Zoll, Dicke ~ 0,12 Zoll<br \/>\nD: 23 Stk.: Holzsperrholz Nummern 1-20 und 3 Symbole(+-=) Karten, Abmessung: ~ 1,8 x 1,8 Zoll, Dicke ~ 0,12 Zoll<br \/>\nE: 10 Stk. Sperrholzkarten mit Fingern Zahlen Bilder, Abmessung: ~ 1,8 x 1,8 Zoll, Dicke ~ 0,12 Zoll<\/p>\n<p>WENN SIE ANDERE ARTEN ODER ZUS\u00c4TZLICHE KARTEN BEN\u00d6TIGEN, K\u00d6NNEN SIE SIE HIER KAUFEN:<br \/>\n<a href=\"https:\/\/woodinout.net\/product\/wooden-letters-alphabet-blocks\/\">26 Stk. Holzsperrholz Briefkarten, Abmessung: ~ 1,8 x 1,8 Zoll, Dicke ~ 0,12 Zoll<\/a><br \/>\n<a href=\"https:\/\/woodinout.net\/product\/wooden-number-blocks\/\">23 Stk.: Holzsperrholz Nummern 1-20 und 3 Symbole(+-=) Karten, Abmessung: ~ 1,8 x 1,8 Zoll, Dicke ~0,12 Zoll<\/a><br \/>\n<a href=\"https:\/\/woodinout.net\/product\/wooden-finger-counting-blocks\/\">10 Stk. Sperrholzkarten mit Fingern Zahlen Bilder, Abmessung: ~ 1,8 x 1,8 Zoll, Dicke ~ 0,12 Zoll<\/a><br \/>\n<a href=\"https:\/\/woodinout.net\/product\/wooden-counting-object-blocks\/\">10 Stk. Sperrholzkarten mit unterschiedlicher Anzahl von Bildern, Abmessung: ~ 1,8 x 1,8 Zoll, Dicke ~ 0,12 Zoll<\/a><\/p>\n<p>ABMESSUNGEN DER PLATINEN<br \/>\n6 x 10 Zoll<br \/>\nDicke: ~ 0,6 Zoll<\/p>\n<p>FARBEN UND MATERIAL<br \/>\nBOARD Farbe: natur oder braun ge\u00f6lt. Karten\/Bl\u00f6cke nur nat\u00fcrliche Farbe.<br \/>\nBoard ist aus NAT\u00dcRLICHEM MASSIVHOLZ gefertigt.<br \/>\nBitte beachten Sie, dass die Farben aufgrund der Einstellungen und der Beleuchtung des Computermonitors variieren k\u00f6nnen.<\/p>\n<p>F\u00fcr weitere Ideen folgen Sie uns auf <a href=\"https:\/\/www.instagram.com\/woodinout\/\">INSTAGRAM<\/a> &amp; <a href=\"https:\/\/www.facebook.com\/Woodinout.net\">FACEBOOK<\/a><\/p>\n","protected":false},"excerpt":{"rendered":"<p>Originelle und einzigartige Montessori-Sandschale hat viele Zwecke: 1. Sand hineinlegen &#8211; Holzbuchstaben im Voraus hinzuf\u00fcgen und Fingerspur Alphabet Montessori-Methode. 2. F\u00fcllen Sie verschiedene Steinperlen box, f\u00fcgen Sie Holznummernkarten im Voraus hinzu &#8211; Sie k\u00f6nnen Steine sortieren oder in Form von Zahlen legen. 3. Benutzte es als Perlentablett mit Z\u00e4hlperlen. F\u00fcgen Sie 10 kleine Fingerkarten im [&hellip;]<\/p>\n","protected":false},"featured_media":18248,"template":"","meta":{"_monsterinsights_skip_tracking":false,"_monsterinsights_sitenote_active":false,"_monsterinsights_sitenote_note":"","_monsterinsights_sitenote_category":0},"product_cat":[1407,1355,1357],"product_tag":[1410,1358,1369,1367,1368,1366,1361,1360,1373,2135,1363,1408],"yoast_head":"<!-- This site is optimized with the Yoast SEO plugin v22.1 - https:\/\/yoast.com\/wordpress\/plugins\/seo\/ -->\n<title>Montessori Sandtablett - Woodinout \u00a9 Lernspielzeug Shop<\/title>\n<meta name=\"description\" content=\"Montessori-Sandtablett hat viele Zwecke - lernen, spielen, Gegenst\u00e4nde legen, Buchstaben oder Zahlen nachzeichnen und viele weitere Aktivit\u00e4ten mit einem Montessori-Spielzeug.\" \/>\n<meta name=\"robots\" content=\"index, follow, max-snippet:-1, max-image-preview:large, max-video-preview:-1\" \/>\n<link rel=\"canonical\" href=\"https:\/\/woodinout.net\/de\/product\/einzigartiges-sandtablett-von-montessori-waldorfspielzeug\/\" \/>\n<meta property=\"og:locale\" content=\"de_DE\" \/>\n<meta property=\"og:type\" content=\"article\" \/>\n<meta property=\"og:title\" content=\"Montessori Sandtablett - Woodinout \u00a9 Lernspielzeug Shop\" \/>\n<meta property=\"og:description\" content=\"Montessori-Sandtablett hat viele Zwecke - lernen, spielen, Gegenst\u00e4nde legen, Buchstaben oder Zahlen nachzeichnen und viele weitere Aktivit\u00e4ten mit einem Montessori-Spielzeug.\" \/>\n<meta property=\"og:url\" content=\"https:\/\/woodinout.net\/de\/product\/einzigartiges-sandtablett-von-montessori-waldorfspielzeug\/\" \/>\n<meta property=\"og:site_name\" content=\"Woodinout \u00a9\" \/>\n<meta property=\"article:modified_time\" content=\"2022-04-28T06:46:03+00:00\" \/>\n<meta property=\"og:image\" content=\"https:\/\/woodinout.net\/wp-content\/uploads\/2020\/06\/Unique-sand-tray-by-Montessori-Waldorf-toys-2.jpg\" \/>\n\t<meta property=\"og:image:width\" content=\"853\" \/>\n\t<meta property=\"og:image:height\" content=\"1280\" \/>\n\t<meta property=\"og:image:type\" content=\"image\/jpeg\" \/>\n<meta name=\"twitter:card\" content=\"summary_large_image\" \/>\n<meta name=\"twitter:label1\" content=\"Gesch\u00e4tzte Lesezeit\" \/>\n\t<meta name=\"twitter:data1\" content=\"1\u00a0Minute\" \/>\n<script type=\"application\/ld+json\" class=\"yoast-schema-graph\">{\"@context\":\"https:\/\/schema.org\",\"@graph\":[{\"@type\":\"WebPage\",\"@id\":\"https:\/\/woodinout.net\/de\/product\/einzigartiges-sandtablett-von-montessori-waldorfspielzeug\/\",\"url\":\"https:\/\/woodinout.net\/de\/product\/einzigartiges-sandtablett-von-montessori-waldorfspielzeug\/\",\"name\":\"Montessori Sandtablett - Woodinout \u00a9 Lernspielzeug Shop\",\"isPartOf\":{\"@id\":\"https:\/\/woodinout.net\/de\/#website\"},\"datePublished\":\"2020-06-29T20:14:46+00:00\",\"dateModified\":\"2022-04-28T06:46:03+00:00\",\"description\":\"Montessori-Sandtablett hat viele Zwecke - lernen, spielen, Gegenst\u00e4nde legen, Buchstaben oder Zahlen nachzeichnen und viele weitere Aktivit\u00e4ten mit einem Montessori-Spielzeug.\",\"breadcrumb\":{\"@id\":\"https:\/\/woodinout.net\/de\/product\/einzigartiges-sandtablett-von-montessori-waldorfspielzeug\/#breadcrumb\"},\"inLanguage\":\"de\",\"potentialAction\":[{\"@type\":\"ReadAction\",\"target\":[\"https:\/\/woodinout.net\/de\/product\/einzigartiges-sandtablett-von-montessori-waldorfspielzeug\/\"]}]},{\"@type\":\"BreadcrumbList\",\"@id\":\"https:\/\/woodinout.net\/de\/product\/einzigartiges-sandtablett-von-montessori-waldorfspielzeug\/#breadcrumb\",\"itemListElement\":[{\"@type\":\"ListItem\",\"position\":1,\"name\":\"Home\",\"item\":\"https:\/\/woodinout.net\/de\/\"},{\"@type\":\"ListItem\",\"position\":2,\"name\":\"Shop\",\"item\":\"https:\/\/woodinout.net\/shop\/\"},{\"@type\":\"ListItem\",\"position\":3,\"name\":\"Montessori Sandtablett\"}]},{\"@type\":\"WebSite\",\"@id\":\"https:\/\/woodinout.net\/de\/#website\",\"url\":\"https:\/\/woodinout.net\/de\/\",\"name\":\"Woodinout \u00a9\",\"description\":\"Wooden Montessori toys, gifts, home and events decor details\",\"potentialAction\":[{\"@type\":\"SearchAction\",\"target\":{\"@type\":\"EntryPoint\",\"urlTemplate\":\"https:\/\/woodinout.net\/de\/?s={search_term_string}\"},\"query-input\":\"required name=search_term_string\"}],\"inLanguage\":\"de\"}]}<\/script>\n<!-- \/ Yoast SEO plugin. -->","yoast_head_json":{"title":"Montessori Sandtablett - Woodinout \u00a9 Lernspielzeug Shop","description":"Montessori-Sandtablett hat viele Zwecke - lernen, spielen, Gegenst\u00e4nde legen, Buchstaben oder Zahlen nachzeichnen und viele weitere Aktivit\u00e4ten mit einem Montessori-Spielzeug.","robots":{"index":"index","follow":"follow","max-snippet":"max-snippet:-1","max-image-preview":"max-image-preview:large","max-video-preview":"max-video-preview:-1"},"canonical":"https:\/\/woodinout.net\/de\/product\/einzigartiges-sandtablett-von-montessori-waldorfspielzeug\/","og_locale":"de_DE","og_type":"article","og_title":"Montessori Sandtablett - Woodinout \u00a9 Lernspielzeug Shop","og_description":"Montessori-Sandtablett hat viele Zwecke - lernen, spielen, Gegenst\u00e4nde legen, Buchstaben oder Zahlen nachzeichnen und viele weitere Aktivit\u00e4ten mit einem Montessori-Spielzeug.","og_url":"https:\/\/woodinout.net\/de\/product\/einzigartiges-sandtablett-von-montessori-waldorfspielzeug\/","og_site_name":"Woodinout \u00a9","article_modified_time":"2022-04-28T06:46:03+00:00","og_image":[{"width":853,"height":1280,"url":"https:\/\/woodinout.net\/wp-content\/uploads\/2020\/06\/Unique-sand-tray-by-Montessori-Waldorf-toys-2.jpg","type":"image\/jpeg"}],"twitter_card":"summary_large_image","twitter_misc":{"Gesch\u00e4tzte Lesezeit":"1\u00a0Minute"},"schema":{"@context":"https:\/\/schema.org","@graph":[{"@type":"WebPage","@id":"https:\/\/woodinout.net\/de\/product\/einzigartiges-sandtablett-von-montessori-waldorfspielzeug\/","url":"https:\/\/woodinout.net\/de\/product\/einzigartiges-sandtablett-von-montessori-waldorfspielzeug\/","name":"Montessori Sandtablett - Woodinout \u00a9 Lernspielzeug Shop","isPartOf":{"@id":"https:\/\/woodinout.net\/de\/#website"},"datePublished":"2020-06-29T20:14:46+00:00","dateModified":"2022-04-28T06:46:03+00:00","description":"Montessori-Sandtablett hat viele Zwecke - lernen, spielen, Gegenst\u00e4nde legen, Buchstaben oder Zahlen nachzeichnen und viele weitere Aktivit\u00e4ten mit einem Montessori-Spielzeug.","breadcrumb":{"@id":"https:\/\/woodinout.net\/de\/product\/einzigartiges-sandtablett-von-montessori-waldorfspielzeug\/#breadcrumb"},"inLanguage":"de","potentialAction":[{"@type":"ReadAction","target":["https:\/\/woodinout.net\/de\/product\/einzigartiges-sandtablett-von-montessori-waldorfspielzeug\/"]}]},{"@type":"BreadcrumbList","@id":"https:\/\/woodinout.net\/de\/product\/einzigartiges-sandtablett-von-montessori-waldorfspielzeug\/#breadcrumb","itemListElement":[{"@type":"ListItem","position":1,"name":"Home","item":"https:\/\/woodinout.net\/de\/"},{"@type":"ListItem","position":2,"name":"Shop","item":"https:\/\/woodinout.net\/shop\/"},{"@type":"ListItem","position":3,"name":"Montessori Sandtablett"}]},{"@type":"WebSite","@id":"https:\/\/woodinout.net\/de\/#website","url":"https:\/\/woodinout.net\/de\/","name":"Woodinout \u00a9","description":"Wooden Montessori toys, gifts, home and events decor details","potentialAction":[{"@type":"SearchAction","target":{"@type":"EntryPoint","urlTemplate":"https:\/\/woodinout.net\/de\/?s={search_term_string}"},"query-input":"required name=search_term_string"}],"inLanguage":"de"}]}},"_links":{"self":[{"href":"https:\/\/woodinout.net\/de\/wp-json\/wp\/v2\/product\/21396"}],"collection":[{"href":"https:\/\/woodinout.net\/de\/wp-json\/wp\/v2\/product"}],"about":[{"href":"https:\/\/woodinout.net\/de\/wp-json\/wp\/v2\/types\/product"}],"wp:featuredmedia":[{"embeddable":true,"href":"https:\/\/woodinout.net\/de\/wp-json\/wp\/v2\/media\/18248"}],"wp:attachment":[{"href":"https:\/\/woodinout.net\/de\/wp-json\/wp\/v2\/media?parent=21396"}],"wp:term":[{"taxonomy":"product_cat","embeddable":true,"href":"https:\/\/woodinout.net\/de\/wp-json\/wp\/v2\/product_cat?post=21396"},{"taxonomy":"product_tag","embeddable":true,"href":"https:\/\/woodinout.net\/de\/wp-json\/wp\/v2\/product_tag?post=21396"}],"curies":[{"name":"wp","href":"https:\/\/api.w.org\/{rel}","templated":true}]}}