{"id":21391,"date":"2020-06-23T20:48:29","date_gmt":"2020-06-23T17:48:29","guid":{"rendered":"https:\/\/woodinout.net\/product\/holzuhr-2\/"},"modified":"2022-04-28T11:21:00","modified_gmt":"2022-04-28T08:21:00","slug":"holzuhr-zeitanzeige","status":"publish","type":"product","link":"https:\/\/woodinout.net\/de\/product\/holzuhr-zeitanzeige\/","title":{"rendered":"Holzuhr"},"content":{"rendered":"<p>Holzuhr zum Anzeigen der Zeit f\u00fcr Kinder ist eines der interessantesten Lernspielzeuge unter unseren Kleinkindern. Die weltweit bekannte Montessori-inspirierte Kinderpendeluhr ist eine EINFACHE und UNTERHALTSAME M\u00f6glichkeit, Uhrenzahlen, Br\u00fcche, Minuten und Stunden zu lernen, die Zeit mit Pfeilen einzustellen und einfach VIEL SPA\u00df zu haben. Holzspielzeug und -spiele ist das, was wir bei Woodinout am besten k\u00f6nnen, sorgf\u00e4ltig handgefertigt und sch\u00f6nes Aussehen &#8211; k\u00f6nnten perfekte Kleinkindgeschenke sein. <a href=\"https:\/\/woodinout.net\/product-tag\/educational-toys\/\">Waldorf-Vorschulspielzeug und<\/a> -spiele werden weltweit f\u00fcr ihr Lern-durch-Spiel-System gesch\u00e4tzt. Lernspielzeug ist immer noch SPIELZEUG in Kinderaugen. Genie\u00dfen Sie Ihre gemeinsame Zeit mit dieser Holzuhr JETZT und schlie\u00dfen Sie sich der Familie der gl\u00fccklichen Kunden hier bei Woodinout an.<\/p>\n<p>Kit enth\u00e4lt aus:<br \/>\nHolz-Uhrenbrett<br \/>\n12 Bl\u00f6cke mit den Taktzahlen 1-12<br \/>\nHolzdreieckbl\u00f6cke: 2 Stk. &#8211; 30 Min., 4 Stk. &#8211; 15 Min., 12 Stk. &#8211; 5 Min.<br \/>\n2 Pfeile<\/p>\n<p>DIMENSIONEN<\/p>\n<p>Uhr<br \/>\nDurchmesser: ~6. Zoll<br \/>\nDicke: ~ 0,6 Zoll<\/p>\n<p>FARBEN UND MATERIAL<br \/>\nFarbe: dunkelbraun und nat\u00fcrlich ge\u00f6lt.<br \/>\nDas Spielzeug besteht aus NAT\u00dcRLICHEM MASSIVHOLZ und Sperrholz.<br \/>\nBitte beachten Sie, dass die Farben aufgrund der Einstellungen und der Beleuchtung des Computermonitors variieren k\u00f6nnen.<\/p>\n<p>F\u00fcr weitere Ideen folgen Sie uns auf <a href=\"https:\/\/www.instagram.com\/woodinout\/\">INSTAGRAM<\/a> &amp; <a href=\"https:\/\/www.facebook.com\/Woodinout.net\">FACEBOOK<\/a><\/p>\n","protected":false},"excerpt":{"rendered":"<p>Holzuhr zum Anzeigen der Zeit f\u00fcr Kinder ist eines der interessantesten Lernspielzeuge unter unseren Kleinkindern. Die weltweit bekannte Montessori-inspirierte Kinderpendeluhr ist eine EINFACHE und UNTERHALTSAME M\u00f6glichkeit, Uhrenzahlen, Br\u00fcche, Minuten und Stunden zu lernen, die Zeit mit Pfeilen einzustellen und einfach VIEL SPA\u00df zu haben. Holzspielzeug und -spiele ist das, was wir bei Woodinout am besten [&hellip;]<\/p>\n","protected":false},"featured_media":17656,"template":"","meta":{"_monsterinsights_skip_tracking":false,"_monsterinsights_sitenote_active":false,"_monsterinsights_sitenote_note":"","_monsterinsights_sitenote_category":0},"product_cat":[1355,1356],"product_tag":[2102,1358,2105,1367,1368,1366,1361,1360,1386,1387,1388,1363,2106,1971],"yoast_head":"<!-- This site is optimized with the Yoast SEO plugin v22.1 - https:\/\/yoast.com\/wordpress\/plugins\/seo\/ -->\n<title>Holzuhr - Woodinout \u00a9 Montessori Lernspielzeug<\/title>\n<meta name=\"description\" content=\"Lernen Sie, die Zeit f\u00fcr Kinder mit dieser super coolen Holzuhr zu bestimmen. Nat\u00fcrliche Materilas, handgefertigt und lehrreich - Inspiriertes Montessori-Spielzeug.\" \/>\n<meta name=\"robots\" content=\"index, follow, max-snippet:-1, max-image-preview:large, max-video-preview:-1\" \/>\n<link rel=\"canonical\" href=\"https:\/\/woodinout.net\/de\/product\/holzuhr-zeitanzeige\/\" \/>\n<meta property=\"og:locale\" content=\"de_DE\" \/>\n<meta property=\"og:type\" content=\"article\" \/>\n<meta property=\"og:title\" content=\"Holzuhr - Woodinout \u00a9 Montessori Lernspielzeug\" \/>\n<meta property=\"og:description\" content=\"Lernen Sie, die Zeit f\u00fcr Kinder mit dieser super coolen Holzuhr zu bestimmen. Nat\u00fcrliche Materilas, handgefertigt und lehrreich - Inspiriertes Montessori-Spielzeug.\" \/>\n<meta property=\"og:url\" content=\"https:\/\/woodinout.net\/de\/product\/holzuhr-zeitanzeige\/\" \/>\n<meta property=\"og:site_name\" content=\"Woodinout \u00a9\" \/>\n<meta property=\"article:modified_time\" content=\"2022-04-28T08:21:00+00:00\" \/>\n<meta property=\"og:image\" content=\"https:\/\/woodinout.net\/wp-content\/uploads\/2020\/06\/Wood-clock-telling-time-4.jpg\" \/>\n\t<meta property=\"og:image:width\" content=\"853\" \/>\n\t<meta property=\"og:image:height\" content=\"1280\" \/>\n\t<meta property=\"og:image:type\" content=\"image\/jpeg\" \/>\n<meta name=\"twitter:card\" content=\"summary_large_image\" \/>\n<meta name=\"twitter:label1\" content=\"Gesch\u00e4tzte Lesezeit\" \/>\n\t<meta name=\"twitter:data1\" content=\"1\u00a0Minute\" \/>\n<script type=\"application\/ld+json\" class=\"yoast-schema-graph\">{\"@context\":\"https:\/\/schema.org\",\"@graph\":[{\"@type\":\"WebPage\",\"@id\":\"https:\/\/woodinout.net\/de\/product\/holzuhr-zeitanzeige\/\",\"url\":\"https:\/\/woodinout.net\/de\/product\/holzuhr-zeitanzeige\/\",\"name\":\"Holzuhr - Woodinout \u00a9 Montessori Lernspielzeug\",\"isPartOf\":{\"@id\":\"https:\/\/woodinout.net\/de\/#website\"},\"datePublished\":\"2020-06-23T17:48:29+00:00\",\"dateModified\":\"2022-04-28T08:21:00+00:00\",\"description\":\"Lernen Sie, die Zeit f\u00fcr Kinder mit dieser super coolen Holzuhr zu bestimmen. Nat\u00fcrliche Materilas, handgefertigt und lehrreich - Inspiriertes Montessori-Spielzeug.\",\"breadcrumb\":{\"@id\":\"https:\/\/woodinout.net\/de\/product\/holzuhr-zeitanzeige\/#breadcrumb\"},\"inLanguage\":\"de\",\"potentialAction\":[{\"@type\":\"ReadAction\",\"target\":[\"https:\/\/woodinout.net\/de\/product\/holzuhr-zeitanzeige\/\"]}]},{\"@type\":\"BreadcrumbList\",\"@id\":\"https:\/\/woodinout.net\/de\/product\/holzuhr-zeitanzeige\/#breadcrumb\",\"itemListElement\":[{\"@type\":\"ListItem\",\"position\":1,\"name\":\"Home\",\"item\":\"https:\/\/woodinout.net\/de\/\"},{\"@type\":\"ListItem\",\"position\":2,\"name\":\"Shop\",\"item\":\"https:\/\/woodinout.net\/shop\/\"},{\"@type\":\"ListItem\",\"position\":3,\"name\":\"Holzuhr\"}]},{\"@type\":\"WebSite\",\"@id\":\"https:\/\/woodinout.net\/de\/#website\",\"url\":\"https:\/\/woodinout.net\/de\/\",\"name\":\"Woodinout \u00a9\",\"description\":\"Wooden Montessori toys, gifts, home and events decor details\",\"potentialAction\":[{\"@type\":\"SearchAction\",\"target\":{\"@type\":\"EntryPoint\",\"urlTemplate\":\"https:\/\/woodinout.net\/de\/?s={search_term_string}\"},\"query-input\":\"required name=search_term_string\"}],\"inLanguage\":\"de\"}]}<\/script>\n<!-- \/ Yoast SEO plugin. -->","yoast_head_json":{"title":"Holzuhr - Woodinout \u00a9 Montessori Lernspielzeug","description":"Lernen Sie, die Zeit f\u00fcr Kinder mit dieser super coolen Holzuhr zu bestimmen. Nat\u00fcrliche Materilas, handgefertigt und lehrreich - Inspiriertes Montessori-Spielzeug.","robots":{"index":"index","follow":"follow","max-snippet":"max-snippet:-1","max-image-preview":"max-image-preview:large","max-video-preview":"max-video-preview:-1"},"canonical":"https:\/\/woodinout.net\/de\/product\/holzuhr-zeitanzeige\/","og_locale":"de_DE","og_type":"article","og_title":"Holzuhr - Woodinout \u00a9 Montessori Lernspielzeug","og_description":"Lernen Sie, die Zeit f\u00fcr Kinder mit dieser super coolen Holzuhr zu bestimmen. Nat\u00fcrliche Materilas, handgefertigt und lehrreich - Inspiriertes Montessori-Spielzeug.","og_url":"https:\/\/woodinout.net\/de\/product\/holzuhr-zeitanzeige\/","og_site_name":"Woodinout \u00a9","article_modified_time":"2022-04-28T08:21:00+00:00","og_image":[{"width":853,"height":1280,"url":"https:\/\/woodinout.net\/wp-content\/uploads\/2020\/06\/Wood-clock-telling-time-4.jpg","type":"image\/jpeg"}],"twitter_card":"summary_large_image","twitter_misc":{"Gesch\u00e4tzte Lesezeit":"1\u00a0Minute"},"schema":{"@context":"https:\/\/schema.org","@graph":[{"@type":"WebPage","@id":"https:\/\/woodinout.net\/de\/product\/holzuhr-zeitanzeige\/","url":"https:\/\/woodinout.net\/de\/product\/holzuhr-zeitanzeige\/","name":"Holzuhr - Woodinout \u00a9 Montessori Lernspielzeug","isPartOf":{"@id":"https:\/\/woodinout.net\/de\/#website"},"datePublished":"2020-06-23T17:48:29+00:00","dateModified":"2022-04-28T08:21:00+00:00","description":"Lernen Sie, die Zeit f\u00fcr Kinder mit dieser super coolen Holzuhr zu bestimmen. Nat\u00fcrliche Materilas, handgefertigt und lehrreich - Inspiriertes Montessori-Spielzeug.","breadcrumb":{"@id":"https:\/\/woodinout.net\/de\/product\/holzuhr-zeitanzeige\/#breadcrumb"},"inLanguage":"de","potentialAction":[{"@type":"ReadAction","target":["https:\/\/woodinout.net\/de\/product\/holzuhr-zeitanzeige\/"]}]},{"@type":"BreadcrumbList","@id":"https:\/\/woodinout.net\/de\/product\/holzuhr-zeitanzeige\/#breadcrumb","itemListElement":[{"@type":"ListItem","position":1,"name":"Home","item":"https:\/\/woodinout.net\/de\/"},{"@type":"ListItem","position":2,"name":"Shop","item":"https:\/\/woodinout.net\/shop\/"},{"@type":"ListItem","position":3,"name":"Holzuhr"}]},{"@type":"WebSite","@id":"https:\/\/woodinout.net\/de\/#website","url":"https:\/\/woodinout.net\/de\/","name":"Woodinout \u00a9","description":"Wooden Montessori toys, gifts, home and events decor details","potentialAction":[{"@type":"SearchAction","target":{"@type":"EntryPoint","urlTemplate":"https:\/\/woodinout.net\/de\/?s={search_term_string}"},"query-input":"required name=search_term_string"}],"inLanguage":"de"}]}},"_links":{"self":[{"href":"https:\/\/woodinout.net\/de\/wp-json\/wp\/v2\/product\/21391"}],"collection":[{"href":"https:\/\/woodinout.net\/de\/wp-json\/wp\/v2\/product"}],"about":[{"href":"https:\/\/woodinout.net\/de\/wp-json\/wp\/v2\/types\/product"}],"wp:featuredmedia":[{"embeddable":true,"href":"https:\/\/woodinout.net\/de\/wp-json\/wp\/v2\/media\/17656"}],"wp:attachment":[{"href":"https:\/\/woodinout.net\/de\/wp-json\/wp\/v2\/media?parent=21391"}],"wp:term":[{"taxonomy":"product_cat","embeddable":true,"href":"https:\/\/woodinout.net\/de\/wp-json\/wp\/v2\/product_cat?post=21391"},{"taxonomy":"product_tag","embeddable":true,"href":"https:\/\/woodinout.net\/de\/wp-json\/wp\/v2\/product_tag?post=21391"}],"curies":[{"name":"wp","href":"https:\/\/api.w.org\/{rel}","templated":true}]}}