{"id":21390,"date":"2021-03-14T22:12:41","date_gmt":"2021-03-14T20:12:41","guid":{"rendered":"https:\/\/woodinout.net\/product\/wetter-und-temperaturplatine\/"},"modified":"2022-04-28T11:48:10","modified_gmt":"2022-04-28T08:48:10","slug":"wetter-und-temperatur-board","status":"publish","type":"product","link":"https:\/\/woodinout.net\/de\/product\/wetter-und-temperatur-board\/","title":{"rendered":"Wetter- und Temperaturplatine"},"content":{"rendered":"<p>Wetterstation f\u00fcr Kinder ist ein MUSS in jedem<a href=\"https:\/\/woodinout.net\/product-category\/wooden-toys\/science-nature-toys\/\"> vorschulischen naturwissenschaftlichen<\/a> Klassenzimmer. Waldorfspielzeug ist aus Holz, daher nachhaltig, umweltfreundlich und sicher f\u00fcr Kinder jeden Alters. Kinder lernen meistens durch Spielen &#8211; dieses Holzwetterrad ist hier, um es FUN &amp; EASY zu machen. Pre-K-Lernen wird nie wieder langweilig mit Woodinout-Spielzeug.<\/p>\n<p>DIMENSIONEN<br \/>\nL\u00e4nge: ~ 14,5 Zoll (37 cm)<br \/>\nH\u00f6he: ~ 7 Zoll (18cm)<br \/>\nDicke: ~0,6 Zoll (1,5 cm)<\/p>\n<p>FARBEN UND MATERIAL<br \/>\nFarbe: nat\u00fcrlich und braun ge\u00f6lt.<br \/>\nDas Spielzeug besteht aus NAT\u00dcRLICHEM MASSIVHOLZ und Sperrholz.<br \/>\nBitte beachten Sie, dass die Farben aufgrund der Einstellungen und der Beleuchtung des Computermonitors variieren k\u00f6nnen.<\/p>\n<p>F\u00fcr weitere Ideen folgen Sie uns auf <a href=\"https:\/\/www.instagram.com\/woodinout\/\">INSTAGRAM<\/a> &amp; <a href=\"https:\/\/www.facebook.com\/Woodinout.net\">FACEBOOK<\/a><\/p>\n","protected":false},"excerpt":{"rendered":"<p>Wetterstation f\u00fcr Kinder ist ein MUSS in jedem vorschulischen naturwissenschaftlichen Klassenzimmer. Waldorfspielzeug ist aus Holz, daher nachhaltig, umweltfreundlich und sicher f\u00fcr Kinder jeden Alters. Kinder lernen meistens durch Spielen &#8211; dieses Holzwetterrad ist hier, um es FUN &amp; EASY zu machen. Pre-K-Lernen wird nie wieder langweilig mit Woodinout-Spielzeug. DIMENSIONEN L\u00e4nge: ~ 14,5 Zoll (37 cm) [&hellip;]<\/p>\n","protected":false},"featured_media":19000,"template":"","meta":{"_monsterinsights_skip_tracking":false,"_monsterinsights_sitenote_active":false,"_monsterinsights_sitenote_note":"","_monsterinsights_sitenote_category":0},"product_cat":[1355,1356],"product_tag":[1358,2105,1367,1368,1366,1361,1360,1363,2116],"yoast_head":"<!-- This site is optimized with the Yoast SEO plugin v22.1 - https:\/\/yoast.com\/wordpress\/plugins\/seo\/ -->\n<title>Wetter- und Temperaturplatine - Woodinout \u00a9 Montessori Lernspielzeug<\/title>\n<meta name=\"description\" content=\"Lernen Sie, das Wetter f\u00fcr Kinder mit dieser super coolen Doppeluhr zu erz\u00e4hlen. Nat\u00fcrliche Materialien, handgefertigt und lehrreich. Weltweiter Versand.\" \/>\n<meta name=\"robots\" content=\"index, follow, max-snippet:-1, max-image-preview:large, max-video-preview:-1\" \/>\n<link rel=\"canonical\" href=\"https:\/\/woodinout.net\/de\/product\/wetter-und-temperatur-board\/\" \/>\n<meta property=\"og:locale\" content=\"de_DE\" \/>\n<meta property=\"og:type\" content=\"article\" \/>\n<meta property=\"og:title\" content=\"Wetter- und Temperaturplatine - Woodinout \u00a9 Montessori Lernspielzeug\" \/>\n<meta property=\"og:description\" content=\"Lernen Sie, das Wetter f\u00fcr Kinder mit dieser super coolen Doppeluhr zu erz\u00e4hlen. Nat\u00fcrliche Materialien, handgefertigt und lehrreich. Weltweiter Versand.\" \/>\n<meta property=\"og:url\" content=\"https:\/\/woodinout.net\/de\/product\/wetter-und-temperatur-board\/\" \/>\n<meta property=\"og:site_name\" content=\"Woodinout \u00a9\" \/>\n<meta property=\"article:modified_time\" content=\"2022-04-28T08:48:10+00:00\" \/>\n<meta property=\"og:image\" content=\"https:\/\/woodinout.net\/wp-content\/uploads\/2021\/03\/Weather-and-temperature-board-1.jpg\" \/>\n\t<meta property=\"og:image:width\" content=\"1706\" \/>\n\t<meta property=\"og:image:height\" content=\"2560\" \/>\n\t<meta property=\"og:image:type\" content=\"image\/jpeg\" \/>\n<meta name=\"twitter:card\" content=\"summary_large_image\" \/>\n<meta name=\"twitter:label1\" content=\"Gesch\u00e4tzte Lesezeit\" \/>\n\t<meta name=\"twitter:data1\" content=\"1\u00a0Minute\" \/>\n<script type=\"application\/ld+json\" class=\"yoast-schema-graph\">{\"@context\":\"https:\/\/schema.org\",\"@graph\":[{\"@type\":\"WebPage\",\"@id\":\"https:\/\/woodinout.net\/de\/product\/wetter-und-temperatur-board\/\",\"url\":\"https:\/\/woodinout.net\/de\/product\/wetter-und-temperatur-board\/\",\"name\":\"Wetter- und Temperaturplatine - Woodinout \u00a9 Montessori Lernspielzeug\",\"isPartOf\":{\"@id\":\"https:\/\/woodinout.net\/de\/#website\"},\"datePublished\":\"2021-03-14T20:12:41+00:00\",\"dateModified\":\"2022-04-28T08:48:10+00:00\",\"description\":\"Lernen Sie, das Wetter f\u00fcr Kinder mit dieser super coolen Doppeluhr zu erz\u00e4hlen. Nat\u00fcrliche Materialien, handgefertigt und lehrreich. Weltweiter Versand.\",\"breadcrumb\":{\"@id\":\"https:\/\/woodinout.net\/de\/product\/wetter-und-temperatur-board\/#breadcrumb\"},\"inLanguage\":\"de\",\"potentialAction\":[{\"@type\":\"ReadAction\",\"target\":[\"https:\/\/woodinout.net\/de\/product\/wetter-und-temperatur-board\/\"]}]},{\"@type\":\"BreadcrumbList\",\"@id\":\"https:\/\/woodinout.net\/de\/product\/wetter-und-temperatur-board\/#breadcrumb\",\"itemListElement\":[{\"@type\":\"ListItem\",\"position\":1,\"name\":\"Home\",\"item\":\"https:\/\/woodinout.net\/de\/\"},{\"@type\":\"ListItem\",\"position\":2,\"name\":\"Shop\",\"item\":\"https:\/\/woodinout.net\/shop\/\"},{\"@type\":\"ListItem\",\"position\":3,\"name\":\"Wetter- und Temperaturplatine\"}]},{\"@type\":\"WebSite\",\"@id\":\"https:\/\/woodinout.net\/de\/#website\",\"url\":\"https:\/\/woodinout.net\/de\/\",\"name\":\"Woodinout \u00a9\",\"description\":\"Wooden Montessori toys, gifts, home and events decor details\",\"potentialAction\":[{\"@type\":\"SearchAction\",\"target\":{\"@type\":\"EntryPoint\",\"urlTemplate\":\"https:\/\/woodinout.net\/de\/?s={search_term_string}\"},\"query-input\":\"required name=search_term_string\"}],\"inLanguage\":\"de\"}]}<\/script>\n<!-- \/ Yoast SEO plugin. -->","yoast_head_json":{"title":"Wetter- und Temperaturplatine - Woodinout \u00a9 Montessori Lernspielzeug","description":"Lernen Sie, das Wetter f\u00fcr Kinder mit dieser super coolen Doppeluhr zu erz\u00e4hlen. Nat\u00fcrliche Materialien, handgefertigt und lehrreich. Weltweiter Versand.","robots":{"index":"index","follow":"follow","max-snippet":"max-snippet:-1","max-image-preview":"max-image-preview:large","max-video-preview":"max-video-preview:-1"},"canonical":"https:\/\/woodinout.net\/de\/product\/wetter-und-temperatur-board\/","og_locale":"de_DE","og_type":"article","og_title":"Wetter- und Temperaturplatine - Woodinout \u00a9 Montessori Lernspielzeug","og_description":"Lernen Sie, das Wetter f\u00fcr Kinder mit dieser super coolen Doppeluhr zu erz\u00e4hlen. Nat\u00fcrliche Materialien, handgefertigt und lehrreich. Weltweiter Versand.","og_url":"https:\/\/woodinout.net\/de\/product\/wetter-und-temperatur-board\/","og_site_name":"Woodinout \u00a9","article_modified_time":"2022-04-28T08:48:10+00:00","og_image":[{"width":1706,"height":2560,"url":"https:\/\/woodinout.net\/wp-content\/uploads\/2021\/03\/Weather-and-temperature-board-1.jpg","type":"image\/jpeg"}],"twitter_card":"summary_large_image","twitter_misc":{"Gesch\u00e4tzte Lesezeit":"1\u00a0Minute"},"schema":{"@context":"https:\/\/schema.org","@graph":[{"@type":"WebPage","@id":"https:\/\/woodinout.net\/de\/product\/wetter-und-temperatur-board\/","url":"https:\/\/woodinout.net\/de\/product\/wetter-und-temperatur-board\/","name":"Wetter- und Temperaturplatine - Woodinout \u00a9 Montessori Lernspielzeug","isPartOf":{"@id":"https:\/\/woodinout.net\/de\/#website"},"datePublished":"2021-03-14T20:12:41+00:00","dateModified":"2022-04-28T08:48:10+00:00","description":"Lernen Sie, das Wetter f\u00fcr Kinder mit dieser super coolen Doppeluhr zu erz\u00e4hlen. Nat\u00fcrliche Materialien, handgefertigt und lehrreich. Weltweiter Versand.","breadcrumb":{"@id":"https:\/\/woodinout.net\/de\/product\/wetter-und-temperatur-board\/#breadcrumb"},"inLanguage":"de","potentialAction":[{"@type":"ReadAction","target":["https:\/\/woodinout.net\/de\/product\/wetter-und-temperatur-board\/"]}]},{"@type":"BreadcrumbList","@id":"https:\/\/woodinout.net\/de\/product\/wetter-und-temperatur-board\/#breadcrumb","itemListElement":[{"@type":"ListItem","position":1,"name":"Home","item":"https:\/\/woodinout.net\/de\/"},{"@type":"ListItem","position":2,"name":"Shop","item":"https:\/\/woodinout.net\/shop\/"},{"@type":"ListItem","position":3,"name":"Wetter- und Temperaturplatine"}]},{"@type":"WebSite","@id":"https:\/\/woodinout.net\/de\/#website","url":"https:\/\/woodinout.net\/de\/","name":"Woodinout \u00a9","description":"Wooden Montessori toys, gifts, home and events decor details","potentialAction":[{"@type":"SearchAction","target":{"@type":"EntryPoint","urlTemplate":"https:\/\/woodinout.net\/de\/?s={search_term_string}"},"query-input":"required name=search_term_string"}],"inLanguage":"de"}]}},"_links":{"self":[{"href":"https:\/\/woodinout.net\/de\/wp-json\/wp\/v2\/product\/21390"}],"collection":[{"href":"https:\/\/woodinout.net\/de\/wp-json\/wp\/v2\/product"}],"about":[{"href":"https:\/\/woodinout.net\/de\/wp-json\/wp\/v2\/types\/product"}],"wp:featuredmedia":[{"embeddable":true,"href":"https:\/\/woodinout.net\/de\/wp-json\/wp\/v2\/media\/19000"}],"wp:attachment":[{"href":"https:\/\/woodinout.net\/de\/wp-json\/wp\/v2\/media?parent=21390"}],"wp:term":[{"taxonomy":"product_cat","embeddable":true,"href":"https:\/\/woodinout.net\/de\/wp-json\/wp\/v2\/product_cat?post=21390"},{"taxonomy":"product_tag","embeddable":true,"href":"https:\/\/woodinout.net\/de\/wp-json\/wp\/v2\/product_tag?post=21390"}],"curies":[{"name":"wp","href":"https:\/\/api.w.org\/{rel}","templated":true}]}}