{"id":21389,"date":"2020-06-30T23:33:45","date_gmt":"2020-06-30T20:33:45","guid":{"rendered":"https:\/\/woodinout.net\/product\/holzfarbene-kugeln\/"},"modified":"2020-06-30T23:33:45","modified_gmt":"2020-06-30T20:33:45","slug":"farbige-holzkugeln","status":"publish","type":"product","link":"https:\/\/woodinout.net\/de\/product\/farbige-holzkugeln\/","title":{"rendered":"Holzfarbene Kugeln"},"content":{"rendered":"<p>Holzfarbene Kugeln sind handgefertigt, sorgf\u00e4ltig mit ungiftiger, umweltfreundlicher Farbe bemalt. Am besten f\u00fcr Montessori-Lernspiele und Spielzeug verwendet, z. B. <a href=\"http:\/\/woodinout.net\/product-category\/wooden-toys\/counting-and-math-toys\/\">mathematische Manipulativa<\/a> oder <a href=\"http:\/\/woodinout.net\/product-tag\/color-sorting-toys\/\">Farbsortierspielzeug<\/a>. Diese farbigen B\u00e4lle sind perfekte sensorische Holzspielzeuge &#8211; kleine, auff\u00e4llige Farben helfen bei der Entwicklung: MOTORIK, Zahlen &amp; Z\u00e4hlf\u00e4higkeit, Farbsortierf\u00e4higkeiten. Der Hauptpunkt unserer Montessori-Spielzeuge aus Naturholz ist es, auf die freundlichste und nat\u00fcrlichste Weise zu ERZIEHEN. Wir lassen uns von weltbekanntem Waldorf &amp; Montessori Spielzeug inspirieren. Aus Holz gefertigt, sind farbige Perlen langlebig und sicher zu ber\u00fchren, zu f\u00fchlen und sogar zu schmecken! Probieren Sie es selbst aus und wir garantieren Ihnen die beste Erfahrung.<\/p>\n<p>Wir kreieren unsere Lernspiele &amp; Spielzeuge mit Liebe und Leidenschaft. Wir k\u00fcmmern uns um sie genauso wie um unsere Kunden, seien Sie herzlich eingeladen, uns eine Nachricht zu senden. Werden Sie Teil unserer Familie und verwirklichen Sie Ihren eigenen umweltfreundlichen Traum.<\/p>\n<div style=\"width: 1080px;\" class=\"wp-video\"><!--[if lt IE 9]><script>document.createElement('video');<\/script><![endif]-->\n<video class=\"wp-video-shortcode\" id=\"video-21389-1\" width=\"1080\" height=\"810\" preload=\"metadata\" controls=\"controls\"><source type=\"video\/mp4\" src=\"http:\/\/woodinout.net\/wp-content\/uploads\/2020\/06\/MEDINIS_7.mp4?_=1\" \/><a href=\"http:\/\/woodinout.net\/wp-content\/uploads\/2020\/06\/MEDINIS_7.mp4\">http:\/\/woodinout.net\/wp-content\/uploads\/2020\/06\/MEDINIS_7.mp4<\/a><\/video><\/div>\n<h3>DIMENSIONEN:<\/h3>\n<ul>\n<li>0,05 Zoll Durchmesser<\/li>\n<\/ul>\n<h3>FARBEN UND MATERIAL:<\/h3>\n<ul>\n<li>Farbe: 10 verschiedene Farben<\/li>\n<li>Spielzeug ist aus nat\u00fcrlichem HOLZ gefertigt.<\/li>\n<\/ul>\n<p>Bitte beachten Sie, dass die Farben aufgrund der Einstellungen und der Beleuchtung des Computermonitors variieren k\u00f6nnen.<\/p>\n<p>F\u00fcr weitere Ideen folgen Sie uns auf <a href=\"https:\/\/www.instagram.com\/woodinout\/\">INSTAGRAM<\/a> &amp; <a href=\"https:\/\/www.facebook.com\/Woodinout.net\">FACEBOOK<\/a><\/p>\n<p>\u00a9 Woodinout. Alle Rechte vorbehalten.<\/p>\n","protected":false},"excerpt":{"rendered":"<p>Holzfarbene Kugeln sind handgefertigt, sorgf\u00e4ltig mit ungiftiger, umweltfreundlicher Farbe bemalt. Am besten f\u00fcr Montessori-Lernspiele und Spielzeug verwendet, z. B. mathematische Manipulativa oder Farbsortierspielzeug. Diese farbigen B\u00e4lle sind perfekte sensorische Holzspielzeuge &#8211; kleine, auff\u00e4llige Farben helfen bei der Entwicklung: MOTORIK, Zahlen &amp; Z\u00e4hlf\u00e4higkeit, Farbsortierf\u00e4higkeiten. Der Hauptpunkt unserer Montessori-Spielzeuge aus Naturholz ist es, auf die freundlichste und [&hellip;]<\/p>\n","protected":false},"featured_media":17776,"template":"","meta":{"_monsterinsights_skip_tracking":false,"_monsterinsights_sitenote_active":false,"_monsterinsights_sitenote_note":"","_monsterinsights_sitenote_category":0},"product_cat":[1355,1365,1362],"product_tag":[1377,2121,2119,2111,1358,1367,1368,1366,1361,1360,1363],"yoast_head":"<!-- This site is optimized with the Yoast SEO plugin v22.1 - https:\/\/yoast.com\/wordpress\/plugins\/seo\/ -->\n<title>Holzfarbene Kugeln - Woodinout \u00a9 Montessori Spielzeug<\/title>\n<meta name=\"description\" content=\"Holzfarbene Kugeln, die mit ungiftiger Farbe bemalt sind. Wird f\u00fcr Lernspiele und Spielzeug verwendet. Holzfarbene Perlen sind sicher zu ber\u00fchren, zu f\u00fchlen, sogar zu schmecken!\" \/>\n<meta name=\"robots\" content=\"index, follow, max-snippet:-1, max-image-preview:large, max-video-preview:-1\" \/>\n<link rel=\"canonical\" href=\"https:\/\/woodinout.net\/de\/product\/farbige-holzkugeln\/\" \/>\n<meta property=\"og:locale\" content=\"de_DE\" \/>\n<meta property=\"og:type\" content=\"article\" \/>\n<meta property=\"og:title\" content=\"Holzfarbene Kugeln - Woodinout \u00a9 Montessori Spielzeug\" \/>\n<meta property=\"og:description\" content=\"Holzfarbene Kugeln, die mit ungiftiger Farbe bemalt sind. Wird f\u00fcr Lernspiele und Spielzeug verwendet. Holzfarbene Perlen sind sicher zu ber\u00fchren, zu f\u00fchlen, sogar zu schmecken!\" \/>\n<meta property=\"og:url\" content=\"https:\/\/woodinout.net\/de\/product\/farbige-holzkugeln\/\" \/>\n<meta property=\"og:site_name\" content=\"Woodinout \u00a9\" \/>\n<meta property=\"og:image\" content=\"https:\/\/woodinout.net\/wp-content\/uploads\/2020\/06\/colourful_wooden_balls.jpg\" \/>\n\t<meta property=\"og:image:width\" content=\"853\" \/>\n\t<meta property=\"og:image:height\" content=\"1280\" \/>\n\t<meta property=\"og:image:type\" content=\"image\/jpeg\" \/>\n<meta name=\"twitter:card\" content=\"summary_large_image\" \/>\n<meta name=\"twitter:label1\" content=\"Gesch\u00e4tzte Lesezeit\" \/>\n\t<meta name=\"twitter:data1\" content=\"1\u00a0Minute\" \/>\n<script type=\"application\/ld+json\" class=\"yoast-schema-graph\">{\"@context\":\"https:\/\/schema.org\",\"@graph\":[{\"@type\":\"WebPage\",\"@id\":\"https:\/\/woodinout.net\/de\/product\/farbige-holzkugeln\/\",\"url\":\"https:\/\/woodinout.net\/de\/product\/farbige-holzkugeln\/\",\"name\":\"Holzfarbene Kugeln - Woodinout \u00a9 Montessori Spielzeug\",\"isPartOf\":{\"@id\":\"https:\/\/woodinout.net\/de\/#website\"},\"datePublished\":\"2020-06-30T20:33:45+00:00\",\"dateModified\":\"2020-06-30T20:33:45+00:00\",\"description\":\"Holzfarbene Kugeln, die mit ungiftiger Farbe bemalt sind. Wird f\u00fcr Lernspiele und Spielzeug verwendet. Holzfarbene Perlen sind sicher zu ber\u00fchren, zu f\u00fchlen, sogar zu schmecken!\",\"breadcrumb\":{\"@id\":\"https:\/\/woodinout.net\/de\/product\/farbige-holzkugeln\/#breadcrumb\"},\"inLanguage\":\"de\",\"potentialAction\":[{\"@type\":\"ReadAction\",\"target\":[\"https:\/\/woodinout.net\/de\/product\/farbige-holzkugeln\/\"]}]},{\"@type\":\"BreadcrumbList\",\"@id\":\"https:\/\/woodinout.net\/de\/product\/farbige-holzkugeln\/#breadcrumb\",\"itemListElement\":[{\"@type\":\"ListItem\",\"position\":1,\"name\":\"Home\",\"item\":\"https:\/\/woodinout.net\/de\/\"},{\"@type\":\"ListItem\",\"position\":2,\"name\":\"Shop\",\"item\":\"https:\/\/woodinout.net\/shop\/\"},{\"@type\":\"ListItem\",\"position\":3,\"name\":\"Holzfarbene Kugeln\"}]},{\"@type\":\"WebSite\",\"@id\":\"https:\/\/woodinout.net\/de\/#website\",\"url\":\"https:\/\/woodinout.net\/de\/\",\"name\":\"Woodinout \u00a9\",\"description\":\"Wooden Montessori toys, gifts, home and events decor details\",\"potentialAction\":[{\"@type\":\"SearchAction\",\"target\":{\"@type\":\"EntryPoint\",\"urlTemplate\":\"https:\/\/woodinout.net\/de\/?s={search_term_string}\"},\"query-input\":\"required name=search_term_string\"}],\"inLanguage\":\"de\"}]}<\/script>\n<!-- \/ Yoast SEO plugin. -->","yoast_head_json":{"title":"Holzfarbene Kugeln - Woodinout \u00a9 Montessori Spielzeug","description":"Holzfarbene Kugeln, die mit ungiftiger Farbe bemalt sind. Wird f\u00fcr Lernspiele und Spielzeug verwendet. Holzfarbene Perlen sind sicher zu ber\u00fchren, zu f\u00fchlen, sogar zu schmecken!","robots":{"index":"index","follow":"follow","max-snippet":"max-snippet:-1","max-image-preview":"max-image-preview:large","max-video-preview":"max-video-preview:-1"},"canonical":"https:\/\/woodinout.net\/de\/product\/farbige-holzkugeln\/","og_locale":"de_DE","og_type":"article","og_title":"Holzfarbene Kugeln - Woodinout \u00a9 Montessori Spielzeug","og_description":"Holzfarbene Kugeln, die mit ungiftiger Farbe bemalt sind. Wird f\u00fcr Lernspiele und Spielzeug verwendet. Holzfarbene Perlen sind sicher zu ber\u00fchren, zu f\u00fchlen, sogar zu schmecken!","og_url":"https:\/\/woodinout.net\/de\/product\/farbige-holzkugeln\/","og_site_name":"Woodinout \u00a9","og_image":[{"width":853,"height":1280,"url":"https:\/\/woodinout.net\/wp-content\/uploads\/2020\/06\/colourful_wooden_balls.jpg","type":"image\/jpeg"}],"twitter_card":"summary_large_image","twitter_misc":{"Gesch\u00e4tzte Lesezeit":"1\u00a0Minute"},"schema":{"@context":"https:\/\/schema.org","@graph":[{"@type":"WebPage","@id":"https:\/\/woodinout.net\/de\/product\/farbige-holzkugeln\/","url":"https:\/\/woodinout.net\/de\/product\/farbige-holzkugeln\/","name":"Holzfarbene Kugeln - Woodinout \u00a9 Montessori Spielzeug","isPartOf":{"@id":"https:\/\/woodinout.net\/de\/#website"},"datePublished":"2020-06-30T20:33:45+00:00","dateModified":"2020-06-30T20:33:45+00:00","description":"Holzfarbene Kugeln, die mit ungiftiger Farbe bemalt sind. Wird f\u00fcr Lernspiele und Spielzeug verwendet. Holzfarbene Perlen sind sicher zu ber\u00fchren, zu f\u00fchlen, sogar zu schmecken!","breadcrumb":{"@id":"https:\/\/woodinout.net\/de\/product\/farbige-holzkugeln\/#breadcrumb"},"inLanguage":"de","potentialAction":[{"@type":"ReadAction","target":["https:\/\/woodinout.net\/de\/product\/farbige-holzkugeln\/"]}]},{"@type":"BreadcrumbList","@id":"https:\/\/woodinout.net\/de\/product\/farbige-holzkugeln\/#breadcrumb","itemListElement":[{"@type":"ListItem","position":1,"name":"Home","item":"https:\/\/woodinout.net\/de\/"},{"@type":"ListItem","position":2,"name":"Shop","item":"https:\/\/woodinout.net\/shop\/"},{"@type":"ListItem","position":3,"name":"Holzfarbene Kugeln"}]},{"@type":"WebSite","@id":"https:\/\/woodinout.net\/de\/#website","url":"https:\/\/woodinout.net\/de\/","name":"Woodinout \u00a9","description":"Wooden Montessori toys, gifts, home and events decor details","potentialAction":[{"@type":"SearchAction","target":{"@type":"EntryPoint","urlTemplate":"https:\/\/woodinout.net\/de\/?s={search_term_string}"},"query-input":"required name=search_term_string"}],"inLanguage":"de"}]}},"_links":{"self":[{"href":"https:\/\/woodinout.net\/de\/wp-json\/wp\/v2\/product\/21389"}],"collection":[{"href":"https:\/\/woodinout.net\/de\/wp-json\/wp\/v2\/product"}],"about":[{"href":"https:\/\/woodinout.net\/de\/wp-json\/wp\/v2\/types\/product"}],"wp:featuredmedia":[{"embeddable":true,"href":"https:\/\/woodinout.net\/de\/wp-json\/wp\/v2\/media\/17776"}],"wp:attachment":[{"href":"https:\/\/woodinout.net\/de\/wp-json\/wp\/v2\/media?parent=21389"}],"wp:term":[{"taxonomy":"product_cat","embeddable":true,"href":"https:\/\/woodinout.net\/de\/wp-json\/wp\/v2\/product_cat?post=21389"},{"taxonomy":"product_tag","embeddable":true,"href":"https:\/\/woodinout.net\/de\/wp-json\/wp\/v2\/product_tag?post=21389"}],"curies":[{"name":"wp","href":"https:\/\/api.w.org\/{rel}","templated":true}]}}